{"id":5377,"date":"2018-10-20T18:28:32","date_gmt":"2018-10-20T16:28:32","guid":{"rendered":"http:\/\/wp.unil.ch\/cinematheque-unil\/?page_id=5377"},"modified":"2018-10-20T18:28:32","modified_gmt":"2018-10-20T16:28:32","slug":"colloque-stars-et-vedettes-europeennes-de-cinema","status":"publish","type":"page","link":"https:\/\/wp.unil.ch\/cinematheque-unil\/evenements\/colloque-stars-et-vedettes-europeennes-de-cinema\/","title":{"rendered":"Colloque \u00ab Stars et vedettes europ\u00e9ennes de cin\u00e9ma \u00bb"},"content":{"rendered":"<ol class=\"breadcrumb\">\n<li><a href=\"https:\/\/wp.unil.ch\/cinematheque-unil\/evenements\/\">\u00c9v\u00e9nements<\/a><\/li>\n<li class=\"current\"><a href=\"https:\/\/wp.unil.ch\/cinematheque-unil\/evenements\/colloque-stars-et-vedettes-europeennes-de-cinema\">Stars et vedettes europ\u00e9ennes de cin\u00e9ma<\/a><\/li>\n<\/ol>\n<h6 style=\"text-align: center\">Colloque<\/h6>\n<h5 style=\"text-align: center\">\u00ab Stars et vedettes europ\u00e9ennes de cin\u00e9ma: figures de la norme et de la transgression \u00bb<\/h5>\n<h6 style=\"text-align: center\">sous la direction de Charles-Antoine Courcoux et de Mattia Lento<\/h6>\n<p style=\"text-align: center\">11-12 octobre 2018<\/p>\n<p><img alt=\"\" loading=\"lazy\" decoding=\"async\" src=\"https:\/\/wp.unil.ch\/cinematheque-unil\/files\/2018\/10\/stars_vedettes_programme.jpg\" alt=\"\" width=\"1699\" height=\"1200\" class=\"aligncenter size-full wp-image-5378\" srcset=\"https:\/\/wp.unil.ch\/cinematheque-unil\/files\/2018\/10\/stars_vedettes_programme.jpg 1699w, https:\/\/wp.unil.ch\/cinematheque-unil\/files\/2018\/10\/stars_vedettes_programme-300x212.jpg 300w, https:\/\/wp.unil.ch\/cinematheque-unil\/files\/2018\/10\/stars_vedettes_programme-768x542.jpg 768w, https:\/\/wp.unil.ch\/cinematheque-unil\/files\/2018\/10\/stars_vedettes_programme-1024x723.jpg 1024w\" sizes=\"auto, (max-width: 1699px) 100vw, 1699px\" \/><\/p>\n<p style=\"text-align: align\">L\u2019\u00e9tude des stars de cin\u00e9ma, \u00e0 partir de l\u2019ouvrage pionnier d\u2019Edgar Morin (1957), a \u00e9t\u00e9 ax\u00e9e avant tout sur des actrices et des acteurs hollywoodien\u00b7ne\u00b7s. En effet, les recherches de Richard Dyer (1979; 1986), fondateur des star studies, qui ont donn\u00e9 lieu \u00e0 une production scientifique importante dans le contexte acad\u00e9mique anglo-saxon, ont \u00e9t\u00e9 essentiellement d\u00e9di\u00e9es aux stars hollywoodiennes, \u00e0 la question de la performance actorielle, \u00e0 l\u2019articulation entre leurs images publique et priv\u00e9e, \u00e0 la pluralit\u00e9 des significations qu\u2019elles v\u00e9hiculent, mais aussi \u00e0 la diversit\u00e9 des pratiques de r\u00e9ception qu\u2019elles ont engendr\u00e9es. En Europe continentale, les star studies sont un ph\u00e9nom\u00e8ne plus r\u00e9cent. En France par exemple, il a fallu attendre les ann\u00e9es 2000 pour observer un d\u00e9veloppement significatif de ce champ de recherche (Juan, 2014 ; Dani\u00e9lou, 2017), notamment au travers d\u2019\u00e9tudes consacr\u00e9es \u00e0 des stars nationales (Vincendeau 2000; Le Gras 2010). En Italie, malgr\u00e9 la contribution pionni\u00e8re et tr\u00e8s influente de Francesco Alberoni (1963), l\u2019\u00e9tude des stars et des vedettes ne s\u2019est impos\u00e9e que derni\u00e8rement, mais souvent dans le prolongement des travaux centr\u00e9s sur le jeu d\u2019acteur (Pitassio 2002, 2003, Jandelli, 2006, Pierini 2006). En Allemagne enfin, les star studies semblent encore rel\u00e9gu\u00e9es \u00e0 la marge des \u00e9tudes cin\u00e9matographiques.<\/p>\n<p style=\"text-align: align\">L&rsquo;objectif de ce colloque est de renouveler la recherche sur la question des stars et du vedettariat dans le cin\u00e9ma europ\u00e9en par rapport \u00e0 des caract\u00e9ristiques nationales, ethniques, de genre, d\u2019\u00e2ge ou \u00e0 des valeurs politiques h\u00e9g\u00e9moniques dans une p\u00e9riode historique donn\u00e9e. La star, la vedette ou le star-syst\u00e8me en g\u00e9n\u00e9ral peuvent \u00eatre consid\u00e9r\u00e9s dans l&rsquo;ensemble comme des facteurs de consolidation de la l\u00e9gitimit\u00e9 de l\u2019ordre dominant (Marshall 1997). Cependant, la star, avec sa complexit\u00e9 s\u00e9mantique, peut aussi v\u00e9hiculer des valeurs oppos\u00e9es au syst\u00e8me en vigueur, faire ressortir des contradictions propres \u00e0 ce syst\u00e8me m\u00eame ou alimenter le d\u00e9sir d&rsquo;\u00e9mancipation des classes subordonn\u00e9es ou des minorit\u00e9s politiques (Coladonato, 2015). En tant que \u00ab\u00a0polys\u00e9mie structur\u00e9e\u00a0\u00bb (Dyer, 2004: 67), l\u2019image d\u2019une star est en effet compos\u00e9e d\u2019une pluralit\u00e9 de qualit\u00e9s individuelles et de valeurs sociales ou politiques, parfois contradictoires. Les (para)textes qui pr\u00e9sentent et promeuvent les stars, ainsi que les repr\u00e9sentations produites par la critique ou les fans, peuvent ainsi exploiter des caract\u00e9ristiques diff\u00e9rentes au sein d&rsquo;un \u00e9ventail plus ou moins large d&rsquo;interpr\u00e9tations possibles.<\/p>\n<p style=\"font-size: small;text-align: center\"><strong>Programme<\/strong><\/p>\n<p style=\"font-size: small;text-align: center\"><a href=\"https:\/\/wp.unil.ch\/cinematheque-unil\/files\/2018\/10\/stars_vedettes_programme.pdf\">T\u00e9l\u00e9charger.<\/a><\/p>\n<p style=\"font-size: small;text-align: center\"><em>Voir aussi la\u00a0<a href=\"https:\/\/agenda.unil.ch\/display\/1537336783455\">page<\/a> de la Section d\u2019histoire et esth\u00e9tique du cin\u00e9ma.<\/em><\/p>\n","protected":false},"excerpt":{"rendered":"<p>\u00c9v\u00e9nements Stars et vedettes europ\u00e9ennes de cin\u00e9ma Colloque \u00ab Stars et vedettes europ\u00e9ennes de cin\u00e9ma: figures de la norme et de la transgression \u00bb sous la direction de Charles-Antoine Courcoux et de Mattia Lento 11-12 octobre 2018 L\u2019\u00e9tude des stars<\/p>\n","protected":false},"author":1469,"featured_media":0,"parent":1226,"menu_order":8,"comment_status":"closed","ping_status":"closed","template":"","meta":{"_seopress_robots_primary_cat":"","_seopress_titles_title":"","_seopress_titles_desc":"","_seopress_robots_index":"","footnotes":""},"class_list":["post-5377","page","type-page","status-publish"],"_links":{"self":[{"href":"https:\/\/wp.unil.ch\/cinematheque-unil\/wp-json\/wp\/v2\/pages\/5377","targetHints":{"allow":["GET"]}}],"collection":[{"href":"https:\/\/wp.unil.ch\/cinematheque-unil\/wp-json\/wp\/v2\/pages"}],"about":[{"href":"https:\/\/wp.unil.ch\/cinematheque-unil\/wp-json\/wp\/v2\/types\/page"}],"author":[{"embeddable":true,"href":"https:\/\/wp.unil.ch\/cinematheque-unil\/wp-json\/wp\/v2\/users\/1469"}],"replies":[{"embeddable":true,"href":"https:\/\/wp.unil.ch\/cinematheque-unil\/wp-json\/wp\/v2\/comments?post=5377"}],"version-history":[{"count":0,"href":"https:\/\/wp.unil.ch\/cinematheque-unil\/wp-json\/wp\/v2\/pages\/5377\/revisions"}],"up":[{"embeddable":true,"href":"https:\/\/wp.unil.ch\/cinematheque-unil\/wp-json\/wp\/v2\/pages\/1226"}],"wp:attachment":[{"href":"https:\/\/wp.unil.ch\/cinematheque-unil\/wp-json\/wp\/v2\/media?parent=5377"}],"curies":[{"name":"wp","href":"https:\/\/api.w.org\/{rel}","templated":true}]}}