{"id":5368,"date":"2018-10-20T18:07:10","date_gmt":"2018-10-20T16:07:10","guid":{"rendered":"http:\/\/wp.unil.ch\/cinematheque-unil\/?page_id=5368"},"modified":"2019-04-11T16:14:53","modified_gmt":"2019-04-11T14:14:53","slug":"colloque-genre-et-medias-francophones-dans-leurope-des-annees-1940-et-1950","status":"publish","type":"page","link":"https:\/\/wp.unil.ch\/cinematheque-unil\/evenements\/colloque-genre-et-medias-francophones-dans-leurope-des-annees-1940-et-1950\/","title":{"rendered":"Colloque \u00ab Genre et m\u00e9dias francophones dans l\u2019Europe des ann\u00e9es 1940 et 1950 \u00bb"},"content":{"rendered":"<ol class=\"breadcrumb\">\n<li><a href=\"https:\/\/wp.unil.ch\/cinematheque-unil\/evenements\/\">\u00c9v\u00e9nements<\/a><\/li>\n<li class=\"current\"><a href=\"https:\/\/wp.unil.ch\/cinematheque-unil\/evenements\/colloque-genre-et-medias-francophones-dans-leurope-des-annees-1940-et-1950\/\">Genre et m\u00e9dias francophones dans l\u2019Europe des ann\u00e9es 1940 et 1950<\/a><\/li>\n<\/ol>\n<h6 style=\"text-align: center\">Colloque<\/h6>\n<h5 style=\"text-align: center\">\u00ab Genre et m\u00e9dias francophones dans l\u2019Europe des ann\u00e9es 1940 et 1950 \u00bb<\/h5>\n<h6 style=\"text-align: center\">sous la direction de Delphine Chedaleux, Alain Boillat, Charles-Antoine Courcoux et Jeanne Rohner<\/h6>\n<p style=\"text-align: center\">21-22 mars 2019<\/p>\n<p><img alt=\"\" loading=\"lazy\" decoding=\"async\" class=\"size-full wp-image-5595 aligncenter\" src=\"https:\/\/wp.unil.ch\/cinematheque-unil\/files\/2019\/02\/AFFICHE_GENRE_ET_MEDIAS.jpg\" alt=\"\" width=\"849\" height=\"1200\" srcset=\"https:\/\/wp.unil.ch\/cinematheque-unil\/files\/2019\/02\/AFFICHE_GENRE_ET_MEDIAS.jpg 849w, https:\/\/wp.unil.ch\/cinematheque-unil\/files\/2019\/02\/AFFICHE_GENRE_ET_MEDIAS-212x300.jpg 212w, https:\/\/wp.unil.ch\/cinematheque-unil\/files\/2019\/02\/AFFICHE_GENRE_ET_MEDIAS-768x1086.jpg 768w, https:\/\/wp.unil.ch\/cinematheque-unil\/files\/2019\/02\/AFFICHE_GENRE_ET_MEDIAS-724x1024.jpg 724w\" sizes=\"auto, (max-width: 849px) 100vw, 849px\" \/><\/p>\n<p style=\"text-align: align\">Ce colloque se propose d?\u2019interroger les ph\u00e9nom\u00e8?nes de reconfiguration et d\u2019expansion m\u00e9diatique des ann\u00e9es 1940 et 1950 \u00e0 l\u2019\u00e9chelle de l\u2019espace europ\u00e9en francophone et au prisme du genre. Th\u00e9\u00e2tre de reconfigurations sociales et politiques, la Seconde Guerre mondiale constitue un moment de transition m\u00e9diatique et culturelle. Les ann\u00e9es 1940 et 1950 sont par ailleurs marqu\u00e9es par un ensemble de mutations des identit\u00e9s et des rapports de genre. Apr\u00e8s les d\u00e9stabilisations engendr\u00e9es par la guerre, la reconstruction europ\u00e9enne passe par la promotion d\u2019un mod\u00e8le familial bas\u00e9 sur une stricte r\u00e9partition des r\u00f4les masculin et f\u00e9minin. Des travaux d\u2019historiens et historiennes inform\u00e9s par les \u00e9tudes sur le genre ont montr\u00e9 le r\u00f4le ambivalent des m\u00e9dias dans la production et la diffusion de ces normes, mais aussi dans leur n\u00e9gociation, voire \u2013 certes plus rarement \u2013 dans leur subversion. Ce colloque propose d\u2019approfondir et d\u2019\u00e9largir ces recherches, tant du point de vue des objets \u00e9tudi\u00e9s, de l\u2019aire g\u00e9ographique ou culturelle consid\u00e9r\u00e9e que des m\u00e9thodes mobilis\u00e9es.<\/p>\n<p style=\"font-size: small;text-align: center\"><strong>Appel \u00e0 communication<\/strong><\/p>\n<p style=\"font-size: small;text-align: center\"><a href=\"https:\/\/wp.unil.ch\/cinematheque-unil\/files\/2018\/10\/appel_genre_medias.pdf\">T\u00e9l\u00e9charger.<\/a><\/p>\n<p style=\"font-size: small;text-align: center\"><strong>Flyer<\/strong><\/p>\n<p style=\"font-size: small;text-align: center\"><a href=\"https:\/\/wp.unil.ch\/cinematheque-unil\/files\/2019\/02\/PROGRAMME_GENRE_ET_MEDIAS.pdf\">T\u00e9l\u00e9charger.<\/a><\/p>\n<p style=\"font-size: small;text-align: center\"><strong>Extrait du Bulletin de la Cin\u00e9math\u00e8que suisse<\/strong><\/p>\n<p style=\"font-size: small;text-align: center\"><a href=\"https:\/\/wp.unil.ch\/cinematheque-unil\/files\/2019\/02\/BULLETIN_GENRE_ET_MEDIAS.pdf\">T\u00e9l\u00e9charger.<\/a><\/p>\n<p style=\"font-size: small;text-align: center\"><em>Voir aussi la\u00a0<a href=\"https:\/\/www.unil.ch\/cin\/home\/menuinst\/section\/evenements\/2019\/21-et-22032019--colloque-genre-et-medias-francophones-dans-leuro.html\">page<\/a> de la Section d\u2019histoire et esth\u00e9tique du cin\u00e9ma.<\/em><\/p>\n","protected":false},"excerpt":{"rendered":"<p>\u00c9v\u00e9nements Genre et m\u00e9dias francophones dans l\u2019Europe des ann\u00e9es 1940 et 1950 Colloque \u00ab Genre et m\u00e9dias francophones dans l\u2019Europe des ann\u00e9es 1940 et 1950 \u00bb sous la direction de Delphine Chedaleux, Alain Boillat, Charles-Antoine Courcoux et Jeanne Rohner 21-22<\/p>\n","protected":false},"author":1469,"featured_media":0,"parent":1226,"menu_order":4,"comment_status":"closed","ping_status":"closed","template":"","meta":{"_seopress_robots_primary_cat":"","_seopress_titles_title":"","_seopress_titles_desc":"","_seopress_robots_index":"","footnotes":""},"class_list":["post-5368","page","type-page","status-publish"],"_links":{"self":[{"href":"https:\/\/wp.unil.ch\/cinematheque-unil\/wp-json\/wp\/v2\/pages\/5368","targetHints":{"allow":["GET"]}}],"collection":[{"href":"https:\/\/wp.unil.ch\/cinematheque-unil\/wp-json\/wp\/v2\/pages"}],"about":[{"href":"https:\/\/wp.unil.ch\/cinematheque-unil\/wp-json\/wp\/v2\/types\/page"}],"author":[{"embeddable":true,"href":"https:\/\/wp.unil.ch\/cinematheque-unil\/wp-json\/wp\/v2\/users\/1469"}],"replies":[{"embeddable":true,"href":"https:\/\/wp.unil.ch\/cinematheque-unil\/wp-json\/wp\/v2\/comments?post=5368"}],"version-history":[{"count":0,"href":"https:\/\/wp.unil.ch\/cinematheque-unil\/wp-json\/wp\/v2\/pages\/5368\/revisions"}],"up":[{"embeddable":true,"href":"https:\/\/wp.unil.ch\/cinematheque-unil\/wp-json\/wp\/v2\/pages\/1226"}],"wp:attachment":[{"href":"https:\/\/wp.unil.ch\/cinematheque-unil\/wp-json\/wp\/v2\/media?parent=5368"}],"curies":[{"name":"wp","href":"https:\/\/api.w.org\/{rel}","templated":true}]}}