{"id":5278,"date":"2018-08-24T09:26:15","date_gmt":"2018-08-24T07:26:15","guid":{"rendered":"http:\/\/wp.unil.ch\/cinematheque-unil\/?page_id=5278"},"modified":"2021-09-16T17:05:52","modified_gmt":"2021-09-16T15:05:52","slug":"programme","status":"publish","type":"page","link":"https:\/\/wp.unil.ch\/cinematheque-unil\/offre\/programme\/","title":{"rendered":"Programme \u00e0 destination de la Cin\u00e9math\u00e8que suisse"},"content":{"rendered":"<ol class=\"breadcrumb\">\n<li><a href=\"https:\/\/wp.unil.ch\/cinematheque-unil\/offre\/\">Offre<\/a><\/li>\n<li class=\"current\"><a href=\"https:\/\/wp.unil.ch\/cinematheque-unil\/offre\/programme\/\">Programme \u00e0 destination de la Cin\u00e9math\u00e8que suisse<\/a><\/li>\n<\/ol>\n<h3>Vers de nouveaux partages<\/h3>\n<p><img alt=\"\" loading=\"lazy\" decoding=\"async\" class=\"alignnone wp-image-5293 size-full\" src=\"https:\/\/wp.unil.ch\/cinematheque-unil\/files\/2018\/08\/FORMATION.jpg\" alt=\"\" width=\"719\" height=\"540\" srcset=\"https:\/\/wp.unil.ch\/cinematheque-unil\/files\/2018\/08\/FORMATION.jpg 719w, https:\/\/wp.unil.ch\/cinematheque-unil\/files\/2018\/08\/FORMATION-300x225.jpg 300w\" sizes=\"auto, (max-width: 719px) 100vw, 719px\" \/><\/p>\n<p style=\"text-align: justify\">Dans le cadre du partenariat qui unit l\u2019Universit\u00e9 de Lausanne et la Cin\u00e9math\u00e8que suisse depuis 2010, la Section d\u2019histoire et esth\u00e9tique du cin\u00e9ma propose un programme \u00e9tabli \u00e0 l\u2019intention des \u00e9quipes de la Cin\u00e9math\u00e8que dans une vis\u00e9e de formation. Cette s\u00e9lection annuelle de cours, de conf\u00e9rences, de colloques et d\u2019expositions s\u2019adresse \u00e0 tout membre du personnel souhaitant poursuivre un enrichissement de ses connaissances historiques et th\u00e9oriques en cin\u00e9ma. Ajustable aux besoins de chacun\u00b7e, l\u2019offre va de la participation la plus <strong>ponctuelle<\/strong> (ex. : conf\u00e9rence) au suivi le plus <strong>r\u00e9gulier<\/strong> (ex.\u00a0: cours).<\/p>\n<p style=\"text-align: justify\">\u00c9labor\u00e9 dans l\u2019<strong>esprit de partage et d\u2019\u00e9change<\/strong> qui anime la Collaboration UNIL+Cin\u00e9math\u00e8que suisse, le programme met en avant les activit\u00e9s con\u00e7ues ou r\u00e9alis\u00e9es conjointement par les deux institutions. Il donne aussi acc\u00e8s aux enseignements semestriels ou annuels les plus en prise sur les activit\u00e9s de la Cin\u00e9math\u00e8que. Il entend enfin faire b\u00e9n\u00e9ficier les \u00e9quipes des travaux et publications qui font l\u2019actualit\u00e9 de la recherche internationale en \u00e9tudes cin\u00e9matographiques, \u00e0 l\u2019occasion d\u2019\u00e9v\u00e9nements tels que les conf\u00e9rences \u00ab\u00a0Dispositifs\u00a0\u00bb.<\/p>\n<p style=\"text-align: justify\">Les possibilit\u00e9s ne se limitent aucunement \u00e0 cette s\u00e9lection, mais sont au contraire ouvertes \u00e0 l\u2019<strong>offre compl\u00e8te<\/strong> des enseignements de la Section d\u2019histoire et esth\u00e9tique du cin\u00e9ma, accessible au lien suivant\u00a0: <a href=\"https:\/\/www.unil.ch\/cin\/home.html\">www.unil.ch\/cin\/<\/a>.<\/p>\n<p style=\"text-align: justify;font-size: small\"><strong>Illustration :<\/strong>\u00a0<em>Get Out and Get Under<\/em>, Hal Roach, \u00c9tats-Unis, 1920.<\/p>\n<p style=\"text-align: justify;font-size: small\"><em>Voir aussi le <a title=\"Section cin\u00e9ma\" href=\"https:\/\/www.unil.ch\/cin\/fr\/home.html\" target=\"_blank\" rel=\"noopener noreferrer\">site<\/a> de la Section d\u2019histoire et esth\u00e9tique du cin\u00e9ma et le <a title=\"Cin\u00e9math\u00e8que suisse\" href=\"https:\/\/www.cinematheque.ch\/f\/\" target=\"_blank\" rel=\"noopener noreferrer\">site<\/a>\u00a0de la Cin\u00e9math\u00e8que suisse.<\/em><\/p>\n","protected":false},"excerpt":{"rendered":"<p>Offre Programme \u00e0 destination de la Cin\u00e9math\u00e8que suisse Vers de nouveaux partages Dans le cadre du partenariat qui unit l\u2019Universit\u00e9 de Lausanne et la Cin\u00e9math\u00e8que suisse depuis 2010, la Section d\u2019histoire et esth\u00e9tique du cin\u00e9ma propose un programme \u00e9tabli \u00e0<\/p>\n","protected":false},"author":1469,"featured_media":0,"parent":3680,"menu_order":0,"comment_status":"closed","ping_status":"closed","template":"","meta":{"_seopress_robots_primary_cat":"","_seopress_titles_title":"","_seopress_titles_desc":"","_seopress_robots_index":"","footnotes":""},"class_list":["post-5278","page","type-page","status-publish"],"_links":{"self":[{"href":"https:\/\/wp.unil.ch\/cinematheque-unil\/wp-json\/wp\/v2\/pages\/5278","targetHints":{"allow":["GET"]}}],"collection":[{"href":"https:\/\/wp.unil.ch\/cinematheque-unil\/wp-json\/wp\/v2\/pages"}],"about":[{"href":"https:\/\/wp.unil.ch\/cinematheque-unil\/wp-json\/wp\/v2\/types\/page"}],"author":[{"embeddable":true,"href":"https:\/\/wp.unil.ch\/cinematheque-unil\/wp-json\/wp\/v2\/users\/1469"}],"replies":[{"embeddable":true,"href":"https:\/\/wp.unil.ch\/cinematheque-unil\/wp-json\/wp\/v2\/comments?post=5278"}],"version-history":[{"count":0,"href":"https:\/\/wp.unil.ch\/cinematheque-unil\/wp-json\/wp\/v2\/pages\/5278\/revisions"}],"up":[{"embeddable":true,"href":"https:\/\/wp.unil.ch\/cinematheque-unil\/wp-json\/wp\/v2\/pages\/3680"}],"wp:attachment":[{"href":"https:\/\/wp.unil.ch\/cinematheque-unil\/wp-json\/wp\/v2\/media?parent=5278"}],"curies":[{"name":"wp","href":"https:\/\/api.w.org\/{rel}","templated":true}]}}