{"id":5205,"date":"2018-06-21T14:53:17","date_gmt":"2018-06-21T12:53:17","guid":{"rendered":"http:\/\/wp.unil.ch\/cinematheque-unil\/?page_id=5205"},"modified":"2018-06-22T10:12:55","modified_gmt":"2018-06-22T08:12:55","slug":"portrait-demil-vogt","status":"publish","type":"page","link":"https:\/\/wp.unil.ch\/cinematheque-unil\/projets\/une-histoire-de-la-cinematheque-suisse\/portraits\/portrait-demil-vogt\/","title":{"rendered":"Portrait d\u2019Emil Vogt"},"content":{"rendered":"<ol class=\"breadcrumb\">\n<li><a href=\"https:\/\/wp.unil.ch\/cinematheque-unil\/projets\/\">Projets<\/a><\/li>\n<li><a href=\"https:\/\/wp.unil.ch\/cinematheque-unil\/projets\/une-histoire-de-la-cinematheque-suisse\/\">Histoire de la Cin\u00e9math\u00e8que suisse<\/a><\/li>\n<li><a href=\"https:\/\/wp.unil.ch\/cinematheque-unil\/projets\/une-histoire-de-la-cinematheque-suisse\/portraits\/\">Portraits<\/a><\/li>\n<li class=\"current\"><a href=\"https:\/\/wp.unil.ch\/cinematheque-unil\/projets\/une-histoire-de-la-cinematheque-suisse\/portraits\/portrait-demil-vogt\/\">Emil Vogt<\/a><\/li>\n<\/ol>\n<h3 style=\"color: #993366\">Emil Vogt, \u00b01920<\/h3>\n<p style=\"text-align: justify\">Docteur en droit de l\u2019Universit\u00e9 de B\u00e2le (1943), Emil Vogt entre au D\u00e9partement de l\u2019Instruction publique du Canton de B\u00e2le-Ville en mai 1944 \u2013 alors plac\u00e9 sous la direction du Conseiller d\u2019Etat Carl Miville \u2013 pour y effectuer un stage comme juriste. Il y fera toute sa carri\u00e8re, gravissant rapidement les \u00e9chelons. Dix ans plus tard, alors qu\u2019il a notamment en charge l\u2019universit\u00e9, la musique et les arts, il prend officiellement la t\u00eate de l\u2019administration du D\u00e9partement, dont il est nomm\u00e9 Secr\u00e9taire en avril 1954 en succession de Fritz Wenk. Par ailleurs responsable des Affaires culturelles (Leiter der Abteilung Kultur) pour le D\u00e9partement, il joue un r\u00f4le pendant pr\u00e8s de trois d\u00e9cennies dans tous les domaines de la vie culturelle b\u00e2loise, via l\u2019attribution des subventions \u00e9tatiques : mus\u00e9es et monuments, mais aussi th\u00e9\u00e2tre, musique, cin\u00e9ma, art contemporain. \u00c0 son d\u00e9part \u00e0 la retraite, en janvier 1981, le Conseiller d\u2019Etat Arnold Schneider, chef du D\u00e9partement, lui rend un hommage appuy\u00e9 dans le <em>Basler Zeitung<\/em> : \u00ab\u00a0Si B\u00e2le tient son rang de capitale dans le domaine culturel, on le doit, pour bien des aspects, \u00e0 l\u2019action d\u2019Emil Vogt\u00a0\u00bb<sup><a href=\"#note1\" name=\"retour au texte1\">1<\/a><\/sup>.<\/p>\n<h3>Archives cin\u00e9matographiques suisses<\/h3>\n<p style=\"text-align: justify\">D\u00e9but 1945, alors qu\u2019il vient d\u2019\u00eatre engag\u00e9 comme secr\u00e9taire de classe I dans l\u2019administration cantonale, Emil Vogt se voit confier le dossier du Schweizerisches Filmarchiv \u2013 fond\u00e9 \u00e0 B\u00e2le en 1943 sous la houlette du D\u00e9partement de l\u2019Instruction publique. \u00c0 compter du mois de mars, il assiste aux s\u00e9ances de la Commission des Archives en qualit\u00e9 d\u2019observateur pour le D\u00e9partement. Il s\u2019implique activement \u00e0 la t\u00e2che, r\u00e9digeant de nombreuses notes \u00e0 l\u2019intention du Chef du D\u00e9partement, le tenant inform\u00e9 de la teneur des r\u00e9unions et des difficult\u00e9s qui surgissent, et l\u2019orientant de son point de vue. En novembre 1946, il devient officiellement membre de la Commission apr\u00e8s avoir \u00e9t\u00e9 choisi par elle pour remplacer <a href=\"https:\/\/wp.unil.ch\/cinematheque-unil\/projets\/une-histoire-de-la-cinematheque-suisse\/portraits\/portrait-de-hans-noll\/\">Hans Noll<\/a>, d\u00e9missionnaire, \u00e0 la vice-pr\u00e9sidence des Archives\u00a0; une fonction qu\u2019il occupera jusqu\u2019\u00e0 la liquidation de ces derni\u00e8res en d\u00e9cembre 1948.<\/p>\n<p style=\"text-align: justify\">Alessia Bottani<\/p>\n<h3>Notes<\/h3>\n<p style=\"text-align: justify;font-size: small\"><a name=\"note1\"><\/a>1. \u00ab\u00a0Dass Basel in kulturellen Dingen hauptst\u00e4disches Niveau wahrt, h\u00e4ngt in vielerlei Weise mit dem Wirken Emil Vogts zusammen\u00a0\u00bb, Arnold Schneider, \u00ab\u00a0Zum R\u00fccktritt von Emil Vogt\u00a0\u00bb, <em>Basler Zeitung<\/em>, nr. 23, 28.01.1981.<a href=\"#retour au texte1\">?<\/a><\/p>\n<h3>Sources<\/h3>\n<p style=\"text-align: justify;font-size: small\">[Staatsarchiv Basel-Stadt : StABS]<\/p>\n<p style=\"text-align: justify;font-size: small\">-StABS, dossier ED-REG 1 b 3 Vogt.<\/p>\n<p style=\"text-align: justify;font-size: small\">-\u00ab\u00a0Zum Protokoll \u00fcber die Sitzung der Archivkommission vom 17. Januar 1945\u00a0\u00bb, 14.02.1945, StABS, ED REG 1 359-9-1, Chemise 8 \u00ab\u00a0Protokolle und deren Begleitschreiben\u00a0\u00bb (1\u00e8re note d\u2019Emil Vogt \u00e0 Carl Miville sur les Archives).<\/p>\n<p style=\"text-align: justify;font-size: small\">-\u00ab\u00a0Protokoll der Sitzung der Schweiz. Filmarchivkommission vom 3. M\u00e4rz 1945\u00a0Elisabethenstrasse 8 \u00bb, ibid. (1\u00e8re participation \u00e0 la Commission des Archives).<\/p>\n<p style=\"text-align: justify;font-size: small\">-\u00ab\u00a0Protokoll der Sitzung der Schweiz. Filmarchivkommission von 20. November 1946 im Sitzungszimmer des Erziehungsdepartements\u00a0\u00bb, ibid. (nomination comme vice-pr\u00e9sident des Archives).<\/p>\n<p style=\"text-align: justify;font-size: small\">-[Peter B\u00e4chlin], \u00ab\u00a0Jahresbericht des Schweizerischen Filmarchivs pro 1946\u00a0\u00bb, StABS, ED REG 1 359-9-1, Chemise Jahresberichte.<\/p>\n<p style=\"text-align: justify;font-size: small\">-[t.], \u00ab\u00a0Der neue Sekret\u00e4r des Erziehungsdepartementes\u00a0\u00bb, <em>National-Zeitung<\/em>, nr. 261, 11.06.1954.<\/p>\n<p style=\"text-align: justify;font-size: small\">-Peter Burri, \u00ab\u00a0Ein Nachfolger f\u00fcr Dr. Emil Vogt\u00a0\u00bb, <em>Basler Zeitung<\/em>, nr. 185, 09.08.1980.<\/p>\n<p style=\"text-align: justify;font-size: small\">-Arnold Schneider, \u00ab\u00a0Zum R\u00fccktritt von Emil Vogt\u00a0\u00bb, <em>Basler Zeitung<\/em>, nr. 23, 28.01.1981.<\/p>\n<h3><a name=\"reference\"><\/a>R\u00e9f\u00e9rence<\/h3>\n<p style=\"text-align: justify;font-size: small\">Alessia Bottani, \u00ab Portrait d\u2019Emil Vogt \u00bb, in Fr\u00e9d\u00e9ric Maire et Maria Tortajada (dir.), site Web <em>La Collaboration UNIL + Cin\u00e9math\u00e8que suisse<\/em>, www.unil-cinematheque.ch, juin 2018.<\/p>\n<h3>Droits d\u2019auteur<\/h3>\n<p style=\"text-align: justify;font-size: small\">\u00a9 Alessia Bottani\/Collaboration UNIL + Cin\u00e9math\u00e8que suisse.<\/p>\n","protected":false},"excerpt":{"rendered":"<p>Projets Histoire de la Cin\u00e9math\u00e8que suisse Portraits Emil Vogt Emil Vogt, \u00b01920 Docteur en droit de l\u2019Universit\u00e9 de B\u00e2le (1943), Emil Vogt entre au D\u00e9partement de l\u2019Instruction publique du Canton de B\u00e2le-Ville en mai 1944 \u2013 alors plac\u00e9 sous la<\/p>\n","protected":false},"author":1469,"featured_media":0,"parent":1923,"menu_order":0,"comment_status":"closed","ping_status":"closed","template":"","meta":{"_seopress_robots_primary_cat":"","_seopress_titles_title":"","_seopress_titles_desc":"","_seopress_robots_index":"","_seopress_analysis_target_kw":"","footnotes":""},"class_list":["post-5205","page","type-page","status-publish"],"_links":{"self":[{"href":"https:\/\/wp.unil.ch\/cinematheque-unil\/wp-json\/wp\/v2\/pages\/5205","targetHints":{"allow":["GET"]}}],"collection":[{"href":"https:\/\/wp.unil.ch\/cinematheque-unil\/wp-json\/wp\/v2\/pages"}],"about":[{"href":"https:\/\/wp.unil.ch\/cinematheque-unil\/wp-json\/wp\/v2\/types\/page"}],"author":[{"embeddable":true,"href":"https:\/\/wp.unil.ch\/cinematheque-unil\/wp-json\/wp\/v2\/users\/1469"}],"replies":[{"embeddable":true,"href":"https:\/\/wp.unil.ch\/cinematheque-unil\/wp-json\/wp\/v2\/comments?post=5205"}],"version-history":[{"count":0,"href":"https:\/\/wp.unil.ch\/cinematheque-unil\/wp-json\/wp\/v2\/pages\/5205\/revisions"}],"up":[{"embeddable":true,"href":"https:\/\/wp.unil.ch\/cinematheque-unil\/wp-json\/wp\/v2\/pages\/1923"}],"wp:attachment":[{"href":"https:\/\/wp.unil.ch\/cinematheque-unil\/wp-json\/wp\/v2\/media?parent=5205"}],"curies":[{"name":"wp","href":"https:\/\/api.w.org\/{rel}","templated":true}]}}