{"id":5168,"date":"2018-06-21T13:41:45","date_gmt":"2018-06-21T11:41:45","guid":{"rendered":"http:\/\/wp.unil.ch\/cinematheque-unil\/?page_id=5168"},"modified":"2018-06-22T10:15:12","modified_gmt":"2018-06-22T08:15:12","slug":"portrait-de-peter-flisch","status":"publish","type":"page","link":"https:\/\/wp.unil.ch\/cinematheque-unil\/projets\/une-histoire-de-la-cinematheque-suisse\/portraits\/portrait-de-peter-flisch\/","title":{"rendered":"Portrait de Peter Flisch"},"content":{"rendered":"<ol class=\"breadcrumb\">\n<li><a href=\"https:\/\/wp.unil.ch\/cinematheque-unil\/projets\/\">Projets<\/a><\/li>\n<li><a href=\"https:\/\/wp.unil.ch\/cinematheque-unil\/projets\/une-histoire-de-la-cinematheque-suisse\/\">Histoire de la Cin\u00e9math\u00e8que suisse<\/a><\/li>\n<li><a href=\"https:\/\/wp.unil.ch\/cinematheque-unil\/projets\/une-histoire-de-la-cinematheque-suisse\/portraits\/\">Portraits<\/a><\/li>\n<li class=\"current\"><a href=\"https:\/\/wp.unil.ch\/cinematheque-unil\/projets\/une-histoire-de-la-cinematheque-suisse\/portraits\/portrait-de-peter-flisch\/\">Peter Flisch<\/a><\/li>\n<\/ol>\n<h3 style=\"color: #993366\">Peter Flisch, \u00b01909 &#8211; \u20201975<\/h3>\n<p style=\"text-align: justify\">Originaire des Grisons, Peter Flisch est le fils du politicien du m\u00eame nom, conseiller d\u2019Etat et conseiller national socialiste du Canton d\u2019Appenzell. Instituteur comme son p\u00e8re \u2013 il passe son dipl\u00f4me \u00e0 Coire en 1929, enseigne quelques ann\u00e9es avant de reprendre des \u00e9tudes en psychologie et criminologie \u00e0 l\u2019Universit\u00e9 de Zurich.<\/p>\n<p style=\"text-align: justify\">En 1937, il est engag\u00e9 \u00e0 l\u2019Inspectorat de Police du Canton de B\u00e2le-Ville, o\u00f9 il effectue d\u00e8s lors toute sa carri\u00e8re, gravissant les \u00e9chelons\u00a0: lieutenant (Oberleutnant) en 1944, puis capitaine (Polizeihauptmann) en 1955, il dirige plusieurs services avant de prendre durablement la t\u00eate de l\u2019administration de la Police.<\/p>\n<p style=\"text-align: justify\">Son rang fait de lui une personnalit\u00e9 de la vie b\u00e2loise, si l\u2019on en juge par la c\u00e9l\u00e9bration de son soixanti\u00e8me anniversaire dans la presse locale, qui se pla\u00eet \u00e0 \u00e9gr\u00e9ner les multiples charges assum\u00e9es par le fonctionnaire au fil des ans : pr\u00e9sident la commission b\u00e2loise de tir, d\u00e9l\u00e9gu\u00e9 cantonal au sein de la commission des transports du Rhin (Rheinschiffahrtskommission), ou encore membre du comit\u00e9 de direction de la soci\u00e9t\u00e9 de protection animale (Tierschutzverein).<\/p>\n<h3>Cin\u00e9ma<\/h3>\n<p style=\"text-align: justify\">\u00c0 B\u00e2le, la censure cin\u00e9matographique est plac\u00e9e sous la juridiction de l\u2019Inspectorat de Police. Peter Flisch h\u00e9rite de ce portefeuille d\u00e8s 1938, pr\u00e9sidant la commission cantonale du cin\u00e9ma (Filmzensurkommission) jusqu\u2019en 1972<sup><a href=\"#note1\" name=\"retour au texte1\">1<\/a><\/sup>.<\/p>\n<p style=\"text-align: justify\">Sans que cela ne soit \u00e9voqu\u00e9 dans la correspondance interne, c\u2019est sans doute cet aspect qui motive sa nomination, en mars 1945, comme repr\u00e9sentant du D\u00e9partement de Police du Canton de B\u00e2le-Ville au sein de la Commission des Archives cin\u00e9matographiques suisses, en succession d\u2019<a href=\"https:\/\/wp.unil.ch\/cinematheque-unil\/projets\/une-histoire-de-la-cinematheque-suisse\/portraits\/portrait-deduard-weckerle\/\">Eduard Weckerle<\/a>. Il y si\u00e8ge jusqu\u2019\u00e0 la liquidation des Archives fin 1948.<\/p>\n<h3>Une mise en cause tardive<\/h3>\n<p style=\"text-align: justify\">Le nom de Peter Flisch est \u00e9galement associ\u00e9 \u00e0 une page sombre de l\u2019histoire suisse, exhum\u00e9e dans les ann\u00e9es 1990 \u00e0 la suite d\u2019une demande de r\u00e9paration d\u2019un survivant de la Shoah, Eli Carmel (n\u00e9 Hans Weinberg) : arr\u00eat\u00e9 en 1939 par la police b\u00e2loise, ce jeune juif viennois fut remis \u00e0 la Gestapo, contre l\u2019avis de la police f\u00e9d\u00e9rale des \u00e9trangers, et d\u00e9port\u00e9 dans le camp de concentration de Sachsenhausen. Selon la <em>Basler Zeitung<\/em>, Flisch, \u00e0 l\u2019\u00e9poque sous-lieutenant, et trois de ses subalternes, furent identifi\u00e9s comme \u00e9tant responsables de cet acte. L\u2019affaire donna lieu \u00e0 des excuses publiques du gouvernement b\u00e2lois en 1997 et \u00e0 un d\u00e9dommagement de 50&rsquo;000 francs suisses.<\/p>\n<p style=\"text-align: justify\">Alessia Bottani<\/p>\n<h3>Notes<\/h3>\n<p style=\"text-align: justify;font-size: small\"><a name=\"note1\"><\/a>1. Institu\u00e9e en 1917, la \u00ab\u00a0Filmzensurkommission\u00a0\u00bb, plus tard renomm\u00e9e \u00ab\u00a0Filmkommission\u00a0\u00bb, statue jusqu\u2019\u00e0 la suppression de la censure cin\u00e9matographique dans le canton de B\u00e2le-Ville en 1971. Apr\u00e8s cette date, elle ne se prononce plus que sur l\u2019\u00e2ge l\u00e9gal d\u2019acc\u00e8s aux films. Voir Christian Hilzinger, \u00ab\u00a0Kampf dem Ungeheuer Film. Die Geschichte der Filmzensur in Basel\u00a0\u00bb, <em>Basler Zeitung<\/em>, 25.03.2000, p.1\u00a0; et Christian Hilzinger, <em>Institutionalisierte Bildzerst\u00f6rung. Die Basler Filmkommission und die Erwachsenenzensur in den 1950er Jahren : Organisation, Funktion und Praxis<\/em>, Lizentiatsarbeit phil. I Universit\u00e4t Basel, sous la direction de Georg Kreis et de Guy P. Marchal, Basel : Historisches Seminar der Universit\u00e4t, 1994.<a href=\"#retour au texte1\">?<\/a><\/p>\n<h3>Sources<\/h3>\n<p style=\"text-align: justify;font-size: small\">[Staatsarchiv Basel-Stadt : StABS]<\/p>\n<p style=\"text-align: justify;font-size: small\">-StABS, dossier PD-REG 4a 11.01.04 [nomination \u00e0 la Commission des Archives].<\/p>\n<p style=\"text-align: justify;font-size: small\">-\u00ab\u00a0Protokoll\u00a0der Sitzung der Schweizer. Filmarchivkommission vom 21. Juni 1945\u00a0[\u2026]\u00a0\u00bb, StABS, ED REG 1 359-9-1, Chemise 8 \u00ab\u00a0Protokolle und deren Begleitschreiben\u00a0\u00bb [1<sup>\u00e8re<\/sup> participation \u00e0 la Commission]<\/p>\n<p style=\"text-align: justify;font-size: small\">-G.A.W., \u00ab\u00a0Peter Flisch ist sechzig\u00a0\u00bb [br\u00e8ve], <em>Basler Nachrichten<\/em>, 02-03.08.1969, p.17.<\/p>\n<p style=\"text-align: justify;font-size: small\">-tt., \u00ab\u00a0Peter Flisch zum 60. Geburtstag\u00a0\u00bb, <em>National-Zeitung Basel<\/em>, 31.07.1969, p.5.<\/p>\n<p style=\"text-align: justify;font-size: small\">-Christian Hilzinger, <em>Institutionalisierte Bildzerst\u00f6rung. Die Basler Filmkommission und die Erwachsenenzensur in den 1950er Jahren : Organisation, Funktion und Praxis<\/em>, Lizentiatsarbeit phil. I Universit\u00e4t Basel, sous la direction de Georg Kreis et de Guy P. Marchal, Basel : Historisches Seminar der Universit\u00e4t, 1994.<\/p>\n<p style=\"text-align: justify;font-size: small\">-Peter Knechtli, <a href=\"https:\/\/archiv.onlinereports.ch\/1997\/judenCarmel.htm\">\u00ab\u00a050&rsquo;000 Franken f\u00fcr j\u00fcdischen Fl\u00fcchtling\u00a0\u00bb<\/a>, Peter Knechtli Reports, 23.09.1997 [consult\u00e9 le 15.08.2017].<\/p>\n<p style=\"text-align: justify;font-size: small\">-\u00ab\u00a0Entschuldigung bei einem Nazi-Opfer\u00a0\u00bb, <em>Basler Zeitung<\/em>, 24.09.1997, p.32.<\/p>\n<p style=\"text-align: justify;font-size: small\">-Georg Kreis, \u00ab\u00a0Basel und die R\u00fcckkehr des Zweiten Weltkrieges\u00a0\u00bb, in <em>Basler Stadtbuch 1997<\/em>, Basel\u00a0: Christophe Merian Stiftung, 1997.<\/p>\n<p style=\"text-align: justify;font-size: small\">-Christian Hilzinger, \u00ab\u00a0Kampf dem Ungeheuer Film. Die Geschichte der Filmzensur in Basel\u00a0\u00bb, <em>Basler Zeitung<\/em>, 25.03.2000, p.1.<\/p>\n<p style=\"text-align: justify;font-size: small\">-Fiche du <a href=\"https:\/\/www.hls-dhs-dss.ch\/textes\/f\/F13581.php\">Dictionnaire historique de la Suisse<\/a> sur Peter Flisch p\u00e8re [consult\u00e9e le 14.08.2017].<\/p>\n<h3><a name=\"reference\"><\/a>R\u00e9f\u00e9rence<\/h3>\n<p style=\"text-align: justify;font-size: small\">Alessia Bottani, \u00ab Portrait de Peter Flisch \u00bb, in Fr\u00e9d\u00e9ric Maire et Maria Tortajada (dir.), site Web <em>La Collaboration UNIL + Cin\u00e9math\u00e8que suisse<\/em>, www.unil-cinematheque.ch, juin 2018.<\/p>\n<h3>Droits d\u2019auteur<\/h3>\n<p style=\"text-align: justify;font-size: small\">\u00a9 Alessia Bottani\/Collaboration UNIL + Cin\u00e9math\u00e8que suisse.<\/p>\n","protected":false},"excerpt":{"rendered":"<p>Projets Histoire de la Cin\u00e9math\u00e8que suisse Portraits Peter Flisch Peter Flisch, \u00b01909 &#8211; \u20201975 Originaire des Grisons, Peter Flisch est le fils du politicien du m\u00eame nom, conseiller d\u2019Etat et conseiller national socialiste du Canton d\u2019Appenzell. Instituteur comme son p\u00e8re<\/p>\n","protected":false},"author":1469,"featured_media":0,"parent":1923,"menu_order":3,"comment_status":"closed","ping_status":"closed","template":"","meta":{"_seopress_robots_primary_cat":"","_seopress_titles_title":"","_seopress_titles_desc":"","_seopress_robots_index":"","footnotes":""},"class_list":["post-5168","page","type-page","status-publish"],"_links":{"self":[{"href":"https:\/\/wp.unil.ch\/cinematheque-unil\/wp-json\/wp\/v2\/pages\/5168","targetHints":{"allow":["GET"]}}],"collection":[{"href":"https:\/\/wp.unil.ch\/cinematheque-unil\/wp-json\/wp\/v2\/pages"}],"about":[{"href":"https:\/\/wp.unil.ch\/cinematheque-unil\/wp-json\/wp\/v2\/types\/page"}],"author":[{"embeddable":true,"href":"https:\/\/wp.unil.ch\/cinematheque-unil\/wp-json\/wp\/v2\/users\/1469"}],"replies":[{"embeddable":true,"href":"https:\/\/wp.unil.ch\/cinematheque-unil\/wp-json\/wp\/v2\/comments?post=5168"}],"version-history":[{"count":0,"href":"https:\/\/wp.unil.ch\/cinematheque-unil\/wp-json\/wp\/v2\/pages\/5168\/revisions"}],"up":[{"embeddable":true,"href":"https:\/\/wp.unil.ch\/cinematheque-unil\/wp-json\/wp\/v2\/pages\/1923"}],"wp:attachment":[{"href":"https:\/\/wp.unil.ch\/cinematheque-unil\/wp-json\/wp\/v2\/media?parent=5168"}],"curies":[{"name":"wp","href":"https:\/\/api.w.org\/{rel}","templated":true}]}}