{"id":5114,"date":"2018-06-19T10:51:24","date_gmt":"2018-06-19T08:51:24","guid":{"rendered":"http:\/\/wp.unil.ch\/cinematheque-unil\/?page_id=5114"},"modified":"2018-10-12T10:49:57","modified_gmt":"2018-10-12T08:49:57","slug":"carnets-de-voyage-filmes","status":"publish","type":"page","link":"https:\/\/wp.unil.ch\/cinematheque-unil\/evenements\/carnets-de-voyage-filmes\/","title":{"rendered":"Exposition \u00ab Carnets de voyage film\u00e9s. Regards sur l\u2019ailleurs par des cin\u00e9astes amateurs \u00bb"},"content":{"rendered":"<ol class=\"breadcrumb\">\n<li><a href=\"https:\/\/wp.unil.ch\/cinematheque-unil\/evenements\/\">\u00c9v\u00e9nements<\/a><\/li>\n<li class=\"current\"><a href=\"https:\/\/wp.unil.ch\/cinematheque-unil\/evenements\/carnets-de-voyage-filmes\/\">Carnets de voyage film\u00e9s<\/a><\/li>\n<\/ol>\n<h6 style=\"text-align: center\">Exposition<\/h6>\n<h5 style=\"text-align: center\">\u00ab Carnets de voyage film\u00e9s. Regards sur l\u2019ailleurs par des cin\u00e9astes amateurs \u00bb<\/h5>\n<p style=\"text-align: center\">26 juin-31 octobre 2018\n<\/p>\n<p style=\"text-align: justify;font-size: small\"><img alt=\"\" loading=\"lazy\" decoding=\"async\" class=\"aligncenter wp-image-5120 size-full\" src=\"https:\/\/wp.unil.ch\/cinematheque-unil\/files\/2018\/06\/AFFICHE_CARNETS_DE_VOYAGE_FILMES.jpg\" alt=\"\" width=\"677\" height=\"960\" \/><\/p>\n<p style=\"text-align: justify\">L\u2019exposition \u00ab Carnets de voyage film\u00e9s. Regards sur l&rsquo;ailleurs par des cin\u00e9astes amateurs \u00bb est r\u00e9alis\u00e9e au sein du projet INTERREG V France-Suisse 2014-2020 EntreLACS &#8211; Fonds Europ\u00e9en de D\u00e9veloppement R\u00e9gional.<\/p>\n<p style=\"text-align: justify\">\u00c0 partir du fonds de l\u2019industriel seysselois John Kinsmen, contenant 170 films tourn\u00e9s des ann\u00e9es 1920 aux ann\u00e9es 1970 principalement \u00e0 l\u2019\u00e9tranger, la Cin\u00e9math\u00e8que des Pays de Savoie et de l\u2019Ain a fait appel \u00e0 ses partenaires la Cin\u00e9math\u00e8que de Bretagne, Normandie Images, l\u2019association Ton Anonymon d\u2019Ath\u00e8nes, le Home Movies de Bologne, le Mus\u00e9e Ethnographique de Gen\u00e8ve et le P\u00f4le Culture Patrimoine du D\u00e9partement de la Haute-Savoie pour travailler sur la question du voyage et de l\u2019ailleurs, un sujet peu explor\u00e9 par les cin\u00e9math\u00e8ques r\u00e9gionales qui ancrent g\u00e9n\u00e9ralement leurs travaux dans le patrimoine local.<\/p>\n<p style=\"text-align: justify\">\u00c0 travers les films et les photographies collect\u00e9s par des voyageurs amateurs d\u2019horizons g\u00e9ographiques et sociologiques tr\u00e8s diff\u00e9rents, une typologie du voyage se dessine et donne \u00e0 voir des acceptions du voyage bien plus nombreuses qu\u2019on ne l\u2019imagine. Explorations, connaissances du monde, carnets de notes, tourisme, voyages d\u2019affaires, lettres film\u00e9es, voyage int\u00e9rieur, transports insolites, venez d\u00e9couvrir quelques-uns des genres du film de voyage amateur. L\u2019exposition est accompagn\u00e9e d\u2019une projection de film sur pellicule.<\/p>\n<p style=\"text-align: justify\">Cette exposition est possible gr\u00e2ce aux travaux de Roger Odin de l\u2019IRCAV de l&rsquo;Universit\u00e9 Sorbonne Nouvelle Paris III, de Nicolas Dulac et de St\u00e9phane Tralongo de la Section d\u2019histoire et esth\u00e9tique du cin\u00e9ma de l\u2019Universit\u00e9 de Lausanne.<\/p>\n<p style=\"font-size: small;text-align: center\"><strong>R\u00e9servation<\/strong><\/p>\n<p style=\"font-size: small;text-align: center\">+33 (0)4 50 23 51 09, contact[at]letelepherique.org<\/p>\n<p style=\"font-size: small;text-align: center\"><strong>Affiche\u00a0<\/strong><\/p>\n<p style=\"font-size: small;text-align: center\"><a href=\"https:\/\/wp.unil.ch\/cinematheque-unil\/files\/2018\/06\/AFFICHE_CARNETS_DE_VOYAGE_FILMES.jpg\">T\u00e9l\u00e9charger.<\/a><\/p>\n<p style=\"font-size: small;text-align: center\"><em>Voir aussi la <a href=\"https:\/\/www.letelepherique.org\">page<\/a> de la Cin\u00e9math\u00e8que des Pays de Savoie et de l\u2019Ain.<\/em><\/p>\n","protected":false},"excerpt":{"rendered":"<p>\u00c9v\u00e9nements Carnets de voyage film\u00e9s Exposition \u00ab Carnets de voyage film\u00e9s. Regards sur l\u2019ailleurs par des cin\u00e9astes amateurs \u00bb 26 juin-31 octobre 2018 L\u2019exposition \u00ab Carnets de voyage film\u00e9s. Regards sur l&rsquo;ailleurs par des cin\u00e9astes amateurs \u00bb est r\u00e9alis\u00e9e au<\/p>\n","protected":false},"author":1469,"featured_media":0,"parent":1226,"menu_order":8,"comment_status":"closed","ping_status":"closed","template":"","meta":{"_seopress_robots_primary_cat":"","_seopress_titles_title":"","_seopress_titles_desc":"","_seopress_robots_index":"","footnotes":""},"class_list":["post-5114","page","type-page","status-publish"],"_links":{"self":[{"href":"https:\/\/wp.unil.ch\/cinematheque-unil\/wp-json\/wp\/v2\/pages\/5114","targetHints":{"allow":["GET"]}}],"collection":[{"href":"https:\/\/wp.unil.ch\/cinematheque-unil\/wp-json\/wp\/v2\/pages"}],"about":[{"href":"https:\/\/wp.unil.ch\/cinematheque-unil\/wp-json\/wp\/v2\/types\/page"}],"author":[{"embeddable":true,"href":"https:\/\/wp.unil.ch\/cinematheque-unil\/wp-json\/wp\/v2\/users\/1469"}],"replies":[{"embeddable":true,"href":"https:\/\/wp.unil.ch\/cinematheque-unil\/wp-json\/wp\/v2\/comments?post=5114"}],"version-history":[{"count":0,"href":"https:\/\/wp.unil.ch\/cinematheque-unil\/wp-json\/wp\/v2\/pages\/5114\/revisions"}],"up":[{"embeddable":true,"href":"https:\/\/wp.unil.ch\/cinematheque-unil\/wp-json\/wp\/v2\/pages\/1226"}],"wp:attachment":[{"href":"https:\/\/wp.unil.ch\/cinematheque-unil\/wp-json\/wp\/v2\/media?parent=5114"}],"curies":[{"name":"wp","href":"https:\/\/api.w.org\/{rel}","templated":true}]}}