{"id":4948,"date":"2018-05-31T16:05:26","date_gmt":"2018-05-31T14:05:26","guid":{"rendered":"http:\/\/wp.unil.ch\/cinematheque-unil\/?page_id=4948"},"modified":"2019-02-16T10:55:45","modified_gmt":"2019-02-16T09:55:45","slug":"journees-detude-et-colloques-2","status":"publish","type":"page","link":"https:\/\/wp.unil.ch\/cinematheque-unil\/projets\/personnage-et-vedettariat-au-prisme-du-genre\/journees-detude-et-colloques-2\/","title":{"rendered":"Journ\u00e9es d\u2019\u00e9tude et colloques"},"content":{"rendered":"<ol class=\"breadcrumb\">\n<li><a href=\"https:\/\/wp.unil.ch\/cinematheque-unil\/projets\/\">Projets<\/a><\/li>\n<li><a href=\"https:\/\/wp.unil.ch\/cinematheque-unil\/projets\/personnage-et-vedettariat-au-prisme-du-genre\/\">Personnage et vedettariat au prisme du genre<\/a><\/li>\n<li class=\"current\"><a href=\"https:\/\/wp.unil.ch\/cinematheque-unil\/projets\/personnage-et-vedettariat-au-prisme-du-genre\/journees-detude\/\">Journ\u00e9es d&rsquo;\u00e9tude et colloques<\/a><\/li>\n<\/ol>\n<div style=\"background-color: #f5f5f5\">\n<h3 style=\"text-align: center\">Journ\u00e9es d&rsquo;\u00e9tude et colloques<\/h3>\n<p style=\"text-align: center;font-size: medium\"><a href=\"https:\/\/wp.unil.ch\/cinematheque-unil\/evenements\/colloque-genre-et-medias-francophones-dans-leurope-des-annees-1940-et-1950\/\">Genre et m\u00e9dias francophones dans l\u2019Europe des ann\u00e9es 1940 et 1950, colloque international, Universit\u00e9 de Lausanne, 21-22 mars 2019.<\/a><\/p>\n<p style=\"text-align: center;font-size: medium\">La fabrique m\u00e9diatique du genre : stars, vedettes et c\u00e9l\u00e9brit\u00e9s saisies par le f\u00e9minisme, colloque, 27-31 ao\u00fbt 2018.<\/p>\n<\/div>\n","protected":false},"excerpt":{"rendered":"<p>Projets Personnage et vedettariat au prisme du genre Journ\u00e9es d&rsquo;\u00e9tude et colloques Journ\u00e9es d&rsquo;\u00e9tude et colloques Genre et m\u00e9dias francophones dans l\u2019Europe des ann\u00e9es 1940 et 1950, colloque international, Universit\u00e9 de Lausanne, 21-22 mars 2019. La fabrique m\u00e9diatique du genre<\/p>\n","protected":false},"author":1469,"featured_media":0,"parent":3432,"menu_order":19,"comment_status":"closed","ping_status":"closed","template":"","meta":{"_seopress_robots_primary_cat":"","_seopress_titles_title":"","_seopress_titles_desc":"","_seopress_robots_index":"","footnotes":""},"class_list":["post-4948","page","type-page","status-publish"],"_links":{"self":[{"href":"https:\/\/wp.unil.ch\/cinematheque-unil\/wp-json\/wp\/v2\/pages\/4948","targetHints":{"allow":["GET"]}}],"collection":[{"href":"https:\/\/wp.unil.ch\/cinematheque-unil\/wp-json\/wp\/v2\/pages"}],"about":[{"href":"https:\/\/wp.unil.ch\/cinematheque-unil\/wp-json\/wp\/v2\/types\/page"}],"author":[{"embeddable":true,"href":"https:\/\/wp.unil.ch\/cinematheque-unil\/wp-json\/wp\/v2\/users\/1469"}],"replies":[{"embeddable":true,"href":"https:\/\/wp.unil.ch\/cinematheque-unil\/wp-json\/wp\/v2\/comments?post=4948"}],"version-history":[{"count":0,"href":"https:\/\/wp.unil.ch\/cinematheque-unil\/wp-json\/wp\/v2\/pages\/4948\/revisions"}],"up":[{"embeddable":true,"href":"https:\/\/wp.unil.ch\/cinematheque-unil\/wp-json\/wp\/v2\/pages\/3432"}],"wp:attachment":[{"href":"https:\/\/wp.unil.ch\/cinematheque-unil\/wp-json\/wp\/v2\/media?parent=4948"}],"curies":[{"name":"wp","href":"https:\/\/api.w.org\/{rel}","templated":true}]}}