{"id":4780,"date":"2018-10-12T10:25:52","date_gmt":"2018-10-12T08:25:52","guid":{"rendered":"http:\/\/wp.unil.ch\/cinematheque-unil\/?page_id=4780"},"modified":"2019-01-15T10:17:38","modified_gmt":"2019-01-15T09:17:38","slug":"colloque-techniques-du-cinema-amateur","status":"publish","type":"page","link":"https:\/\/wp.unil.ch\/cinematheque-unil\/evenements\/colloque-techniques-du-cinema-amateur\/","title":{"rendered":"Colloque \u00ab Techniques du cin\u00e9ma amateur \u00bb"},"content":{"rendered":"<ol class=\"breadcrumb\">\n<li><a href=\"https:\/\/wp.unil.ch\/cinematheque-unil\/evenements\/\">\u00c9v\u00e9nements<\/a><\/li>\n<li class=\"current\"><a href=\"https:\/\/wp.unil.ch\/cinematheque-unil\/evenements\/colloque-techniques-du-cinema-amateur\/\">Techniques du cin\u00e9ma amateur<\/a><\/li>\n<\/ol>\n<h6 style=\"text-align: center\">Colloque<\/h6>\n<h5 style=\"text-align: center\">\u00ab Techniques du cin\u00e9ma amateur : probl\u00e8mes d\u2019archives, probl\u00e8mes d\u2019histoire \u00bb<\/h5>\n<h6 style=\"text-align: center\">sous la direction de Beno\u00eet Turquety et St\u00e9phane Tralongo<\/h6>\n<p style=\"text-align: center\">28-30 novembre 2018<\/p>\n<p><img alt=\"\" loading=\"lazy\" decoding=\"async\" class=\"aligncenter wp-image-5355 size-full\" src=\"https:\/\/wp.unil.ch\/cinematheque-unil\/files\/2018\/10\/AfficheV9.jpg\" alt=\"\" width=\"849\" height=\"1200\" srcset=\"https:\/\/wp.unil.ch\/cinematheque-unil\/files\/2018\/10\/AfficheV9.jpg 849w, https:\/\/wp.unil.ch\/cinematheque-unil\/files\/2018\/10\/AfficheV9-212x300.jpg 212w, https:\/\/wp.unil.ch\/cinematheque-unil\/files\/2018\/10\/AfficheV9-768x1086.jpg 768w, https:\/\/wp.unil.ch\/cinematheque-unil\/files\/2018\/10\/AfficheV9-724x1024.jpg 724w\" sizes=\"auto, (max-width: 849px) 100vw, 849px\" \/><\/p>\n<p style=\"text-align: align\">R\u00e9duisant les fronti\u00e8res entre cin\u00e9astes et publics, les cultures num\u00e9riques semblent donner une place centrale \u00e0 l\u2019amateur dans le paysage m\u00e9diatique actuel. Elles invitent \u00e0 consid\u00e9rer les pratiques du cin\u00e9ma amateur qui se sont d\u00e9velopp\u00e9es depuis les premiers temps du cin\u00e9ma, parfois sous des formes tr\u00e8s sophistiqu\u00e9es. Il s&rsquo;agit donc de r\u00e9v\u00e9ler une pr\u00e9sence du cin\u00e9ma plus riche, plus complexe et plus prot\u00e9iforme que l\u2019histoire traditionnelle du cin\u00e9ma (professionnel) ne l\u2019avait montr\u00e9.<\/p>\n<p>Organis\u00e9 du 28 au 30 novembre dans le cadre du projet de recherche FNS <a href=\"https:\/\/wp.unil.ch\/cinematheque-unil\/projets\/bolex-et-le-cinema-amateur\/\" target=\"_blank\" rel=\"noopener\">\u00ab Histoire des machines et arch\u00e9ologie des pratiques : Bolex et le cin\u00e9ma amateur en Suisse\u00a0\u00bb<\/a>, ce colloque international souhaite r\u00e9interroger les enjeux et les m\u00e9thodes de la construction de l\u2019histoire du cin\u00e9ma amateur et de ses techniques, notamment \u00e0 travers ce lieu essentiel d\u2019investigation que sont les archives.<\/p>\n<p style=\"text-align: align\">Mettant \u00e0 profit la collaboration avec la Cin\u00e9math\u00e8que suisse, ainsi que les partenariats Interreg <a href=\"https:\/\/wp.unil.ch\/cinematheque-unil\/projets\/entrelacs\/\" target=\"_blank\" rel=\"noopener\">EntreLACS<\/a> et <a href=\"https:\/\/technes.org\/fr\/\" target=\"_blank\" rel=\"noopener\">TECHN\u00c8S<\/a>, ce colloque rassemblera universitaires et archivistes autour des probl\u00e8mes sp\u00e9cifiques que le cin\u00e9ma amateur pose \u00e0 l\u2019histoire et \u00e0 la th\u00e9orie du cin\u00e9ma. Des cin\u00e9astes viendront aussi \u00e9voquer leur rapport \u00e0 la cam\u00e9ra comme outil de cr\u00e9ation artistique.<\/p>\n<p style=\"font-size: small;text-align: center\"><strong>Flyer<\/strong><\/p>\n<p style=\"font-size: small;text-align: center\"><a href=\"https:\/\/wp.unil.ch\/cinematheque-unil\/files\/2018\/10\/FLYER_COLLOQUE_AMATEUR.pdf\">T\u00e9l\u00e9charger.<\/a><\/p>\n<p style=\"font-size: small;text-align: center\"><strong>Programme<\/strong><\/p>\n<p style=\"font-size: small;text-align: center\"><a href=\"https:\/\/wp.unil.ch\/cinematheque-unil\/files\/2018\/10\/AfficheV9.jpg\">T\u00e9l\u00e9charger.<\/a><\/p>\n<p style=\"font-size: small;text-align: center\"><strong>Extrait du Bulletin de la Cin\u00e9math\u00e8que suisse<\/strong><\/p>\n<p style=\"font-size: small;text-align: center\"><a href=\"https:\/\/wp.unil.ch\/cinematheque-unil\/files\/2018\/10\/BULLETIN_COLLOQUE_CINEMA_AMATEUR.pdf\">T\u00e9l\u00e9charger.<\/a><\/p>\n<p style=\"font-size: small;text-align: center\"><em>Voir aussi la\u00a0<a href=\"https:\/\/agenda.unil.ch\/display\/1505830758680\">page<\/a> de la Section d\u2019histoire et esth\u00e9tique du cin\u00e9ma et les <a href=\"https:\/\/wp.unil.ch\/cinematheque-unil\/vitrine\/projections\/\">vid\u00e9os<\/a> des rencontres avec Rose Lowder et Peter Miller sur ce site.<\/em><\/p>\n","protected":false},"excerpt":{"rendered":"<p>\u00c9v\u00e9nements Techniques du cin\u00e9ma amateur Colloque \u00ab Techniques du cin\u00e9ma amateur : probl\u00e8mes d\u2019archives, probl\u00e8mes d\u2019histoire \u00bb sous la direction de Beno\u00eet Turquety et St\u00e9phane Tralongo 28-30 novembre 2018 R\u00e9duisant les fronti\u00e8res entre cin\u00e9astes et publics, les cultures num\u00e9riques semblent<\/p>\n","protected":false},"author":1469,"featured_media":0,"parent":1226,"menu_order":6,"comment_status":"closed","ping_status":"closed","template":"","meta":{"_seopress_robots_primary_cat":"","_seopress_titles_title":"","_seopress_titles_desc":"","_seopress_robots_index":"","footnotes":""},"class_list":["post-4780","page","type-page","status-publish"],"_links":{"self":[{"href":"https:\/\/wp.unil.ch\/cinematheque-unil\/wp-json\/wp\/v2\/pages\/4780","targetHints":{"allow":["GET"]}}],"collection":[{"href":"https:\/\/wp.unil.ch\/cinematheque-unil\/wp-json\/wp\/v2\/pages"}],"about":[{"href":"https:\/\/wp.unil.ch\/cinematheque-unil\/wp-json\/wp\/v2\/types\/page"}],"author":[{"embeddable":true,"href":"https:\/\/wp.unil.ch\/cinematheque-unil\/wp-json\/wp\/v2\/users\/1469"}],"replies":[{"embeddable":true,"href":"https:\/\/wp.unil.ch\/cinematheque-unil\/wp-json\/wp\/v2\/comments?post=4780"}],"version-history":[{"count":0,"href":"https:\/\/wp.unil.ch\/cinematheque-unil\/wp-json\/wp\/v2\/pages\/4780\/revisions"}],"up":[{"embeddable":true,"href":"https:\/\/wp.unil.ch\/cinematheque-unil\/wp-json\/wp\/v2\/pages\/1226"}],"wp:attachment":[{"href":"https:\/\/wp.unil.ch\/cinematheque-unil\/wp-json\/wp\/v2\/media?parent=4780"}],"curies":[{"name":"wp","href":"https:\/\/api.w.org\/{rel}","templated":true}]}}