{"id":4770,"date":"2018-04-23T16:13:43","date_gmt":"2018-04-23T14:13:43","guid":{"rendered":"http:\/\/wp.unil.ch\/cinematheque-unil\/?page_id=4770"},"modified":"2018-06-10T02:35:29","modified_gmt":"2018-06-10T00:35:29","slug":"documenter-une-presence-au-monde-le-cinema-de-johan-van-der-keuken-colloque-28-30-mars-2018","status":"publish","type":"page","link":"https:\/\/wp.unil.ch\/cinematheque-unil\/projets\/bolex-et-le-cinema-amateur\/journees-detude-et-colloques\/documenter-une-presence-au-monde-le-cinema-de-johan-van-der-keuken-colloque-28-30-mars-2018\/","title":{"rendered":"Documenter une pr\u00e9sence au monde : le cin\u00e9ma de Johan van der Keuken, colloque, 28-30 mars 2018"},"content":{"rendered":"<ol class=\"breadcrumb\">\n<li><a href=\"https:\/\/wp.unil.ch\/cinematheque-unil\/projets\/\">Projets<\/a><\/li>\n<li><a href=\"https:\/\/wp.unil.ch\/cinematheque-unil\/projets\/bolex-et-le-cinema-amateur\/\">Bolex et le cin\u00e9ma amateur en Suisse<\/a><\/li>\n<li><a href=\"https:\/\/wp.unil.ch\/cinematheque-unil\/projets\/bolex-et-le-cinema-amateur\/journees-detude-et-colloques\/\">Journ\u00e9es d&rsquo;\u00e9tude et colloques<\/a><\/li>\n<li class=\"current\"><a href=\"https:\/\/wp.unil.ch\/cinematheque-unil\/projets\/bolex-et-le-cinema-amateur\/journees-detude-et-colloques\/documenter-une-presence-au-monde-le-cinema-de-johan-van-der-keuken-colloque-28-30-mars-2018\/\">Documenter une pr\u00e9sence au monde : le cin\u00e9ma de Johan van der Keuken, colloque, 28-30 mars 2018<\/a><\/li>\n<\/ol>\n<p style=\"text-align: justify;font-size: medium\">Universit\u00e9 Rennes 2, Rennes<\/p>\n<div style=\"background-color: #b0c4de\">\n<p style=\"text-align: justify;font-size: medium\"><strong>Vincent Sorrel, \u00ab La cam\u00e9ra Bolex H 16, bo\u00eete \u00e0 rythmes des improvisations de Johan van der Keuken \u00bb.<\/strong><\/p>\n<\/div>\n<p style=\"text-indent: 23px;text-align: justify;font-size: medium\">En parall\u00e8le des aventures formelles et techniques du cin\u00e9ma direct, Johan van der Keuken, qui avec sa cam\u00e9ra Bolex H 16, n\u2019a pas les moyens du synchrone, y r\u00e9fl\u00e9chit, avec les mat\u00e9riaux du cin\u00e9ma. Influenc\u00e9 par le jazz, Keuken a utilis\u00e9 la cam\u00e9ra m\u00e9canique \u00e0 la recherche de rythmes \u00e0 la fois visuels et sonores, sculptant le temps sur des principes de coupes, de variations, de ruptures ou encore de b\u00e9gaiements. Comme le dit Jonas Mekas \u00e0 propos de la Bolex, \u00ab La cam\u00e9ra n\u2019enregistre pas le son mais elle fait beaucoup de bruit. \u00bb Habituellement, le bruit de la cam\u00e9ra emp\u00eache l\u2019enregistrement sonore au tournage, mais qu\u2019est-ce que ce d\u00e9faut \u2013 le son de la cam\u00e9ra \u2013 apporte au cin\u00e9aste ?<\/p>\n","protected":false},"excerpt":{"rendered":"<p>Projets Bolex et le cin\u00e9ma amateur en Suisse Journ\u00e9es d&rsquo;\u00e9tude et colloques Documenter une pr\u00e9sence au monde : le cin\u00e9ma de Johan van der Keuken, colloque, 28-30 mars 2018 Universit\u00e9 Rennes 2, Rennes Vincent Sorrel, \u00ab La cam\u00e9ra Bolex H<\/p>\n","protected":false},"author":1469,"featured_media":0,"parent":3692,"menu_order":0,"comment_status":"closed","ping_status":"closed","template":"","meta":{"_seopress_robots_primary_cat":"","_seopress_titles_title":"","_seopress_titles_desc":"","_seopress_robots_index":"","footnotes":""},"class_list":["post-4770","page","type-page","status-publish"],"_links":{"self":[{"href":"https:\/\/wp.unil.ch\/cinematheque-unil\/wp-json\/wp\/v2\/pages\/4770","targetHints":{"allow":["GET"]}}],"collection":[{"href":"https:\/\/wp.unil.ch\/cinematheque-unil\/wp-json\/wp\/v2\/pages"}],"about":[{"href":"https:\/\/wp.unil.ch\/cinematheque-unil\/wp-json\/wp\/v2\/types\/page"}],"author":[{"embeddable":true,"href":"https:\/\/wp.unil.ch\/cinematheque-unil\/wp-json\/wp\/v2\/users\/1469"}],"replies":[{"embeddable":true,"href":"https:\/\/wp.unil.ch\/cinematheque-unil\/wp-json\/wp\/v2\/comments?post=4770"}],"version-history":[{"count":0,"href":"https:\/\/wp.unil.ch\/cinematheque-unil\/wp-json\/wp\/v2\/pages\/4770\/revisions"}],"up":[{"embeddable":true,"href":"https:\/\/wp.unil.ch\/cinematheque-unil\/wp-json\/wp\/v2\/pages\/3692"}],"wp:attachment":[{"href":"https:\/\/wp.unil.ch\/cinematheque-unil\/wp-json\/wp\/v2\/media?parent=4770"}],"curies":[{"name":"wp","href":"https:\/\/api.w.org\/{rel}","templated":true}]}}