{"id":453,"date":"2014-06-04T18:11:07","date_gmt":"2014-06-04T16:11:07","guid":{"rendered":"http:\/\/wp.unil.ch\/cinematheque-unil\/?page_id=453"},"modified":"2018-05-16T16:29:03","modified_gmt":"2018-05-16T14:29:03","slug":"journee-detude-du-28-mai-2014","status":"publish","type":"page","link":"https:\/\/wp.unil.ch\/cinematheque-unil\/projets\/discours-du-scenario-etude-historique-et-genetique-des-adaptations-cinematographiques-de-stendhal\/journees-detude\/journee-detude-du-28-mai-2014\/","title":{"rendered":"Rencontre avec Daniel Ferrer, 28\u00a0mai 2014"},"content":{"rendered":"<ol class=\"breadcrumb\">\n<li><a href=\"https:\/\/wp.unil.ch\/cinematheque-unil\/projets\/\">Projets<\/a><\/li>\n<li><a href=\"https:\/\/wp.unil.ch\/cinematheque-unil\/projets\/discours-du-scenario-etude-historique-et-genetique-des-adaptations-cinematographiques-de-stendhal\/\">Discours du sc\u00e9nario<\/a><\/li>\n<li><a href=\"https:\/\/wp.unil.ch\/cinematheque-unil\/projets\/discours-du-scenario-etude-historique-et-genetique-des-adaptations-cinematographiques-de-stendhal\/journees-detude\/\">Journ\u00e9es d&rsquo;\u00e9tude et colloques<\/a><\/li>\n<li class=\"current\"><a href=\"https:\/\/wp.unil.ch\/cinematheque-unil\/projets\/discours-du-scenario-etude-historique-et-genetique-des-adaptations-cinematographiques-de-stendhal\/journees-detude\/journee-detude-du-28-mai-2014\/\">Rencontre avec Daniel Ferrer, 28 mai 2014<\/a><\/li>\n<\/ol>\n<h5>Rencontre avec Daniel Ferrer, 28 mai 2014<\/h5>\n<p style=\"text-align: justify\">Universit\u00e9 de Lausanne, Ch\u00e2teau de Dorigny, 10h00-15h00<br \/>\nInvit\u00e9 : Daniel Ferrer, chercheur CNRS, Institut des textes et manuscrits modernes (ITEM), Paris<\/p>\n<div style=\"background-color: #B0C4DE\">\n<p style=\"text-align: justify\"><strong>Rencontre et discussion avec Daniel Ferrer autour de l\u2019approche g\u00e9n\u00e9tique des sc\u00e9narios.<\/strong><\/p>\n<\/div>\n<p style=\"text-indent: 23px;text-align: justify\">Apr\u00e8s que Daniel Ferrer a pr\u00e9sent\u00e9 les recherches en cours \u00e0 l\u2019ITEM li\u00e9es au sc\u00e9nario et expos\u00e9 les principaux principes de sa m\u00e9thode, la discussion s\u2019est articul\u00e9e autour de trois points. Le premier portait sur la m\u00e9thodologie de classement et la constitution d\u2019un dossier g\u00e9n\u00e9tique. Les doctorants ont pu pr\u00e9senter la base de donn\u00e9es en cours de r\u00e9alisation du projet \u00ab\u00a0Discours du sc\u00e9nario\u00a0\u00bb \u00e0 Daniel Ferrer qui, en retour, a donn\u00e9 des conseils sur la description des feuillets (\u00e9tape essentielle pour les archives sans classement par pi\u00e8ce), sur l\u2019importance d\u2019homologuer virtuellement les diff\u00e9rentes strates du processus sc\u00e9naristique et de les placer dans une continuit\u00e9 hypoth\u00e9tique, ainsi que sur le r\u00f4le de la codicologie pour organiser un dossier g\u00e9n\u00e9tique. Le deuxi\u00e8me point concernait les sp\u00e9cificit\u00e9s de la cr\u00e9ation cin\u00e9matographique. \u00c0 travers l\u2019analyse d\u2019une continuit\u00e9 dialogu\u00e9e et d\u2019une lettre de Claude Autant-Lara, les participants ont formul\u00e9 des hypoth\u00e8ses sur le travail d\u2019\u00e9criture collaborative entre Jean Aurenche et Pierre Bost, sur la question du destinataire des \u00e9crits sc\u00e9naristiques, sur l\u2019intervention de plusieurs instances dans le processus d\u2019\u00e9criture (producteur, r\u00e9alisateur, acteur, etc.), sur la diff\u00e9rentiation entre des contraintes sc\u00e9naristiques et scripturales, sur le contexte de production et sur la difficult\u00e9 de d\u00e9gager clairement la part du dialoguiste et celle de l\u2019adaptateur dans la collaboration entre Aurenche et Bost. Le dernier point avait pour objet la proposition th\u00e9orique de Daniel Ferrer de penser la g\u00e9n\u00e9tique \u00e0 travers la notion logique des mondes possibles. Les participants ont questionn\u00e9 la pertinence de ce cadre conceptuel dans le cas de l\u2019adaptation filmique.<\/p>\n","protected":false},"excerpt":{"rendered":"<p>Projets Discours du sc\u00e9nario Journ\u00e9es d&rsquo;\u00e9tude et colloques Rencontre avec Daniel Ferrer, 28 mai 2014 Rencontre avec Daniel Ferrer, 28 mai 2014 Universit\u00e9 de Lausanne, Ch\u00e2teau de Dorigny, 10h00-15h00 Invit\u00e9 : Daniel Ferrer, chercheur CNRS, Institut des textes et manuscrits<\/p>\n","protected":false},"author":1469,"featured_media":0,"parent":434,"menu_order":40,"comment_status":"closed","ping_status":"closed","template":"","meta":{"_seopress_robots_primary_cat":"","_seopress_titles_title":"","_seopress_titles_desc":"","_seopress_robots_index":"","footnotes":""},"class_list":["post-453","page","type-page","status-publish"],"_links":{"self":[{"href":"https:\/\/wp.unil.ch\/cinematheque-unil\/wp-json\/wp\/v2\/pages\/453","targetHints":{"allow":["GET"]}}],"collection":[{"href":"https:\/\/wp.unil.ch\/cinematheque-unil\/wp-json\/wp\/v2\/pages"}],"about":[{"href":"https:\/\/wp.unil.ch\/cinematheque-unil\/wp-json\/wp\/v2\/types\/page"}],"author":[{"embeddable":true,"href":"https:\/\/wp.unil.ch\/cinematheque-unil\/wp-json\/wp\/v2\/users\/1469"}],"replies":[{"embeddable":true,"href":"https:\/\/wp.unil.ch\/cinematheque-unil\/wp-json\/wp\/v2\/comments?post=453"}],"version-history":[{"count":0,"href":"https:\/\/wp.unil.ch\/cinematheque-unil\/wp-json\/wp\/v2\/pages\/453\/revisions"}],"up":[{"embeddable":true,"href":"https:\/\/wp.unil.ch\/cinematheque-unil\/wp-json\/wp\/v2\/pages\/434"}],"wp:attachment":[{"href":"https:\/\/wp.unil.ch\/cinematheque-unil\/wp-json\/wp\/v2\/media?parent=453"}],"curies":[{"name":"wp","href":"https:\/\/api.w.org\/{rel}","templated":true}]}}