{"id":434,"date":"2014-06-04T17:10:40","date_gmt":"2014-06-04T15:10:40","guid":{"rendered":"http:\/\/wp.unil.ch\/cinematheque-unil\/?page_id=434"},"modified":"2018-05-31T16:01:55","modified_gmt":"2018-05-31T14:01:55","slug":"journees-detude","status":"publish","type":"page","link":"https:\/\/wp.unil.ch\/cinematheque-unil\/projets\/discours-du-scenario-etude-historique-et-genetique-des-adaptations-cinematographiques-de-stendhal\/journees-detude\/","title":{"rendered":"Journ\u00e9es d\u2019\u00e9tude et colloques"},"content":{"rendered":"<ol class=\"breadcrumb\">\n<li><a href=\"https:\/\/wp.unil.ch\/cinematheque-unil\/projets\/\">Projets<\/a><\/li>\n<li><a href=\"https:\/\/wp.unil.ch\/cinematheque-unil\/projets\/discours-du-scenario-etude-historique-et-genetique-des-adaptations-cinematographiques-de-stendhal\/\">Discours du sc\u00e9nario<\/a><\/li>\n<li class=\"current\"><a href=\"https:\/\/wp.unil.ch\/cinematheque-unil\/projets\/discours-du-scenario-etude-historique-et-genetique-des-adaptations-cinematographiques-de-stendhal\/journees-detude\/\">Journ\u00e9es d&rsquo;\u00e9tude et colloques<\/a><\/li>\n<\/ol>\n<div style=\"background-color: #f5f5f5\">\n<h3 style=\"text-align: center\">Journ\u00e9es d&rsquo;\u00e9tude et colloques<\/h3>\n<p style=\"text-align: center;font-size: medium\"><a href=\"https:\/\/wp.unil.ch\/cinematheque-unil\/projets\/discours-du-scenario-etude-historique-et-genetique-des-adaptations-cinematographiques-de-stendhal\/journees-detude\/des-livres-aux-scenarios-10-11-octobre-2016\/\">Des livres aux sc\u00e9narios. Approches interdisciplinaires des archives du cin\u00e9ma fran\u00e7ais (1930-1960),\u00a0colloque,\u00a010-11 octobre 2016<\/a><\/p>\n<p style=\"text-align: center;font-size: medium\"><a href=\"https:\/\/wp.unil.ch\/cinematheque-unil\/projets\/discours-du-scenario-etude-historique-et-genetique-des-adaptations-cinematographiques-de-stendhal\/journees-detude\/le-scenario-comme-pre-textethe-scenario-as-pre-text-23-24-avril-2015\/\">Le \u00ab\u00a0sc\u00e9nario\u00a0\u00bb comme pr\u00e9-texte\/The \u00ab\u00a0scenario\u00a0\u00bb as pre-text, colloque, 23-24 avril 2015<\/a><\/p>\n<p style=\"text-align: center;font-size: medium\"><a title=\"Pr\u00e9sentation des recherches sur le sc\u00e9nario, 14 mars 2014\" href=\"https:\/\/wp.unil.ch\/cinematheque-unil\/projets\/discours-du-scenario-etude-historique-et-genetique-des-adaptations-cinematographiques-de-stendhal\/journees-detude\/presentation-des-recherches-sur-le-scenario-14-mars-2014\/\">Pr\u00e9sentation des recherches sur le sc\u00e9nario, journ\u00e9e d\u2019\u00e9tude, 14 mars 2014<\/a><\/p>\n<p style=\"text-align: center;font-size: medium\"><a title=\"Rencontre avec Daniel Ferrer, 28\u00a0mai 2014\" href=\"https:\/\/wp.unil.ch\/cinematheque-unil\/projets\/discours-du-scenario-etude-historique-et-genetique-des-adaptations-cinematographiques-de-stendhal\/journees-detude\/journee-detude-du-28-mai-2014\/\">Rencontre avec Daniel Ferrer, journ\u00e9e d\u2019\u00e9tude, 28 mai 2014<\/a><\/p>\n<\/div>\n","protected":false},"excerpt":{"rendered":"<p>Projets Discours du sc\u00e9nario Journ\u00e9es d&rsquo;\u00e9tude et colloques Journ\u00e9es d&rsquo;\u00e9tude et colloques Des livres aux sc\u00e9narios. Approches interdisciplinaires des archives du cin\u00e9ma fran\u00e7ais (1930-1960),\u00a0colloque,\u00a010-11 octobre 2016 Le \u00ab\u00a0sc\u00e9nario\u00a0\u00bb comme pr\u00e9-texte\/The \u00ab\u00a0scenario\u00a0\u00bb as pre-text, colloque, 23-24 avril 2015 Pr\u00e9sentation des recherches<\/p>\n","protected":false},"author":1469,"featured_media":0,"parent":123,"menu_order":48,"comment_status":"closed","ping_status":"closed","template":"","meta":{"_seopress_robots_primary_cat":"","_seopress_titles_title":"","_seopress_titles_desc":"","_seopress_robots_index":"","footnotes":""},"class_list":["post-434","page","type-page","status-publish"],"_links":{"self":[{"href":"https:\/\/wp.unil.ch\/cinematheque-unil\/wp-json\/wp\/v2\/pages\/434","targetHints":{"allow":["GET"]}}],"collection":[{"href":"https:\/\/wp.unil.ch\/cinematheque-unil\/wp-json\/wp\/v2\/pages"}],"about":[{"href":"https:\/\/wp.unil.ch\/cinematheque-unil\/wp-json\/wp\/v2\/types\/page"}],"author":[{"embeddable":true,"href":"https:\/\/wp.unil.ch\/cinematheque-unil\/wp-json\/wp\/v2\/users\/1469"}],"replies":[{"embeddable":true,"href":"https:\/\/wp.unil.ch\/cinematheque-unil\/wp-json\/wp\/v2\/comments?post=434"}],"version-history":[{"count":0,"href":"https:\/\/wp.unil.ch\/cinematheque-unil\/wp-json\/wp\/v2\/pages\/434\/revisions"}],"up":[{"embeddable":true,"href":"https:\/\/wp.unil.ch\/cinematheque-unil\/wp-json\/wp\/v2\/pages\/123"}],"wp:attachment":[{"href":"https:\/\/wp.unil.ch\/cinematheque-unil\/wp-json\/wp\/v2\/media?parent=434"}],"curies":[{"name":"wp","href":"https:\/\/api.w.org\/{rel}","templated":true}]}}