{"id":43,"date":"2014-01-30T16:00:14","date_gmt":"2014-01-30T15:00:14","guid":{"rendered":"http:\/\/wp.unil.ch\/cinematheque-unil\/?page_id=43"},"modified":"2025-03-25T09:54:00","modified_gmt":"2025-03-25T08:54:00","slug":"accueil","status":"publish","type":"page","link":"https:\/\/wp.unil.ch\/cinematheque-unil\/","title":{"rendered":"Page d&rsquo;accueil"},"content":{"rendered":"<div id=\"metaslider-id-244\" style=\"width: 100%;\" class=\"ml-slider-3-107-0 metaslider metaslider-flex metaslider-244 ml-slider has-carousel-mode ms-theme-default nav-hidden\" role=\"region\" aria-label=\"Diaporama de l\u2019accueil\" data-height=\"678\" data-width=\"1180\">\n    <div id=\"metaslider_container_244\">\n        <div id=\"metaslider_244\" class=\"flexslider\">\n            <ul class='slides'>\n                <li style=\"display: none; width: 100%;\" class=\"slide-9045 ms-image \" aria-roledescription=\"slide\" data-date=\"2025-12-11 15:40:01\" data-filename=\"nagra_affiche_v2_web-848x487.jpg\" data-slide-type=\"image\"><a href=\"https:\/\/wp.unil.ch\/cinematheque-unil\/evenements\/colloque-ecoutes-situees-techniques-esthetique-et-politique-de-lenregistrement-sonore\/\" target=\"_self\" aria-label=\"Programme du colloque \u00ab\u00a0\u00c9coutes situ\u00e9es\u00a0\u00bb\" class=\"metaslider_image_link\"><img loading=\"lazy\" decoding=\"async\" src=\"https:\/\/wp.unil.ch\/cinematheque-unil\/files\/2025\/12\/nagra_affiche_v2_web-848x487.jpg\" height=\"678\" width=\"1180\" alt=\"nagra affiche v2 web\" class=\"slider-244 slide-9045 msDefaultImage\" title=\"nagra affiche v2 web\" \/><\/a><div class=\"caption-wrap\"><div class=\"caption\"><div>Image : Colloque international <em>\u00c9coutes situ\u00e9es <\/em>le jeudi 15 et le vendredi 16 janvier 2026<em>\u00a0<\/em>\u00e0 l\u2019Universit\u00e9 Paris 8, Campus Condorcet.<br \/>Lien : Programme du colloque.<\/div><\/div><\/div><\/li>\n                <li style=\"display: none; width: 100%;\" class=\"slide-8887 ms-image \" aria-roledescription=\"slide\" data-date=\"2025-10-23 20:40:42\" data-filename=\"apocalypse-now-429-875x503.jpeg\" data-slide-type=\"image\"><a href=\"https:\/\/live.cinematheque.ch\/films\/apocalypse-now-redux\" target=\"_blank\" aria-label=\"Voir les d\u00e9tails de la diapositive\" class=\"metaslider_image_link\"><img loading=\"lazy\" decoding=\"async\" src=\"https:\/\/wp.unil.ch\/cinematheque-unil\/files\/2025\/10\/apocalypse-now-429-875x503.jpeg\" height=\"678\" width=\"1180\" alt=\"apocalypse now 429\" class=\"slider-244 slide-8887 msDefaultImage\" title=\"apocalypse now 429\" \/><\/a><div class=\"caption-wrap\"><div class=\"caption\"><div>Image : <em>Apocalypse Now Redux<\/em> de Francis Ford Coppola (1979).<br \/>Lien : Projection pr\u00e9sent\u00e9e par Alain Boillat dans le cadre du cycle \"Les Coppola\" \u00e0 la Cin\u00e9math\u00e8que suisse le dimanche 2 novembre 2025.<\/div><\/div><\/div><\/li>\n                <li style=\"display: none; width: 100%;\" class=\"slide-8551 ms-image \" aria-roledescription=\"slide\" data-date=\"2025-03-10 11:19:17\" data-filename=\"linklaternouvellevaguecs_web-scaled-1180x678.jpg\" data-slide-type=\"image\"><a href=\"https:\/\/wp.unil.ch\/cinematheque-unil\/2025\/10\/03\/avant-premiere-de-nouvelle-vague-de-richard-linklater\/\" target=\"_self\" aria-label=\"Voir les d\u00e9tails de la diapositive\" class=\"metaslider_image_link\"><img loading=\"lazy\" decoding=\"async\" src=\"https:\/\/wp.unil.ch\/cinematheque-unil\/files\/2025\/10\/linklaternouvellevaguecs_web-scaled-1180x678.jpg\" height=\"678\" width=\"1180\" alt=\"linklaternouvellevaguecs web\" class=\"slider-244 slide-8551 msDefaultImage\" title=\"linklaternouvellevaguecs web\" \/><\/a><div class=\"caption-wrap\"><div class=\"caption\"><div>Image : <em>Nouvelle Vague<\/em> de Richard Linklater (2025).<br \/>Lien : Avant-premi\u00e8re \u00e0 la Cin\u00e9math\u00e8que suisse le mardi 7 octobre 2025 pr\u00e9sent\u00e9e par Valentine Robert.<\/div><\/div><\/div><\/li>\n                <li style=\"display: none; width: 100%;\" class=\"slide-5784 ms-image \" aria-roledescription=\"slide\" data-date=\"2019-07-04 11:38:05\" data-filename=\"FIGURE_03-1180x678.jpg\" data-slide-type=\"image\"><a href=\"https:\/\/wp.unil.ch\/cinematheque-unil\/projets\/personnage-et-vedettariat-au-prisme-du-genre\/publications-liees-au-projet\/entretien-de-freddy-buache\/\" target=\"_self\" aria-label=\"Voir les d\u00e9tails de la diapositive\" class=\"metaslider_image_link\"><img loading=\"lazy\" decoding=\"async\" src=\"https:\/\/wp.unil.ch\/cinematheque-unil\/files\/2019\/07\/FIGURE_03-1180x678.jpg\" height=\"678\" width=\"1180\" alt=\"\" class=\"slider-244 slide-5784 msDefaultImage\" title=\"FIGURE_03\" \/><\/a><div class=\"caption-wrap\"><div class=\"caption\"><div>Image : Freddy Buache et Claude Autant-Lara, octobre 1982.<br \/>\u00a9 Tous droits r\u00e9serv\u00e9s\/collection Cin\u00e9math\u00e8que suisse.<br \/>Lien : \u00c0 propos d\u2019Autant-Lara : entretien de Freddy Buache.<\/div><\/div><\/div><\/li>\n                <li style=\"display: none; width: 100%;\" class=\"slide-5709 ms-image \" aria-roledescription=\"slide\" data-date=\"2019-05-27 12:33:44\" data-filename=\"FILM_DE_PRESENTATION-1180x678.png\" data-slide-type=\"image\"><a href=\"https:\/\/wp.unil.ch\/cinematheque-unil\/vitrine\/film-de-presentation\/\" target=\"_self\" aria-label=\"Voir les d\u00e9tails de la diapositive\" class=\"metaslider_image_link\"><img loading=\"lazy\" decoding=\"async\" src=\"https:\/\/wp.unil.ch\/cinematheque-unil\/files\/2019\/05\/FILM_DE_PRESENTATION-1180x678.png\" height=\"678\" width=\"1180\" alt=\"\" class=\"slider-244 slide-5709 msDefaultImage\" title=\"FILM_DE_PRESENTATION\" \/><\/a><div class=\"caption-wrap\"><div class=\"caption\"><div>Image : Chlo\u00e9 Hofmann au Centre de recherche et d\u2019archivage de la Cin\u00e9math\u00e8que suisse.<br \/>Lien : Film <em>La Collaboration UNIL + Cin\u00e9math\u00e8que suisse. Projets de recherche<\/em>.<\/div><\/div><\/div><\/li>\n            <\/ul>\n        <\/div>\n        \n    <\/div>\n<\/div>\n<p>Nous avons le plaisir de vous accueillir sur le site Web d\u00e9di\u00e9 aux activit\u00e9s men\u00e9es conjointement par la <a title=\"Section cin\u00e9ma\" href=\"https:\/\/www.unil.ch\/cin\" target=\"_blank\" rel=\"noopener\">Section d\u2019histoire et esth\u00e9tique du cin\u00e9ma<\/a> de l\u2019Universit\u00e9 de Lausanne et la <a title=\"Cin\u00e9math\u00e8que suisse\" href=\"https:\/\/www.cinematheque.ch\" target=\"_blank\" rel=\"noopener\">Cin\u00e9math\u00e8que suisse<\/a> dans le cadre du partenariat qu\u2019elles ont \u00e9tabli en 2010. Ce site\u00a0vise \u00e0 mettre en lumi\u00e8re les projets, les \u00e9v\u00e9nements et les r\u00e9alisations qui s\u2019inscrivent dans ce partenariat, ainsi qu\u2019\u00e0 faire d\u00e9couvrir des pi\u00e8ces d\u2019archives tir\u00e9es des collections de la Cin\u00e9math\u00e8que suisse. Il a donc un double objectif\u00a0: rendre compte de l\u2019actualit\u00e9 des projets scientifiques de la collaboration, et donner acc\u00e8s \u00e0 un savoir sur les\u00a0techniques, les \u0153uvres et les institutions li\u00e9es \u00e0 l\u2019histoire du cin\u00e9ma.<\/p>\n","protected":false},"excerpt":{"rendered":"<p>Nous avons le plaisir de vous accueillir sur le site Web d\u00e9di\u00e9 aux activit\u00e9s men\u00e9es conjointement par la Section d\u2019histoire et esth\u00e9tique du cin\u00e9ma de l\u2019Universit\u00e9 de Lausanne et la Cin\u00e9math\u00e8que suisse dans le cadre du partenariat qu\u2019elles ont \u00e9tabli<\/p>\n","protected":false},"author":1469,"featured_media":0,"parent":0,"menu_order":0,"comment_status":"closed","ping_status":"closed","template":"","meta":{"_seopress_robots_primary_cat":"","_seopress_titles_title":"","_seopress_titles_desc":"","_seopress_robots_index":"","footnotes":""},"class_list":["post-43","page","type-page","status-publish"],"_links":{"self":[{"href":"https:\/\/wp.unil.ch\/cinematheque-unil\/wp-json\/wp\/v2\/pages\/43","targetHints":{"allow":["GET"]}}],"collection":[{"href":"https:\/\/wp.unil.ch\/cinematheque-unil\/wp-json\/wp\/v2\/pages"}],"about":[{"href":"https:\/\/wp.unil.ch\/cinematheque-unil\/wp-json\/wp\/v2\/types\/page"}],"author":[{"embeddable":true,"href":"https:\/\/wp.unil.ch\/cinematheque-unil\/wp-json\/wp\/v2\/users\/1469"}],"replies":[{"embeddable":true,"href":"https:\/\/wp.unil.ch\/cinematheque-unil\/wp-json\/wp\/v2\/comments?post=43"}],"version-history":[{"count":4,"href":"https:\/\/wp.unil.ch\/cinematheque-unil\/wp-json\/wp\/v2\/pages\/43\/revisions"}],"predecessor-version":[{"id":8597,"href":"https:\/\/wp.unil.ch\/cinematheque-unil\/wp-json\/wp\/v2\/pages\/43\/revisions\/8597"}],"wp:attachment":[{"href":"https:\/\/wp.unil.ch\/cinematheque-unil\/wp-json\/wp\/v2\/media?parent=43"}],"curies":[{"name":"wp","href":"https:\/\/api.w.org\/{rel}","templated":true}]}}