{"id":4221,"date":"2017-08-31T11:05:56","date_gmt":"2017-08-31T09:05:56","guid":{"rendered":"http:\/\/wp.unil.ch\/cinematheque-unil\/?page_id=4221"},"modified":"2018-10-12T10:58:03","modified_gmt":"2018-10-12T08:58:03","slug":"colloque-loutre-humain","status":"publish","type":"page","link":"https:\/\/wp.unil.ch\/cinematheque-unil\/evenements\/colloque-loutre-humain\/","title":{"rendered":"Colloque \u00ab L\u2019outre-humain \u00bb"},"content":{"rendered":"<ol class=\"breadcrumb\">\n<li><a href=\"https:\/\/wp.unil.ch\/cinematheque-unil\/evenements\/\">\u00c9v\u00e9nements<\/a><\/li>\n<li class=\"current\"><a href=\"https:\/\/wp.unil.ch\/cinematheque-unil\/evenements\/colloque-loutre-humain\/\">L\u2019outre-humain<\/a><\/li>\n<\/ol>\n<h6 style=\"text-align: center\">Colloque<\/h6>\n<h5 style=\"text-align: center\">\u00ab L\u2019outre-humain. Automates, performances m\u00e9caniques et cultures spectaculaires<br \/>\nau seuil du XX<sup>e<\/sup> si\u00e8cle \u00bb<\/h5>\n<h6 style=\"text-align: center\">sous la direction de Mireille Berton et St\u00e9phane Tralongo<\/h6>\n<p style=\"text-align: center\">2-4 novembre 2017<\/p>\n<p><img alt=\"\" loading=\"lazy\" decoding=\"async\" class=\"aligncenter size-large wp-image-4287\" src=\"https:\/\/wp.unil.ch\/cinematheque-unil\/files\/2017\/08\/OUTRE_HUMAIN_AFFICHE-724x1024.jpg\" alt=\"\" width=\"724\" height=\"1024\" srcset=\"https:\/\/wp.unil.ch\/cinematheque-unil\/files\/2017\/08\/OUTRE_HUMAIN_AFFICHE-724x1024.jpg 724w, https:\/\/wp.unil.ch\/cinematheque-unil\/files\/2017\/08\/OUTRE_HUMAIN_AFFICHE-212x300.jpg 212w, https:\/\/wp.unil.ch\/cinematheque-unil\/files\/2017\/08\/OUTRE_HUMAIN_AFFICHE-768x1087.jpg 768w, https:\/\/wp.unil.ch\/cinematheque-unil\/files\/2017\/08\/OUTRE_HUMAIN_AFFICHE.jpg 848w\" sizes=\"auto, (max-width: 724px) 100vw, 724px\" \/><\/p>\n<p style=\"text-align: justify\">Loin d\u2019advenir avec l\u2019\u00e9lectronique et la robotique, l\u2019automatisme se d\u00e9ploie \u00e0 une grande \u00e9chelle d\u00e8s le XIX<sup>e<\/sup>\u00a0si\u00e8cle, \u00e0 travers des machines prenant \u00e0 leur compte les t\u00e2ches laborieuses de l\u2019humain, mais allant aussi jusqu\u2019\u00e0 reproduire trait pour trait le vivant \u00e0 des fins de divertissement.<\/p>\n<p style=\"text-align: justify\">Organis\u00e9 par le Centre des sciences historiques de la culture de l\u2019UNIL et le projet Labex Arts-H2H \u00ab\u00a0Les Arts trompeurs. Machines, magie, m\u00e9dias \u00bb, ce colloque souhaite faire ressurgir les formes multiples, r\u00e9alis\u00e9es ou imaginaires, que prend la figure de l\u2019automate autour de 1900, en tant qu\u2019elle cristallise les interrogations d\u2019un monde du spectacle \u2013\u00a0th\u00e9\u00e2tre, danse, music-hall, magie, cin\u00e9ma\u00a0\u2013 en pleine mutation technique et esth\u00e9tique.<\/p>\n<p style=\"text-align: justify\">Appelant une r\u00e9flexion interdisciplinaire, ce colloque r\u00e9unira du 2 au 4 novembre \u00e0 l\u2019UNIL des sp\u00e9cialistes d\u2019histoire des techniques, de litt\u00e9rature, de th\u00e9\u00e2tre, de cin\u00e9ma et des cultures num\u00e9riques, mais il donnera aussi la parole \u00e0 des artistes, magiciens et cr\u00e9ateurs d\u2019automates.<\/p>\n<p style=\"text-align: justify\">En partenariat avec la Cin\u00e9math\u00e8que suisse, une s\u00e9ance de projection sur le th\u00e8me de l\u2019automatisme aura lieu \u00e0 la Cin\u00e9math\u00e8que suisse le 3 novembre \u00e0 21h.<\/p>\n<p style=\"font-size: small;text-align: center\"><strong>Flyer<\/strong><\/p>\n<p style=\"font-size: small;text-align: center\"><a href=\"https:\/\/wp.unil.ch\/cinematheque-unil\/files\/2017\/08\/OUTRE_HUMAIN_FLYER.pdf\">T\u00e9l\u00e9charger.<\/a><\/p>\n<p style=\"font-size: small;text-align: center\"><strong>Programme<\/strong><\/p>\n<p style=\"font-size: small;text-align: center\"><a href=\"https:\/\/wp.unil.ch\/cinematheque-unil\/files\/2017\/08\/OUTRE_HUMAIN_LIVRET.pdf\">T\u00e9l\u00e9charger.<\/a><\/p>\n<p style=\"font-size: small;text-align: center\"><strong>Extrait du Bulletin de la Cin\u00e9math\u00e8que suisse<\/strong><\/p>\n<p style=\"font-size: small;text-align: center\"><a href=\"https:\/\/wp.unil.ch\/cinematheque-unil\/files\/2017\/08\/OUTRE_HUMAIN_BULLETIN.pdf\">T\u00e9l\u00e9charger.<\/a><\/p>\n<p style=\"font-size: small;text-align: center\"><em>Voir aussi la\u00a0<a href=\"https:\/\/agenda.unil.ch\/display\/1505830758680\">page<\/a> de la Section d\u2019histoire et esth\u00e9tique du cin\u00e9ma.<\/em><\/p>\n","protected":false},"excerpt":{"rendered":"<p>\u00c9v\u00e9nements L\u2019outre-humain Colloque \u00ab L\u2019outre-humain. Automates, performances m\u00e9caniques et cultures spectaculaires au seuil du XXe si\u00e8cle \u00bb sous la direction de Mireille Berton et St\u00e9phane Tralongo 2-4 novembre 2017 Loin d\u2019advenir avec l\u2019\u00e9lectronique et la robotique, l\u2019automatisme se d\u00e9ploie \u00e0<\/p>\n","protected":false},"author":1469,"featured_media":0,"parent":1226,"menu_order":14,"comment_status":"closed","ping_status":"closed","template":"","meta":{"_seopress_robots_primary_cat":"","_seopress_titles_title":"","_seopress_titles_desc":"","_seopress_robots_index":"","footnotes":""},"class_list":["post-4221","page","type-page","status-publish"],"_links":{"self":[{"href":"https:\/\/wp.unil.ch\/cinematheque-unil\/wp-json\/wp\/v2\/pages\/4221","targetHints":{"allow":["GET"]}}],"collection":[{"href":"https:\/\/wp.unil.ch\/cinematheque-unil\/wp-json\/wp\/v2\/pages"}],"about":[{"href":"https:\/\/wp.unil.ch\/cinematheque-unil\/wp-json\/wp\/v2\/types\/page"}],"author":[{"embeddable":true,"href":"https:\/\/wp.unil.ch\/cinematheque-unil\/wp-json\/wp\/v2\/users\/1469"}],"replies":[{"embeddable":true,"href":"https:\/\/wp.unil.ch\/cinematheque-unil\/wp-json\/wp\/v2\/comments?post=4221"}],"version-history":[{"count":0,"href":"https:\/\/wp.unil.ch\/cinematheque-unil\/wp-json\/wp\/v2\/pages\/4221\/revisions"}],"up":[{"embeddable":true,"href":"https:\/\/wp.unil.ch\/cinematheque-unil\/wp-json\/wp\/v2\/pages\/1226"}],"wp:attachment":[{"href":"https:\/\/wp.unil.ch\/cinematheque-unil\/wp-json\/wp\/v2\/media?parent=4221"}],"curies":[{"name":"wp","href":"https:\/\/api.w.org\/{rel}","templated":true}]}}