{"id":4160,"date":"2017-08-28T17:36:22","date_gmt":"2017-08-28T15:36:22","guid":{"rendered":"http:\/\/wp.unil.ch\/cinematheque-unil\/?page_id=4160"},"modified":"2018-12-20T18:23:28","modified_gmt":"2018-12-20T17:23:28","slug":"presentation","status":"publish","type":"page","link":"https:\/\/wp.unil.ch\/cinematheque-unil\/projets\/entrelacs\/presentation\/","title":{"rendered":"Pr\u00e9sentation"},"content":{"rendered":"<ol class=\"breadcrumb\">\n<li><a href=\"https:\/\/wp.unil.ch\/cinematheque-unil\/projets\/\">Projets<\/a><\/li>\n<li><a href=\"https:\/\/wp.unil.ch\/cinematheque-unil\/projets\/entrelacs\/\">EntreLACS<\/a><\/li>\n<li class=\"current\"><a href=\"https:\/\/wp.unil.ch\/cinematheque-unil\/projets\/entrelacs\/presentation\/\">Pr\u00e9sentation<\/a><\/li>\n<\/ol>\n<h3>EntreLACS : lumi\u00e8res sur les archives du cin\u00e9ma sensible<\/h3>\n<p style=\"text-align: justify\">Conjuguant recherche historique, expertise technique et valorisation touristique, ce projet se donne pour principal objectif de renforcer, par un dense programme d\u2019actions communes, le tourisme culturel sur le territoire transfrontalier franco-suisse, en le faisant s\u2019articuler profitablement avec cette m\u00e9moire en images que constituent les fonds de films amateurs sauvegard\u00e9s par la Cin\u00e9math\u00e8que suisse ainsi que par ses partenaires.<\/p>\n<p style=\"text-align: justify\"><strong>Historique<\/strong><br \/>\nDepuis 2015, la Cin\u00e9math\u00e8que suisse (chef de file suisse) et la Cin\u00e9math\u00e8que des Pays de Savoie et de l\u2019Ain (chef de file fran\u00e7ais) se sont rencontr\u00e9es r\u00e9guli\u00e8rement pour construire, en partenariat avec l\u2019Universit\u00e9 de Lausanne et la Cin\u00e9math\u00e8que des Monts Jura, un projet innovant de pr\u00e9servation, de restauration et de diffusion du patrimoine cin\u00e9matographique li\u00e9 au territoire transfrontalier. En raison de la compl\u00e9mentarit\u00e9 de leurs collections, mais aussi de leurs expertises et de leurs activit\u00e9s, les cin\u00e9math\u00e8ques associ\u00e9es par ce projet ont d\u00e9cid\u00e9 de mettre leurs forces en commun pour d\u00e9velopper un programme solide, coh\u00e9rent et ambitieux d\u2019actions de valorisation d\u2019un territoire qui s\u2019\u00e9tend de la Suisse romande jusqu\u2019aux r\u00e9gions Auvergne-Rh\u00f4ne-Alpes et Bourgogne-Franche-Comt\u00e9.<\/p>\n<p style=\"text-align: justify\"><strong>Corpus<\/strong><\/p>\n<figure id=\"attachment_4118\" aria-describedby=\"caption-attachment-4118\" style=\"width: 640px\" class=\"wp-caption aligncenter\"><img alt=\"\" loading=\"lazy\" decoding=\"async\" class=\"size-full wp-image-4118\" src=\"https:\/\/wp.unil.ch\/cinematheque-unil\/files\/2017\/08\/PROJET_ENTRELACS.jpg\" alt=\"\" width=\"640\" height=\"470\" srcset=\"https:\/\/wp.unil.ch\/cinematheque-unil\/files\/2017\/08\/PROJET_ENTRELACS.jpg 640w, https:\/\/wp.unil.ch\/cinematheque-unil\/files\/2017\/08\/PROJET_ENTRELACS-300x220.jpg 300w, https:\/\/wp.unil.ch\/cinematheque-unil\/files\/2017\/08\/PROJET_ENTRELACS-409x300.jpg 409w\" sizes=\"auto, (max-width: 640px) 100vw, 640px\" \/><figcaption id=\"caption-attachment-4118\" class=\"wp-caption-text\">Le L\u00e9man vu par Jacques Bogopolsky dans les ann\u00e9es 1930.<br \/>\u00a9 Tous droits r\u00e9serv\u00e9s\/collection Cin\u00e9math\u00e8que suisse.<\/figcaption><\/figure>\n<p style=\"text-align: justify\">Ce projet s\u2019attache en priorit\u00e9 \u00e0 la valorisation des images du territoire tourn\u00e9es sur pellicule depuis les ann\u00e9es 1920 jusqu\u2019aux ann\u00e9es 1970, par des cin\u00e9astes amateurs qui ont document\u00e9 de mani\u00e8re exceptionnelle l\u2019\u00e9volution de la Suisse romande. En m\u00eame temps, le projet entend faire reconna\u00eetre que ce territoire est historiquement li\u00e9 \u00e0 l\u2019industrie des appareils cin\u00e9matographiques, en mettant au centre de ses activit\u00e9s la pr\u00e9sentation des collections des cam\u00e9ras vaudoises Bolex, fleuron de la m\u00e9canique de pr\u00e9cision suisse.<\/p>\n<p style=\"text-align: justify\"><strong>Objectifs<\/strong><br \/>\nLe projet s\u2019articule autour de trois objectifs compl\u00e9mentaires\u00a0:<br \/>\n\u2013\u00a0favoriser la mise en r\u00e9seau d\u2019institutions patrimoniales, de centres universitaires et d\u2019acteurs de la promotion touristique r\u00e9partis sur la zone de coop\u00e9ration\u00a0;<br \/>\n\u2013\u00a0participer au d\u00e9veloppement d\u2019une expertise locale en mati\u00e8re de traitement, de diffusion et de conservation num\u00e9riques des films ;<br \/>\n\u2013\u00a0contribuer \u00e0 l\u2019enrichissement de l\u2019offre du tourisme culturel sur le territoire transfrontalier, en accompagnant en m\u00eame temps les efforts actuels de promotion touristique de ce territoire.<\/p>\n<p style=\"text-align: justify\"><strong>Actions<\/strong><br \/>\nSur le plan des actions touristiques, le projet EntreLACS repose sur la num\u00e9risation de ces films de patrimoine, qui seront ensuite valoris\u00e9s \u00e0 la fois <em>in situ<\/em> chez les partenaires et en ligne via une plateforme Web multilingue. En effet, le projet souhaite exploiter pleinement les ressources qu\u2019offre un tel patrimoine culturel et industriel pour le renforcement de l\u2019attractivit\u00e9 touristique du bassin l\u00e9manique, et plus g\u00e9n\u00e9ralement de la Suisse romande. La valorisation de ce territoire rel\u00e8vera notamment de la conception d\u2019outils touristiques innovants, de la r\u00e9alisation d\u2019expositions, de la programmation de films, et de l\u2019organisation de conf\u00e9rences.<\/p>\n<p style=\"text-align: justify\"><strong>D\u00e9ploiement<\/strong><\/p>\n<figure id=\"attachment_5530\" aria-describedby=\"caption-attachment-5530\" style=\"width: 822px\" class=\"wp-caption aligncenter\"><img alt=\"\" loading=\"lazy\" decoding=\"async\" class=\"wp-image-5530 size-full\" src=\"https:\/\/wp.unil.ch\/cinematheque-unil\/files\/2018\/12\/CARTE_PROJET_ENTRELACS.jpg\" alt=\"\" width=\"822\" height=\"618\" srcset=\"https:\/\/wp.unil.ch\/cinematheque-unil\/files\/2018\/12\/CARTE_PROJET_ENTRELACS.jpg 822w, https:\/\/wp.unil.ch\/cinematheque-unil\/files\/2018\/12\/CARTE_PROJET_ENTRELACS-300x226.jpg 300w, https:\/\/wp.unil.ch\/cinematheque-unil\/files\/2018\/12\/CARTE_PROJET_ENTRELACS-768x577.jpg 768w\" sizes=\"auto, (max-width: 822px) 100vw, 822px\" \/><figcaption id=\"caption-attachment-5530\" class=\"wp-caption-text\">Carte du projet EntreLACS.<\/figcaption><\/figure>\n<p style=\"text-align: justify\">Au niveau helv\u00e9tique, ce projet est r\u00e9solument con\u00e7u \u00e0 une \u00e9chelle intercantonale. S\u2019il est bas\u00e9 dans le Canton de Vaud, o\u00f9 plusieurs actions sont d\u2019ores et d\u00e9j\u00e0 pr\u00e9vues, le projet entend se d\u00e9ployer et rayonner \u00e9galement dans les Cantons de Gen\u00e8ve, du Valais et de Neuch\u00e2tel.<\/p>\n<p style=\"text-align: center;font-size: small\"><em>Voir aussi la <a title=\"Interreg\" href=\"https:\/\/www.interreg-francesuisse.org\" target=\"_blank\" rel=\"noopener\">page<\/a> du programme Interreg France-Suisse 2014-2020.<\/em><\/p>\n","protected":false},"excerpt":{"rendered":"<p>Projets EntreLACS Pr\u00e9sentation EntreLACS : lumi\u00e8res sur les archives du cin\u00e9ma sensible Conjuguant recherche historique, expertise technique et valorisation touristique, ce projet se donne pour principal objectif de renforcer, par un dense programme d\u2019actions communes, le tourisme culturel sur le<\/p>\n","protected":false},"author":1469,"featured_media":0,"parent":4131,"menu_order":0,"comment_status":"closed","ping_status":"closed","template":"","meta":{"_seopress_robots_primary_cat":"","_seopress_titles_title":"","_seopress_titles_desc":"","_seopress_robots_index":"","footnotes":""},"class_list":["post-4160","page","type-page","status-publish"],"_links":{"self":[{"href":"https:\/\/wp.unil.ch\/cinematheque-unil\/wp-json\/wp\/v2\/pages\/4160","targetHints":{"allow":["GET"]}}],"collection":[{"href":"https:\/\/wp.unil.ch\/cinematheque-unil\/wp-json\/wp\/v2\/pages"}],"about":[{"href":"https:\/\/wp.unil.ch\/cinematheque-unil\/wp-json\/wp\/v2\/types\/page"}],"author":[{"embeddable":true,"href":"https:\/\/wp.unil.ch\/cinematheque-unil\/wp-json\/wp\/v2\/users\/1469"}],"replies":[{"embeddable":true,"href":"https:\/\/wp.unil.ch\/cinematheque-unil\/wp-json\/wp\/v2\/comments?post=4160"}],"version-history":[{"count":0,"href":"https:\/\/wp.unil.ch\/cinematheque-unil\/wp-json\/wp\/v2\/pages\/4160\/revisions"}],"up":[{"embeddable":true,"href":"https:\/\/wp.unil.ch\/cinematheque-unil\/wp-json\/wp\/v2\/pages\/4131"}],"wp:attachment":[{"href":"https:\/\/wp.unil.ch\/cinematheque-unil\/wp-json\/wp\/v2\/media?parent=4160"}],"curies":[{"name":"wp","href":"https:\/\/api.w.org\/{rel}","templated":true}]}}