{"id":4131,"date":"2017-08-28T15:03:27","date_gmt":"2017-08-28T13:03:27","guid":{"rendered":"http:\/\/wp.unil.ch\/cinematheque-unil\/?page_id=4131"},"modified":"2017-12-19T23:31:03","modified_gmt":"2017-12-19T22:31:03","slug":"entrelacs","status":"publish","type":"page","link":"https:\/\/wp.unil.ch\/cinematheque-unil\/projets\/entrelacs\/","title":{"rendered":"EntreLACS"},"content":{"rendered":"<div style=\"background-color: #f5f5f5\">\n<p style=\"color: #24445c;text-align: center;font-size: large\"><strong>EntreLACS<\/strong><br \/>\n<strong>Lumi\u00e8res sur les archives du cin\u00e9ma sensible<\/strong><\/p>\n<p style=\"text-align: center;font-size: large\"><img alt=\"\" loading=\"lazy\" decoding=\"async\" class=\"aligncenter size-large wp-image-4142\" src=\"https:\/\/wp.unil.ch\/cinematheque-unil\/files\/2017\/08\/SECTION_06-1024x300.jpg\" alt=\"\" width=\"940\" height=\"275\" srcset=\"https:\/\/wp.unil.ch\/cinematheque-unil\/files\/2017\/08\/SECTION_06-1024x300.jpg 1024w, https:\/\/wp.unil.ch\/cinematheque-unil\/files\/2017\/08\/SECTION_06-300x88.jpg 300w, https:\/\/wp.unil.ch\/cinematheque-unil\/files\/2017\/08\/SECTION_06-768x225.jpg 768w, https:\/\/wp.unil.ch\/cinematheque-unil\/files\/2017\/08\/SECTION_06-500x147.jpg 500w, https:\/\/wp.unil.ch\/cinematheque-unil\/files\/2017\/08\/SECTION_06.jpg 1060w\" sizes=\"auto, (max-width: 940px) 100vw, 940px\" \/><\/p>\n<p style=\"text-align: center;font-size: small\"><a href=\"https:\/\/wp.unil.ch\/cinematheque-unil\/projets\/entrelacs\/presentation\/\">PR\u00c9SENTATION<\/a>\u00a0| <a href=\"https:\/\/wp.unil.ch\/cinematheque-unil\/projets\/entrelacs\/bande-annonce\/\">BANDE-ANNONCE<\/a> | PUBLICATIONS | CONF\u00c9RENCES<\/p>\n<p style=\"font-size: small;text-align: right\">Illustration : photogramme issu d\u2019un film amateur tourn\u00e9 sur le lac du Bourget en Savoie, 1961-1962.<br \/>\n\u00a9 Cin\u00e9math\u00e8que des Pays de Savoie et de l\u2019Ain, fonds Jean Longhi.<\/p>\n<\/div>\n","protected":false},"excerpt":{"rendered":"<p>EntreLACS Lumi\u00e8res sur les archives du cin\u00e9ma sensible PR\u00c9SENTATION\u00a0| BANDE-ANNONCE | PUBLICATIONS | CONF\u00c9RENCES Illustration : photogramme issu d\u2019un film amateur tourn\u00e9 sur le lac du Bourget en Savoie, 1961-1962. \u00a9 Cin\u00e9math\u00e8que des Pays de Savoie et de l\u2019Ain, fonds<\/p>\n","protected":false},"author":1469,"featured_media":0,"parent":79,"menu_order":52,"comment_status":"closed","ping_status":"closed","template":"","meta":{"_seopress_robots_primary_cat":"","_seopress_titles_title":"","_seopress_titles_desc":"","_seopress_robots_index":"","footnotes":""},"class_list":["post-4131","page","type-page","status-publish"],"_links":{"self":[{"href":"https:\/\/wp.unil.ch\/cinematheque-unil\/wp-json\/wp\/v2\/pages\/4131","targetHints":{"allow":["GET"]}}],"collection":[{"href":"https:\/\/wp.unil.ch\/cinematheque-unil\/wp-json\/wp\/v2\/pages"}],"about":[{"href":"https:\/\/wp.unil.ch\/cinematheque-unil\/wp-json\/wp\/v2\/types\/page"}],"author":[{"embeddable":true,"href":"https:\/\/wp.unil.ch\/cinematheque-unil\/wp-json\/wp\/v2\/users\/1469"}],"replies":[{"embeddable":true,"href":"https:\/\/wp.unil.ch\/cinematheque-unil\/wp-json\/wp\/v2\/comments?post=4131"}],"version-history":[{"count":0,"href":"https:\/\/wp.unil.ch\/cinematheque-unil\/wp-json\/wp\/v2\/pages\/4131\/revisions"}],"up":[{"embeddable":true,"href":"https:\/\/wp.unil.ch\/cinematheque-unil\/wp-json\/wp\/v2\/pages\/79"}],"wp:attachment":[{"href":"https:\/\/wp.unil.ch\/cinematheque-unil\/wp-json\/wp\/v2\/media?parent=4131"}],"curies":[{"name":"wp","href":"https:\/\/api.w.org\/{rel}","templated":true}]}}