{"id":4074,"date":"2017-06-29T15:36:30","date_gmt":"2017-06-29T13:36:30","guid":{"rendered":"http:\/\/wp.unil.ch\/cinematheque-unil\/?page_id=4074"},"modified":"2018-06-10T02:31:53","modified_gmt":"2018-06-10T00:31:53","slug":"la-machine-bolex-les-horizons-amateurs-du-cinema-27-juin-27-octobre-2017","status":"publish","type":"page","link":"https:\/\/wp.unil.ch\/cinematheque-unil\/projets\/bolex-et-le-cinema-amateur\/expositions\/la-machine-bolex-les-horizons-amateurs-du-cinema-27-juin-27-octobre-2017\/","title":{"rendered":"La machine Bolex. Les horizons amateurs du cin\u00e9ma, 27 juin-27 octobre 2017"},"content":{"rendered":"<ol class=\"breadcrumb\">\n<li><a href=\"https:\/\/wp.unil.ch\/cinematheque-unil\/projets\/\">Projets<\/a><\/li>\n<li><a href=\"https:\/\/wp.unil.ch\/cinematheque-unil\/projets\/bolex-et-le-cinema-amateur\/\">Bolex et le cin\u00e9ma amateur en Suisse<\/a><\/li>\n<li><a href=\"https:\/\/wp.unil.ch\/cinematheque-unil\/projets\/bolex-et-le-cinema-amateur\/expositions\/\">Expositions<\/a><\/li>\n<li class=\"current\"><a href=\"https:\/\/wp.unil.ch\/cinematheque-unil\/projets\/bolex-et-le-cinema-amateur\/expositions\/la-machine-bolex-les-horizons-amateurs-du-cinema-27-juin-27-octobre-2017\/\">La machine Bolex. Les horizons amateurs du cin\u00e9ma, 27 juin &#8211; 27 octobre 2017<\/a><\/li>\n<\/ol>\n<div id=\"metaslider-id-4076\" style=\"width: 100%;\" class=\"ml-slider-3-108-0 metaslider metaslider-flex metaslider-4076 ml-slider has-carousel-mode ms-theme-default nav-hidden\" role=\"region\" aria-label=\"Vernissage exposition Bolex\" data-height=\"800\" data-width=\"1200\">\n    <div id=\"metaslider_container_4076\">\n        <div id=\"metaslider_4076\" class=\"flexslider\">\n            <ul class='slides'>\n                <li style=\"display: none; width: 100%;\" class=\"slide-4095 ms-image \" aria-roledescription=\"slide\" data-date=\"2017-06-30 10:48:45\" data-filename=\"EXPO_BOLEX_01_v2-1200x800.jpg\" data-slide-type=\"image\"><img loading=\"lazy\" decoding=\"async\" src=\"https:\/\/wp.unil.ch\/cinematheque-unil\/files\/2017\/06\/EXPO_BOLEX_01_v2-1200x800.jpg\" height=\"800\" width=\"1200\" alt=\"\" class=\"slider-4076 slide-4095 msDefaultImage\" \/><div class=\"caption-wrap\"><div class=\"caption\">1\/7. Discours d\u2019ouverture de l\u2019exposition par Marion Grange, directrice de la Cin\u00e9math\u00e8que des Pays de Savoie et de l\u2019Ain.<\/div><\/div><\/li>\n                <li style=\"display: none; width: 100%;\" class=\"slide-4085 ms-image \" aria-roledescription=\"slide\" data-date=\"2017-06-29 15:02:14\" data-filename=\"EXPO_BOLEX_02-1200x800.jpg\" data-slide-type=\"image\"><img loading=\"lazy\" decoding=\"async\" src=\"https:\/\/wp.unil.ch\/cinematheque-unil\/files\/2017\/06\/EXPO_BOLEX_02-1200x800.jpg\" height=\"800\" width=\"1200\" alt=\"\" class=\"slider-4076 slide-4085 msDefaultImage\" \/><div class=\"caption-wrap\"><div class=\"caption\">2\/7. Mot d\u2019introduction au nom de l\u2019\u00e9quipe des chercheurs qui ont cor\u00e9alis\u00e9 l\u2019exposition, Nicolas Dulac, Vincent Sorrel et St\u00e9phane Tralongo.<\/div><\/div><\/li>\n                <li style=\"display: none; width: 100%;\" class=\"slide-4086 ms-image \" aria-roledescription=\"slide\" data-date=\"2017-06-29 15:02:31\" data-filename=\"EXPO_BOLEX_03-1200x800.jpg\" data-slide-type=\"image\"><img loading=\"lazy\" decoding=\"async\" src=\"https:\/\/wp.unil.ch\/cinematheque-unil\/files\/2017\/06\/EXPO_BOLEX_03-1200x800.jpg\" height=\"800\" width=\"1200\" alt=\"\" class=\"slider-4076 slide-4086 msDefaultImage\" \/><div class=\"caption-wrap\"><div class=\"caption\">3\/7. St\u00e9phanie Ange bonimentant les images amateurs tourn\u00e9es avec Bolex qu\u2019elle a s\u00e9lectionn\u00e9es dans les fonds d\u2019archives de la Cin\u00e9math\u00e8que des Pays de Savoie et de l\u2019Ain (en arri\u00e8re-plan, un film de F\u00e9lix Babaz, ann\u00e9es 1970).<\/div><\/div><\/li>\n                <li style=\"display: none; width: 100%;\" class=\"slide-4087 ms-image \" aria-roledescription=\"slide\" data-date=\"2017-06-29 15:02:47\" data-filename=\"EXPO_BOLEX_04-1200x800.jpg\" data-slide-type=\"image\"><img loading=\"lazy\" decoding=\"async\" src=\"https:\/\/wp.unil.ch\/cinematheque-unil\/files\/2017\/06\/EXPO_BOLEX_04-1200x800.jpg\" height=\"800\" width=\"1200\" alt=\"\" class=\"slider-4076 slide-4087 msDefaultImage\" \/><div class=\"caption-wrap\"><div class=\"caption\">4\/7. Vitrine consacr\u00e9e \u00e0 la valeur de la \u00ab pr\u00e9cision \u00bb dans l\u2019industrie suisse de la m\u00e9canique.<\/div><\/div><\/li>\n                <li style=\"display: none; width: 100%;\" class=\"slide-4088 ms-image \" aria-roledescription=\"slide\" data-date=\"2017-06-29 15:03:08\" data-filename=\"EXPO_BOLEX_05-1200x800.jpg\" data-slide-type=\"image\"><img loading=\"lazy\" decoding=\"async\" src=\"https:\/\/wp.unil.ch\/cinematheque-unil\/files\/2017\/06\/EXPO_BOLEX_05-1200x800.jpg\" height=\"800\" width=\"1200\" alt=\"\" class=\"slider-4076 slide-4088 msDefaultImage\" \/><div class=\"caption-wrap\"><div class=\"caption\">5\/7. Derri\u00e8re les visiteurs, l\u2019extrait du film <i>Notes on the Circus<\/i> de Jonas Mekas (1966) (copyright Jonas Mekas\/avec la permission de Light Cone).<\/div><\/div><\/li>\n                <li style=\"display: none; width: 100%;\" class=\"slide-4089 ms-image \" aria-roledescription=\"slide\" data-date=\"2017-06-29 15:03:22\" data-filename=\"EXPO_BOLEX_06-1200x800.jpg\" data-slide-type=\"image\"><img loading=\"lazy\" decoding=\"async\" src=\"https:\/\/wp.unil.ch\/cinematheque-unil\/files\/2017\/06\/EXPO_BOLEX_06-1200x800.jpg\" height=\"800\" width=\"1200\" alt=\"\" class=\"slider-4076 slide-4089 msDefaultImage\" \/><div class=\"caption-wrap\"><div class=\"caption\">6\/7. Les visiteurs d\u00e9couvrant les vitrines d\u00e9di\u00e9es \u00e0 l\u2019\u00ab automatisme \u00bb et \u00e0 l\u2019\u00ab universalit\u00e9 \u00bb.<\/div><\/div><\/li>\n                <li style=\"display: none; width: 100%;\" class=\"slide-4090 ms-image \" aria-roledescription=\"slide\" data-date=\"2017-06-29 15:03:43\" data-filename=\"EXPO_BOLEX_07-1200x800.jpg\" data-slide-type=\"image\"><img loading=\"lazy\" decoding=\"async\" src=\"https:\/\/wp.unil.ch\/cinematheque-unil\/files\/2017\/06\/EXPO_BOLEX_07-1200x800.jpg\" height=\"800\" width=\"1200\" alt=\"\" class=\"slider-4076 slide-4090 msDefaultImage\" \/><div class=\"caption-wrap\"><div class=\"caption\">7\/7. Les visiteurs d\u00e9couvrant la vitrine d\u00e9di\u00e9e \u00e0 l\u2019\u00ab automatisme \u00bb.<\/div><\/div><\/li>\n            <\/ul>\n        <\/div>\n        \n    <\/div>\n<\/div>\n<p style=\"text-align: center;font-size: small\">Diaporama : vernissage de l\u2019exposition \u00e0 la Cin\u00e9math\u00e8que des Pays de Savoie et de l\u2019Ain, 27 juin 2017.<br \/>\n\u00a9 Vincent Sorrel.<\/p>\n<p style=\"text-align: justify\">La Cin\u00e9math\u00e8que des Pays de Savoie et de l\u2019Ain accueille une exposition in\u00e9dite autour des c\u00e9l\u00e8bres appareils de cin\u00e9ma Bolex, fabriqu\u00e9s dans la r\u00e9gion de Sainte-Croix, berceau de la m\u00e9canique de pr\u00e9cision suisse.<\/p>\n<p style=\"text-align: justify\">L\u2019exposition pr\u00e9sente l\u2019histoire de ces machines, destin\u00e9es en priorit\u00e9 \u00e0 des \u00ab\u00a0amateurs\u00a0\u00bb, sous l\u2019angle \u00e0 la fois de leur conception et de leur utilisation. En reliant les machines \u00e0 des pratiques mais aussi \u00e0 des id\u00e9aux, elle invite \u00e0 r\u00e9fl\u00e9chir aux horizons multiples vers lesquels se sont dirig\u00e9s fabricants et usagers. Les visiteurs sont ainsi convi\u00e9s \u00e0 une arch\u00e9ologie de ces objets techniques, obsol\u00e8tes \u00e0 l\u2019\u00e8re du num\u00e9rique bien que leur m\u00e9canique fonctionne toujours.<\/p>\n<p style=\"text-align: justify\">De la cam\u00e9ra Bolex\u00a0H16, dont la technicit\u00e9 emprunte aux rouages et aux ressorts de l\u2019horlogerie, \u00e0 la cam\u00e9ra Bolex\u00a0150, enti\u00e8rement repens\u00e9e suivant un objectif de simplification, cette exposition met en lumi\u00e8re certains des gestes et des usages ayant donn\u00e9 forme aux appareils. Mais elle s\u2019int\u00e9resse aussi aux nombreuses orientations suivies par les amateurs, dans les domaines de la promotion commerciale, du voyage scientifique et de l\u2019exp\u00e9rimentation artistique. Elle donne enfin \u00e0 voir les relations des machines de cin\u00e9ma avec d\u2019autres appareils qui en ont d\u00e9termin\u00e9 les potentialit\u00e9s et les usages.<\/p>\n<p style=\"text-align: justify\">Con\u00e7ue par une \u00e9quipe de chercheurs de la Section d\u2019histoire et esth\u00e9tique du cin\u00e9ma de l\u2019Universit\u00e9 de Lausanne, cette exposition est issue du projet de recherche <a href=\"https:\/\/wp.unil.ch\/cinematheque-unil\/projets\/bolex-et-le-cinema-amateur\/\">\u00ab\u00a0Histoire des machines et arch\u00e9ologie des pratiques&nbsp;: Bolex et le cin\u00e9ma amateur en Suisse\u00a0\u00bb<\/a>, dirig\u00e9 par Beno\u00eet Turquety gr\u00e2ce au soutien du Fonds national suisse de la recherche scientifique. Elle se base notamment sur l\u2019examen des appareils et des archives conserv\u00e9s par les Archives cantonales vaudoises et la Fondation Bolex-Oulevay. Elle s\u2019appuie aussi sur les collections de films amateurs de la Cin\u00e9math\u00e8que suisse, de la M\u00e9diath\u00e8que Valais-Martigny, de la Cin\u00e9math\u00e8que des Monts-Jura et de la Cin\u00e9math\u00e8que des Pays de Savoie et de l\u2019Ain.<\/p>\n<p style=\"text-align: justify\">Cette exposition sera visible du 27 juin au 27 octobre 2017 \u00e0 la Cin\u00e9math\u00e8que des Pays de Savoie et de l\u2019Ain, ancienne gare de t\u00e9l\u00e9ph\u00e9rique restaur\u00e9e de Veyrier-du-Lac, le mercredi apr\u00e8s-midi de 14h30 \u00e0 17h en visite libre et le premier mardi du mois \u00e0 14h30 en visite comment\u00e9e.<\/p>\n<p style=\"font-size: small;text-align: center\"><strong>R\u00e9servation<\/strong><\/p>\n<p style=\"font-size: small;text-align: center\">+33 (0)4 50 23 51 09, contact[at]letelepherique.org<\/p>\n<p style=\"font-size: small;text-align: center\"><strong>Affiche\u00a0<\/strong><\/p>\n<p style=\"font-size: small;text-align: center\"><a href=\"https:\/\/wp.unil.ch\/cinematheque-unil\/files\/2017\/06\/AFFICHE_BOLEX_WEB_02.jpg\">T\u00e9l\u00e9charger.<\/a><\/p>\n<p style=\"font-size: small;text-align: center\"><em>Voir aussi la <a href=\"https:\/\/www.letelepherique.org\/Actualites-La-machine-Bolex---Les-horizons-amateurs-du-cinema-566-130-0-0.html\">page<\/a> de la Cin\u00e9math\u00e8que des Pays de Savoie et de l\u2019Ain.<\/em><\/p>\n","protected":false},"excerpt":{"rendered":"<p>Projets Bolex et le cin\u00e9ma amateur en Suisse Expositions La machine Bolex. Les horizons amateurs du cin\u00e9ma, 27 juin &#8211; 27 octobre 2017 Diaporama : vernissage de l\u2019exposition \u00e0 la Cin\u00e9math\u00e8que des Pays de Savoie et de l\u2019Ain, 27 juin<\/p>\n","protected":false},"author":1469,"featured_media":0,"parent":4069,"menu_order":0,"comment_status":"closed","ping_status":"closed","template":"","meta":{"_seopress_robots_primary_cat":"","_seopress_titles_title":"","_seopress_titles_desc":"","_seopress_robots_index":"","footnotes":""},"class_list":["post-4074","page","type-page","status-publish"],"_links":{"self":[{"href":"https:\/\/wp.unil.ch\/cinematheque-unil\/wp-json\/wp\/v2\/pages\/4074","targetHints":{"allow":["GET"]}}],"collection":[{"href":"https:\/\/wp.unil.ch\/cinematheque-unil\/wp-json\/wp\/v2\/pages"}],"about":[{"href":"https:\/\/wp.unil.ch\/cinematheque-unil\/wp-json\/wp\/v2\/types\/page"}],"author":[{"embeddable":true,"href":"https:\/\/wp.unil.ch\/cinematheque-unil\/wp-json\/wp\/v2\/users\/1469"}],"replies":[{"embeddable":true,"href":"https:\/\/wp.unil.ch\/cinematheque-unil\/wp-json\/wp\/v2\/comments?post=4074"}],"version-history":[{"count":0,"href":"https:\/\/wp.unil.ch\/cinematheque-unil\/wp-json\/wp\/v2\/pages\/4074\/revisions"}],"up":[{"embeddable":true,"href":"https:\/\/wp.unil.ch\/cinematheque-unil\/wp-json\/wp\/v2\/pages\/4069"}],"wp:attachment":[{"href":"https:\/\/wp.unil.ch\/cinematheque-unil\/wp-json\/wp\/v2\/media?parent=4074"}],"curies":[{"name":"wp","href":"https:\/\/api.w.org\/{rel}","templated":true}]}}