{"id":4069,"date":"2017-06-29T14:26:18","date_gmt":"2017-06-29T12:26:18","guid":{"rendered":"http:\/\/wp.unil.ch\/cinematheque-unil\/?page_id=4069"},"modified":"2018-06-10T02:27:49","modified_gmt":"2018-06-10T00:27:49","slug":"expositions","status":"publish","type":"page","link":"https:\/\/wp.unil.ch\/cinematheque-unil\/projets\/bolex-et-le-cinema-amateur\/expositions\/","title":{"rendered":"Expositions"},"content":{"rendered":"<ol class=\"breadcrumb\">\n<li><a href=\"https:\/\/wp.unil.ch\/cinematheque-unil\/projets\/\">Projets<\/a><\/li>\n<li><a href=\"https:\/\/wp.unil.ch\/cinematheque-unil\/projets\/bolex-et-le-cinema-amateur\/\">Bolex et le cin\u00e9ma amateur en Suisse<\/a><\/li>\n<li class=\"current\"><a href=\"https:\/\/wp.unil.ch\/cinematheque-unil\/projets\/bolex-et-le-cinema-amateur\/expositions\/\">Expositions<\/a><\/li>\n<\/ol>\n<div style=\"background-color: #f5f5f5\">\n<p style=\"text-align: center\"><strong>Expositions issues du projet de recherche<\/strong><\/p>\n<p style=\"text-align: center\"><a href=\"https:\/\/wp.unil.ch\/cinematheque-unil\/projets\/bolex-et-le-cinema-amateur\/expositions\/la-machine-bolex-les-horizons-amateurs-du-cinema-27-juin-27-octobre-2017\/\">La machine Bolex. Les horizons amateurs du cin\u00e9ma, Cin\u00e9math\u00e8que des Pays de Savoie et de l\u2019Ain, Veyrier-du-Lac (France),\u00a027 juin-27 octobre 2017<\/a><\/p>\n<\/div>\n","protected":false},"excerpt":{"rendered":"<p>Projets Bolex et le cin\u00e9ma amateur en Suisse Expositions Expositions issues du projet de recherche La machine Bolex. Les horizons amateurs du cin\u00e9ma, Cin\u00e9math\u00e8que des Pays de Savoie et de l\u2019Ain, Veyrier-du-Lac (France),\u00a027 juin-27 octobre 2017<\/p>\n","protected":false},"author":1469,"featured_media":0,"parent":1413,"menu_order":31,"comment_status":"closed","ping_status":"closed","template":"","meta":{"_seopress_robots_primary_cat":"","_seopress_titles_title":"","_seopress_titles_desc":"","_seopress_robots_index":"","footnotes":""},"class_list":["post-4069","page","type-page","status-publish"],"_links":{"self":[{"href":"https:\/\/wp.unil.ch\/cinematheque-unil\/wp-json\/wp\/v2\/pages\/4069","targetHints":{"allow":["GET"]}}],"collection":[{"href":"https:\/\/wp.unil.ch\/cinematheque-unil\/wp-json\/wp\/v2\/pages"}],"about":[{"href":"https:\/\/wp.unil.ch\/cinematheque-unil\/wp-json\/wp\/v2\/types\/page"}],"author":[{"embeddable":true,"href":"https:\/\/wp.unil.ch\/cinematheque-unil\/wp-json\/wp\/v2\/users\/1469"}],"replies":[{"embeddable":true,"href":"https:\/\/wp.unil.ch\/cinematheque-unil\/wp-json\/wp\/v2\/comments?post=4069"}],"version-history":[{"count":0,"href":"https:\/\/wp.unil.ch\/cinematheque-unil\/wp-json\/wp\/v2\/pages\/4069\/revisions"}],"up":[{"embeddable":true,"href":"https:\/\/wp.unil.ch\/cinematheque-unil\/wp-json\/wp\/v2\/pages\/1413"}],"wp:attachment":[{"href":"https:\/\/wp.unil.ch\/cinematheque-unil\/wp-json\/wp\/v2\/media?parent=4069"}],"curies":[{"name":"wp","href":"https:\/\/api.w.org\/{rel}","templated":true}]}}