{"id":4047,"date":"2017-06-15T19:07:36","date_gmt":"2017-06-15T17:07:36","guid":{"rendered":"http:\/\/wp.unil.ch\/cinematheque-unil\/?page_id=4047"},"modified":"2018-10-12T11:00:28","modified_gmt":"2018-10-12T09:00:28","slug":"la-machine-bolex","status":"publish","type":"page","link":"https:\/\/wp.unil.ch\/cinematheque-unil\/evenements\/la-machine-bolex\/","title":{"rendered":"Exposition \u00ab La machine Bolex. Les horizons amateurs du cin\u00e9ma \u00bb"},"content":{"rendered":"<ol class=\"breadcrumb\">\n<li><a href=\"https:\/\/wp.unil.ch\/cinematheque-unil\/evenements\/\">\u00c9v\u00e9nements<\/a><\/li>\n<li class=\"current\"><a href=\"https:\/\/wp.unil.ch\/cinematheque-unil\/evenements\/la-machine-bolex\/\">La machine Bolex<\/a><\/li>\n<\/ol>\n<h6 style=\"text-align: center\">Exposition<\/h6>\n<h5 style=\"text-align: center\">\u00ab La machine Bolex. Les horizons amateurs du cin\u00e9ma \u00bb<\/h5>\n<h6 style=\"text-align: center\">sous la direction de Beno\u00eet Turquety<\/h6>\n<p style=\"text-align: center\">27 juin-27 octobre 2017<\/p>\n<p style=\"text-align: justify;font-size: small\"><a href=\"https:\/\/wp.unil.ch\/cinematheque-unil\/files\/2017\/06\/AFFICHE_BOLEX_WEB_02.jpg\"><img alt=\"\" loading=\"lazy\" decoding=\"async\" class=\"aligncenter wp-image-4033 size-large\" src=\"https:\/\/wp.unil.ch\/cinematheque-unil\/files\/2017\/06\/AFFICHE_BOLEX_WEB_02-734x1024.jpg\" alt=\"\" width=\"734\" height=\"1024\" srcset=\"https:\/\/wp.unil.ch\/cinematheque-unil\/files\/2017\/06\/AFFICHE_BOLEX_WEB_02-734x1024.jpg 734w, https:\/\/wp.unil.ch\/cinematheque-unil\/files\/2017\/06\/AFFICHE_BOLEX_WEB_02-215x300.jpg 215w, https:\/\/wp.unil.ch\/cinematheque-unil\/files\/2017\/06\/AFFICHE_BOLEX_WEB_02-768x1072.jpg 768w, https:\/\/wp.unil.ch\/cinematheque-unil\/files\/2017\/06\/AFFICHE_BOLEX_WEB_02.jpg 860w\" sizes=\"auto, (max-width: 734px) 100vw, 734px\" \/><\/a><\/p>\n<p style=\"text-align: justify\">La Cin\u00e9math\u00e8que des Pays de Savoie et de l\u2019Ain accueille une exposition in\u00e9dite autour des c\u00e9l\u00e8bres appareils de cin\u00e9ma Bolex, fabriqu\u00e9s dans la r\u00e9gion de Sainte-Croix, berceau de la m\u00e9canique de pr\u00e9cision suisse.<\/p>\n<p style=\"text-align: justify\">L\u2019exposition pr\u00e9sente l\u2019histoire de ces machines, destin\u00e9es en priorit\u00e9 \u00e0 des \u00ab\u00a0amateurs\u00a0\u00bb, sous l\u2019angle \u00e0 la fois de leur conception et de leur utilisation. En reliant les machines \u00e0 des pratiques mais aussi \u00e0 des id\u00e9aux, elle invite \u00e0 r\u00e9fl\u00e9chir aux horizons multiples vers lesquels se sont dirig\u00e9s fabricants et usagers. Les visiteurs sont ainsi convi\u00e9s \u00e0 une arch\u00e9ologie de ces objets techniques, obsol\u00e8tes \u00e0 l\u2019\u00e8re du num\u00e9rique bien que leur m\u00e9canique fonctionne toujours.<\/p>\n<p style=\"text-align: justify\">De la cam\u00e9ra Bolex\u00a0H16, dont la technicit\u00e9 emprunte aux rouages et aux ressorts de l\u2019horlogerie, \u00e0 la cam\u00e9ra Bolex\u00a0150, enti\u00e8rement repens\u00e9e suivant un objectif de simplification, cette exposition met en lumi\u00e8re certains des gestes et des usages ayant donn\u00e9 forme aux appareils. Mais elle s\u2019int\u00e9resse aussi aux nombreuses orientations suivies par les amateurs, dans les domaines de la promotion commerciale, du voyage scientifique et de l\u2019exp\u00e9rimentation artistique. Elle donne enfin \u00e0 voir les relations des machines de cin\u00e9ma avec d\u2019autres appareils qui en ont d\u00e9termin\u00e9 les potentialit\u00e9s et les usages.<\/p>\n<p style=\"text-align: justify\">Con\u00e7ue par une \u00e9quipe de chercheurs de la Section d\u2019histoire et esth\u00e9tique du cin\u00e9ma de l\u2019Universit\u00e9 de Lausanne, cette exposition est issue du projet de recherche <a href=\"https:\/\/wp.unil.ch\/cinematheque-unil\/projets\/bolex-et-le-cinema-amateur\/\">\u00ab\u00a0Histoire des machines et arch\u00e9ologie des pratiques\u00a0: Bolex et le cin\u00e9ma amateur en Suisse\u00a0\u00bb<\/a>, dirig\u00e9 par Beno\u00eet Turquety gr\u00e2ce au soutien du Fonds national suisse de la recherche scientifique. Elle se base notamment sur l\u2019examen des appareils et des archives conserv\u00e9s par les Archives cantonales vaudoises et la Fondation Bolex-Oulevay. Elle s\u2019appuie aussi sur les collections de films amateurs de la Cin\u00e9math\u00e8que suisse, de la M\u00e9diath\u00e8que Valais-Martigny, de la Cin\u00e9math\u00e8que des Monts-Jura et de la Cin\u00e9math\u00e8que des Pays de Savoie et de l\u2019Ain.<\/p>\n<p style=\"text-align: justify\">Cette exposition sera visible du 27 juin au 27 octobre 2017 \u00e0 la Cin\u00e9math\u00e8que des Pays de Savoie et de l\u2019Ain, ancienne gare de t\u00e9l\u00e9ph\u00e9rique restaur\u00e9e de Veyrier-du-Lac, le mercredi apr\u00e8s-midi de 14h30 \u00e0 17h en visite libre et le premier mardi du mois \u00e0 14h30 en visite comment\u00e9e.<\/p>\n<p style=\"font-size: small;text-align: center\"><strong>R\u00e9servation<\/strong><\/p>\n<p style=\"font-size: small;text-align: center\">+33 (0)4 50 23 51 09, contact[at]letelepherique.org<\/p>\n<p style=\"font-size: small;text-align: center\"><strong>Affiche\u00a0<\/strong><\/p>\n<p style=\"font-size: small;text-align: center\"><a href=\"https:\/\/wp.unil.ch\/cinematheque-unil\/files\/2017\/06\/AFFICHE_BOLEX_WEB_02.jpg\">T\u00e9l\u00e9charger.<\/a><\/p>\n<p style=\"font-size: small;text-align: center\"><em>Voir aussi la <a href=\"https:\/\/www.letelepherique.org\">page<\/a> de la Cin\u00e9math\u00e8que des Pays de Savoie et de l\u2019Ain.<\/em><\/p>\n","protected":false},"excerpt":{"rendered":"<p>\u00c9v\u00e9nements La machine Bolex Exposition \u00ab La machine Bolex. Les horizons amateurs du cin\u00e9ma \u00bb sous la direction de Beno\u00eet Turquety 27 juin-27 octobre 2017 La Cin\u00e9math\u00e8que des Pays de Savoie et de l\u2019Ain accueille une exposition in\u00e9dite autour des<\/p>\n","protected":false},"author":1469,"featured_media":0,"parent":1226,"menu_order":14,"comment_status":"closed","ping_status":"closed","template":"","meta":{"_seopress_robots_primary_cat":"","_seopress_titles_title":"","_seopress_titles_desc":"","_seopress_robots_index":"","footnotes":""},"class_list":["post-4047","page","type-page","status-publish"],"_links":{"self":[{"href":"https:\/\/wp.unil.ch\/cinematheque-unil\/wp-json\/wp\/v2\/pages\/4047","targetHints":{"allow":["GET"]}}],"collection":[{"href":"https:\/\/wp.unil.ch\/cinematheque-unil\/wp-json\/wp\/v2\/pages"}],"about":[{"href":"https:\/\/wp.unil.ch\/cinematheque-unil\/wp-json\/wp\/v2\/types\/page"}],"author":[{"embeddable":true,"href":"https:\/\/wp.unil.ch\/cinematheque-unil\/wp-json\/wp\/v2\/users\/1469"}],"replies":[{"embeddable":true,"href":"https:\/\/wp.unil.ch\/cinematheque-unil\/wp-json\/wp\/v2\/comments?post=4047"}],"version-history":[{"count":0,"href":"https:\/\/wp.unil.ch\/cinematheque-unil\/wp-json\/wp\/v2\/pages\/4047\/revisions"}],"up":[{"embeddable":true,"href":"https:\/\/wp.unil.ch\/cinematheque-unil\/wp-json\/wp\/v2\/pages\/1226"}],"wp:attachment":[{"href":"https:\/\/wp.unil.ch\/cinematheque-unil\/wp-json\/wp\/v2\/media?parent=4047"}],"curies":[{"name":"wp","href":"https:\/\/api.w.org\/{rel}","templated":true}]}}