{"id":3952,"date":"2017-04-12T16:54:38","date_gmt":"2017-04-12T14:54:38","guid":{"rendered":"http:\/\/wp.unil.ch\/cinematheque-unil\/?page_id=3952"},"modified":"2019-10-14T15:05:43","modified_gmt":"2019-10-14T13:05:43","slug":"conferences","status":"publish","type":"page","link":"https:\/\/wp.unil.ch\/cinematheque-unil\/projets\/personnage-et-vedettariat-au-prisme-du-genre\/conferences\/","title":{"rendered":"Conf\u00e9rences"},"content":{"rendered":"<ol class=\"breadcrumb\">\n<li><a href=\"https:\/\/wp.unil.ch\/cinematheque-unil\/projets\/\">Projets<\/a><\/li>\n<li><a href=\"https:\/\/wp.unil.ch\/cinematheque-unil\/projets\/personnage-et-vedettariat-au-prisme-du-genre\/\">Personnage et vedettariat au prisme du genre<\/a><\/li>\n<li class=\"current\"><a href=\"https:\/\/wp.unil.ch\/cinematheque-unil\/projets\/personnage-et-vedettariat-au-prisme-du-genre\/conferences\/\">Conf\u00e9rences<\/a><\/li>\n<\/ol>\n<div style=\"background-color: #f5f5f5\">\n<h3 style=\"text-align: center\">Conf\u00e9rences<\/h3>\n<p>&nbsp;<\/p>\n<p style=\"text-align: justify;margin-left: 138px;text-indent: -34px\">Jeanne Rohner, \u00ab La star et son personnage, du sc\u00e9nario au film: Danielle Darrieux chez Claude Autant-Lara\u00a0\u00bb s\u00e9minaire de Daniel Ferrer (ITEM\/CNRS) et Fran\u00e7ois Thomas (Sorbonne Nouvelle), <em>Gen\u00e8ses cin\u00e9matographiques<\/em>, \u00e9cole normale sup\u00e9rieure, Paris, 22 janvier 2020.<\/p>\n<p style=\"text-align: justify;margin-left: 138px;text-indent: -34px\">Alain Boillat, \u00ab La construction de l\u2019identit\u00e9 masculine par le truchement de m\u00e9taphores animali\u00e8res dans les sc\u00e9narios de films r\u00e9alis\u00e9s par Claude Autant-Lara (1941-1959) \u00bb, colloque international <em>Genre et m\u00e9dias francophones dans l\u2019Europe des ann\u00e9es 1940-1950<\/em>, Universit\u00e9 de Lausanne, 21-22 mars 2019.<\/p>\n<p style=\"text-align: justify;margin-left: 138px;text-indent: -34px\">Delphine Chedaleux, \u00ab La chair du <em>Diable au corps<\/em>. Autopsie d\u2019une controverse au croisement du genre et de la sexualit\u00e9 \u00bb, colloque international <em>Genre et m\u00e9dias francophones dans l\u2019Europe des ann\u00e9es 1940-1950<\/em>, Universit\u00e9 de Lausanne, 21-22 mars 2019.<\/p>\n<p style=\"text-align: justify;margin-left: 138px;text-indent: -34px\">Jeanne Rohner, \u00ab <em>Le Rouge et le Noir<\/em> (Autant-Lara, 1954) : gen\u00e8se de deux h\u00e9ro\u00efnes \u00bb, colloque international <em>Genre et m\u00e9dias francophones dans l\u2019Europe des ann\u00e9es 1940-1950<\/em>, Universit\u00e9 de Lausanne, 21-22 mars 2019.<\/p>\n<p style=\"text-align: justify;margin-left: 138px;text-indent: -34px\">Jeanne Rohner, \u00ab Deconstructing the Film Character: the Claude Autant-Lara Archive Through the Genetic Lens \u00bb, colloque international <em>Genetic Criticism: From Theory to Practice<\/em>, Jagiellonian University, Cracovie, 12-14 juin 2019.<\/p>\n<p style=\"text-align: justify;margin-left: 138px;text-indent: -34px\">Chedaleux Delphine, \u00ab Cultures cin\u00e9matographiques dans la France des ann\u00e9es 1940 \u00bb, Cours <em>Cultures m\u00e9diatiques, consommation et loisirs &#8211; XIXe-XXe si\u00e8cles<\/em> (MA), prof. Bibia Pavard, Universit\u00e9 Paris 2 Panth\u00e9on-Assas, 26 novembre 2018.<\/p>\n<p style=\"text-align: justify;margin-left: 138px;text-indent: -34px\">Alain Boillat, \u00ab R\u00e9cits ench\u00e2ss\u00e9s et rapports de genre dans le cin\u00e9ma fran\u00e7ais des ann\u00e9es 1950 \u00bb, colloque international <em>Images et r\u00e9cits dans une perspective genre<\/em>, Universit\u00e9 de Lausanne, 25-26 octobre 2018.<\/p>\n<p style=\"text-align: justify;margin-left: 138px;text-indent: -34px\">Jeanne Rohner, \u00ab La construction du point de vue dans <em>Le Diable au corps<\/em> : un autre regard \u00bb, colloque international <em>Images et r\u00e9cits dans une perspective genre<\/em>, Universit\u00e9 de Lausanne, 25-26 octobre 2018.<\/p>\n<p style=\"text-align: justify;margin-left: 138px;text-indent: -34px\">Charles-Antoine Courcoux, \u00ab\u00a0Une star aim\u00e9e : G\u00e9rard Philipe, le nouvel (enfant-)homme de la France d\u2019apr\u00e8s-guerre\u00a0\u00bb, colloque <em>Stars et vedettes europ\u00e9ennes de cin\u00e9ma : figures de la norme et de la transgression<\/em>, Universit\u00e9 de Lausanne, 11-12 octobre 2018.<\/p>\n<p style=\"text-align: justify;margin-left: 138px;text-indent: -34px\">Jeanne Rohner, \u00ab\u00a0Micheline Presle dans <em>Le Diable au corps<\/em> : figure transgressive de l&rsquo;imm\u00e9diat apr\u00e8s-guerre ? \u00bb, colloque <em>Stars et vedettes europ\u00e9ennes de cin\u00e9ma : figures de la norme et de la transgression<\/em>, Universit\u00e9 de Lausanne, 11-12 octobre 2018.<\/p>\n<p style=\"text-align: justify;margin-left: 138px;text-indent: -34px\">Alain Boillat, \u00ab\u00a0Jean Gabin dans les ann\u00e9es 1950, ou le second souffle du patriarche\u00a0\u00bb, <em>8e Congr\u00e8s International des Recherches F\u00e9ministes dans la Francophonie<\/em>, Universit\u00e9 Paris Nanterre, 27-31 ao\u00fbt 2018.<\/p>\n<p style=\"text-align: justify;margin-left: 138px;text-indent: -34px\">Delphine Chedaleux, \u00ab\u00a0Odette Joyeux\u00a0: incarnation d\u2019un f\u00e9minisme populaire dans la France des ann\u00e9es 1940\u00a0?\u00a0\u00bb, <em>8e Congr\u00e8s International des Recherches F\u00e9ministes dans la Francophonie<\/em>, Universit\u00e9 Paris Nanterre, 27-31 ao\u00fbt 2018.<\/p>\n<p style=\"text-align: justify;margin-left: 138px;text-indent: -34px\">Charles-Antoine Courcoux, \u00ab\u00a0La Fureur de revivre : G\u00e9rard Philipe, star masculine de la France d\u2019apr\u00e8s-guerre\u00a0\u00bb, <em>8e Congr\u00e8s International des Recherches F\u00e9ministes dans la Francophonie<\/em>, Universit\u00e9 Paris Nanterre, 27-31 ao\u00fbt 2018.<\/p>\n<p style=\"text-align: justify;margin-left: 138px;text-indent: -34px\">Jeanne Rohner, \u00ab\u00a0Danielle Darrieux et Claude Autant-Lara : une rencontre \u00e0 l\u2019\u00e9preuve du genre\u00a0\u00bb, <em>8e Congr\u00e8s International des Recherches F\u00e9ministes dans la Francophonie<\/em>, Universit\u00e9 Paris Nanterre, 27-31 ao\u00fbt 2018.<\/p>\n<p style=\"text-align: justify;margin-left: 138px;text-indent: -34px\">Jeanne Rohner, \u00ab\u00a0Les \u00e9tats du personnage du sc\u00e9nario au film : une approche hybride entre genre et star\u00a0\u00bb, colloque organis\u00e9 par la Formation doctorale interdisciplinaire et le site Fabula.org, Universit\u00e9 de Lausanne, 5 juin 2018.<\/p>\n<p style=\"text-align: justify;margin-left: 138px;text-indent: -34px\">Delphine Chedaleux, \u00ab\u00a0Documenting Film Production Process in a Feminist Perspective: The Case of <em>Le Diable au corps<\/em> (<em>Devil in the Flesh<\/em>, Claude Autant-Lara, 1947)\u00a0\u00bb, 59e congr\u00e8s annuel de la Society for Cinema and Media Studies, Toronto, 14-18 mars 2018.<\/p>\n<p style=\"text-align: justify;margin-left: 138px;text-indent: -34px\">Jeanne Rohner, \u00ab The Use of Production Archives for Studying French Stardom and Film Character: Danielle Darrieux in Films by Claude Autant-Lara \u00bb, 59e congr\u00e8s annuel de la Society for Cinema and Media Studies, Toronto, 14-18 mars 2018.<\/p>\n<p style=\"text-align: justify;margin-left: 138px;text-indent: -34px\">Delphine Chedaleux, \u00ab\u00a0Danielle Darrieux dans <em>Le Bon Dieu sans confession<\/em>\u00a0\u00bb, intervention dans le cadre du cours de Bachelor du prof. Renaud Lagabrielle, University of Vienna, 23 janvier 2018.<\/p>\n<p style=\"text-align: justify;margin-left: 138px;text-indent: -34px\">Delphine Chedaleux, pr\u00e9sentation et projection de <em>Douce<\/em> (Claude Autant-Lara, 1943) \u00e0 la Cin\u00e9math\u00e8que suisse dans le cadre du colloque international <em>Croiser genre et classe\u00a0: objets, m\u00e9thodes, perspectives<\/em>, Universit\u00e9 de Lausanne, 9-10 novembre 2017.<\/p>\n<p style=\"text-align: justify;margin-left: 138px;text-indent: -34px\">Delphine Chedaleux, \u00ab\u00a0Fabrique et r\u00e9ceptions du pouvoir f\u00e9minin\u00a0: Danielle Darrieux dans <em>Le Bon Dieu sans confession<\/em>\u00a0\u00bb, colloque international\u00a0<em>Danielle Darrieux. La travers\u00e9e d\u2019un si\u00e8cle<\/em>, Universit\u00e9 Bordeaux Montaigne, 3-5 mai 2017.<\/p>\n<p style=\"text-align: justify;margin-left: 138px;text-indent: -34px\">Jeanne Rohner, \u00ab\u00a0<em>Occupe-toi d\u2019Am\u00e9lie\u00a0!<\/em>\u00a0:\u00a0le \u201cfilm de la r\u00e9surrection\u201d\u00a0?\u00a0\u00bb. Analyse g\u00e9n\u00e9tique au prisme du genre\u00a0\u00bb, colloque international <em>Danielle Darrieux. La travers\u00e9e d\u2019un si\u00e8cle<\/em>, Universit\u00e9 Bordeaux Montaigne, 3-5 mai 2017.<\/p>\n<p style=\"text-align: justify;margin-left: 138px;text-indent: -34px\">Delphine Chedaleux et Jeanne Rohner, pr\u00e9sentation de Danielle Darrieux et de sa carri\u00e8re, cycle de projections <em>Danielle Darrieux, flamboyante et mutine<\/em>, Cin\u00e9mas du Gr\u00fctli, Gen\u00e8ve, 27 avril 2017.<\/p>\n<p style=\"text-align: justify;margin-left: 138px;text-indent: -34px\">Jeanne Rohner, pr\u00e9sentation du film\u00a0<em>Battement de coeur<\/em>\u00a0et\u00a0<em>Occupe-toi d\u2019Am\u00e9lie !<\/em>, cycle de projections <em>Danielle Darrieux, flamboyante et mutine<\/em>, Cin\u00e9mas du Gr\u00fctli, Gen\u00e8ve, 27 avril 2017.<\/p>\n<p style=\"text-align: justify;margin-left: 138px;text-indent: -34px\">Delphine Chedaleux, \u00ab\u00a0Genre et culture cin\u00e9matographique dans la France des ann\u00e9es 1940 : production, repr\u00e9sentations, r\u00e9ception\u00a0\u00bb, journ\u00e9e d\u2019\u00e9tude de la recherche sur le genre 2017, Universit\u00e9 de Lausanne, 7 mars 2017.<\/p>\n<p style=\"text-align: justify;margin-left: 138px;text-indent: -34px\">Jeanne Rohner, \u00ab\u00a0Penser le genre dans\u00a0<em>Occupe-toi d\u2019Am\u00e9lie !<\/em>\u00a0\u00bb, journ\u00e9e d\u2019\u00e9tude de la recherche sur le genre 2017, Universit\u00e9 de Lausanne, 7 mars 2017.<\/p>\n<p style=\"text-align: justify;margin-left: 138px;text-indent: -34px\">Delphine Chedaleux, \u00ab\u00a0Des \u00e9crans de la France occup\u00e9e aux fans de <em>Cinquante Nuances de Grey<\/em> : le genre comme outil d&rsquo;analyse du cin\u00e9ma et de ses usages\u00a0\u00bb, S\u00e9minaire du CHCSC\u00a0<em>L\u2019histoire culturelle au prisme des<\/em> studies, Universit\u00e9 de Saint-Quentin-en-Yvelines, 20 janvier 2017.<\/p>\n<p style=\"text-align: justify;margin-left: 138px;text-indent: -34px\">Delphine Chedaleux, \u00ab\u00a0Odette Joyeux dans les films de Claude Autant-Lara : histoire d&rsquo;une collaboration au prisme du genre\u00a0\u00bb, colloque international\u00a0<em>Des livres aux sc\u00e9narios. Approches interdisciplinaires du cin\u00e9ma fran\u00e7ais (1930-1960)<\/em>, Universit\u00e9 de Lausanne, 10-11 octobre 2016.<\/p>\n<p style=\"text-align: justify;margin-left: 138px;text-indent: -34px\"><a href=\"https:\/\/www.unil.ch\/doc-digitalstudies\/home\/menuinst\/activites-du-programme\/pratiques-de-recherche-en-histoire.html\">Alain Boillat et Marion Rivoal, \u00ab Enjeux de l\u2019exploitation scientifique d\u2019archives sc\u00e9naristiques (fonds Claude Autant-Lara, Cin\u00e9math\u00e8que suisse) \u00bb, journ\u00e9e d\u2019\u00e9tude internationale <em>Pratiques de la recherche historique \u00e0 l\u2019\u00e8re num\u00e9rique<\/em>, sous la direction de Laurent Le Forestier, Universit\u00e9 de Lausanne, 23 mai 2017.<\/a><\/p>\n<p style=\"text-align: justify;margin-left: 138px;text-indent: -34px\"><a href=\"https:\/\/wp.unil.ch\/cinematheque-unil\/files\/2017\/04\/CONFERENCE_GENRE_FLYER.pdf\">Ginette Vincendeau, \u00ab Le diable au corps ? G\u00e9rard Philipe objet du d\u00e9sir chez Claude Autant-Lara \u00bb, conf\u00e9rence <em>Genre, stars et cultures cin\u00e9matographiques dans la France d\u2019apr\u00e8s-guerre<\/em>, Universit\u00e9 de Lausanne, 15 mai 2017.<\/a><\/p>\n<p style=\"text-align: justify;margin-left: 138px;text-indent: -34px\"><a href=\"https:\/\/wp.unil.ch\/cinematheque-unil\/files\/2017\/04\/CONFERENCE_GENRE_FLYER.pdf\">Genevi\u00e8ve Sellier, \u00ab Les usages genres des stars \u00e0 travers le courrier des lecteurs de <em>Cin\u00e9monde<\/em> dans l\u2019apr\u00e8s-guerre (1946-1960) \u00bb, conf\u00e9rence <em>Genre, stars et cultures cin\u00e9matographiques dans la France d\u2019apr\u00e8s-guerre<\/em>, Universit\u00e9 de Lausanne, 15 mai 2017.<\/a><\/p>\n<p style=\"text-align: justify;margin-left: 138px;text-indent: -34px\"><a href=\"https:\/\/wp.unil.ch\/cinematheque-unil\/evenements\/scenarios\/\">Alain Boillat, Delphine Chedaleux et Myriam Juan, table ronde \u00ab Les archives du cin\u00e9ma fran\u00e7ais au prisme des <em>gender<\/em> et des <em>star studies<\/em> \u00bb, mod\u00e9r\u00e9e par Charles-Antoine Courcoux, colloque <em>Des livres aux sc\u00e9narios. Approches interdisciplinaires des archives du cin\u00e9ma fran\u00e7ais (1930-1960)<\/em>, sous la direction d\u2019Alain Boillat et Gilles Philippe, Universit\u00e9 de Lausanne, 11 octobre 2016.<\/a><\/p>\n<\/div>\n","protected":false},"excerpt":{"rendered":"<p>Projets Personnage et vedettariat au prisme du genre Conf\u00e9rences Conf\u00e9rences &nbsp; Jeanne Rohner, \u00ab La star et son personnage, du sc\u00e9nario au film: Danielle Darrieux chez Claude Autant-Lara\u00a0\u00bb s\u00e9minaire de Daniel Ferrer (ITEM\/CNRS) et Fran\u00e7ois Thomas (Sorbonne Nouvelle), Gen\u00e8ses cin\u00e9matographiques,<\/p>\n","protected":false},"author":1469,"featured_media":0,"parent":3432,"menu_order":21,"comment_status":"closed","ping_status":"closed","template":"","meta":{"_seopress_robots_primary_cat":"","_seopress_titles_title":"","_seopress_titles_desc":"","_seopress_robots_index":"","footnotes":""},"class_list":["post-3952","page","type-page","status-publish"],"_links":{"self":[{"href":"https:\/\/wp.unil.ch\/cinematheque-unil\/wp-json\/wp\/v2\/pages\/3952","targetHints":{"allow":["GET"]}}],"collection":[{"href":"https:\/\/wp.unil.ch\/cinematheque-unil\/wp-json\/wp\/v2\/pages"}],"about":[{"href":"https:\/\/wp.unil.ch\/cinematheque-unil\/wp-json\/wp\/v2\/types\/page"}],"author":[{"embeddable":true,"href":"https:\/\/wp.unil.ch\/cinematheque-unil\/wp-json\/wp\/v2\/users\/1469"}],"replies":[{"embeddable":true,"href":"https:\/\/wp.unil.ch\/cinematheque-unil\/wp-json\/wp\/v2\/comments?post=3952"}],"version-history":[{"count":0,"href":"https:\/\/wp.unil.ch\/cinematheque-unil\/wp-json\/wp\/v2\/pages\/3952\/revisions"}],"up":[{"embeddable":true,"href":"https:\/\/wp.unil.ch\/cinematheque-unil\/wp-json\/wp\/v2\/pages\/3432"}],"wp:attachment":[{"href":"https:\/\/wp.unil.ch\/cinematheque-unil\/wp-json\/wp\/v2\/media?parent=3952"}],"curies":[{"name":"wp","href":"https:\/\/api.w.org\/{rel}","templated":true}]}}