{"id":3919,"date":"2017-03-06T17:23:44","date_gmt":"2017-03-06T16:23:44","guid":{"rendered":"http:\/\/wp.unil.ch\/cinematheque-unil\/?page_id=3919"},"modified":"2018-10-12T11:03:22","modified_gmt":"2018-10-12T09:03:22","slug":"soiree-poesie-et-cinema-autour-de-terrence-malick","status":"publish","type":"page","link":"https:\/\/wp.unil.ch\/cinematheque-unil\/evenements\/soiree-poesie-et-cinema-autour-de-terrence-malick\/","title":{"rendered":"Soir\u00e9e \u00ab Po\u00e9sie et cin\u00e9ma : autour de Terrence Malick \u00bb"},"content":{"rendered":"<ol class=\"breadcrumb\">\n<li><a href=\"https:\/\/wp.unil.ch\/cinematheque-unil\/evenements\/\">\u00c9v\u00e9nements<\/a><\/li>\n<li class=\"current\"><a href=\"https:\/\/wp.unil.ch\/cinematheque-unil\/evenements\/soiree-poesie-et-cinema-autour-de-terrence-malick\/\">Po\u00e9sie et cin\u00e9ma : autour de Terrence Malick<\/a><\/li>\n<\/ol>\n<h6 style=\"text-align: center\">Soir\u00e9e<\/h6>\n<h5 style=\"text-align: center\">\u00ab Po\u00e9sie et cin\u00e9ma : autour de Terrence Malick \u00bb<\/h5>\n<h6 style=\"text-align: center\">Festival Printemps de la po\u00e9sie<\/h6>\n<p style=\"text-align: center\">23 mars\u00a02017<\/p>\n<p style=\"text-align: center;font-size: medium\"><img alt=\"\" loading=\"lazy\" decoding=\"async\" class=\"alignnone size-large wp-image-3924\" src=\"https:\/\/wp.unil.ch\/cinematheque-unil\/files\/2017\/03\/SOIREE_MALICK-1024x439.jpg\" alt=\"\" width=\"940\" height=\"403\" srcset=\"https:\/\/wp.unil.ch\/cinematheque-unil\/files\/2017\/03\/SOIREE_MALICK-1024x439.jpg 1024w, https:\/\/wp.unil.ch\/cinematheque-unil\/files\/2017\/03\/SOIREE_MALICK-300x129.jpg 300w, https:\/\/wp.unil.ch\/cinematheque-unil\/files\/2017\/03\/SOIREE_MALICK-768x329.jpg 768w, https:\/\/wp.unil.ch\/cinematheque-unil\/files\/2017\/03\/SOIREE_MALICK-500x214.jpg 500w, https:\/\/wp.unil.ch\/cinematheque-unil\/files\/2017\/03\/SOIREE_MALICK.jpg 1200w\" sizes=\"auto, (max-width: 940px) 100vw, 940px\" \/><\/p>\n<p style=\"text-align: justify\">\u00c0 l\u2019occasion de la journ\u00e9e mondiale de la po\u00e9sie proclam\u00e9e par l\u2019Unesco en 1999 et apr\u00e8s le succ\u00e8s de la premi\u00e8re \u00e9dition en 2016, le festival Printemps de la po\u00e9sie a lieu cette ann\u00e9e du 13 au 25 mars. Dans ce cadre, la Cin\u00e9math\u00e8que suisse et l\u2019Universit\u00e9 de Lausanne consacrent une journ\u00e9e \u00e0 la po\u00e9sie au cin\u00e9ma avec la projection de deux films de Terrence Malick :\u00a0<em>The New World<\/em>, pr\u00e9sent\u00e9 par le prof. Alain Boillat, et\u00a0<em>The Tree of Life<\/em>. Entre les deux s\u00e9ances, une table ronde aura lieu, suivie d\u2019un ap\u00e9ritif.<\/p>\n<p style=\"text-align: justify\">\u00c0 partir de\u00a0<em>The Thin Red Line<\/em> (1998), le cin\u00e9aste am\u00e9ricain donne une ampleur croissante \u00e0 des s\u00e9quences de c\u00e9l\u00e9bration po\u00e9tique du lien premier au monde, notamment dans\u00a0<em>The New World<\/em>, o\u00f9 il place une saisissante pri\u00e8re de Pocahontas \u00e0 la \u00ab Terre-M\u00e8re \u00bb. Ces productions hollywoodiennes rec\u00e8lent-elles une dimension \u00ab exp\u00e9rimentale \u00bb ? La musique, le montage par association et les voix (souvent <em>over<\/em>) n\u2019en font-ils pas des films lyriques ? Malick est-il le seul \u00e0 les pratiquer ? Pourquoi la critique reste si partag\u00e9e sur cette \u0153uvre ?<\/p>\n<p style=\"text-align: center\"><strong>Projections<\/strong><\/p>\n<p style=\"text-align: justify\"><em>The New World<\/em> (2006)<\/p>\n<p style=\"text-align: justify\">Cin\u00e9math\u00e8que suisse de Lausanne, 23 mars 2017, 16h (projection suivie d&rsquo;une table ronde et d&rsquo;un ap\u00e9ritif).<\/p>\n<p style=\"text-align: justify\">Terrence Malick \u00e9voque les mythes fondateurs des \u00c9tats-Unis \u00e0 partir des premi\u00e8res colonisations en Virginie au d\u00e9but du XVIIe si\u00e8cle et de la rencontre de deux mondes. L&rsquo;histoire d&rsquo;amour entre le capitaine John Smith et la princesse Pocahontas devient le fil conducteur du film. Peu apr\u00e8s une ouverture lyrique, une longue s\u00e9quence po\u00e9tique interrompt le r\u00e9cit, pour la c\u00e9l\u00e9bration d&rsquo;un monde \u00e9d\u00e9nique par la pri\u00e8re. Le cin\u00e9aste met alors en valeur certains proc\u00e9d\u00e9s qu&rsquo;il syst\u00e9matise. La musique de Wagner, la superposition des temporalit\u00e9, ou encore les symboles magnifi\u00e9s livrent des s\u00e9quences qui s&rsquo;apparentent \u00e0 la po\u00e9sie. Ces pratiques de montage sont-elles propres \u00e0 Malick ? Comment le r\u00e9alisateur transforme-t-il les rapports \u00e0 l&rsquo;Histoire pour donner une puissance aussi bien lyrique que mythique \u00e0 son film ?<\/p>\n<p style=\"text-align: justify\"><em>The Tree of Life<\/em> (2011)<\/p>\n<p style=\"text-align: justify\">Cin\u00e9math\u00e8que suisse Lausanne, 23 mars 2017, 20h30.<\/p>\n<p style=\"text-align: justify\">Plus radicalement que dans ses pr\u00e9c\u00e9dents longs m\u00e9trages, Terrence Malick compose avec <em>The Tree of Life<\/em> une oeuvre avant tout lyrique et \u00e9loign\u00e9e des trames narratives. Partant de l&rsquo;histoire d&rsquo;une famille am\u00e9ricaine de la classe moyenne dans les ann\u00e9es 1950, il r\u00e9alise des s\u00e9ries d&rsquo;\u00e9vocations de la \u00ab&nbsp;vie&nbsp;\u00bb&nbsp;: de ses principes \u00e0 son terme. Ce film &#8211; qui a remport\u00e9 la Palme d&rsquo;or au Festival de Cannes en 2011 &#8211; offre une illustration spectaculaire de ce qui peut tenir lieu de po\u00e9sie au cin\u00e9ma, sans forc\u00e9ment se cantonner au \u00ab cin\u00e9-po\u00e8me \u00bb ou aux approches exp\u00e9rimentales. Tout comme Stanley Kubrick dans <em>2001&nbsp;: A Space Odyssey<\/em> (1968) ou encore Andre\u00ef Tarkovski, Malick nous incite \u00e0 nous questionner sur ce que peut po\u00e9tiquement le cin\u00e9ma, notamment lorsqu&rsquo;il s&rsquo;\u00e9loigne du r\u00e9cit.<\/p>\n<p style=\"font-size: small;text-align: center\"><strong>Programme<\/strong><\/p>\n<p style=\"font-size: small;text-align: center\"><a href=\"https:\/\/wp.unil.ch\/cinematheque-unil\/files\/2017\/03\/BULLETIN_MALICK.pdf\">T\u00e9l\u00e9charger.<\/a><\/p>\n<p style=\"font-size: small;text-align: center\"><em>Voir aussi la\u00a0<a href=\"https:\/\/live.cinematheque.ch\">page<\/a> de la Cin\u00e9math\u00e8que suisse et la <a href=\"https:\/\/printempspoesie.ch\/\">page<\/a> du festival Printemps de la Po\u00e9sie.<\/em><\/p>\n","protected":false},"excerpt":{"rendered":"<p>\u00c9v\u00e9nements Po\u00e9sie et cin\u00e9ma : autour de Terrence Malick Soir\u00e9e \u00ab Po\u00e9sie et cin\u00e9ma : autour de Terrence Malick \u00bb Festival Printemps de la po\u00e9sie 23 mars\u00a02017 \u00c0 l\u2019occasion de la journ\u00e9e mondiale de la po\u00e9sie proclam\u00e9e par l\u2019Unesco en<\/p>\n","protected":false},"author":1469,"featured_media":0,"parent":1226,"menu_order":17,"comment_status":"closed","ping_status":"closed","template":"","meta":{"_seopress_robots_primary_cat":"","_seopress_titles_title":"","_seopress_titles_desc":"","_seopress_robots_index":"","footnotes":""},"class_list":["post-3919","page","type-page","status-publish"],"_links":{"self":[{"href":"https:\/\/wp.unil.ch\/cinematheque-unil\/wp-json\/wp\/v2\/pages\/3919","targetHints":{"allow":["GET"]}}],"collection":[{"href":"https:\/\/wp.unil.ch\/cinematheque-unil\/wp-json\/wp\/v2\/pages"}],"about":[{"href":"https:\/\/wp.unil.ch\/cinematheque-unil\/wp-json\/wp\/v2\/types\/page"}],"author":[{"embeddable":true,"href":"https:\/\/wp.unil.ch\/cinematheque-unil\/wp-json\/wp\/v2\/users\/1469"}],"replies":[{"embeddable":true,"href":"https:\/\/wp.unil.ch\/cinematheque-unil\/wp-json\/wp\/v2\/comments?post=3919"}],"version-history":[{"count":0,"href":"https:\/\/wp.unil.ch\/cinematheque-unil\/wp-json\/wp\/v2\/pages\/3919\/revisions"}],"up":[{"embeddable":true,"href":"https:\/\/wp.unil.ch\/cinematheque-unil\/wp-json\/wp\/v2\/pages\/1226"}],"wp:attachment":[{"href":"https:\/\/wp.unil.ch\/cinematheque-unil\/wp-json\/wp\/v2\/media?parent=3919"}],"curies":[{"name":"wp","href":"https:\/\/api.w.org\/{rel}","templated":true}]}}