{"id":3884,"date":"2017-02-10T10:56:44","date_gmt":"2017-02-10T09:56:44","guid":{"rendered":"http:\/\/wp.unil.ch\/cinematheque-unil\/?page_id=3884"},"modified":"2018-06-10T02:36:43","modified_gmt":"2018-06-10T00:36:43","slug":"archaeologies-and-the-art-of-the-archives-atelier-29-mars-1er-avril-2017","status":"publish","type":"page","link":"https:\/\/wp.unil.ch\/cinematheque-unil\/projets\/bolex-et-le-cinema-amateur\/journees-detude-et-colloques\/archaeologies-and-the-art-of-the-archives-atelier-29-mars-1er-avril-2017\/","title":{"rendered":"Archaeologies and the Art of the Archive(s), atelier, 29 mars-1er avril 2017"},"content":{"rendered":"<ol class=\"breadcrumb\">\n<li><a href=\"https:\/\/wp.unil.ch\/cinematheque-unil\/projets\/\">Projets<\/a><\/li>\n<li><a href=\"https:\/\/wp.unil.ch\/cinematheque-unil\/projets\/bolex-et-le-cinema-amateur\/\">Bolex et le cin\u00e9ma amateur en Suisse<\/a><\/li>\n<li><a href=\"https:\/\/wp.unil.ch\/cinematheque-unil\/projets\/bolex-et-le-cinema-amateur\/journees-detude-et-colloques\/\">Journ\u00e9es d&rsquo;\u00e9tude et colloques<\/a><\/li>\n<li class=\"current\"><a href=\"https:\/\/wp.unil.ch\/cinematheque-unil\/projets\/bolex-et-le-cinema-amateur\/journees-detude-et-colloques\/archaeologies-and-the-art-of-the-archives-atelier-29-mars-1er-avril-2017\/\">Archaeologies and the Art of the Archive(s), atelier, 29 mars-1er avril 2017<\/a><\/li>\n<\/ol>\n<p style=\"text-align: justify;font-size: medium\">Universit\u00e9 d\u2019Udine, Gorizia<\/p>\n<div style=\"background-color: #b0c4de\">\n<p style=\"text-align: justify;font-size: medium\"><strong>Vincent Sorrel, \u00ab L\u2019id\u00e9el et le mat\u00e9riel. Les archives d\u2019un designer de cam\u00e9ras \u00bb.<\/strong><\/p>\n<\/div>\n<p style=\"text-indent: 23px;text-align: justify;font-size: medium\">Chez Paillard-Bolex, Richard Authier a \u00e9t\u00e9, entre autres, le dessinateur de la Bolex 155 Macrozoom (1967). C\u2019est aussi un peintre, un dessinateur et un autodidacte curieux et passionn\u00e9 par le fonctionnement du corps. Il a r\u00e9alis\u00e9 des \u00e9tudes sur la voix, le syst\u00e8me nerveux, la synesth\u00e9sie, la psycho-cin\u00e9tique&#8230; Ses oeuvres et ses archives personnelles expriment une cosmogonie qui a influenc\u00e9 la r\u00e9alit\u00e9 mat\u00e9rielle de cette cam\u00e9ra amateur. Alors que les conceptions des cam\u00e9ras Bolex se sont toujours appuy\u00e9es sur un savoir-faire m\u00e9canique, avec ce fonds, nous verrons comment des archives non techniques nous renseignent sur la conception d\u2019une cam\u00e9ra, jusqu&rsquo;\u00e0 lui conf\u00e9rer un esprit.<\/p>\n","protected":false},"excerpt":{"rendered":"<p>Projets Bolex et le cin\u00e9ma amateur en Suisse Journ\u00e9es d&rsquo;\u00e9tude et colloques Archaeologies and the Art of the Archive(s), atelier, 29 mars-1er avril 2017 Universit\u00e9 d\u2019Udine, Gorizia Vincent Sorrel, \u00ab L\u2019id\u00e9el et le mat\u00e9riel. Les archives d\u2019un designer de cam\u00e9ras<\/p>\n","protected":false},"author":1469,"featured_media":0,"parent":3692,"menu_order":13,"comment_status":"closed","ping_status":"closed","template":"","meta":{"_seopress_robots_primary_cat":"","_seopress_titles_title":"","_seopress_titles_desc":"","_seopress_robots_index":"","footnotes":""},"class_list":["post-3884","page","type-page","status-publish"],"_links":{"self":[{"href":"https:\/\/wp.unil.ch\/cinematheque-unil\/wp-json\/wp\/v2\/pages\/3884","targetHints":{"allow":["GET"]}}],"collection":[{"href":"https:\/\/wp.unil.ch\/cinematheque-unil\/wp-json\/wp\/v2\/pages"}],"about":[{"href":"https:\/\/wp.unil.ch\/cinematheque-unil\/wp-json\/wp\/v2\/types\/page"}],"author":[{"embeddable":true,"href":"https:\/\/wp.unil.ch\/cinematheque-unil\/wp-json\/wp\/v2\/users\/1469"}],"replies":[{"embeddable":true,"href":"https:\/\/wp.unil.ch\/cinematheque-unil\/wp-json\/wp\/v2\/comments?post=3884"}],"version-history":[{"count":0,"href":"https:\/\/wp.unil.ch\/cinematheque-unil\/wp-json\/wp\/v2\/pages\/3884\/revisions"}],"up":[{"embeddable":true,"href":"https:\/\/wp.unil.ch\/cinematheque-unil\/wp-json\/wp\/v2\/pages\/3692"}],"wp:attachment":[{"href":"https:\/\/wp.unil.ch\/cinematheque-unil\/wp-json\/wp\/v2\/media?parent=3884"}],"curies":[{"name":"wp","href":"https:\/\/api.w.org\/{rel}","templated":true}]}}