{"id":3842,"date":"2016-10-13T16:05:45","date_gmt":"2016-10-13T14:05:45","guid":{"rendered":"http:\/\/wp.unil.ch\/cinematheque-unil\/?page_id=3842"},"modified":"2019-02-20T12:03:28","modified_gmt":"2019-02-20T11:03:28","slug":"projet-de-these","status":"publish","type":"page","link":"https:\/\/wp.unil.ch\/cinematheque-unil\/projets\/personnage-et-vedettariat-au-prisme-du-genre\/projet-de-these\/","title":{"rendered":"Projet de th\u00e8se"},"content":{"rendered":"<ol class=\"breadcrumb\">\n<li><a href=\"https:\/\/wp.unil.ch\/cinematheque-unil\/projets\/\">Projets<\/a><\/li>\n<li><a href=\"https:\/\/wp.unil.ch\/cinematheque-unil\/projets\/personnage-et-vedettariat-au-prisme-du-genre\/\">Personnage et vedettariat au prisme du genre<\/a><\/li>\n<li class=\"current\"><a href=\"https:\/\/wp.unil.ch\/cinematheque-unil\/projets\/personnage-et-vedettariat-au-prisme-du-genre\/projet-de-these\/\">Projet de th\u00e8se<\/a><\/li>\n<\/ol>\n<h3>R\u00e9sum\u00e9<\/h3>\n<p style=\"text-align: justify;font-size: small\">Note : le projet de th\u00e8se de la doctorante\u00a0du projet \u00ab Personnage et vedettariat au prisme du genre (<em>gender<\/em>)\u00a0\u00bb est\u00a0r\u00e9sum\u00e9 ici en fonction des intentions initiales, et est\u00a0par cons\u00e9quent susceptible d\u2019\u00e9voluer au gr\u00e9 des recherches en cours.<\/p>\n<h3>Jeanne Rohner<\/h3>\n<p style=\"text-align: justify;font-size: medium\">\u00ab\u00a0Approche g\u00e9n\u00e9tique de la star et de ses personnages. Danielle Darrieux et Micheline Presle dans le cin\u00e9ma fran\u00e7ais d\u2019apr\u00e8s-guerre (1945-1959)\u00a0\u00bb,\u00a0th\u00e8se sous la direction d\u2019Alain Boillat.<\/p>\n<p style=\"text-align: justify;font-size: medium\"><a href=\"https:\/\/wp.unil.ch\/cinematheque-unil\/files\/2019\/02\/PROJET_THESE_ROHNER_JEANNE.pdf\">Lire le r\u00e9sum\u00e9 du projet+<\/a><\/p>\n","protected":false},"excerpt":{"rendered":"<p>Projets Personnage et vedettariat au prisme du genre Projet de th\u00e8se R\u00e9sum\u00e9 Note : le projet de th\u00e8se de la doctorante\u00a0du projet \u00ab Personnage et vedettariat au prisme du genre (gender)\u00a0\u00bb est\u00a0r\u00e9sum\u00e9 ici en fonction des intentions initiales, et est\u00a0par<\/p>\n","protected":false},"author":1469,"featured_media":0,"parent":3432,"menu_order":14,"comment_status":"closed","ping_status":"closed","template":"","meta":{"_seopress_robots_primary_cat":"","_seopress_titles_title":"","_seopress_titles_desc":"","_seopress_robots_index":"","footnotes":""},"class_list":["post-3842","page","type-page","status-publish"],"_links":{"self":[{"href":"https:\/\/wp.unil.ch\/cinematheque-unil\/wp-json\/wp\/v2\/pages\/3842","targetHints":{"allow":["GET"]}}],"collection":[{"href":"https:\/\/wp.unil.ch\/cinematheque-unil\/wp-json\/wp\/v2\/pages"}],"about":[{"href":"https:\/\/wp.unil.ch\/cinematheque-unil\/wp-json\/wp\/v2\/types\/page"}],"author":[{"embeddable":true,"href":"https:\/\/wp.unil.ch\/cinematheque-unil\/wp-json\/wp\/v2\/users\/1469"}],"replies":[{"embeddable":true,"href":"https:\/\/wp.unil.ch\/cinematheque-unil\/wp-json\/wp\/v2\/comments?post=3842"}],"version-history":[{"count":0,"href":"https:\/\/wp.unil.ch\/cinematheque-unil\/wp-json\/wp\/v2\/pages\/3842\/revisions"}],"up":[{"embeddable":true,"href":"https:\/\/wp.unil.ch\/cinematheque-unil\/wp-json\/wp\/v2\/pages\/3432"}],"wp:attachment":[{"href":"https:\/\/wp.unil.ch\/cinematheque-unil\/wp-json\/wp\/v2\/media?parent=3842"}],"curies":[{"name":"wp","href":"https:\/\/api.w.org\/{rel}","templated":true}]}}