{"id":3827,"date":"2016-10-12T15:38:27","date_gmt":"2016-10-12T13:38:27","guid":{"rendered":"http:\/\/wp.unil.ch\/cinematheque-unil\/?page_id=3827"},"modified":"2022-09-21T16:02:06","modified_gmt":"2022-09-21T14:02:06","slug":"les-modalites-actuelles-de-la-diffusion-du-cinema","status":"publish","type":"page","link":"https:\/\/wp.unil.ch\/cinematheque-unil\/offre\/les-modalites-actuelles-de-la-diffusion-du-cinema\/","title":{"rendered":"La circulation des films\u00a0: march\u00e9, distribution, festivals"},"content":{"rendered":"<h1>La circulation des films\u00a0: march\u00e9, distribution, festivals<\/h1>\n<p style=\"text-align: justify\">Le cours \u00ab\u00a0<span lang=\"FR\">La circulation des films\u00a0: march\u00e9, distribution, festivals\u00a0<\/span>\u00bb, plac\u00e9 sous la supervision de Fr\u00e9d\u00e9ric Maire, directeur de la Cin\u00e9math\u00e8que suisse, Chicca Bergonzi, Adjointe de direction et responsable de programmation et diffusion, et Pierre-Emmanuel Jaques, ma\u00eetre d\u2019enseignement et de recherche, est destin\u00e9 \u00e0 des \u00e9tudiants qui suivent une formation universitaire en \u00e9tudes cin\u00e9matographiques de niveau Master. Il a pour objectif d\u2019offrir un \u00e9clairage sur des aspects relatifs \u00e0 la cha\u00eene du film (en particulier la distribution et l\u2019exploitation) peu trait\u00e9s dans le cursus de la Section d\u2019histoire et d\u2019esth\u00e9tique du cin\u00e9ma.<\/p>\n<p style=\"text-align: justify\">Il entend fournir, sous la forme d\u2019une s\u00e9rie d\u2019interventions de sp\u00e9cialistes de ces questions ou d\u2019acteurs du champ cin\u00e9matographique qui t\u00e9moignent de leur exp\u00e9rience personnelle, une sensibilisation au fonctionnement de la diffusion du cin\u00e9ma et aux enjeux \u00e9conomiques, institutionnels et culturels de la circulation des films.<br \/>\nDiff\u00e9rentes facettes de la distribution et de l&rsquo;exploitation cin\u00e9matographiques y sont abord\u00e9es en tenant compte de la diversit\u00e9 des modes de production, de circulation des supports et des lieux de projection, en particulier les festivals et la diffusion des films dits de patrimoine. La logique de la programmation dans les salles est envisag\u00e9e \u00e0 travers une histoire des pratiques centr\u00e9e sur le mod\u00e8le suisse et \u00e9largie \u00e0 une r\u00e9flexion sur des canaux de diffusion autres que la salle.<\/p>\n<p style=\"text-align: justify\">Le cours \u00ab La circulation des films : march\u00e9, distribution, festivals \u00bb offre un utile compl\u00e9ment \u00e0 l\u2019option \u00ab \u00e9conomie du cin\u00e9ma \u00bb en se concentrant sur l\u2019aspect de la circulation des films. Ces questions rev\u00eatent une importance toute particuli\u00e8re en ces temps d\u2019apr\u00e8s-covid, qui s\u2019av\u00e8rent difficiles pour les salles, alors que les festivals, et plus g\u00e9n\u00e9ralement l\u2019\u00e9v\u00e9nementiel, gardent une grande faveur aupr\u00e8s du public et que les offres en ligne deviennent toujours plus abondantes.<\/p>\n<h3>S\u00e9ances et interventions de septembre \u00e0 d\u00e9cembre 2022<\/h3>\n<p><em>Toutes les s\u00e9ances ont lieu le lundi de 14h15 \u00e0 15h45 \u00e0 la salle 4.215 de l&rsquo;Unith\u00e8que (site UNIL)<\/em><\/p>\n<h6>26 septembre 2022: Introduction g\u00e9n\u00e9rale par\u00a0<strong>Fr\u00e9d\u00e9ric Maire<\/strong>, Directeur de la Cin\u00e9math\u00e8que suisse.<\/h6>\n<h6>3 octobre 2022:\u00a0Programmer une Cin\u00e9math\u00e8que et construire un programme par\u00a0<strong>Chicca Bergonzi<\/strong>, Adjointe de direction, Responsable D\u00e9partement Programmation, Diffusion et M\u00e9diation culturelle de la Cin\u00e9math\u00e8que suisse.<\/h6>\n<h6 style=\"font-weight: 400\">10 octobre 2022: L\u2019exploitation en Suisse par\u00a0<strong>C\u00e9dric Bourquard<\/strong>, Secr\u00e9taire g\u00e9n\u00e9rale de l&rsquo;Association Cin\u00e9matographique suisse (ACS).<\/h6>\n<h6 style=\"font-weight: 400\">17 octobre 2022: Les festivals en Suisse par\u00a0<strong>Philippe Clivaz<\/strong>, Directeur op\u00e9rationnel du Festival International de Films de Fribourg (FIFF),\u00a0Pr\u00e9sident de la Conf\u00e9rence des Festivals Suisses.<\/h6>\n<h6 style=\"font-weight: 400\">24 octobre 2022: La diffusion des cin\u00e9mas documentaires par\u00a0<strong>Emilie Buj\u00e8s<\/strong>, Directrice artistique du Festival Visions du R\u00e9el.<\/h6>\n<h6 style=\"font-weight: 400\">31 octobre 2022: Le March\u00e9 du film par\u00a0<strong>Nadia Dresti<\/strong>, Fondatrice de Locarno Pro et Membre du Comit\u00e9 de Direction du\u00a0Locarno Film Festival.<\/h6>\n<h6 style=\"font-weight: 400\">14 novembre 2022: S\u00e9lectionner et programmer\u00a0: le r\u00f4le du s\u00e9lectionneur par\u00a0<strong>Giona A. Nazarro<\/strong>, Directeur artistique du Locarno Film Festival.<\/h6>\n<h6 style=\"font-weight: 400\">21 novembre 2022: \u00a0Produire en Suisse par\u00a0<strong>G\u00e9rard Ruey,<\/strong> Pr\u00e9sident de la Commission f\u00e9d\u00e9rale du cin\u00e9ma.<\/h6>\n<h6 style=\"font-weight: 400\">7 d\u00e9cembre 2022: Le r\u00f4le du distributeur de films par\u00a0<strong>Loic Trocm\u00e9<\/strong>, Directeur de Path\u00e9 Films, Suisse.<\/h6>\n<h6 style=\"font-weight: 400\">12 d\u00e9cembre 2022: Mettre en valeur et diffuser le patrimoine cin\u00e9matographique par\u00a0<strong>Vincent Paul-Boncour<\/strong>, Directeur de Carlotta Films, France.<\/h6>\n<h6><\/h6>\n<p style=\"text-align: justify;font-size: small\"><strong>Plan du cours complet :<\/strong> <a href=\"https:\/\/wp.unil.ch\/cinematheque-unil\/files\/2022\/09\/Prog-cours-diffusion-Unil-CS-22-1.docx\">t\u00e9l\u00e9charger<\/a>.<\/p>\n<p style=\"text-align: justify;font-size: small\"><strong>R\u00e9f\u00e9rence\u00a0:<\/strong> cours \u00ab Les modalit\u00e9s actuelles de la diffusion du cin\u00e9ma \u00bb, dispens\u00e9 par Fr\u00e9d\u00e9ric Maire, Chicca Bergonzi et Pierre-Emmanuel Jaques dans le cadre de la Collaboration UNIL + Cin\u00e9math\u00e8que suisse, Unil, Lausanne, salle Unith\u00e8que 4215, lundi 13h15-16h.<\/p>\n<p style=\"text-align: justify;font-size: small\"><em>Voir aussi le <a title=\"Section cin\u00e9ma\" href=\"https:\/\/www.unil.ch\/cin\/fr\/home.html\" target=\"_blank\" rel=\"noopener\">site<\/a> de la Section d\u2019histoire et esth\u00e9tique du cin\u00e9ma et le <a title=\"Cin\u00e9math\u00e8que suisse\" href=\"https:\/\/www.cinematheque.ch\/f\/\" target=\"_blank\" rel=\"noopener\">site<\/a>\u00a0de la Cin\u00e9math\u00e8que suisse.<\/em><\/p>\n","protected":false},"excerpt":{"rendered":"<p>La circulation des films\u00a0: march\u00e9, distribution, festivals Le cours \u00ab\u00a0La circulation des films\u00a0: march\u00e9, distribution, festivals\u00a0\u00bb, plac\u00e9 sous la supervision de Fr\u00e9d\u00e9ric Maire, directeur de la Cin\u00e9math\u00e8que suisse, Chicca Bergonzi, Adjointe de direction et responsable de programmation et diffusion, et<\/p>\n","protected":false},"author":1469,"featured_media":0,"parent":3680,"menu_order":3,"comment_status":"closed","ping_status":"closed","template":"","meta":{"_seopress_robots_primary_cat":"","_seopress_titles_title":"","_seopress_titles_desc":"","_seopress_robots_index":"","footnotes":""},"class_list":["post-3827","page","type-page","status-publish"],"_links":{"self":[{"href":"https:\/\/wp.unil.ch\/cinematheque-unil\/wp-json\/wp\/v2\/pages\/3827","targetHints":{"allow":["GET"]}}],"collection":[{"href":"https:\/\/wp.unil.ch\/cinematheque-unil\/wp-json\/wp\/v2\/pages"}],"about":[{"href":"https:\/\/wp.unil.ch\/cinematheque-unil\/wp-json\/wp\/v2\/types\/page"}],"author":[{"embeddable":true,"href":"https:\/\/wp.unil.ch\/cinematheque-unil\/wp-json\/wp\/v2\/users\/1469"}],"replies":[{"embeddable":true,"href":"https:\/\/wp.unil.ch\/cinematheque-unil\/wp-json\/wp\/v2\/comments?post=3827"}],"version-history":[{"count":0,"href":"https:\/\/wp.unil.ch\/cinematheque-unil\/wp-json\/wp\/v2\/pages\/3827\/revisions"}],"up":[{"embeddable":true,"href":"https:\/\/wp.unil.ch\/cinematheque-unil\/wp-json\/wp\/v2\/pages\/3680"}],"wp:attachment":[{"href":"https:\/\/wp.unil.ch\/cinematheque-unil\/wp-json\/wp\/v2\/media?parent=3827"}],"curies":[{"name":"wp","href":"https:\/\/api.w.org\/{rel}","templated":true}]}}