{"id":3788,"date":"2016-10-05T14:55:04","date_gmt":"2016-10-05T12:55:04","guid":{"rendered":"http:\/\/wp.unil.ch\/cinematheque-unil\/?page_id=3788"},"modified":"2018-06-10T02:37:59","modified_gmt":"2018-06-10T00:37:59","slug":"voyage-au-centre-de-la-machine-cinema-colloque-1-3-decembre-2016","status":"publish","type":"page","link":"https:\/\/wp.unil.ch\/cinematheque-unil\/projets\/bolex-et-le-cinema-amateur\/journees-detude-et-colloques\/voyage-au-centre-de-la-machine-cinema-colloque-1-3-decembre-2016\/","title":{"rendered":"Voyage au centre de la machine cin\u00e9ma, colloque, 1-3 d\u00e9cembre 2016"},"content":{"rendered":"<ol class=\"breadcrumb\">\n<li><a href=\"https:\/\/wp.unil.ch\/cinematheque-unil\/projets\/\">Projets<\/a><\/li>\n<li><a href=\"https:\/\/wp.unil.ch\/cinematheque-unil\/projets\/bolex-et-le-cinema-amateur\/\">Bolex et le cin\u00e9ma amateur en Suisse<\/a><\/li>\n<li><a href=\"https:\/\/wp.unil.ch\/cinematheque-unil\/projets\/bolex-et-le-cinema-amateur\/journees-detude-et-colloques\/\">Journ\u00e9es d&rsquo;\u00e9tude et colloques<\/a><\/li>\n<li class=\"current\"><a href=\"https:\/\/wp.unil.ch\/cinematheque-unil\/projets\/bolex-et-le-cinema-amateur\/journees-detude-et-colloques\/voyage-au-centre-de-la-machine-cinema-colloque-1-3-decembre-2016\/\">Voyage au centre de la machine cin\u00e9ma, colloque, 1-3 d\u00e9cembre 2016<\/a><\/li>\n<\/ol>\n<p style=\"text-align: justify;font-size: medium\">Cin\u00e9math\u00e8que fran\u00e7aise, Paris<\/p>\n<div style=\"background-color: #b0c4de\">\n<p style=\"text-align: justify;font-size: medium\"><strong>Nicolas Dulac et Vincent Sorrel, \u00ab Les contre-emplois de la cam\u00e9ra Bolex \u00bb.<\/strong><\/p>\n<\/div>\n<p style=\"text-indent: 23px;text-align: justify;font-size: medium\">Nous verrons dans cette communication comment la soci\u00e9t\u00e9 suisse Paillard, qui fabriquait jusqu\u2019alors des instruments de musique m\u00e9canique, a d\u00e9velopp\u00e9 la c\u00e9l\u00e8bre cam\u00e9ra Bolex H16. \u00c0 partir de documents in\u00e9dits collect\u00e9s par ceux-l\u00e0 m\u00eame qui l&rsquo;ont con\u00e7ue et fabriqu\u00e9e de 1935 \u00e0 1975, nous nous pencherons plus pr\u00e9cis\u00e9ment sur les contre-emplois, les contradictions, l&rsquo;ambivalence qui la caract\u00e9risent et lui conf\u00e8rent un statut particulier parmi les cam\u00e9ras substandard de l&rsquo;\u00e9poque. En conservant la technicit\u00e9 issue d\u2019une grande pr\u00e9cision horlog\u00e8re, ceux qui aimaient fabriquer cette cam\u00e9ra amateur ont r\u00e9sist\u00e9 \u00e0 l\u2019automatisation et, ce faisant, pr\u00e9serv\u00e9 la possibilit\u00e9 de gestes et d&rsquo;usages allant \u00e0 contre-courant de la tendance g\u00e9n\u00e9rale. C&rsquo;est l&rsquo;un des nombreux paradoxes derri\u00e8res le succ\u00e8s de cette cam\u00e9ra amateur de pr\u00e9cision : des cin\u00e9astes exp\u00e9rimentaux s\u2019en sont servis pour d\u00e9r\u00e9gler le temps et cr\u00e9er des d\u00e9bordements cin\u00e9matographiques. La H16 repr\u00e9sente aujourd\u2019hui le point de d\u00e9part d\u2019une r\u00e9flexion sur le statut de la cam\u00e9ra amateur et sur l\u2019innovation au service de la cr\u00e9ation alors que la cam\u00e9ra, d\u2019une long\u00e9vit\u00e9 extraordinaire, n\u2019a que peu \u00e9volu\u00e9.<\/p>\n","protected":false},"excerpt":{"rendered":"<p>Projets Bolex et le cin\u00e9ma amateur en Suisse Journ\u00e9es d&rsquo;\u00e9tude et colloques Voyage au centre de la machine cin\u00e9ma, colloque, 1-3 d\u00e9cembre 2016 Cin\u00e9math\u00e8que fran\u00e7aise, Paris Nicolas Dulac et Vincent Sorrel, \u00ab Les contre-emplois de la cam\u00e9ra Bolex \u00bb. Nous<\/p>\n","protected":false},"author":1469,"featured_media":0,"parent":3692,"menu_order":14,"comment_status":"closed","ping_status":"closed","template":"","meta":{"_seopress_robots_primary_cat":"","_seopress_titles_title":"","_seopress_titles_desc":"","_seopress_robots_index":"","footnotes":""},"class_list":["post-3788","page","type-page","status-publish"],"_links":{"self":[{"href":"https:\/\/wp.unil.ch\/cinematheque-unil\/wp-json\/wp\/v2\/pages\/3788","targetHints":{"allow":["GET"]}}],"collection":[{"href":"https:\/\/wp.unil.ch\/cinematheque-unil\/wp-json\/wp\/v2\/pages"}],"about":[{"href":"https:\/\/wp.unil.ch\/cinematheque-unil\/wp-json\/wp\/v2\/types\/page"}],"author":[{"embeddable":true,"href":"https:\/\/wp.unil.ch\/cinematheque-unil\/wp-json\/wp\/v2\/users\/1469"}],"replies":[{"embeddable":true,"href":"https:\/\/wp.unil.ch\/cinematheque-unil\/wp-json\/wp\/v2\/comments?post=3788"}],"version-history":[{"count":0,"href":"https:\/\/wp.unil.ch\/cinematheque-unil\/wp-json\/wp\/v2\/pages\/3788\/revisions"}],"up":[{"embeddable":true,"href":"https:\/\/wp.unil.ch\/cinematheque-unil\/wp-json\/wp\/v2\/pages\/3692"}],"wp:attachment":[{"href":"https:\/\/wp.unil.ch\/cinematheque-unil\/wp-json\/wp\/v2\/media?parent=3788"}],"curies":[{"name":"wp","href":"https:\/\/api.w.org\/{rel}","templated":true}]}}