{"id":3707,"date":"2016-06-28T15:37:57","date_gmt":"2016-06-28T13:37:57","guid":{"rendered":"http:\/\/wp.unil.ch\/cinematheque-unil\/?page_id=3707"},"modified":"2018-06-10T10:05:26","modified_gmt":"2018-06-10T08:05:26","slug":"metiers-et-techniques-du-cinema-et-de-laudiovisuel-12-13-fevrier-2016","status":"publish","type":"page","link":"https:\/\/wp.unil.ch\/cinematheque-unil\/projets\/croisements-industriels\/journees-detude-et-colloques\/metiers-et-techniques-du-cinema-et-de-laudiovisuel-12-13-fevrier-2016\/","title":{"rendered":"M\u00e9tiers et techniques du cin\u00e9ma et de l&rsquo;audiovisuel, 12-13 f\u00e9vrier 2016"},"content":{"rendered":"<ol class=\"breadcrumb\">\n<li><a href=\"https:\/\/wp.unil.ch\/cinematheque-unil\/projets\/\">Projets<\/a><\/li>\n<li><a href=\"https:\/\/wp.unil.ch\/cinematheque-unil\/projets\/croisements-industriels\/\">Aux croisements industriels du cin\u00e9ma et de l\u2019aviation<\/a><\/li>\n<li><a href=\"https:\/\/wp.unil.ch\/cinematheque-unil\/projets\/croisements-industriels\/journees-detude-et-colloques\/\">Journ\u00e9es d&rsquo;\u00e9tude et colloques<\/a><\/li>\n<li class=\"current\"><a href=\"https:\/\/wp.unil.ch\/cinematheque-unil\/projets\/croisements-industriels\/journees-detude-et-colloques\/metiers-et-techniques-du-cinema-et-de-laudiovisuel-12-13-fevrier-2016\/\">M\u00e9tiers et techniques du cin\u00e9ma et de l&rsquo;audiovisuel, 12-13 f\u00e9vrier 2016<\/a><\/li>\n<\/ol>\n<p style=\"text-align: justify\">Institut national d\u2019histoire de l\u2019art, Paris<\/p>\n<div style=\"background-color: #b0c4de\">\n<p style=\"text-align: justify\"><strong>St\u00e9phane Tralongo, Cam\u00e9ras et projecteurs embarqu\u00e9s. Le cin\u00e9ma \u201cutilitaire\u201d dans le r\u00e9seau technique de l\u2019aviation.<\/strong><\/p>\n<\/div>\n<p style=\"text-indent: 23px;text-align: justify\">Les recherches r\u00e9centes relevant d\u2019une histoire culturelle des techniques du cin\u00e9ma ont tendance \u00e0 s\u2019\u00e9carter de l\u2019industrie cin\u00e9matographique pour faire appara\u00eetre une multiplicit\u00e9 d\u2019appareils, d\u2019usages et d\u2019institutions. Revenant d\u2019abord \u00e0 ce d\u00e9placement de l\u2019historiographie des techniques, nous montrons par quelles proc\u00e9dures il a permis de saisir la valeur utilitaire du cin\u00e9ma d\u2019entreprise et de ses technologies plut\u00f4t que de les rejeter ou de les d\u00e9finir par la n\u00e9gation (\u00ab non-theatrical film \u00bb). En nous pla\u00e7ant \u00e0 notre tour \u00e0 distance du cin\u00e9ma, nous proposons ensuite d\u2019investiguer le domaine des technologies de projection introduites \u00e0 bord des avions par l\u2019industrie a\u00e9ronautique dans les ann\u00e9es 1960. Pour aborder ces technologies \u00ab a\u00e9riennes \u00bb, le travail historiographique doit passer par l\u2019identification d\u2019une constellation d\u2019objets qui se situent \u00e0 la lisi\u00e8re du cin\u00e9ma ou strictement en dehors de lui : archives d\u2019entreprise, mat\u00e9riel publicitaire, articles techniques, etc. Nous d\u00e9veloppons enfin l\u2019hypoth\u00e8se que cette prise de distance \u00e0 l\u2019\u00e9gard du cin\u00e9ma peut nous amener en retour \u00e0 le reconsid\u00e9rer diff\u00e9remment, dans la mesure o\u00f9 les technologies mises au point dans d\u2019autres secteurs industriels impliquent aussi un dialogue avec lui.<\/p>\n<p style=\"font-size: small;text-align: center\"><strong>Programme<\/strong><\/p>\n<p style=\"font-size: small;text-align: center\"><a href=\"https:\/\/wp.unil.ch\/cinematheque-unil\/files\/2016\/02\/programme-metiers-et-techniques-du-cinema.pdf\">T\u00e9l\u00e9charger.<\/a><\/p>\n","protected":false},"excerpt":{"rendered":"<p>Projets Aux croisements industriels du cin\u00e9ma et de l\u2019aviation Journ\u00e9es d&rsquo;\u00e9tude et colloques M\u00e9tiers et techniques du cin\u00e9ma et de l&rsquo;audiovisuel, 12-13 f\u00e9vrier 2016 Institut national d\u2019histoire de l\u2019art, Paris St\u00e9phane Tralongo, Cam\u00e9ras et projecteurs embarqu\u00e9s. Le cin\u00e9ma \u201cutilitaire\u201d dans<\/p>\n","protected":false},"author":1469,"featured_media":0,"parent":3705,"menu_order":11,"comment_status":"closed","ping_status":"closed","template":"","meta":{"_seopress_robots_primary_cat":"","_seopress_titles_title":"","_seopress_titles_desc":"","_seopress_robots_index":"","footnotes":""},"class_list":["post-3707","page","type-page","status-publish"],"_links":{"self":[{"href":"https:\/\/wp.unil.ch\/cinematheque-unil\/wp-json\/wp\/v2\/pages\/3707","targetHints":{"allow":["GET"]}}],"collection":[{"href":"https:\/\/wp.unil.ch\/cinematheque-unil\/wp-json\/wp\/v2\/pages"}],"about":[{"href":"https:\/\/wp.unil.ch\/cinematheque-unil\/wp-json\/wp\/v2\/types\/page"}],"author":[{"embeddable":true,"href":"https:\/\/wp.unil.ch\/cinematheque-unil\/wp-json\/wp\/v2\/users\/1469"}],"replies":[{"embeddable":true,"href":"https:\/\/wp.unil.ch\/cinematheque-unil\/wp-json\/wp\/v2\/comments?post=3707"}],"version-history":[{"count":0,"href":"https:\/\/wp.unil.ch\/cinematheque-unil\/wp-json\/wp\/v2\/pages\/3707\/revisions"}],"up":[{"embeddable":true,"href":"https:\/\/wp.unil.ch\/cinematheque-unil\/wp-json\/wp\/v2\/pages\/3705"}],"wp:attachment":[{"href":"https:\/\/wp.unil.ch\/cinematheque-unil\/wp-json\/wp\/v2\/media?parent=3707"}],"curies":[{"name":"wp","href":"https:\/\/api.w.org\/{rel}","templated":true}]}}