{"id":3705,"date":"2016-06-28T15:31:09","date_gmt":"2016-06-28T13:31:09","guid":{"rendered":"http:\/\/wp.unil.ch\/cinematheque-unil\/?page_id=3705"},"modified":"2018-06-10T10:02:23","modified_gmt":"2018-06-10T08:02:23","slug":"journees-detude-et-colloques","status":"publish","type":"page","link":"https:\/\/wp.unil.ch\/cinematheque-unil\/projets\/croisements-industriels\/journees-detude-et-colloques\/","title":{"rendered":"Journ\u00e9es d&rsquo;\u00e9tude et colloques"},"content":{"rendered":"<ol class=\"breadcrumb\">\n<li><a href=\"https:\/\/wp.unil.ch\/cinematheque-unil\/projets\/\">Projets<\/a><\/li>\n<li><a href=\"https:\/\/wp.unil.ch\/cinematheque-unil\/projets\/croisements-industriels\/\">Aux croisements industriels du cin\u00e9ma et de l\u2019aviation<\/a><\/li>\n<li class=\"current\"><a href=\"https:\/\/wp.unil.ch\/cinematheque-unil\/projets\/croisements-industriels\/journees-detude-et-colloques\/\">Journ\u00e9es d&rsquo;\u00e9tude et colloques<\/a><\/li>\n<\/ol>\n<div style=\"background-color: #f5f5f5\">\n<p style=\"text-align: center\"><strong>Communications \u00e0 des journ\u00e9es d&rsquo;\u00e9tude et colloques<\/strong><\/p>\n<p style=\"text-align: center\"><a href=\"https:\/\/wp.unil.ch\/cinematheque-unil\/projets\/croisements-industriels\/journees-detude-et-colloques\/metiers-et-techniques-du-cinema-et-de-laudiovisuel-12-13-fevrier-2016\/\">M\u00e9tiers et techniques du cin\u00e9ma et de l&rsquo;audiovisuel, 12-13 f\u00e9vrier 2016<\/a><\/p>\n<\/div>\n","protected":false},"excerpt":{"rendered":"<p>Projets Aux croisements industriels du cin\u00e9ma et de l\u2019aviation Journ\u00e9es d&rsquo;\u00e9tude et colloques Communications \u00e0 des journ\u00e9es d&rsquo;\u00e9tude et colloques M\u00e9tiers et techniques du cin\u00e9ma et de l&rsquo;audiovisuel, 12-13 f\u00e9vrier 2016<\/p>\n","protected":false},"author":1469,"featured_media":0,"parent":2433,"menu_order":0,"comment_status":"closed","ping_status":"closed","template":"","meta":{"_seopress_robots_primary_cat":"","_seopress_titles_title":"","_seopress_titles_desc":"","_seopress_robots_index":"","footnotes":""},"class_list":["post-3705","page","type-page","status-publish"],"_links":{"self":[{"href":"https:\/\/wp.unil.ch\/cinematheque-unil\/wp-json\/wp\/v2\/pages\/3705","targetHints":{"allow":["GET"]}}],"collection":[{"href":"https:\/\/wp.unil.ch\/cinematheque-unil\/wp-json\/wp\/v2\/pages"}],"about":[{"href":"https:\/\/wp.unil.ch\/cinematheque-unil\/wp-json\/wp\/v2\/types\/page"}],"author":[{"embeddable":true,"href":"https:\/\/wp.unil.ch\/cinematheque-unil\/wp-json\/wp\/v2\/users\/1469"}],"replies":[{"embeddable":true,"href":"https:\/\/wp.unil.ch\/cinematheque-unil\/wp-json\/wp\/v2\/comments?post=3705"}],"version-history":[{"count":0,"href":"https:\/\/wp.unil.ch\/cinematheque-unil\/wp-json\/wp\/v2\/pages\/3705\/revisions"}],"up":[{"embeddable":true,"href":"https:\/\/wp.unil.ch\/cinematheque-unil\/wp-json\/wp\/v2\/pages\/2433"}],"wp:attachment":[{"href":"https:\/\/wp.unil.ch\/cinematheque-unil\/wp-json\/wp\/v2\/media?parent=3705"}],"curies":[{"name":"wp","href":"https:\/\/api.w.org\/{rel}","templated":true}]}}