{"id":3695,"date":"2016-06-28T15:05:03","date_gmt":"2016-06-28T13:05:03","guid":{"rendered":"http:\/\/wp.unil.ch\/cinematheque-unil\/?page_id=3695"},"modified":"2018-06-10T02:39:12","modified_gmt":"2018-06-10T00:39:12","slug":"conference-annuelle-de-lacec-31-mai-2-juin-2016","status":"publish","type":"page","link":"https:\/\/wp.unil.ch\/cinematheque-unil\/projets\/bolex-et-le-cinema-amateur\/journees-detude-et-colloques\/conference-annuelle-de-lacec-31-mai-2-juin-2016\/","title":{"rendered":"Conf\u00e9rence annuelle de l\u2019AC\u00c9C, 31 mai-2 juin 2016"},"content":{"rendered":"<ol class=\"breadcrumb\">\n<li><a href=\"https:\/\/wp.unil.ch\/cinematheque-unil\/projets\/\">Projets<\/a><\/li>\n<li><a href=\"https:\/\/wp.unil.ch\/cinematheque-unil\/projets\/bolex-et-le-cinema-amateur\/\">Bolex et le cin\u00e9ma amateur en Suisse<\/a><\/li>\n<li><a href=\"https:\/\/wp.unil.ch\/cinematheque-unil\/projets\/bolex-et-le-cinema-amateur\/journees-detude-et-colloques\/\">Journ\u00e9es d&rsquo;\u00e9tude et colloques<\/a><\/li>\n<li class=\"current\"><a href=\"https:\/\/wp.unil.ch\/cinematheque-unil\/projets\/bolex-et-le-cinema-amateur\/journees-detude-et-colloques\/conference-annuelle-de-lacec-31-mai-2-juin-2016\/\">Conf\u00e9rence annuelle de l\u2019AC\u00c9C, 31 mai-2 juin 2016<\/a><\/li>\n<\/ol>\n<p style=\"text-align: justify;font-size: medium\">Universit\u00e9 de Calgary<\/p>\n<div style=\"background-color: #b0c4de\">\n<p style=\"text-align: justify;font-size: medium\"><strong>Nicolas Dulac, \u00ab Le dispositif-Bolex. Documentation technique, discours promotionnel et invention du cin\u00e9aste \u201cprofessionnel-amateur\u201d \u00bb.<\/strong><\/p>\n<\/div>\n<p style=\"text-indent: 23px;text-align: justify;font-size: medium\">Cette communication, pr\u00e9sent\u00e9e au congr\u00e8s annuel de l\u2019Association canadienne d\u2019\u00e9tudes cin\u00e9matographiques, fait \u00e9tat de l\u2019importance capitale que rev\u00eatent la documentation technique et le discours promotionnel pour l\u2019histoire des technologies du cin\u00e9ma. En se penchant sur des collections de la Cin\u00e9math\u00e8que suisse, de la Fondation Bolex-Oulevay et des Archives cantonales vaudoises, Nicolas Dulac montre comment ces documents permettent de situer les technologies dans un cadre \u00e9pist\u00e9mologique plus large, qui met en lumi\u00e8re les pratiques et les usages qui leur sont associ\u00e9s. Plus particuli\u00e8rement, il \u00e9tudie la gen\u00e8se de la c\u00e9l\u00e8bre cam\u00e9ra amateur Bolex H16, fleuron du d\u00e9partement cin\u00e9matographique de la soci\u00e9t\u00e9 Paillard dont la conception s\u2019\u00e9tendra de 1930 \u00e0 1935. L\u2019analyse de cette documentation en apparence fort \u00e9clectique \u2013 brevet de la Bolex Auto Cin\u00e9 Cam\u00e9ra, rapports et \u00e9tudes, notes personnelles de l\u2019ing\u00e9nieur Marc Renaud, modes d\u2019emploi, brochures publicitaires \u2013 permet de mieux comprendre les imp\u00e9ratifs d\u2019ordre technique, financier et id\u00e9ologique qui pr\u00e9sident \u00e0 la fabrication de la H16, mais surtout, de d\u00e9gager une v\u00e9ritable conception du cin\u00e9ma amateur au d\u00e9but des ann\u00e9es 1930. En effet, le champ \u00e9pist\u00e9mique qui entoure la r\u00e9alisation de cette cam\u00e9ra t\u00e9moigne \u00e9galement du d\u00e9sir de la soci\u00e9t\u00e9 Paillard de concilier deux tendances qui semblent se distinguer de plus en plus \u00e0 cette \u00e9poque, celle du cin\u00e9aste professionnel et du cin\u00e9aste amateur.<\/p>\n<p style=\"font-size: medium;text-align: center\"><strong>Programme<\/strong><\/p>\n<p style=\"font-size: medium;text-align: center\"><a href=\"https:\/\/wp.unil.ch\/cinematheque-unil\/files\/2016\/06\/FSAC2016.pdf\">T\u00e9l\u00e9charger.<\/a><\/p>\n","protected":false},"excerpt":{"rendered":"<p>Projets Bolex et le cin\u00e9ma amateur en Suisse Journ\u00e9es d&rsquo;\u00e9tude et colloques Conf\u00e9rence annuelle de l\u2019AC\u00c9C, 31 mai-2 juin 2016 Universit\u00e9 de Calgary Nicolas Dulac, \u00ab Le dispositif-Bolex. Documentation technique, discours promotionnel et invention du cin\u00e9aste \u201cprofessionnel-amateur\u201d \u00bb. Cette communication,<\/p>\n","protected":false},"author":1469,"featured_media":0,"parent":3692,"menu_order":15,"comment_status":"closed","ping_status":"closed","template":"","meta":{"_seopress_robots_primary_cat":"","_seopress_titles_title":"","_seopress_titles_desc":"","_seopress_robots_index":"","footnotes":""},"class_list":["post-3695","page","type-page","status-publish"],"_links":{"self":[{"href":"https:\/\/wp.unil.ch\/cinematheque-unil\/wp-json\/wp\/v2\/pages\/3695","targetHints":{"allow":["GET"]}}],"collection":[{"href":"https:\/\/wp.unil.ch\/cinematheque-unil\/wp-json\/wp\/v2\/pages"}],"about":[{"href":"https:\/\/wp.unil.ch\/cinematheque-unil\/wp-json\/wp\/v2\/types\/page"}],"author":[{"embeddable":true,"href":"https:\/\/wp.unil.ch\/cinematheque-unil\/wp-json\/wp\/v2\/users\/1469"}],"replies":[{"embeddable":true,"href":"https:\/\/wp.unil.ch\/cinematheque-unil\/wp-json\/wp\/v2\/comments?post=3695"}],"version-history":[{"count":0,"href":"https:\/\/wp.unil.ch\/cinematheque-unil\/wp-json\/wp\/v2\/pages\/3695\/revisions"}],"up":[{"embeddable":true,"href":"https:\/\/wp.unil.ch\/cinematheque-unil\/wp-json\/wp\/v2\/pages\/3692"}],"wp:attachment":[{"href":"https:\/\/wp.unil.ch\/cinematheque-unil\/wp-json\/wp\/v2\/media?parent=3695"}],"curies":[{"name":"wp","href":"https:\/\/api.w.org\/{rel}","templated":true}]}}