{"id":3692,"date":"2016-06-28T14:58:18","date_gmt":"2016-06-28T12:58:18","guid":{"rendered":"http:\/\/wp.unil.ch\/cinematheque-unil\/?page_id=3692"},"modified":"2018-06-10T02:33:20","modified_gmt":"2018-06-10T00:33:20","slug":"journees-detude-et-colloques","status":"publish","type":"page","link":"https:\/\/wp.unil.ch\/cinematheque-unil\/projets\/bolex-et-le-cinema-amateur\/journees-detude-et-colloques\/","title":{"rendered":"Journ\u00e9es d&rsquo;\u00e9tude et colloques"},"content":{"rendered":"<ol class=\"breadcrumb\">\n<li><a href=\"https:\/\/wp.unil.ch\/cinematheque-unil\/projets\/\">Projets<\/a><\/li>\n<li><a href=\"https:\/\/wp.unil.ch\/cinematheque-unil\/projets\/bolex-et-le-cinema-amateur\/\">Bolex et le cin\u00e9ma amateur en Suisse<\/a><\/li>\n<li class=\"current\"><a href=\"https:\/\/wp.unil.ch\/cinematheque-unil\/projets\/bolex-et-le-cinema-amateur\/journees-detude-et-colloques\/\">Journ\u00e9es d&rsquo;\u00e9tude et colloques<\/a><\/li>\n<\/ol>\n<div style=\"background-color: #f5f5f5\">\n<p style=\"text-align: center\"><strong>Communications \u00e0 des journ\u00e9es d&rsquo;\u00e9tude et colloques<\/strong><\/p>\n<p style=\"text-align: center;font-size: medium\"><a href=\"https:\/\/wp.unil.ch\/cinematheque-unil\/projets\/bolex-et-le-cinema-amateur\/journees-detude-et-colloques\/documenter-une-presence-au-monde-le-cinema-de-johan-van-der-keuken-colloque-28-30-mars-2018\/\">Documenter une pr\u00e9sence au monde : le cin\u00e9ma de Johan van der Keuken, colloque, 28-30 mars 2018<\/a><\/p>\n<p style=\"text-align: center;font-size: medium\"><a href=\"https:\/\/wp.unil.ch\/cinematheque-unil\/projets\/bolex-et-le-cinema-amateur\/journees-detude-et-colloques\/archaeologies-and-the-art-of-the-archives-atelier-29-mars-1er-avril-2017\/\">Archaeologies and the Art of the Archive(s), atelier, 29 mars-1er avril 2017<\/a><\/p>\n<p style=\"text-align: center;font-size: medium\"><a href=\"https:\/\/wp.unil.ch\/cinematheque-unil\/projets\/bolex-et-le-cinema-amateur\/journees-detude-et-colloques\/voyage-au-centre-de-la-machine-cinema-colloque-1-3-decembre-2016\/\">Voyage au centre de la machine cin\u00e9ma, colloque, 1-3 d\u00e9cembre 2016<\/a><\/p>\n<p style=\"text-align: center;font-size: medium\"><a href=\"https:\/\/wp.unil.ch\/cinematheque-unil\/projets\/bolex-et-le-cinema-amateur\/journees-detude-et-colloques\/conference-annuelle-de-lacec-31-mai-2-juin-2016\/\">Conf\u00e9rence annuelle de l&rsquo;AC\u00c9C, 31 mai-2 juin 2016<\/a><\/p>\n<\/div>\n","protected":false},"excerpt":{"rendered":"<p>Projets Bolex et le cin\u00e9ma amateur en Suisse Journ\u00e9es d&rsquo;\u00e9tude et colloques Communications \u00e0 des journ\u00e9es d&rsquo;\u00e9tude et colloques Documenter une pr\u00e9sence au monde : le cin\u00e9ma de Johan van der Keuken, colloque, 28-30 mars 2018 Archaeologies and the Art<\/p>\n","protected":false},"author":1469,"featured_media":0,"parent":1413,"menu_order":29,"comment_status":"closed","ping_status":"closed","template":"","meta":{"_seopress_robots_primary_cat":"","_seopress_titles_title":"","_seopress_titles_desc":"","_seopress_robots_index":"","footnotes":""},"class_list":["post-3692","page","type-page","status-publish"],"_links":{"self":[{"href":"https:\/\/wp.unil.ch\/cinematheque-unil\/wp-json\/wp\/v2\/pages\/3692","targetHints":{"allow":["GET"]}}],"collection":[{"href":"https:\/\/wp.unil.ch\/cinematheque-unil\/wp-json\/wp\/v2\/pages"}],"about":[{"href":"https:\/\/wp.unil.ch\/cinematheque-unil\/wp-json\/wp\/v2\/types\/page"}],"author":[{"embeddable":true,"href":"https:\/\/wp.unil.ch\/cinematheque-unil\/wp-json\/wp\/v2\/users\/1469"}],"replies":[{"embeddable":true,"href":"https:\/\/wp.unil.ch\/cinematheque-unil\/wp-json\/wp\/v2\/comments?post=3692"}],"version-history":[{"count":0,"href":"https:\/\/wp.unil.ch\/cinematheque-unil\/wp-json\/wp\/v2\/pages\/3692\/revisions"}],"up":[{"embeddable":true,"href":"https:\/\/wp.unil.ch\/cinematheque-unil\/wp-json\/wp\/v2\/pages\/1413"}],"wp:attachment":[{"href":"https:\/\/wp.unil.ch\/cinematheque-unil\/wp-json\/wp\/v2\/media?parent=3692"}],"curies":[{"name":"wp","href":"https:\/\/api.w.org\/{rel}","templated":true}]}}