{"id":3680,"date":"2016-06-21T16:22:13","date_gmt":"2016-06-21T14:22:13","guid":{"rendered":"http:\/\/wp.unil.ch\/cinematheque-unil\/?page_id=3680"},"modified":"2018-11-15T16:37:21","modified_gmt":"2018-11-15T15:37:21","slug":"offre","status":"publish","type":"page","link":"https:\/\/wp.unil.ch\/cinematheque-unil\/offre\/","title":{"rendered":"OFFRE"},"content":{"rendered":"<p><img alt=\"\" loading=\"lazy\" decoding=\"async\" class=\"aligncenter size-full wp-image-5273\" src=\"https:\/\/wp.unil.ch\/cinematheque-unil\/files\/2018\/08\/CATEGORIE_FORMATION.jpg\" alt=\"\" width=\"1026\" height=\"218\" \/><\/p>\n<h3>Offre<\/h3>\n<ul>\n<li><a href=\"https:\/\/wp.unil.ch\/cinematheque-unil\/offre\/programme\/\">Programme \u00e0 destination de la Cin\u00e9math\u00e8que suisse<\/a><\/li>\n<li><a title=\"Une histoire du cin\u00e9ma en mots et en images\" href=\"https:\/\/wp.unil.ch\/cinematheque-unil\/cours\/une-histoire-du-cinema-en-mots-et-en-images\/\">Une histoire du cin\u00e9ma en mots et en images<\/a><\/li>\n<li><a title=\"Les modalit\u00e9s actuelles de la diffusion du cin\u00e9ma\" href=\"https:\/\/wp.unil.ch\/cinematheque-unil\/cours\/les-modalites-actuelles-de-la-diffusion-du-cinema\/\">Les modalit\u00e9s actuelles de la diffusion du cin\u00e9ma<\/a><\/li>\n<\/ul>\n","protected":false},"excerpt":{"rendered":"<p>Offre Programme \u00e0 destination de la Cin\u00e9math\u00e8que suisse Une histoire du cin\u00e9ma en mots et en images Les modalit\u00e9s actuelles de la diffusion du cin\u00e9ma<\/p>\n","protected":false},"author":1469,"featured_media":0,"parent":0,"menu_order":54,"comment_status":"closed","ping_status":"closed","template":"","meta":{"_seopress_robots_primary_cat":"","_seopress_titles_title":"","_seopress_titles_desc":"","_seopress_robots_index":"","footnotes":""},"class_list":["post-3680","page","type-page","status-publish"],"_links":{"self":[{"href":"https:\/\/wp.unil.ch\/cinematheque-unil\/wp-json\/wp\/v2\/pages\/3680","targetHints":{"allow":["GET"]}}],"collection":[{"href":"https:\/\/wp.unil.ch\/cinematheque-unil\/wp-json\/wp\/v2\/pages"}],"about":[{"href":"https:\/\/wp.unil.ch\/cinematheque-unil\/wp-json\/wp\/v2\/types\/page"}],"author":[{"embeddable":true,"href":"https:\/\/wp.unil.ch\/cinematheque-unil\/wp-json\/wp\/v2\/users\/1469"}],"replies":[{"embeddable":true,"href":"https:\/\/wp.unil.ch\/cinematheque-unil\/wp-json\/wp\/v2\/comments?post=3680"}],"version-history":[{"count":0,"href":"https:\/\/wp.unil.ch\/cinematheque-unil\/wp-json\/wp\/v2\/pages\/3680\/revisions"}],"wp:attachment":[{"href":"https:\/\/wp.unil.ch\/cinematheque-unil\/wp-json\/wp\/v2\/media?parent=3680"}],"curies":[{"name":"wp","href":"https:\/\/api.w.org\/{rel}","templated":true}]}}