{"id":3557,"date":"2016-04-08T11:31:32","date_gmt":"2016-04-08T09:31:32","guid":{"rendered":"http:\/\/wp.unil.ch\/cinematheque-unil\/?page_id=3557"},"modified":"2022-03-23T15:40:28","modified_gmt":"2022-03-23T14:40:28","slug":"publications-liees-au-projet","status":"publish","type":"page","link":"https:\/\/wp.unil.ch\/cinematheque-unil\/projets\/personnage-et-vedettariat-au-prisme-du-genre\/publications-liees-au-projet\/","title":{"rendered":"Publications li\u00e9es au projet"},"content":{"rendered":"<ol class=\"breadcrumb\">\n<li><a href=\"https:\/\/wp.unil.ch\/cinematheque-unil\/projets\/\">Projets<\/a><\/li>\n<li><a href=\"https:\/\/wp.unil.ch\/cinematheque-unil\/projets\/personnage-et-vedettariat-au-prisme-du-genre\/\">Personnage et vedettariat au prisme du genre<\/a><\/li>\n<li class=\"current\"><a href=\"https:\/\/wp.unil.ch\/cinematheque-unil\/projets\/personnage-et-vedettariat-au-prisme-du-genre\/publications-liees-au-projet\/\">Publications li\u00e9es au projet<\/a><\/li>\n<\/ol>\n<div style=\"background-color: #f5f5f5\">\n<h3 style=\"text-align: center\">Publications li\u00e9es au projet<\/h3>\n<p><strong>Jeanne Rohner<\/strong>, \u00ab\u00a0Image(s) de la star et construction du personnage: Micheline Presle dans\u00a0<i>Le Diable au corps\u00a0<\/i>(1946-1947)\u00a0\u00bb,\u00a0<i>Genesis,\u00a0<\/i>n\u00b053, 2021,<i>\u00a0<\/i>pp. 175-182.<\/p>\n<p><strong>Delphine Chedaleux<\/strong> (dir.),\u00a0<i>N\u00e9gocier la norme. Genre et m\u00e9dias dans l&rsquo;apr\u00e8s-guerre<\/i>, Pessac,\u00a0Maison des Sciences de l&rsquo;Homme d&rsquo;Aquitaine, 2021.<\/p>\n<p><strong>Alain Boillat<\/strong>, \u00ab\u00a0La m\u00e9taphore animali\u00e8re comme strat\u00e9gie de naturalisation de la domination masculine: l&rsquo;exemple des sc\u00e9narios de films r\u00e9alis\u00e9s par Autant-Lara dans les ann\u00e9es 1940 et 50\u00a0\u00bb, in Delphine Chedaleux (dir.),\u00a0<i>N\u00e9gocier la norme. Genre et m\u00e9dias dans l&rsquo;apr\u00e8s-guerre<\/i>, Pessac,\u00a0Maison des Sciences de l&rsquo;Homme d&rsquo;Aquitaine, 2021, pp. 173-189.<\/p>\n<p><strong>Jeanne Rohner<\/strong>, \u00ab\u00a0<i>Le Rouge et le Noir<\/i>\u00a0(Autant-Lara, 1954):\u00a0gen\u00e8se de deux h\u00e9ro\u00efnes\u00a0\u00bb, in Delphine Chedaleux (dir.),\u00a0<i>N\u00e9gocier la norme. Genre et m\u00e9dias dans l&rsquo;apr\u00e8s-guerre<\/i>, Pessac,\u00a0Maison des Sciences de l&rsquo;Homme d&rsquo;Aquitaine, 2021, pp. 191-205.<\/p>\n<p><strong>Delphine Chedaleux<\/strong>, \u00ab\u00a0Fabrique et r\u00e9ceptions du pouvoir f\u00e9minin\u00a0: Danielle Darrieux dans <em>Le Bon Dieu sans confession<\/em>\u00a0\u00bb, in Gw\u00e9na\u00eblle Le Gras et Genevi\u00e8ve Sellier (dir.), <em>Danielle Darrieux, la travers\u00e9e d\u2019un si\u00e8cle<\/em>, Presses Universitaires de Bordeaux,\u00a02020, pp. 203-218.<\/p>\n<p><strong>Delphine Chedaleux<\/strong>, \u00ab\u00a0Fabrique et r\u00e9ceptions du pouvoir f\u00e9minin\u00a0: Danielle Darrieux dans <em>Le Bon Dieu sans confession<\/em>\u00a0\u00bb, in Gw\u00e9na\u00eblle Le Gras et Genevi\u00e8ve Sellier (dir.), <em>Danielle Darrieux, la travers\u00e9e d\u2019un si\u00e8cle<\/em>, Presses Universitaires de Bordeaux,\u00a02020, pp. 203-218.<\/p>\n<p><strong>Jeanne Rohner<\/strong>, \u00ab\u00a0Danielle Darrieux dans\u00a0<em>Occupe-toi d\u2019Am\u00e9lie..!<\/em> Gen\u00e8se d\u2019une r\u00e9surrection\u00a0\u00bb, in Gw\u00e9na\u00eblle Le Gras et Genevi\u00e8ve Sellier (dir.), <em>Danielle Darrieux, la travers\u00e9e d\u2019un si\u00e8cle<\/em>, Presses Universitaires de Bordeaux, 2020, pp. 163-174.<\/p>\n<p><strong>Alain Boillat<\/strong>, \u00ab La m\u00e9taphore animali\u00e8re comme strat\u00e9gie de naturalisation de la domination masculine : l\u2019exemple des sc\u00e9narios de films r\u00e9alis\u00e9s par Autant-Lara dans les ann\u00e9es 1940 et 50\u00a0\u00bb, dans D. Chedaleux (dir.),\u00a0<i>N\u00e9gocier la norme. Genre et m\u00e9dias dans l\u2019apr\u00e8s-guerre<\/i>, Pessac, Maison des Sciences de l\u2019Homme d\u2019Aquitaine, 2022, pp.173-189.<\/p>\n<p><strong>Jeanne Rohner<\/strong>, \u00ab\u00a0Le Rouge et le Noir\u00a0(Autant-Lara, 1954) : gen\u00e8se de deux h\u00e9ro\u00efnes\u00a0\u00bb, dans D. Chedaleux (dir.),\u00a0<i>N\u00e9gocier la norme. Genre et m\u00e9dias dans l\u2019apr\u00e8s-guerre<\/i>, Pessac, Maison des Sciences de l\u2019Homme d\u2019Aquitaine, 2022, pp.191-205.<\/p>\n<p><a href=\"https:\/\/wp.unil.ch\/cinematheque-unil\/projets\/personnage-et-vedettariat-au-prisme-du-genre\/publications-liees-au-projet\/entretien-de-freddy-buache\/\"><strong>Alain Boillat<\/strong>, Delphine Chedaleux et Jeanne Rohner, \u00ab \u00c0 propos d\u2019Autant-Lara : entretien de Freddy Buache \u00bb, in Fr\u00e9d\u00e9ric Maire et Maria<\/a> <a href=\"https:\/\/wp.unil.ch\/cinematheque-unil\/projets\/personnage-et-vedettariat-au-prisme-du-genre\/publications-liees-au-projet\/entretien-de-freddy-buache\/\">Tortajada (dir.), site Web La Collaboration UNIL+Cin\u00e9math\u00e8que suisse, www.unil-cinematheque.ch, juin 2019<\/a><\/p>\n<p><strong>Alain Boillat et Fr\u00e9d\u00e9ric Maire<\/strong>, \u00ab\u00a0Sharing Knowledge between University and Cin\u00e9math\u00e8que\u00a0\u00bb, <em>Iluminace. The Journal of Film Theory, History, and Aesthetics<\/em>, vol. 31, n\u00b0 1, 2019, pp. 45-57.<\/p>\n<p><a href=\"https:\/\/www.fabula.org\/atelier.php?Personnage_filmique\"><strong>Jeanne Rohner<\/strong>, \u00ab\u00a0Les \u00e9tats du personnage filmique\u00a0: du sc\u00e9nario au film\u00a0\u00bb, Fabula.org, Atelier de th\u00e9orie litt\u00e9raire \u00ab\u00a0Penser par notions \u00bb, textes r\u00e9unis par Marta Caraion, Marc Escola et J\u00e9r\u00f4me Meizoz, mis en ligne le 2 d\u00e9cembre 2018.<\/a><\/p>\n<p><strong>Jeanne Rohner<\/strong>, \u00ab\u00a0<em>Occupe-toi d\u2019Am\u00e9lie..!<\/em>\u00a0(Claude Autant-Lara, 1949) : le th\u00e9\u00e2tre \u00e0 l\u2019\u00e9cran\u00a0\u00bb, in Alain Boillat et Gilles Philippe (dir.) avec la collaboration de Laure Cordonier et Adrien Gaillard,\u00a0<em>L\u2019Adaptation. Des livres aux sc\u00e9narios. Approche interdisciplinaire des archives du cin\u00e9ma fran\u00e7ais (1930-1960)<\/em>, Bruxelles, Les Impressions Nouvelles, 2018.<\/p>\n<p><a href=\"https:\/\/wp.unil.ch\/cinematheque-unil\/?p=2942\"><strong>Alain Boillat<\/strong>, \u00ab Star et personnage dans la gen\u00e8se filmique : Edwige Feuill\u00e8re chez Autant-Lara (1954-1958) \u00bb, in Gw\u00e9na\u00eblle Le Gras et Genevi\u00e8ve Sellier (dir.), <em>Cin\u00e9mas et cin\u00e9philies populaires dans la France d\u2019apr\u00e8s-guerre 1945-1958<\/em>, Paris, Nouveau Monde \u00c9ditions, 2015, pp. 147-163.<\/a><\/p>\n<\/div>\n","protected":false},"excerpt":{"rendered":"<p>Projets Personnage et vedettariat au prisme du genre Publications li\u00e9es au projet Publications li\u00e9es au projet Jeanne Rohner, \u00ab\u00a0Image(s) de la star et construction du personnage: Micheline Presle dans\u00a0Le Diable au corps\u00a0(1946-1947)\u00a0\u00bb,\u00a0Genesis,\u00a0n\u00b053, 2021,\u00a0pp. 175-182. Delphine Chedaleux (dir.),\u00a0N\u00e9gocier la norme. Genre<\/p>\n","protected":false},"author":1469,"featured_media":0,"parent":3432,"menu_order":19,"comment_status":"closed","ping_status":"closed","template":"","meta":{"_seopress_robots_primary_cat":"","_seopress_titles_title":"","_seopress_titles_desc":"","_seopress_robots_index":"","footnotes":""},"class_list":["post-3557","page","type-page","status-publish"],"_links":{"self":[{"href":"https:\/\/wp.unil.ch\/cinematheque-unil\/wp-json\/wp\/v2\/pages\/3557","targetHints":{"allow":["GET"]}}],"collection":[{"href":"https:\/\/wp.unil.ch\/cinematheque-unil\/wp-json\/wp\/v2\/pages"}],"about":[{"href":"https:\/\/wp.unil.ch\/cinematheque-unil\/wp-json\/wp\/v2\/types\/page"}],"author":[{"embeddable":true,"href":"https:\/\/wp.unil.ch\/cinematheque-unil\/wp-json\/wp\/v2\/users\/1469"}],"replies":[{"embeddable":true,"href":"https:\/\/wp.unil.ch\/cinematheque-unil\/wp-json\/wp\/v2\/comments?post=3557"}],"version-history":[{"count":0,"href":"https:\/\/wp.unil.ch\/cinematheque-unil\/wp-json\/wp\/v2\/pages\/3557\/revisions"}],"up":[{"embeddable":true,"href":"https:\/\/wp.unil.ch\/cinematheque-unil\/wp-json\/wp\/v2\/pages\/3432"}],"wp:attachment":[{"href":"https:\/\/wp.unil.ch\/cinematheque-unil\/wp-json\/wp\/v2\/media?parent=3557"}],"curies":[{"name":"wp","href":"https:\/\/api.w.org\/{rel}","templated":true}]}}