{"id":35,"date":"2014-01-30T13:08:24","date_gmt":"2014-01-30T12:08:24","guid":{"rendered":"http:\/\/wp.unil.ch\/cinematheque-unil\/?page_id=35"},"modified":"2018-03-13T16:26:35","modified_gmt":"2018-03-13T15:26:35","slug":"le-contexte","status":"publish","type":"page","link":"https:\/\/wp.unil.ch\/cinematheque-unil\/presentation\/le-contexte\/","title":{"rendered":"Le contexte"},"content":{"rendered":"<ol class=\"breadcrumb\">\n<li><a href=\"https:\/\/wp.unil.ch\/cinematheque-unil\/presentation\/\">Pr\u00e9sentation<\/a><\/li>\n<li class=\"current\"><a href=\"https:\/\/wp.unil.ch\/cinematheque-unil\/presentation\/le-contexte\/\">Le contexte<\/a><\/li>\n<\/ol>\n<p><img loading=\"lazy\" decoding=\"async\" class=\"aligncenter size-full wp-image-1358\" src=\"https:\/\/wp.unil.ch\/cinematheque-unil\/files\/2014\/01\/IMAGE_BARAQUE.jpg\" alt=\"IMAGE_BARAQUE\" width=\"1200\" height=\"800\" srcset=\"https:\/\/wp.unil.ch\/cinematheque-unil\/files\/2014\/01\/IMAGE_BARAQUE.jpg 1200w, https:\/\/wp.unil.ch\/cinematheque-unil\/files\/2014\/01\/IMAGE_BARAQUE-300x200.jpg 300w, https:\/\/wp.unil.ch\/cinematheque-unil\/files\/2014\/01\/IMAGE_BARAQUE-1024x683.jpg 1024w, https:\/\/wp.unil.ch\/cinematheque-unil\/files\/2014\/01\/IMAGE_BARAQUE-450x300.jpg 450w\" sizes=\"auto, (max-width: 1200px) 100vw, 1200px\" \/><\/p>\n<p style=\"text-align: center;font-size: small\">Baraque foraine\u00a0de Georges Hipleh-Walt, vers 1900.<br \/>\n\u00a9 Tous droits r\u00e9serv\u00e9s\/collection Cin\u00e9math\u00e8que suisse.<\/p>\n<p>Le Canton de Vaud et la Ville de Lausanne accueillent deux institutions importantes pour le cin\u00e9ma en Suisse\u00a0: la <a title=\"Cin\u00e9math\u00e8que suisse\" href=\"https:\/\/www.cinematheque.ch\/f\/\" target=\"_blank\">Cin\u00e9math\u00e8que suisse<\/a>, d\u2019une part, et l\u2019<a title=\"Universit\u00e9 de Lausanne\" href=\"https:\/\/www.unil.ch\/index.html\" target=\"_blank\">Universit\u00e9 de Lausanne<\/a>\u00a0(UNIL), d\u2019autre part, avec en son sein la <a title=\"Section cin\u00e9ma\" href=\"https:\/\/www.unil.ch\/cin\" target=\"_blank\">Section d\u2019histoire et esth\u00e9tique du cin\u00e9ma<\/a> de la Facult\u00e9 des lettres. Ces institutions sont reconnues internationalement pour leur r\u00f4le dans la recherche sur le cin\u00e9ma et dans la conservation du patrimoine cin\u00e9matographique. La richesse des collections de la Cin\u00e9math\u00e8que suisse place d\u2019ailleurs cette institution parmi les principales archives cin\u00e9matographiques du monde.<\/p>\n<p>D\u00e8s sa cr\u00e9ation en\u00a01990 avec la chaire occup\u00e9e par\u00a0Fran\u00e7ois Albera, la Section d\u2019histoire et esth\u00e9tique du cin\u00e9ma a entretenu un dialogue durable et fructueux avec la Cin\u00e9math\u00e8que suisse, qui \u00e9tait alors dirig\u00e9e par Freddy Buache. Cette collaboration interinstitutionnelle s\u2019est traduite par l\u2019organisation r\u00e9guli\u00e8re de manifestations communes\u00a0: des cycles de projections ou de colloques, des stages professionnels pour les \u00e9tudiants et le cours public de la Cin\u00e9math\u00e8que donn\u00e9 par Freddy Buache. Dans le domaine de la recherche, des \u00e9changes constants ont abouti \u00e0 la publication de plusieurs travaux, dont le plus notable est l\u2019<i>Histoire du cin\u00e9ma suisse 1966-2000\u00a0<\/i>(2007), ouvrage dirig\u00e9 par Herv\u00e9 Dumont, alors directeur de la Cin\u00e9math\u00e8que, et par Maria Tortajada, professeure \u00e0 la Section. Enfin, les deux institutions sont devenues partenaires en\u00a02006 au sein du <a title=\"R\u00e9seau Cin\u00e9ma CH\" href=\"https:\/\/www.netzwerk-cinema.ch\/fr.html\" target=\"_blank\">R\u00e9seau Cin\u00e9ma\u00a0CH<\/a>. Soutenu par la Conf\u00e9d\u00e9ration suisse, ce projet de coop\u00e9ration entre les universit\u00e9s et les hautes \u00e9coles sp\u00e9cialis\u00e9es \u00e9tudiant le cin\u00e9ma offre une formation novatrice et interdisciplinaire aux niveaux du master et du doctorat.<\/p>\n<p>En octobre\u00a02009, l\u2019arriv\u00e9e de Fr\u00e9d\u00e9ric Maire \u00e0 la t\u00eate de la Cin\u00e9math\u00e8que suisse marque une nouvelle \u00e9tape dans la relation entre les deux institutions vaudoises. C\u2019est l\u2019\u00e9tablissement d\u2019une collaboration renforc\u00e9e\u00a0: d\u2019un c\u00f4t\u00e9, le personnel de la Cin\u00e9math\u00e8que suisse b\u00e9n\u00e9ficie durablement de la proximit\u00e9 avec des sp\u00e9cialistes de l\u2019histoire du cin\u00e9ma, qui contribuent \u00e0 fournir une meilleure connaissance de ses collections\u00a0; de l\u2019autre, les chercheurs de la Section d\u2019histoire et esth\u00e9tique du cin\u00e9ma ont la possibilit\u00e9 d\u2019exploiter pleinement la vari\u00e9t\u00e9 des archives qui y sont conserv\u00e9es (films, sc\u00e9narios, affiches, photos, appareils, etc.), \u00e0 travers des projets concert\u00e9s et men\u00e9s conjointement \u00e0 des fins p\u00e9dagogiques et scientifiques. D\u00e8s lors, les deux institutions se fixent un objectif commun\u00a0: intensifier leur collaboration afin de d\u00e9velopper \u00e0 la fois la recherche sur les vastes collections de la Cin\u00e9math\u00e8que \u2013\u00a0encore insuffisamment connues\u00a0\u2013 et la valorisation de ces derni\u00e8res.<\/p>\n<p>\u00c0 la fin de l\u2019ann\u00e9e\u00a02010, la Cin\u00e9math\u00e8que suisse et la Facult\u00e9 des lettres de l\u2019Universit\u00e9 de Lausanne entrent ainsi en partenariat gr\u00e2ce \u00e0 un accord d\u2019un nouveau genre\u00a0: la Collaboration UNIL\u00a0+ Cin\u00e9math\u00e8que suisse.<\/p>\n<p style=\"text-align: right\"><a title=\"Le fonctionnement\" href=\"https:\/\/wp.unil.ch\/cinematheque-unil\/sample-page\/le-fonctionnement\/\">Le fonctionnement&gt;<\/a><\/p>\n","protected":false},"excerpt":{"rendered":"<p>Pr\u00e9sentation Le contexte Baraque foraine\u00a0de Georges Hipleh-Walt, vers 1900. \u00a9 Tous droits r\u00e9serv\u00e9s\/collection Cin\u00e9math\u00e8que suisse. Le Canton de Vaud et la Ville de Lausanne accueillent deux institutions importantes pour le cin\u00e9ma en Suisse\u00a0: la Cin\u00e9math\u00e8que suisse, d\u2019une part, et l\u2019Universit\u00e9<\/p>\n","protected":false},"author":1469,"featured_media":0,"parent":2,"menu_order":30,"comment_status":"closed","ping_status":"closed","template":"","meta":{"_seopress_robots_primary_cat":"","_seopress_titles_title":"","_seopress_titles_desc":"","_seopress_robots_index":"","footnotes":""},"class_list":["post-35","page","type-page","status-publish"],"_links":{"self":[{"href":"https:\/\/wp.unil.ch\/cinematheque-unil\/wp-json\/wp\/v2\/pages\/35","targetHints":{"allow":["GET"]}}],"collection":[{"href":"https:\/\/wp.unil.ch\/cinematheque-unil\/wp-json\/wp\/v2\/pages"}],"about":[{"href":"https:\/\/wp.unil.ch\/cinematheque-unil\/wp-json\/wp\/v2\/types\/page"}],"author":[{"embeddable":true,"href":"https:\/\/wp.unil.ch\/cinematheque-unil\/wp-json\/wp\/v2\/users\/1469"}],"replies":[{"embeddable":true,"href":"https:\/\/wp.unil.ch\/cinematheque-unil\/wp-json\/wp\/v2\/comments?post=35"}],"version-history":[{"count":0,"href":"https:\/\/wp.unil.ch\/cinematheque-unil\/wp-json\/wp\/v2\/pages\/35\/revisions"}],"up":[{"embeddable":true,"href":"https:\/\/wp.unil.ch\/cinematheque-unil\/wp-json\/wp\/v2\/pages\/2"}],"wp:attachment":[{"href":"https:\/\/wp.unil.ch\/cinematheque-unil\/wp-json\/wp\/v2\/media?parent=35"}],"curies":[{"name":"wp","href":"https:\/\/api.w.org\/{rel}","templated":true}]}}