{"id":3439,"date":"2016-04-05T16:16:47","date_gmt":"2016-04-05T14:16:47","guid":{"rendered":"http:\/\/wp.unil.ch\/cinematheque-unil\/?page_id=3439"},"modified":"2019-01-23T11:10:13","modified_gmt":"2019-01-23T10:10:13","slug":"presentation-3","status":"publish","type":"page","link":"https:\/\/wp.unil.ch\/cinematheque-unil\/projets\/personnage-et-vedettariat-au-prisme-du-genre\/presentation-3\/","title":{"rendered":"Pr\u00e9sentation"},"content":{"rendered":"<ol class=\"breadcrumb\">\n<li><a href=\"https:\/\/wp.unil.ch\/cinematheque-unil\/projets\/\">Projets<\/a><\/li>\n<li><a href=\"https:\/\/wp.unil.ch\/cinematheque-unil\/projets\/personnage-et-vedettariat-au-prisme-du-genre\/\">Personnage et vedettariat au prisme du genre<\/a><\/li>\n<li class=\"current\"><a href=\"https:\/\/wp.unil.ch\/cinematheque-unil\/projets\/personnage-et-vedettariat-au-prisme-du-genre\/presentation-3\/\">Pr\u00e9sentation<\/a><\/li>\n<\/ol>\n<h3>Personnage et vedettariat au prisme du genre (<em>gender<\/em>) : \u00e9tude de la fabrique des repr\u00e9sentations cin\u00e9matographiques (fonds Claude Autant-Lara, Cin\u00e9math\u00e8que suisse)<\/h3>\n<figure id=\"attachment_3476\" aria-describedby=\"caption-attachment-3476\" style=\"width: 350px\" class=\"wp-caption alignright\"><a href=\"https:\/\/wp.unil.ch\/cinematheque-unil\/files\/2016\/04\/archive_ble_en_herbe.jpg\"><img alt=\"\" loading=\"lazy\" decoding=\"async\" class=\"size-full wp-image-3476\" src=\"https:\/\/wp.unil.ch\/cinematheque-unil\/files\/2016\/04\/archive_ble_en_herbe.jpg\" alt=\"\" width=\"350\" height=\"449\" srcset=\"https:\/\/wp.unil.ch\/cinematheque-unil\/files\/2016\/04\/archive_ble_en_herbe.jpg 624w, https:\/\/wp.unil.ch\/cinematheque-unil\/files\/2016\/04\/archive_ble_en_herbe-234x300.jpg 234w\" sizes=\"auto, (max-width: 350px) 100vw, 350px\" \/><\/a><figcaption id=\"caption-attachment-3476\" class=\"wp-caption-text\">Lettre de Franco London Film \u00e0 Claude Autant-Lara, 7 juillet 1953,<br \/>Cin\u00e9math\u00e8que Suisse, fonds Claude Autant-Lara, 52\/4 A1.<br \/>\u00a9 Tous droits r\u00e9serv\u00e9s\/collection Cin\u00e9math\u00e8que suisse.<\/figcaption><\/figure>\n<p style=\"text-align: justify;font-size: medium\">Ce projet de recherche dirig\u00e9 par Alain Boillat et Charles-Antoine Courcoux (UNIL) et soutenu par le FNS sur une p\u00e9riode de 4 ans (2016-2020) vise \u00e0 \u00e9tudier les m\u00e9canismes de fabrication des repr\u00e9sentations dans la production cin\u00e9matographique fran\u00e7aise des ann\u00e9es 1940. Le contexte de production des films est majoritairement reconstruit et examin\u00e9 \u00e0 partir de documents issus du fonds d\u2019archives Claude Autant-Lara de la Cin\u00e9math\u00e8que suisse et consid\u00e9r\u00e9s \u00e0 la lumi\u00e8re des outils th\u00e9oriques et m\u00e9thodologiques forg\u00e9s par la narratologie filmique, les \u00e9tudes de genre, les <em>star studies<\/em> et l\u2019histoire culturelle. Une base de donn\u00e9es sera \u00e9tablie afin de faciliter l\u2019acc\u00e8s aux sources en fonction de crit\u00e8res pertinents. Gr\u00e2ce au caract\u00e8re exceptionnellement exhaustif et riche du fonds Claude Autant-Lara, l\u2019objectif est d\u2019\u00e9laborer une approche g\u00e9n\u00e9tique permettant de documenter les \u00e9tapes de la cr\u00e9ation en les inscrivant dans leur contexte socio-historique et en explorant, \u00e0 travers les variantes sc\u00e9naristiques, ce que furent les possibles envisag\u00e9s par les auteurs, notamment en fonction des actrices et acteurs pressentis ou choisis.<\/p>\n<p style=\"text-align: justify;font-size: medium\">La p\u00e9riodisation (1942-1949) correspond \u00e0 la fois aux premiers films officiellement attribu\u00e9s \u00e0 Claude Autant-Lara comme unique r\u00e9alisateur (\u00e0 partir du <em>Mariage de Chiffon<\/em>, 1942), \u00e0 la naissance du trio qu\u2019il forme avec ses deux sc\u00e9naristes Jean Aurenche et Pierre Bost (\u00e0 partir de <em>Douce<\/em>, 1943) ainsi qu\u2019\u00e0 un moment charni\u00e8re pour le vedettariat fran\u00e7ais qui, apr\u00e8s une d\u00e9cennie domin\u00e9e par des stars masculines vieillissantes, conna\u00eet une f\u00e9minisation et un rajeunissement au moment de la reprise de la production dans le contexte de la France occup\u00e9e. Les t\u00eates d\u2019affiches de notre corpus constitu\u00e9 de l\u2019ensemble des films tourn\u00e9s par Claude Autant-Lara dans les ann\u00e9es 1940 sont r\u00e9v\u00e9latrices de ce ph\u00e9nom\u00e8ne : Odette Joyeux, Micheline Presle ou G\u00e9rard Philipe sont des \u00e9toiles montantes incarnant des identit\u00e9s genr\u00e9es modernes.<\/p>\n<p style=\"text-align: justify;font-size: medium\">Deux axes de r\u00e9flexion sont privil\u00e9gi\u00e9s : on se penche d\u2019une part sur l\u2019articulation entre la fabrication et la r\u00e9ception d\u2019une image de vedette, d\u2019autre part sur le processus de cr\u00e9ation des personnages au sein de r\u00e9seaux d\u00e9finis par des modalit\u00e9s sp\u00e9cifiques de construction des rapports et des identit\u00e9s de genre.<\/p>\n<p style=\"text-align: justify;font-size: small\"><span style=\"color: #446688\">Direction : <span style=\"text-decoration: underline\"><strong><a href=\"https:\/\/www.unil.ch\/cin\/alainboillat\" target=\"_blank\" rel=\"noopener\">Alain Boillat<\/a><\/strong><\/span> et\u00a0<span style=\"text-decoration: underline\"><strong><a href=\"https:\/\/www.unil.ch\/cin\/charlesantoinecourcoux\" target=\"_blank\" rel=\"noopener\">Charles-Antoine Courcoux<\/a><\/strong><\/span> (Section d\u2019histoire et esth\u00e9tique du cin\u00e9ma).<\/span><br \/>\n<span style=\"color: #446688\">Collaboratrice scientifique (postdoc) : <span style=\"text-decoration: underline\"><strong><a href=\"https:\/\/www.unil.ch\/cin\/home\/menuinst\/collaborateurstrices\/chedaleux-delphine.html\" target=\"_blank\" rel=\"noopener\">Delphine Chedaleux<\/a><\/strong><\/span>.<\/span><br \/>\n<span style=\"color: #446688\">Doctorante FNS : <span style=\"text-decoration: underline\"><strong><a href=\"https:\/\/www.unil.ch\/cin\/home\/menuinst\/collaborateurstrices\/rohner-jeanne.html\" target=\"_blank\" rel=\"noopener\">Jeanne Rohner<\/a><\/strong><\/span>.<\/span><br \/>\n<span style=\"color: #446688\">D\u00e9but\/fin\u00a0: 01.07.2016 &#8211; 30.06.2020<\/span><\/p>\n<p style=\"text-align: justify;font-size: small\"><a href=\"https:\/\/p3.snf.ch\/Project-166366\"><img loading=\"lazy\" decoding=\"async\" class=\"alignnone wp-image-3017\" src=\"https:\/\/wp.unil.ch\/cinematheque-unil\/files\/2014\/02\/LOGO_FNS-300x81.jpg\" alt=\"LOGO_FNS\" width=\"200\" height=\"54\" srcset=\"https:\/\/wp.unil.ch\/cinematheque-unil\/files\/2014\/02\/LOGO_FNS-300x81.jpg 300w, https:\/\/wp.unil.ch\/cinematheque-unil\/files\/2014\/02\/LOGO_FNS-500x134.jpg 500w, https:\/\/wp.unil.ch\/cinematheque-unil\/files\/2014\/02\/LOGO_FNS.jpg 666w\" sizes=\"auto, (max-width: 200px) 100vw, 200px\" \/><\/a><\/p>\n<p style=\"text-align: justify;font-size: small\"><em>Voir aussi la <a title=\"FNS\" href=\"https:\/\/p3.snf.ch\/Project-166366\" target=\"_blank\" rel=\"noopener\">page<\/a> du Fonds national suisse de la recherche scientifique.<\/em><\/p>\n","protected":false},"excerpt":{"rendered":"<p>Projets Personnage et vedettariat au prisme du genre Pr\u00e9sentation Personnage et vedettariat au prisme du genre (gender) : \u00e9tude de la fabrique des repr\u00e9sentations cin\u00e9matographiques (fonds Claude Autant-Lara, Cin\u00e9math\u00e8que suisse) Ce projet de recherche dirig\u00e9 par Alain Boillat et Charles-Antoine<\/p>\n","protected":false},"author":1469,"featured_media":0,"parent":3432,"menu_order":12,"comment_status":"closed","ping_status":"closed","template":"","meta":{"_seopress_robots_primary_cat":"","_seopress_titles_title":"","_seopress_titles_desc":"","_seopress_robots_index":"","footnotes":""},"class_list":["post-3439","page","type-page","status-publish"],"_links":{"self":[{"href":"https:\/\/wp.unil.ch\/cinematheque-unil\/wp-json\/wp\/v2\/pages\/3439","targetHints":{"allow":["GET"]}}],"collection":[{"href":"https:\/\/wp.unil.ch\/cinematheque-unil\/wp-json\/wp\/v2\/pages"}],"about":[{"href":"https:\/\/wp.unil.ch\/cinematheque-unil\/wp-json\/wp\/v2\/types\/page"}],"author":[{"embeddable":true,"href":"https:\/\/wp.unil.ch\/cinematheque-unil\/wp-json\/wp\/v2\/users\/1469"}],"replies":[{"embeddable":true,"href":"https:\/\/wp.unil.ch\/cinematheque-unil\/wp-json\/wp\/v2\/comments?post=3439"}],"version-history":[{"count":0,"href":"https:\/\/wp.unil.ch\/cinematheque-unil\/wp-json\/wp\/v2\/pages\/3439\/revisions"}],"up":[{"embeddable":true,"href":"https:\/\/wp.unil.ch\/cinematheque-unil\/wp-json\/wp\/v2\/pages\/3432"}],"wp:attachment":[{"href":"https:\/\/wp.unil.ch\/cinematheque-unil\/wp-json\/wp\/v2\/media?parent=3439"}],"curies":[{"name":"wp","href":"https:\/\/api.w.org\/{rel}","templated":true}]}}