{"id":3432,"date":"2016-04-05T16:16:11","date_gmt":"2016-04-05T14:16:11","guid":{"rendered":"http:\/\/wp.unil.ch\/cinematheque-unil\/?page_id=3432"},"modified":"2018-05-31T16:33:50","modified_gmt":"2018-05-31T14:33:50","slug":"personnage-et-vedettariat-au-prisme-du-genre","status":"publish","type":"page","link":"https:\/\/wp.unil.ch\/cinematheque-unil\/projets\/personnage-et-vedettariat-au-prisme-du-genre\/","title":{"rendered":"Personnage et vedettariat au prisme du genre"},"content":{"rendered":"<div style=\"background-color: #f5f5f5\">\n<p style=\"color: #24445c;text-align: center;font-size: large\"><strong>Personnage et vedettariat au prisme du genre (<em>gender<\/em>) :<\/strong><br \/>\n<strong>\u00e9tude de la fabrique des repr\u00e9sentations cin\u00e9matographiques<br \/>\n(fonds Claude Autant-Lara, Cin\u00e9math\u00e8que suisse)<\/strong><\/p>\n<p style=\"text-align: center;font-size: large\"><a href=\"https:\/\/wp.unil.ch\/cinematheque-unil\/files\/2016\/04\/diable.jpg\"><img loading=\"lazy\" decoding=\"async\" class=\"aligncenter\" src=\"https:\/\/wp.unil.ch\/cinematheque-unil\/files\/2016\/04\/SECTION_06.jpg\" alt=\"Affiche du &lt;em&gt;Diable au corps&lt;\/em&gt;, Claude Autant-Lara, 1947.\" width=\"1024\" height=\"300\" \/><\/a><\/p>\n<p style=\"text-align: center;font-size: small\"><a title=\"Pr\u00e9sentation\" href=\"https:\/\/wp.unil.ch\/cinematheque-unil\/projets\/personnage-et-vedettariat-au-prisme-du-genre\/presentation-3\/\">PR\u00c9SENTATION<\/a>\u00a0| <a href=\"https:\/\/wp.unil.ch\/cinematheque-unil\/projets\/personnage-et-vedettariat-au-prisme-du-genre\/projet-de-these\/\">PROJET DE TH\u00c8SE<\/a> | <a title=\"Bibliographie s\u00e9lective\" href=\"https:\/\/wp.unil.ch\/cinematheque-unil\/projets\/personnage-et-vedettariat-au-prisme-du-genre\/bibliographie-selective\/\">BIBLIOGRAPHIE S\u00c9LECTIVE<\/a><br \/>\n<a title=\"Publications li\u00e9es au projet\" href=\"https:\/\/wp.unil.ch\/cinematheque-unil\/projets\/personnage-et-vedettariat-au-prisme-du-genre\/publications-liees-au-projet\/\">PUBLICATIONS LI\u00c9ES AU PROJET<\/a> | <a href=\"https:\/\/wp.unil.ch\/cinematheque-unil\/projets\/personnage-et-vedettariat-au-prisme-du-genre\/journees-detude-et-colloques-2\/\">JOURN\u00c9ES D&rsquo;\u00c9TUDE ET COLLOQUES<\/a> | <a href=\"https:\/\/wp.unil.ch\/cinematheque-unil\/projets\/personnage-et-vedettariat-au-prisme-du-genre\/conferences\/\">CONF\u00c9RENCES<\/a><\/p>\n<p style=\"font-size: small;text-align: right\">Illustration : affiche du <em>Diable au corps<\/em>, Claude Autant-Lara, 1947.<\/p>\n<\/div>\n","protected":false},"excerpt":{"rendered":"<p>Personnage et vedettariat au prisme du genre (gender) : \u00e9tude de la fabrique des repr\u00e9sentations cin\u00e9matographiques (fonds Claude Autant-Lara, Cin\u00e9math\u00e8que suisse) PR\u00c9SENTATION\u00a0| PROJET DE TH\u00c8SE | BIBLIOGRAPHIE S\u00c9LECTIVE PUBLICATIONS LI\u00c9ES AU PROJET | JOURN\u00c9ES D&rsquo;\u00c9TUDE ET COLLOQUES | CONF\u00c9RENCES Illustration<\/p>\n","protected":false},"author":1469,"featured_media":0,"parent":79,"menu_order":51,"comment_status":"closed","ping_status":"closed","template":"","meta":{"_seopress_robots_primary_cat":"","_seopress_titles_title":"","_seopress_titles_desc":"","_seopress_robots_index":"","footnotes":""},"class_list":["post-3432","page","type-page","status-publish"],"_links":{"self":[{"href":"https:\/\/wp.unil.ch\/cinematheque-unil\/wp-json\/wp\/v2\/pages\/3432","targetHints":{"allow":["GET"]}}],"collection":[{"href":"https:\/\/wp.unil.ch\/cinematheque-unil\/wp-json\/wp\/v2\/pages"}],"about":[{"href":"https:\/\/wp.unil.ch\/cinematheque-unil\/wp-json\/wp\/v2\/types\/page"}],"author":[{"embeddable":true,"href":"https:\/\/wp.unil.ch\/cinematheque-unil\/wp-json\/wp\/v2\/users\/1469"}],"replies":[{"embeddable":true,"href":"https:\/\/wp.unil.ch\/cinematheque-unil\/wp-json\/wp\/v2\/comments?post=3432"}],"version-history":[{"count":0,"href":"https:\/\/wp.unil.ch\/cinematheque-unil\/wp-json\/wp\/v2\/pages\/3432\/revisions"}],"up":[{"embeddable":true,"href":"https:\/\/wp.unil.ch\/cinematheque-unil\/wp-json\/wp\/v2\/pages\/79"}],"wp:attachment":[{"href":"https:\/\/wp.unil.ch\/cinematheque-unil\/wp-json\/wp\/v2\/media?parent=3432"}],"curies":[{"name":"wp","href":"https:\/\/api.w.org\/{rel}","templated":true}]}}