{"id":3382,"date":"2016-03-01T15:49:51","date_gmt":"2016-03-01T14:49:51","guid":{"rendered":"http:\/\/wp.unil.ch\/cinematheque-unil\/?page_id=3382"},"modified":"2018-10-12T11:08:53","modified_gmt":"2018-10-12T09:08:53","slug":"boris-lehman-a-la-cinematheque-suisse","status":"publish","type":"page","link":"https:\/\/wp.unil.ch\/cinematheque-unil\/evenements\/boris-lehman-a-la-cinematheque-suisse\/","title":{"rendered":"Cycle de projections <em>Babel<\/em> de Boris Lehman"},"content":{"rendered":"<ol class=\"breadcrumb\">\n<li><a href=\"https:\/\/wp.unil.ch\/cinematheque-unil\/evenements\/\">\u00c9v\u00e9nements<\/a><\/li>\n<li class=\"current\"><a href=\"https:\/\/wp.unil.ch\/cinematheque-unil\/evenements\/boris-lehman-a-la-cinematheque-suisse\/\">Boris Lehman \u00e0 la Cin\u00e9math\u00e8que suisse<\/a><\/li>\n<\/ol>\n<h6 style=\"text-align: center\">Cycle de projections<\/h6>\n<h5 style=\"text-align: center\"><em>Babel<\/em><\/h5>\n<h6 style=\"text-align: center\">Boris Lehman \u00e0 la Cin\u00e9math\u00e8que suisse<\/h6>\n<p style=\"text-align: center\">15-22 mars 2016<\/p>\n<p style=\"text-align: center;font-size: medium\">\n<a href=\"https:\/\/wp.unil.ch\/cinematheque-unil\/files\/2016\/03\/CS-Lehman.jpg\"><img loading=\"lazy\" decoding=\"async\" class=\"aligncenter size-full wp-image-3387\" src=\"https:\/\/wp.unil.ch\/cinematheque-unil\/files\/2016\/03\/CS-Lehman.jpg\" alt=\"Lettre \u00e0 mes amis rest\u00e9s en Belgique de et avec Boris Lehman (1983-1991)\" width=\"612\" height=\"435\" srcset=\"https:\/\/wp.unil.ch\/cinematheque-unil\/files\/2016\/03\/CS-Lehman.jpg 612w, https:\/\/wp.unil.ch\/cinematheque-unil\/files\/2016\/03\/CS-Lehman-300x213.jpg 300w, https:\/\/wp.unil.ch\/cinematheque-unil\/files\/2016\/03\/CS-Lehman-422x300.jpg 422w\" sizes=\"auto, (max-width: 612px) 100vw, 612px\" \/><\/a><\/p>\n<p style=\"text-align: center;font-size: small\"><strong>R\u00e9sum\u00e9 de pr\u00e9sentation<\/strong><\/p>\n<p style=\"text-align: justify\">Avec <em>Babel<\/em>, Boris Lehman a retourn\u00e9 la cam\u00e9ra vers lui pour paradoxalement faire le portait des autres. Il cr\u00e9e ainsi une forme nouvelle d\u2019autobiographie film\u00e9e, o\u00f9 chacun joue son propre r\u00f4le, o\u00f9 les \u00e9v\u00e9nements de la vie courante sont fictionnalis\u00e9s. Un projet sur trente ans qui a boulevers\u00e9 l\u2019existence du cin\u00e9aste : \u00ab Ma vie est devenu le sc\u00e9nario d\u2019un film qui lui-m\u00eame est devenu ma vie \u00bb se pla\u00eet-il \u00e0 dire. Les cinq premiers chapitres de <em>Babel<\/em> sont au programme fin mars. Les deux derniers chapitres sont eux \u00e0 d\u00e9couvrir le 22 mars en premi\u00e8re suisse et en pr\u00e9sence de Boris Lehman.\n<\/p>\n<p style=\"font-size: small;text-align: center\"><strong>Extrait du bulletin de la Cin\u00e9math\u00e8que suisse avec programme<\/strong><\/p>\n<p style=\"font-size: small;text-align: center\"><a href=\"https:\/\/wp.unil.ch\/cinematheque-unil\/files\/2016\/03\/CS268-Lehman.pdf\">T\u00e9l\u00e9charger.<\/a><\/p>\n<p style=\"font-size: small;text-align: center\"><strong>Illustration<\/strong><\/p>\n<p style=\"font-size: small;text-align: center\"><em>Lettre \u00e0 mes amis rest\u00e9s en Belgique<\/em> de et avec Boris Lehman (1983-1991).<\/p>\n","protected":false},"excerpt":{"rendered":"<p>\u00c9v\u00e9nements Boris Lehman \u00e0 la Cin\u00e9math\u00e8que suisse Cycle de projections Babel Boris Lehman \u00e0 la Cin\u00e9math\u00e8que suisse 15-22 mars 2016 R\u00e9sum\u00e9 de pr\u00e9sentation Avec Babel, Boris Lehman a retourn\u00e9 la cam\u00e9ra vers lui pour paradoxalement faire le portait des autres.<\/p>\n","protected":false},"author":1469,"featured_media":0,"parent":1226,"menu_order":21,"comment_status":"closed","ping_status":"closed","template":"","meta":{"_seopress_robots_primary_cat":"","_seopress_titles_title":"","_seopress_titles_desc":"","_seopress_robots_index":"","footnotes":""},"class_list":["post-3382","page","type-page","status-publish"],"_links":{"self":[{"href":"https:\/\/wp.unil.ch\/cinematheque-unil\/wp-json\/wp\/v2\/pages\/3382","targetHints":{"allow":["GET"]}}],"collection":[{"href":"https:\/\/wp.unil.ch\/cinematheque-unil\/wp-json\/wp\/v2\/pages"}],"about":[{"href":"https:\/\/wp.unil.ch\/cinematheque-unil\/wp-json\/wp\/v2\/types\/page"}],"author":[{"embeddable":true,"href":"https:\/\/wp.unil.ch\/cinematheque-unil\/wp-json\/wp\/v2\/users\/1469"}],"replies":[{"embeddable":true,"href":"https:\/\/wp.unil.ch\/cinematheque-unil\/wp-json\/wp\/v2\/comments?post=3382"}],"version-history":[{"count":0,"href":"https:\/\/wp.unil.ch\/cinematheque-unil\/wp-json\/wp\/v2\/pages\/3382\/revisions"}],"up":[{"embeddable":true,"href":"https:\/\/wp.unil.ch\/cinematheque-unil\/wp-json\/wp\/v2\/pages\/1226"}],"wp:attachment":[{"href":"https:\/\/wp.unil.ch\/cinematheque-unil\/wp-json\/wp\/v2\/media?parent=3382"}],"curies":[{"name":"wp","href":"https:\/\/api.w.org\/{rel}","templated":true}]}}