{"id":3345,"date":"2016-02-23T15:53:29","date_gmt":"2016-02-23T14:53:29","guid":{"rendered":"http:\/\/wp.unil.ch\/cinematheque-unil\/?page_id=3345"},"modified":"2018-06-10T02:45:38","modified_gmt":"2018-06-10T00:45:38","slug":"catalogue-dappareils","status":"publish","type":"page","link":"https:\/\/wp.unil.ch\/cinematheque-unil\/projets\/bolex-et-le-cinema-amateur\/bibliographie-selective\/catalogue-dappareils\/","title":{"rendered":"Catalogues d&rsquo;appareils"},"content":{"rendered":"<ol class=\"breadcrumb\">\n<li><a href=\"https:\/\/wp.unil.ch\/cinematheque-unil\/projets\/\">Projets<\/a><\/li>\n<li><a href=\"https:\/\/wp.unil.ch\/cinematheque-unil\/projets\/bolex-et-le-cinema-amateur\/\">Bolex et le cin\u00e9ma amateur en Suisse<\/a><\/li>\n<li><a href=\"https:\/\/wp.unil.ch\/cinematheque-unil\/projets\/bolex-et-le-cinema-amateur\/bibliographie-selective\/\">Bibliographie s\u00e9lective<\/a><\/li>\n<li class=\"current\"><a href=\"https:\/\/wp.unil.ch\/cinematheque-unil\/projets\/bolex-et-le-cinema-amateur\/bibliographie-selective\/catalogue-dappareils\/\">Catalogues d&rsquo;appareils<\/a><\/li>\n<\/ol>\n<div style=\"margin-left: 138px;text-indent: -34px\">\n<p style=\"text-align: justify;font-size: small\">Lutz Auhage, J\u00fcrgen Lossau, <em>Nizo<\/em>, Hamburg, Atoll Medien, 2012.<\/p>\n<p style=\"text-align: justify;font-size: small\">Alan Kattelle, <em>Home Movies: A History of the American Industry, 1897-1979<\/em>, Nashua, Transition Publishing, 2000.<\/p>\n<p style=\"text-align: justify;font-size: small\">J\u00fcrgen Lossau, <em>Filmkameras\/Movie cameras: 16 mm, 9,5 mm, 8 mm, Single-8, Super-8<\/em>, Hamburg, Atoll Medien, 2000.<\/p>\n<p style=\"text-align: justify;font-size: small\">J\u00fcrgen Lossau, <em>Cut<\/em>, Hamburg, Atoll Medien, 2001.<\/p>\n<p style=\"text-align: justify;font-size: small\">J\u00fcrgen Lossau, <em>The Complete Catalog of Movie Cameras<\/em>, Hamburg, Atoll Medien, 2003.<\/p>\n<p style=\"text-align: justify;font-size: small\">J\u00fcrgen Lossau, <em>Movie projectors: 16 mm, 9,5 mm, 8 mm, single-8, super-8: the Definitive International Guide<\/em>, Hamburg, Atoll Medien, 2005.<\/p>\n<p style=\"text-align: justify;font-size: small\">J\u00fcrgen Lossau, <em>Super 8: Handbuch f\u00fcr Schmalfilmen im digitalen Zeitalter\/The Film Handbook for Digital Age<\/em>, Hamburg, Atoll Medien, 2011.<\/p>\n<\/div>\n","protected":false},"excerpt":{"rendered":"<p>Projets Bolex et le cin\u00e9ma amateur en Suisse Bibliographie s\u00e9lective Catalogues d&rsquo;appareils Lutz Auhage, J\u00fcrgen Lossau, Nizo, Hamburg, Atoll Medien, 2012. Alan Kattelle, Home Movies: A History of the American Industry, 1897-1979, Nashua, Transition Publishing, 2000. J\u00fcrgen Lossau, Filmkameras\/Movie cameras:<\/p>\n","protected":false},"author":1469,"featured_media":0,"parent":1781,"menu_order":24,"comment_status":"closed","ping_status":"closed","template":"","meta":{"_seopress_robots_primary_cat":"","_seopress_titles_title":"","_seopress_titles_desc":"","_seopress_robots_index":"","footnotes":""},"class_list":["post-3345","page","type-page","status-publish"],"_links":{"self":[{"href":"https:\/\/wp.unil.ch\/cinematheque-unil\/wp-json\/wp\/v2\/pages\/3345","targetHints":{"allow":["GET"]}}],"collection":[{"href":"https:\/\/wp.unil.ch\/cinematheque-unil\/wp-json\/wp\/v2\/pages"}],"about":[{"href":"https:\/\/wp.unil.ch\/cinematheque-unil\/wp-json\/wp\/v2\/types\/page"}],"author":[{"embeddable":true,"href":"https:\/\/wp.unil.ch\/cinematheque-unil\/wp-json\/wp\/v2\/users\/1469"}],"replies":[{"embeddable":true,"href":"https:\/\/wp.unil.ch\/cinematheque-unil\/wp-json\/wp\/v2\/comments?post=3345"}],"version-history":[{"count":0,"href":"https:\/\/wp.unil.ch\/cinematheque-unil\/wp-json\/wp\/v2\/pages\/3345\/revisions"}],"up":[{"embeddable":true,"href":"https:\/\/wp.unil.ch\/cinematheque-unil\/wp-json\/wp\/v2\/pages\/1781"}],"wp:attachment":[{"href":"https:\/\/wp.unil.ch\/cinematheque-unil\/wp-json\/wp\/v2\/media?parent=3345"}],"curies":[{"name":"wp","href":"https:\/\/api.w.org\/{rel}","templated":true}]}}