{"id":3331,"date":"2016-02-28T22:30:47","date_gmt":"2016-02-28T21:30:47","guid":{"rendered":"http:\/\/wp.unil.ch\/cinematheque-unil\/?page_id=3331"},"modified":"2018-10-12T11:06:25","modified_gmt":"2018-10-12T09:06:25","slug":"colloque-des-cine-clubs-aux-cinematheques-linstitution-du-patrimoine-cinematographique","status":"publish","type":"page","link":"https:\/\/wp.unil.ch\/cinematheque-unil\/evenements\/colloque-des-cine-clubs-aux-cinematheques-linstitution-du-patrimoine-cinematographique\/","title":{"rendered":"Colloque \u00ab Des cin\u00e9-clubs aux cin\u00e9math\u00e8ques : l\u2019institution du patrimoine cin\u00e9matographique \u00bb"},"content":{"rendered":"<ol class=\"breadcrumb\">\n<li><a href=\"https:\/\/wp.unil.ch\/cinematheque-unil\/evenements\/\">\u00c9v\u00e9nements<\/a><\/li>\n<li class=\"current\"><a href=\"https:\/\/wp.unil.ch\/cinematheque-unil\/evenements\/colloque-des-cine-clubs-aux-cinematheques-linstitution-du-patrimoine-cinematographique\/\">Des cin\u00e9-clubs aux cin\u00e9math\u00e8ques<\/a><\/li>\n<\/ol>\n<h6 style=\"text-align: center\">Colloque<\/h6>\n<h5 style=\"text-align: center\">\u00ab Des cin\u00e9-clubs aux cin\u00e9math\u00e8ques : l\u2019institution du patrimoine cin\u00e9matographique\u00a0\u00bb<\/h5>\n<h6 style=\"text-align: center\">sous la direction de Fran\u00e7ois Albera<\/h6>\n<p style=\"text-align: center\">7-8 avril 2016<\/p>\n<p style=\"text-align: center;font-size: medium\"><a href=\"https:\/\/wp.unil.ch\/cinematheque-unil\/files\/2016\/04\/programme_colloque_cineclub.jpg\"><img loading=\"lazy\" decoding=\"async\" class=\"aligncenter size-full wp-image-3488\" src=\"https:\/\/wp.unil.ch\/cinematheque-unil\/files\/2016\/04\/programme_colloque_cineclub.jpg\" alt=\"affiche colloque cineclub\" width=\"1132\" height=\"800\" srcset=\"https:\/\/wp.unil.ch\/cinematheque-unil\/files\/2016\/04\/programme_colloque_cineclub.jpg 1132w, https:\/\/wp.unil.ch\/cinematheque-unil\/files\/2016\/04\/programme_colloque_cineclub-300x212.jpg 300w, https:\/\/wp.unil.ch\/cinematheque-unil\/files\/2016\/04\/programme_colloque_cineclub-768x543.jpg 768w, https:\/\/wp.unil.ch\/cinematheque-unil\/files\/2016\/04\/programme_colloque_cineclub-1024x724.jpg 1024w, https:\/\/wp.unil.ch\/cinematheque-unil\/files\/2016\/04\/programme_colloque_cineclub-425x300.jpg 425w\" sizes=\"auto, (max-width: 1132px) 100vw, 1132px\" \/><\/a><\/p>\n<p style=\"text-align: justify\">Organis\u00e9 dans le cadre du projet soutenu par le Fonds national suisse de la recherche scientifique, \u00ab Cin\u00e9math\u00e8que suisse : une histoire institutionnelle \u00bb, dirig\u00e9 par Fran\u00e7ois Albera, le pr\u00e9sent colloque se propose de revenir sur les modalit\u00e9s d\u2019\u00e9mergence des archives cin\u00e9matographiques en Europe et dans le monde, \u00e0 partir du milieu des ann\u00e9es 1930 et au lendemain de la Deuxi\u00e8me Guerre mondiale. Partant du cas des Archives cin\u00e9matographiques suisses de B\u00e2le (1943-1948) et de la fondation de la Cin\u00e9math\u00e8que suisse \u00e0 Lausanne (1948), les chercheuses et chercheurs sont invit\u00e9s \u00e0 exposer les histoires singuli\u00e8res des organismes (cin\u00e9math\u00e8ques, archives cin\u00e9matographiques) ayant d\u00e9velopp\u00e9 un projet similaire.<\/p>\n<p style=\"text-align: justify\">Il s\u2019agira \u00e0 la fois d\u2019en questionner les sp\u00e9cificit\u00e9s et d&rsquo;\u00e9prouver l\u2019existence d&rsquo;\u00e9ventuels sch\u00e9mas transnationaux, en confrontant notamment les contextes politiques et culturels, le r\u00f4le des cin\u00e9-clubs, la part des pouvoirs publics, le poids et la nature des r\u00e9seaux ou encore la d\u00e9finition des missions que se donnent les cin\u00e9math\u00e8ques en leur d\u00e9but. En stimulant le partage de connaissances sur cette \u00e9poque pionni\u00e8re, alors m\u00eame que les institutions patrimoniales cin\u00e9matographiques sont nombreuses \u00e0 affronter aujourd\u2019hui crises de croissance et nouveaux d\u00e9fis technologiques, on interrogera l\u2019histoire d\u2019un passage et d\u2019une institutionnalisation : celle du patrimoine cin\u00e9matographique, des cin\u00e9-clubs aux cin\u00e9math\u00e8ques.<\/p>\n<p style=\"text-align: justify\">Intervenants: Francois Albera; Alessia Bottani; Christophe Dupin; Marie Frappat; Christophe Gauthier; Pierre-Emmanuel Jaques; Adilson Mendes; Andr\u00e9 Stufkens; Thomas Tode; Val\u00e9rie Vignaux.<br \/>\nAvec la participation de Freddy Buache, Fr\u00e9d\u00e9ric Maire.<\/p>\n<p style=\"text-align: justify\">Le colloque se d\u00e9roule le jeudi 7 (9h30 &#8211; 17h30; projection \u00e0 18h30) et vendredi 8 avril de 9h30 \u00e0 16h00.<\/p>\n<p style=\"font-size: small;text-align: center\"><strong>Programme<\/strong><\/p>\n<p style=\"font-size: small;text-align: center\"><a href=\"https:\/\/wp.unil.ch\/cinematheque-unil\/files\/2016\/04\/programme_colloque_cineclub.pdf\">T\u00e9l\u00e9charger.<\/a><\/p>\n<p style=\"font-size: small;text-align: center\"><strong>Extrait du bulletin de la Cin\u00e9math\u00e8que suisse<\/strong><\/p>\n<p style=\"font-size: small;text-align: center\"><a href=\"https:\/\/wp.unil.ch\/cinematheque-unil\/files\/2016\/02\/CS268-cineclub.pdf\">T\u00e9l\u00e9charger.<\/a><\/p>\n","protected":false},"excerpt":{"rendered":"<p>\u00c9v\u00e9nements Des cin\u00e9-clubs aux cin\u00e9math\u00e8ques Colloque \u00ab Des cin\u00e9-clubs aux cin\u00e9math\u00e8ques : l\u2019institution du patrimoine cin\u00e9matographique\u00a0\u00bb sous la direction de Fran\u00e7ois Albera 7-8 avril 2016 Organis\u00e9 dans le cadre du projet soutenu par le Fonds national suisse de la recherche<\/p>\n","protected":false},"author":1469,"featured_media":0,"parent":1226,"menu_order":21,"comment_status":"closed","ping_status":"closed","template":"","meta":{"_seopress_robots_primary_cat":"","_seopress_titles_title":"","_seopress_titles_desc":"","_seopress_robots_index":"","footnotes":""},"class_list":["post-3331","page","type-page","status-publish"],"_links":{"self":[{"href":"https:\/\/wp.unil.ch\/cinematheque-unil\/wp-json\/wp\/v2\/pages\/3331","targetHints":{"allow":["GET"]}}],"collection":[{"href":"https:\/\/wp.unil.ch\/cinematheque-unil\/wp-json\/wp\/v2\/pages"}],"about":[{"href":"https:\/\/wp.unil.ch\/cinematheque-unil\/wp-json\/wp\/v2\/types\/page"}],"author":[{"embeddable":true,"href":"https:\/\/wp.unil.ch\/cinematheque-unil\/wp-json\/wp\/v2\/users\/1469"}],"replies":[{"embeddable":true,"href":"https:\/\/wp.unil.ch\/cinematheque-unil\/wp-json\/wp\/v2\/comments?post=3331"}],"version-history":[{"count":0,"href":"https:\/\/wp.unil.ch\/cinematheque-unil\/wp-json\/wp\/v2\/pages\/3331\/revisions"}],"up":[{"embeddable":true,"href":"https:\/\/wp.unil.ch\/cinematheque-unil\/wp-json\/wp\/v2\/pages\/1226"}],"wp:attachment":[{"href":"https:\/\/wp.unil.ch\/cinematheque-unil\/wp-json\/wp\/v2\/media?parent=3331"}],"curies":[{"name":"wp","href":"https:\/\/api.w.org\/{rel}","templated":true}]}}