{"id":3274,"date":"2016-01-12T14:58:40","date_gmt":"2016-01-12T13:58:40","guid":{"rendered":"http:\/\/wp.unil.ch\/cinematheque-unil\/?page_id=3274"},"modified":"2018-06-10T02:26:33","modified_gmt":"2018-06-10T00:26:33","slug":"publications","status":"publish","type":"page","link":"https:\/\/wp.unil.ch\/cinematheque-unil\/projets\/bolex-et-le-cinema-amateur\/publications\/","title":{"rendered":"Publications"},"content":{"rendered":"<ol class=\"breadcrumb\">\n<li><a href=\"https:\/\/wp.unil.ch\/cinematheque-unil\/projets\/\">Projets<\/a><\/li>\n<li><a href=\"https:\/\/wp.unil.ch\/cinematheque-unil\/projets\/bolex-et-le-cinema-amateur\/\">Bolex et le cin\u00e9ma amateur en Suisse<\/a><\/li>\n<li class=\"current\"><a href=\"https:\/\/wp.unil.ch\/cinematheque-unil\/projets\/bolex-et-le-cinema-amateur\/publications\/\">Publications<\/a><\/li>\n<\/ol>\n<div style=\"background-color: #f5f5f5\">\n<h3 style=\"text-align: center\">Publications<\/h3>\n<p style=\"text-align: justify;font-size: medium;margin-left: 138px;text-indent: -34px\"><a href=\"https:\/\/wp.unil.ch\/cinematheque-unil\/files\/2018\/04\/PUBLICATION_BOLEX_SCHMIDT_01.pdf\">Alexandra Schmidt, \u00ab <em>Bolex Reporter<\/em> : les premi\u00e8res ann\u00e9es d\u2019une revue promotionnelle entre la Suisse et les \u00c9tats-Unis \u00bb, in Fr\u00e9d\u00e9ric Maire et Maria Tortajada (dir.), site Web <em>La Collaboration UNIL+Cin\u00e9math\u00e8que suisse<\/em>, www.unil-cinematheque.ch, avril 2018.<\/a><\/p>\n<p style=\"text-align: justify;font-size: medium;margin-left: 138px;text-indent: -34px\"><a href=\"https:\/\/wp.unil.ch\/cinematheque-unil\/files\/2016\/01\/Aide-visite_FR_WEB.pdf\">Nicolas Dulac, Vincent Sorrel et St\u00e9phane Tralongo, <em>La machine Bolex. Les horizons amateurs du cin\u00e9ma<\/em>, Veyrier-du-Lac\/Lausanne, Cin\u00e9math\u00e8que des Pays de Savoie et de l\u2019Ain\/La Collaboration UNIL+Cin\u00e9math\u00e8que suisse, 2017.<\/a><\/p>\n<p style=\"text-align: justify;font-size: medium;margin-left: 138px;text-indent: -34px\">Nicolas Dulac, Vincent Sorrel et St\u00e9phane Tralongo, \u00ab Bolex. Les horizons amateurs du cin\u00e9ma \u00bb, <em>L\u2019Alpe<\/em>, n\u00b078, automne 2017, pp. 72-79.<\/p>\n<p style=\"text-align: justify;font-size: medium;margin-left: 138px;text-indent: -34px\"><a href=\"https:\/\/wp.unil.ch\/cinematheque-unil\/files\/2016\/01\/PUBLICATION_BOLEX_TRALONGO_01.pdf\">St\u00e9phane Tralongo, \u00ab L\u2019\u0153il \u00e9lectronique. Bolex et la \u201cpr\u00e9cision suisse\u201d \u00e0 l\u2019\u00e9preuve de l\u2019automatisation \u00bb, <em>D\u00e9cadrages. Cin\u00e9ma, \u00e0 travers champs<\/em>, n\u00b031, automne 2015, pp. 105-125.<\/a><\/p>\n<\/div>\n","protected":false},"excerpt":{"rendered":"<p>Projets Bolex et le cin\u00e9ma amateur en Suisse Publications Publications Alexandra Schmidt, \u00ab Bolex Reporter : les premi\u00e8res ann\u00e9es d\u2019une revue promotionnelle entre la Suisse et les \u00c9tats-Unis \u00bb, in Fr\u00e9d\u00e9ric Maire et Maria Tortajada (dir.), site Web La Collaboration<\/p>\n","protected":false},"author":1469,"featured_media":0,"parent":1413,"menu_order":27,"comment_status":"closed","ping_status":"closed","template":"","meta":{"_seopress_robots_primary_cat":"","_seopress_titles_title":"","_seopress_titles_desc":"","_seopress_robots_index":"","footnotes":""},"class_list":["post-3274","page","type-page","status-publish"],"_links":{"self":[{"href":"https:\/\/wp.unil.ch\/cinematheque-unil\/wp-json\/wp\/v2\/pages\/3274","targetHints":{"allow":["GET"]}}],"collection":[{"href":"https:\/\/wp.unil.ch\/cinematheque-unil\/wp-json\/wp\/v2\/pages"}],"about":[{"href":"https:\/\/wp.unil.ch\/cinematheque-unil\/wp-json\/wp\/v2\/types\/page"}],"author":[{"embeddable":true,"href":"https:\/\/wp.unil.ch\/cinematheque-unil\/wp-json\/wp\/v2\/users\/1469"}],"replies":[{"embeddable":true,"href":"https:\/\/wp.unil.ch\/cinematheque-unil\/wp-json\/wp\/v2\/comments?post=3274"}],"version-history":[{"count":0,"href":"https:\/\/wp.unil.ch\/cinematheque-unil\/wp-json\/wp\/v2\/pages\/3274\/revisions"}],"up":[{"embeddable":true,"href":"https:\/\/wp.unil.ch\/cinematheque-unil\/wp-json\/wp\/v2\/pages\/1413"}],"wp:attachment":[{"href":"https:\/\/wp.unil.ch\/cinematheque-unil\/wp-json\/wp\/v2\/media?parent=3274"}],"curies":[{"name":"wp","href":"https:\/\/api.w.org\/{rel}","templated":true}]}}