{"id":3149,"date":"2015-11-03T15:02:34","date_gmt":"2015-11-03T14:02:34","guid":{"rendered":"http:\/\/wp.unil.ch\/cinematheque-unil\/?page_id=3149"},"modified":"2018-06-10T02:51:40","modified_gmt":"2018-06-10T00:51:40","slug":"herve-dumont-et-maria-tortajada-dir-histoire-du-cinema-suisse-1966-2000-lausanne-hauterive-cinematheque-suisse-editions-gilles-attinger-2007","status":"publish","type":"page","link":"https:\/\/wp.unil.ch\/cinematheque-unil\/vitrine\/publications\/herve-dumont-et-maria-tortajada-dir-histoire-du-cinema-suisse-1966-2000-lausanne-hauterive-cinematheque-suisse-editions-gilles-attinger-2007\/","title":{"rendered":"<i>Histoire du cin\u00e9ma suisse 1966-2000<\/i>"},"content":{"rendered":"<ol class=\"breadcrumb\">\n<li><a href=\"https:\/\/wp.unil.ch\/cinematheque-unil\/vitrine\/\">Vitrine<\/a><\/li>\n<li><a href=\"https:\/\/wp.unil.ch\/cinematheque-unil\/vitrine\/publications\/\">Publications<\/a><\/li>\n<li class=\"current\"><a href=\"https:\/\/wp.unil.ch\/cinematheque-unil\/vitrine\/publications\/herve-dumont-et-maria-tortajada-dir-histoire-du-cinema-suisse-1966-2000-lausanne-hauterive-cinematheque-suisse-editions-gilles-attinger-2007\/\"><i>Histoire du cin\u00e9ma suisse 1966-2000<\/i><\/a><\/li>\n<\/ol>\n<h5>Herv\u00e9 Dumont et Maria Tortajada (dir.), <i>Histoire du cin\u00e9ma suisse 1966-2000<\/i>, Lausanne\/Hauterive, Cin\u00e9math\u00e8que suisse\/\u00c9ditions Gilles Attinger, 2007, 2 tomes<\/h5>\n<p style=\"text-align: center\"><a href=\"https:\/\/wp.unil.ch\/cinematheque-unil\/files\/2015\/11\/histoire-cinema-couverture-tome1.jpg\"><img loading=\"lazy\" decoding=\"async\" class=\"alignnone size-medium wp-image-3182\" src=\"https:\/\/wp.unil.ch\/cinematheque-unil\/files\/2015\/11\/histoire-cinema-couverture-tome1-203x300.jpg\" alt=\"histoire-cinema-couverture-tome1\" width=\"203\" height=\"300\" srcset=\"https:\/\/wp.unil.ch\/cinematheque-unil\/files\/2015\/11\/histoire-cinema-couverture-tome1-203x300.jpg 203w, https:\/\/wp.unil.ch\/cinematheque-unil\/files\/2015\/11\/histoire-cinema-couverture-tome1.jpg 542w\" sizes=\"auto, (max-width: 203px) 100vw, 203px\" \/><\/a><a href=\"https:\/\/wp.unil.ch\/cinematheque-unil\/files\/2015\/11\/histoire-cinema-couverture-tome2.jpg\"><img loading=\"lazy\" decoding=\"async\" class=\"alignnone size-medium wp-image-3181\" src=\"https:\/\/wp.unil.ch\/cinematheque-unil\/files\/2015\/11\/histoire-cinema-couverture-tome2-203x300.jpg\" alt=\"histoire-cinema-couverture-tome2\" width=\"203\" height=\"300\" srcset=\"https:\/\/wp.unil.ch\/cinematheque-unil\/files\/2015\/11\/histoire-cinema-couverture-tome2-203x300.jpg 203w, https:\/\/wp.unil.ch\/cinematheque-unil\/files\/2015\/11\/histoire-cinema-couverture-tome2.jpg 542w\" sizes=\"auto, (max-width: 203px) 100vw, 203px\" \/><\/a><\/p>\n<p style=\"text-align: center;font-size: small\"><strong>R\u00e9sum\u00e9 de pr\u00e9sentation<\/strong><\/p>\n<p style=\"text-align: justify\">Con\u00e7u comme une suite \u00e0 l\u2019<i>Histoire du cin\u00e9ma suisse. Films de fiction 1896-1965<\/i> parue vingt ans plus t\u00f4t, cet ouvrage en deux tomes propose des commentaires d\u00e9taill\u00e9s sur les films d\u2019auteurs comme Alain Tanner, Michel Soutter, Claude Goretta, Daniel Schmid, Markus Imhoof, Richard Dindo, Fredi M. Murer, etc., mais aussi une foule d\u2019autres productions, artisanales ou commerciales, au total 1222 longs m\u00e9trages incluant fictions, documentaires et t\u00e9l\u00e9films r\u00e9alis\u00e9s par des cin\u00e9astes qui dessinent un portrait diversifi\u00e9 et haut en couleur du cin\u00e9ma helv\u00e9tique r\u00e9cent.<\/p>\n<p style=\"text-align: justify\">Ce vaste projet d\u2019\u00e9dition initi\u00e9 par la Cin\u00e9math\u00e8que en collaboration avec l\u2019Universit\u00e9 de Lausanne (Section d\u2019histoire et esth\u00e9tique du cin\u00e9ma) et concr\u00e9tis\u00e9 avec l\u2019aide du Fonds national suisse a impliqu\u00e9 l\u2019engagement de six licenci\u00e9s en cin\u00e9ma charg\u00e9s de recenser de mani\u00e8re syst\u00e9matique toute la production nationale r\u00e9cente. Ces jeunes collaborateurs \u2013 Andr\u00e9 Chaperon, Laura Legast, Louise Monthoux-Porret, Jacques M\u00fchlethaler, Marthe Porret et Ingrid Telley \u2013 ont travaill\u00e9 sous la f\u00e9rule constante du directeur de la Cin\u00e9math\u00e8que suisse et de la professeure Maria Tortajada.<\/p>\n<p style=\"text-align: justify\">Le livre reprend la d\u00e9marche et l\u2019organisation g\u00e9n\u00e9rale du premier volume, comprenant fiche technique, synopsis, historique de production, tournage, accueil public et critique du film, sources bibliographiques, etc. Sans oublier les innombrables anecdotes, d\u00e9clarations et incidents qui ont \u00e9maill\u00e9 ce millier d\u2019aventures cin\u00e9matographiques. Coordination \u00e9ditoriale et index : Jacqueline Dumont.<\/p>\n<p style=\"font-size: small;text-align: center\"><em>Voir aussi la <a title=\"Cin\u00e9math\u00e8que suisse\" href=\"https:\/\/action.cinematheque.ch\/boutique\/index.php?id_product=27&amp;controller=product&amp;id_lang=1\" target=\"_blank\">page<\/a> de la Cin\u00e9math\u00e8que suisse.<\/em><\/p>\n","protected":false},"excerpt":{"rendered":"<p>Vitrine Publications Histoire du cin\u00e9ma suisse 1966-2000 Herv\u00e9 Dumont et Maria Tortajada (dir.), Histoire du cin\u00e9ma suisse 1966-2000, Lausanne\/Hauterive, Cin\u00e9math\u00e8que suisse\/\u00c9ditions Gilles Attinger, 2007, 2 tomes R\u00e9sum\u00e9 de pr\u00e9sentation Con\u00e7u comme une suite \u00e0 l\u2019Histoire du cin\u00e9ma suisse. Films de<\/p>\n","protected":false},"author":1469,"featured_media":0,"parent":3099,"menu_order":16,"comment_status":"closed","ping_status":"closed","template":"","meta":{"_seopress_robots_primary_cat":"","_seopress_titles_title":"","_seopress_titles_desc":"","_seopress_robots_index":"","footnotes":""},"class_list":["post-3149","page","type-page","status-publish"],"_links":{"self":[{"href":"https:\/\/wp.unil.ch\/cinematheque-unil\/wp-json\/wp\/v2\/pages\/3149","targetHints":{"allow":["GET"]}}],"collection":[{"href":"https:\/\/wp.unil.ch\/cinematheque-unil\/wp-json\/wp\/v2\/pages"}],"about":[{"href":"https:\/\/wp.unil.ch\/cinematheque-unil\/wp-json\/wp\/v2\/types\/page"}],"author":[{"embeddable":true,"href":"https:\/\/wp.unil.ch\/cinematheque-unil\/wp-json\/wp\/v2\/users\/1469"}],"replies":[{"embeddable":true,"href":"https:\/\/wp.unil.ch\/cinematheque-unil\/wp-json\/wp\/v2\/comments?post=3149"}],"version-history":[{"count":0,"href":"https:\/\/wp.unil.ch\/cinematheque-unil\/wp-json\/wp\/v2\/pages\/3149\/revisions"}],"up":[{"embeddable":true,"href":"https:\/\/wp.unil.ch\/cinematheque-unil\/wp-json\/wp\/v2\/pages\/3099"}],"wp:attachment":[{"href":"https:\/\/wp.unil.ch\/cinematheque-unil\/wp-json\/wp\/v2\/media?parent=3149"}],"curies":[{"name":"wp","href":"https:\/\/api.w.org\/{rel}","templated":true}]}}