{"id":3105,"date":"2015-10-20T15:44:25","date_gmt":"2015-10-20T13:44:25","guid":{"rendered":"http:\/\/wp.unil.ch\/cinematheque-unil\/?page_id=3105"},"modified":"2018-10-12T11:10:05","modified_gmt":"2018-10-12T09:10:05","slug":"soiree-de-vernissage-de-louvrage-collectif-le-film-sur-lart","status":"publish","type":"page","link":"https:\/\/wp.unil.ch\/cinematheque-unil\/evenements\/soiree-de-vernissage-de-louvrage-collectif-le-film-sur-lart\/","title":{"rendered":"Soir\u00e9e de vernissage de l\u2019ouvrage collectif <i>Le film sur l\u2019art<\/i>"},"content":{"rendered":"<ol class=\"breadcrumb\">\n<li><a href=\"https:\/\/wp.unil.ch\/cinematheque-unil\/evenements\/\">\u00c9v\u00e9nements<\/a><\/li>\n<li class=\"current\"><a href=\"https:\/\/wp.unil.ch\/cinematheque-unil\/evenements\/soiree-de-vernissage-de-louvrage-collectif-le-film-sur-lart\/\">Le film sur l\u2019art<\/a><\/li>\n<\/ol>\n<h6 style=\"text-align: center\">Soir\u00e9e\u00a0de vernissage<\/h6>\n<h5 style=\"text-align: center\"><em>Le film sur l\u2019art. Entre histoire de l\u2019art et documentaire de cr\u00e9ation<br \/>\n<\/em><\/h5>\n<h6 style=\"text-align: center\">sous la direction de Valentine Robert, Laurent Le Forestier et Fran\u00e7ois Albera<br \/>\navec la collaboration de Kornelia Imesch et Mario L\u00fcscher<\/h6>\n<p style=\"text-align: center\">26 novembre\u00a02015<\/p>\n<p style=\"text-align: center;font-size: medium\"><a href=\"https:\/\/wp.unil.ch\/cinematheque-unil\/files\/2015\/10\/COUVERTURE_LIVRE_FILM_ART.jpg\"><img loading=\"lazy\" decoding=\"async\" class=\"aligncenter size-full wp-image-3115\" src=\"https:\/\/wp.unil.ch\/cinematheque-unil\/files\/2015\/10\/COUVERTURE_LIVRE_FILM_ART.jpg\" alt=\"COUVERTURE_LIVRE_FILM_ART\" width=\"608\" height=\"750\" srcset=\"https:\/\/wp.unil.ch\/cinematheque-unil\/files\/2015\/10\/COUVERTURE_LIVRE_FILM_ART.jpg 608w, https:\/\/wp.unil.ch\/cinematheque-unil\/files\/2015\/10\/COUVERTURE_LIVRE_FILM_ART-243x300.jpg 243w\" sizes=\"auto, (max-width: 608px) 100vw, 608px\" \/><\/a><\/p>\n<p style=\"text-align: center\"><strong>R\u00e9sum\u00e9 de pr\u00e9sentation<\/strong><\/p>\n<p style=\"text-align: justify\">Les amateurs d\u2019art comme de cin\u00e9ma sont convi\u00e9s \u00e0 une rencontre autour d\u2019un ouvrage consacr\u00e9 aux films sur l\u2019art, issu du <a href=\"https:\/\/wp.unil.ch\/cinematheque-unil\/evenements\/colloque-le-film-sur-lart-entre-histoire-de-lart-et-documentaire-de-creation\/\">colloque<\/a> organis\u00e9 il y a quelques ann\u00e9es par les universit\u00e9s de Lausanne et de Rennes avec l\u2019aide de la Cin\u00e9math\u00e8que suisse.<\/p>\n<p style=\"text-align: justify\">Les \u00e9changes et les d\u00e9couvertes que r\u00e9v\u00e9l\u00e8rent le colloque, la r\u00e9trospective et la table ronde \u00ab Approches d\u2019un genre hybride: le film sur l\u2019art \u00bb appelaient une publication qui en ret\u00eent les enseignements et en f\u00eet conna\u00eetre les ouvertures. Cet ouvrage, dirig\u00e9 par des historiens du cin\u00e9ma (Valentine Robert, Laurent Le Forestier, Fran\u00e7ois Albera) et des historiens de l\u2019art (Kornelia Imesch, Mario L\u00fcscher) vient de para\u00eetre aux Presses Universitaires de Rennes et sera mis en vente lors de cette soir\u00e9e \u00e0 un prix de lancement.<\/p>\n<p style=\"text-align: justify\">Ses contributeurs \u00e9tudient l\u2019\u00e9mergence et le d\u00e9veloppement de ce \u00ab genre \u00bb entre le documentaire et le film-essai, pratiqu\u00e9 par des cin\u00e9astes comme Resnais, Gr\u00e9millon, Clouzot, van der Keuken, Straub et Huillet, notamment. Montrer l\u2019artiste au travail, pr\u00e9senter sa biographie, sa vie int\u00e9rieure, son \u0153uvre, en d\u00e9plier la th\u00e9matique ou les narrations, analyser sa construction formelle, aborder une p\u00e9riode, suivre des \u00e9volutions stylistiques : autant de d\u00e9marches qui unissent, selon des modalit\u00e9s diverses, un cin\u00e9aste et un artiste ou un cin\u00e9aste et un historien de l\u2019art.<\/p>\n<p style=\"text-align: justify\">Deux films seront projet\u00e9s \u00e0 cette occasion au Cin\u00e9matographe \u00e0 21h, v\u00e9ritables m\u00e9ditations sur l\u2019art et la pratique de deux artistes du XXe si\u00e8cle : Andr\u00e9 Masson et Lucebert. A l\u2019heure d\u2019internet et de la circulation et duplication sans frein des images de toutes provenances, les films sur l\u2019art annoncent ce qu\u2019Andr\u00e9 Malraux appelait de ses v\u0153ux sous le nom d\u2019histoire de l\u2019art audiovisuelle. Un ap\u00e9ritif sera offert au Salon Bleu d\u00e8s 20h.<\/p>\n<p style=\"font-size: small;text-align: center\"><strong>Programme<\/strong><\/p>\n<p style=\"font-size: small;text-align: center\"><a href=\"https:\/\/wp.unil.ch\/cinematheque-unil\/files\/2015\/10\/BULLETIN_VERNISSAGE_FILM_ART.pdf\">T\u00e9l\u00e9charger.<\/a><\/p>\n<p style=\"font-size: small;text-align: center\"><em>Voir aussi la\u00a0<a title=\"Cin\u00e9math\u00e8que suisse\" href=\"https:\/\/live.cinematheque.ch\/editorial\/1146-vernissage-de-louvrage-collectif-le-film-sur-lart\" target=\"_blank\">page<\/a> de la Cin\u00e9math\u00e8que suisse, la <a title=\"Presses universitaires de Rennes\" href=\"https:\/\/www.pur-editions.fr\/detail.php?idOuv=3728\" target=\"_blank\">page<\/a> des Presses universitaires de Rennes et\u00a0la <a title=\"La Collaboration UNIL + Cin\u00e9math\u00e8que suisse\" href=\"https:\/\/wp.unil.ch\/cinematheque-unil\/evenements\/colloque-le-film-sur-lart-entre-histoire-de-lart-et-documentaire-de-creation\/\" target=\"_blank\">page<\/a> du colloque\u00a0sur ce site.<\/em><\/p>\n","protected":false},"excerpt":{"rendered":"<p>\u00c9v\u00e9nements Le film sur l\u2019art Soir\u00e9e\u00a0de vernissage Le film sur l\u2019art. Entre histoire de l\u2019art et documentaire de cr\u00e9ation sous la direction de Valentine Robert, Laurent Le Forestier et Fran\u00e7ois Albera avec la collaboration de Kornelia Imesch et Mario L\u00fcscher<\/p>\n","protected":false},"author":1469,"featured_media":0,"parent":1226,"menu_order":21,"comment_status":"closed","ping_status":"closed","template":"","meta":{"_seopress_robots_primary_cat":"","_seopress_titles_title":"","_seopress_titles_desc":"","_seopress_robots_index":"","footnotes":""},"class_list":["post-3105","page","type-page","status-publish"],"_links":{"self":[{"href":"https:\/\/wp.unil.ch\/cinematheque-unil\/wp-json\/wp\/v2\/pages\/3105","targetHints":{"allow":["GET"]}}],"collection":[{"href":"https:\/\/wp.unil.ch\/cinematheque-unil\/wp-json\/wp\/v2\/pages"}],"about":[{"href":"https:\/\/wp.unil.ch\/cinematheque-unil\/wp-json\/wp\/v2\/types\/page"}],"author":[{"embeddable":true,"href":"https:\/\/wp.unil.ch\/cinematheque-unil\/wp-json\/wp\/v2\/users\/1469"}],"replies":[{"embeddable":true,"href":"https:\/\/wp.unil.ch\/cinematheque-unil\/wp-json\/wp\/v2\/comments?post=3105"}],"version-history":[{"count":0,"href":"https:\/\/wp.unil.ch\/cinematheque-unil\/wp-json\/wp\/v2\/pages\/3105\/revisions"}],"up":[{"embeddable":true,"href":"https:\/\/wp.unil.ch\/cinematheque-unil\/wp-json\/wp\/v2\/pages\/1226"}],"wp:attachment":[{"href":"https:\/\/wp.unil.ch\/cinematheque-unil\/wp-json\/wp\/v2\/media?parent=3105"}],"curies":[{"name":"wp","href":"https:\/\/api.w.org\/{rel}","templated":true}]}}