{"id":3099,"date":"2015-10-20T14:25:49","date_gmt":"2015-10-20T12:25:49","guid":{"rendered":"http:\/\/wp.unil.ch\/cinematheque-unil\/?page_id=3099"},"modified":"2018-06-10T11:24:26","modified_gmt":"2018-06-10T09:24:26","slug":"publications","status":"publish","type":"page","link":"https:\/\/wp.unil.ch\/cinematheque-unil\/vitrine\/publications\/","title":{"rendered":"Publications"},"content":{"rendered":"<ol class=\"breadcrumb\">\n<li><a href=\"https:\/\/wp.unil.ch\/cinematheque-unil\/vitrine\/\">Vitrine<\/a><\/li>\n<li class=\"current\"><a href=\"https:\/\/wp.unil.ch\/cinematheque-unil\/vitrine\/publications\/\">Publications<\/a><\/li>\n<\/ol>\n<h2>Herv\u00e9 Dumont et Maria Tortajada (dir.), <i>Histoire du cin\u00e9ma suisse 1966-2000<\/i>, Lausanne\/Hauterive, Cin\u00e9math\u00e8que suisse\/\u00c9ditions Gilles Attinger, 2007, 2 tomes<\/h2>\n<p><img loading=\"lazy\" decoding=\"async\" class=\"alignleft size-thumbnail wp-image-3147\" src=\"https:\/\/wp.unil.ch\/cinematheque-unil\/files\/2015\/10\/cinema_CH2-150x150.jpg\" alt=\"Histoire du cinema 1966-2000\" width=\"150\" height=\"150\" \/><\/p>\n<p style=\"text-align: justify\">Con\u00e7u comme une suite \u00e0 l\u2019<i>Histoire du cin\u00e9ma suisse. Films de fiction 1896-1965<\/i> parue vingt ans plus t\u00f4t, cet ouvrage en deux tomes propose des commentaires d\u00e9taill\u00e9s sur les films d\u2019auteurs comme Alain Tanner, Michel Soutter, Claude Goretta, Daniel Schmid, Markus Imhoof, Richard Dindo, Fredi M. Murer, etc., mais aussi une foule d\u2019autres productions, artisanales ou commerciales, au total 1222 longs m\u00e9trages incluant fictions, documentaires et t\u00e9l\u00e9films r\u00e9alis\u00e9s par des cin\u00e9astes qui dessinent un portrait diversifi\u00e9 et haut en couleur du cin\u00e9ma helv\u00e9tique r\u00e9cent&#8230;<\/p>\n<p><a href=\"https:\/\/wp.unil.ch\/cinematheque-unil\/vitrine\/publications\/herve-dumont-et-maria-tortajada-dir-histoire-du-cinema-suisse-1966-2000-lausanne-hauterive-cinematheque-suisse-editions-gilles-attinger-2007\/\">Voir la publication+<\/a><\/p>\n","protected":false},"excerpt":{"rendered":"<p>Vitrine Publications Herv\u00e9 Dumont et Maria Tortajada (dir.), Histoire du cin\u00e9ma suisse 1966-2000, Lausanne\/Hauterive, Cin\u00e9math\u00e8que suisse\/\u00c9ditions Gilles Attinger, 2007, 2 tomes Con\u00e7u comme une suite \u00e0 l\u2019Histoire du cin\u00e9ma suisse. Films de fiction 1896-1965 parue vingt ans plus t\u00f4t, cet<\/p>\n","protected":false},"author":1469,"featured_media":0,"parent":307,"menu_order":22,"comment_status":"closed","ping_status":"closed","template":"","meta":{"_seopress_robots_primary_cat":"","_seopress_titles_title":"","_seopress_titles_desc":"","_seopress_robots_index":"","footnotes":""},"class_list":["post-3099","page","type-page","status-publish"],"_links":{"self":[{"href":"https:\/\/wp.unil.ch\/cinematheque-unil\/wp-json\/wp\/v2\/pages\/3099","targetHints":{"allow":["GET"]}}],"collection":[{"href":"https:\/\/wp.unil.ch\/cinematheque-unil\/wp-json\/wp\/v2\/pages"}],"about":[{"href":"https:\/\/wp.unil.ch\/cinematheque-unil\/wp-json\/wp\/v2\/types\/page"}],"author":[{"embeddable":true,"href":"https:\/\/wp.unil.ch\/cinematheque-unil\/wp-json\/wp\/v2\/users\/1469"}],"replies":[{"embeddable":true,"href":"https:\/\/wp.unil.ch\/cinematheque-unil\/wp-json\/wp\/v2\/comments?post=3099"}],"version-history":[{"count":0,"href":"https:\/\/wp.unil.ch\/cinematheque-unil\/wp-json\/wp\/v2\/pages\/3099\/revisions"}],"up":[{"embeddable":true,"href":"https:\/\/wp.unil.ch\/cinematheque-unil\/wp-json\/wp\/v2\/pages\/307"}],"wp:attachment":[{"href":"https:\/\/wp.unil.ch\/cinematheque-unil\/wp-json\/wp\/v2\/media?parent=3099"}],"curies":[{"name":"wp","href":"https:\/\/api.w.org\/{rel}","templated":true}]}}