{"id":3074,"date":"2015-10-05T15:26:51","date_gmt":"2015-10-05T13:26:51","guid":{"rendered":"http:\/\/wp.unil.ch\/cinematheque-unil\/?page_id=3074"},"modified":"2018-10-12T11:11:42","modified_gmt":"2018-10-12T09:11:42","slug":"colloque-usages-des-archives-des-sources-aux-pratiques","status":"publish","type":"page","link":"https:\/\/wp.unil.ch\/cinematheque-unil\/evenements\/colloque-usages-des-archives-des-sources-aux-pratiques\/","title":{"rendered":"Colloque \u00ab Usages des archives : des sources aux pratiques \u00bb"},"content":{"rendered":"<ol class=\"breadcrumb\">\n<li><a href=\"https:\/\/wp.unil.ch\/cinematheque-unil\/evenements\/\">\u00c9v\u00e9nements<\/a><\/li>\n<li class=\"current\"><a href=\"https:\/\/wp.unil.ch\/cinematheque-unil\/evenements\/colloque-usages-des-archives-des-sources-aux-pratiques\/\">Usages des archives<\/a><\/li>\n<\/ol>\n<h6 style=\"text-align: center\">Colloque<\/h6>\n<h5 style=\"text-align: center\">\u00ab Usages des archives : des sources aux pratiques\u00a0\u00bb<\/h5>\n<h6 style=\"text-align: center\">sous la direction\u00a0de Beno\u00eet Turquety et Leonardo Quaresima<\/h6>\n<p style=\"text-align: center\">14-16 octobre 2015<\/p>\n<p style=\"text-align: center;font-size: medium\"><a href=\"https:\/\/wp.unil.ch\/cinematheque-unil\/files\/2015\/10\/AFFICHE_ARCHIVES.jpg\"><img loading=\"lazy\" decoding=\"async\" class=\"aligncenter size-full wp-image-3091\" src=\"https:\/\/wp.unil.ch\/cinematheque-unil\/files\/2015\/10\/AFFICHE_ARCHIVES.jpg\" alt=\"AFFICHE_ARCHIVES\" width=\"565\" height=\"800\" srcset=\"https:\/\/wp.unil.ch\/cinematheque-unil\/files\/2015\/10\/AFFICHE_ARCHIVES.jpg 565w, https:\/\/wp.unil.ch\/cinematheque-unil\/files\/2015\/10\/AFFICHE_ARCHIVES-212x300.jpg 212w\" sizes=\"auto, (max-width: 565px) 100vw, 565px\" \/><\/a><\/p>\n<p style=\"text-align: justify\">Ces trente derni\u00e8res ann\u00e9es, les renouvellements profonds de l\u2019histoire du cin\u00e9ma comme de l\u2019arch\u00e9ologie des m\u00e9dias sont li\u00e9s massivement \u00e0 un retour aux archives. Plus r\u00e9cemment, le renouveau de l\u2019int\u00e9r\u00eat pour l\u2019histoire des techniques en cin\u00e9ma a engag\u00e9 un retour sur les collections d\u2019appareils, soulevant de nouveaux probl\u00e8mes. Mais que fait-on des archives\u00a0? Qu\u2019attend-on des objets, documents, \u0153uvres que nous pouvons y trouver\u00a0? La coh\u00e9rence d\u2019un fonds d\u00e9termin\u00e9 peut-elle constituer en elle-m\u00eame une source pour l\u2019histoire ou la th\u00e9orie\u00a0? Chercheurs en \u00e9tudes cin\u00e9matographiques, en arch\u00e9ologie des m\u00e9dias ou en \u00e9pist\u00e9mologie des dispositifs, d\u00e9veloppe-t-on des m\u00e9thodes sp\u00e9cifiques pour l\u2019appr\u00e9hension des films, textes, appareils ou autres sources que nous rencontrons dans ces lieux, des m\u00e9thodes diff\u00e9rentes d\u2019autres disciplines confront\u00e9es elles aussi aux archives\u00a0? Le spectacle, la performance m\u00e9diatique, constituent des objets \u00e9ph\u00e9m\u00e8res, \u00e9chappant au chercheur\u00a0; les dispositifs de repr\u00e9sentation se remplacent\u00a0; et les mod\u00e8les th\u00e9oriques eux-m\u00eames sont li\u00e9s \u00e0 des pratiques concr\u00e8tes de recherche. Dans quelle mesure peut-on reconstruire ces pratiques scientifiques ou performatives \u00e0 partir de ce qui en reste dans les archives\u00a0? Comment peut-on appr\u00e9hender notre usage des archives, dans ses enjeux historiographiques et th\u00e9oriques\u00a0? Comment peut-on construire l\u2019historicit\u00e9 propre de cet usage\u00a0? La \u00ab\u00a0nouvelle histoire\u00a0\u00bb par exemple fut-elle un usage nouveau des archives\u00a0? Est-ce d\u2019abord dans un rapport renouvel\u00e9 aux pratiques \u2013 scientifiques et techniques \u2013 que notre usage des archives s\u2019est red\u00e9fini ces derni\u00e8res ann\u00e9es\u00a0? C\u2019est \u00e0 r\u00e9pondre \u00e0 ces questions concernant les m\u00e9thodes d\u2019appr\u00e9hension des archives cin\u00e9matographiques (films, non-film, appareils) dans la recherche que s\u2019occupera le pr\u00e9sent colloque.<\/p>\n<p style=\"font-size: small;text-align: center\"><strong>Programme<\/strong><\/p>\n<p style=\"font-size: small;text-align: center\"><a href=\"https:\/\/wp.unil.ch\/cinematheque-unil\/files\/2015\/10\/PROGRAMME_COLLOQUE_ARCHIVES.pdf\">T\u00e9l\u00e9charger.<\/a><\/p>\n<p style=\"font-size: small;text-align: center\"><em>Voir aussi la\u00a0<a title=\"Section cin\u00e9ma\" href=\"https:\/\/www.unil.ch\/cin\/home\/menuinst\/les-evenements\/usages-des-archives.html\" target=\"_blank\">page<\/a> de la Section d\u2019histoire et esth\u00e9tique du cin\u00e9ma.<\/em><\/p>\n","protected":false},"excerpt":{"rendered":"<p>\u00c9v\u00e9nements Usages des archives Colloque \u00ab Usages des archives : des sources aux pratiques\u00a0\u00bb sous la direction\u00a0de Beno\u00eet Turquety et Leonardo Quaresima 14-16 octobre 2015 Ces trente derni\u00e8res ann\u00e9es, les renouvellements profonds de l\u2019histoire du cin\u00e9ma comme de l\u2019arch\u00e9ologie des<\/p>\n","protected":false},"author":1469,"featured_media":0,"parent":1226,"menu_order":29,"comment_status":"closed","ping_status":"closed","template":"","meta":{"_seopress_robots_primary_cat":"","_seopress_titles_title":"","_seopress_titles_desc":"","_seopress_robots_index":"","footnotes":""},"class_list":["post-3074","page","type-page","status-publish"],"_links":{"self":[{"href":"https:\/\/wp.unil.ch\/cinematheque-unil\/wp-json\/wp\/v2\/pages\/3074","targetHints":{"allow":["GET"]}}],"collection":[{"href":"https:\/\/wp.unil.ch\/cinematheque-unil\/wp-json\/wp\/v2\/pages"}],"about":[{"href":"https:\/\/wp.unil.ch\/cinematheque-unil\/wp-json\/wp\/v2\/types\/page"}],"author":[{"embeddable":true,"href":"https:\/\/wp.unil.ch\/cinematheque-unil\/wp-json\/wp\/v2\/users\/1469"}],"replies":[{"embeddable":true,"href":"https:\/\/wp.unil.ch\/cinematheque-unil\/wp-json\/wp\/v2\/comments?post=3074"}],"version-history":[{"count":0,"href":"https:\/\/wp.unil.ch\/cinematheque-unil\/wp-json\/wp\/v2\/pages\/3074\/revisions"}],"up":[{"embeddable":true,"href":"https:\/\/wp.unil.ch\/cinematheque-unil\/wp-json\/wp\/v2\/pages\/1226"}],"wp:attachment":[{"href":"https:\/\/wp.unil.ch\/cinematheque-unil\/wp-json\/wp\/v2\/media?parent=3074"}],"curies":[{"name":"wp","href":"https:\/\/api.w.org\/{rel}","templated":true}]}}