{"id":3072,"date":"2015-10-05T14:34:21","date_gmt":"2015-10-05T12:34:21","guid":{"rendered":"http:\/\/wp.unil.ch\/cinematheque-unil\/?page_id=3072"},"modified":"2018-06-10T02:43:37","modified_gmt":"2018-06-10T00:43:37","slug":"cinema-amateur","status":"publish","type":"page","link":"https:\/\/wp.unil.ch\/cinematheque-unil\/projets\/bolex-et-le-cinema-amateur\/bibliographie-selective\/cinema-amateur\/","title":{"rendered":"Cin\u00e9ma amateur"},"content":{"rendered":"<ol class=\"breadcrumb\">\n<li><a href=\"https:\/\/wp.unil.ch\/cinematheque-unil\/projets\/\">Projets<\/a><\/li>\n<li><a href=\"https:\/\/wp.unil.ch\/cinematheque-unil\/projets\/bolex-et-le-cinema-amateur\/\">Bolex et le cin\u00e9ma amateur en Suisse<\/a><\/li>\n<li><a href=\"https:\/\/wp.unil.ch\/cinematheque-unil\/projets\/bolex-et-le-cinema-amateur\/bibliographie-selective\/\">Bibliographie s\u00e9lective<\/a><\/li>\n<li class=\"current\"><a href=\"https:\/\/wp.unil.ch\/cinematheque-unil\/projets\/bolex-et-le-cinema-amateur\/bibliographie-selective\/cinema-amateur\/\">Cin\u00e9ma amateur<\/a><\/li>\n<\/ol>\n<div style=\"margin-left: 138px;text-indent: -34px\">\n<p style=\"text-align: justify;font-size: small\">Fran\u00e7ois Albera, \u00ab Le dispositif-amateur \u00bb, in Fran\u00e7ois Albera et Maria Tortajada (dir.), <em>Cin\u00e9-dispositifs. Spectacles, cin\u00e9ma, t\u00e9l\u00e9vision, litt\u00e9rature<\/em>, Lausanne, L\u2019\u00c2ge d\u2019Homme, 2011, pp. 280-300.<\/p>\n<p style=\"text-align: justify;font-size: small\">St\u00e9phanie Chouleur, <em>Les f\u00eates du peuple jurassien. Films amateurs et s\u00e9paratistes (1949-1982)<\/em>, Lausanne, Antipodes, 2013.<\/p>\n<p style=\"text-align: justify;font-size: small\">Roland Cosandey, <em>Fragments pour une histoire du cin\u00e9ma amateur en Suisse<\/em>, Lausanne, Association pour le patrimoine naturel et culturel du canton de Vaud, 2005.<\/p>\n<p style=\"text-align: justify;font-size: small\">\u2013, <em>Les films du Rassemblement jurassien &#8211; Fa\u00e7on de voir, mani\u00e8re de faire<\/em>, Lausanne, Cin\u00e9math\u00e8que suisse, coll. \u00ab Documents de cin\u00e9ma \u00bb, 2014 <a href=\"https:\/\/www.cinematheque.ch\/d\/documents-de-cinema\/documents-de-cinema\/les-films-du-rassemblement-jurassien-1949-1982-copie-1\/\">[consulter le document en ligne]<\/a>.<\/p>\n<p style=\"text-align: justify;font-size: small\">Roger Odin, \u00ab Le film de famille dans l\u2019institution familiale \u00bb, in Roger Odin (dir.), <em>Le film de famille. Usage priv\u00e9, usage public<\/em>, Paris, M\u00e9ridiens Klincksieck, 1995, pp. 27-41.<\/p>\n<p style=\"text-align: justify;font-size: small\">\u2013, \u00ab La question de l\u2019amateur dans trois espaces de r\u00e9alisation et de diffusion \u00bb, <em>Communications<\/em>, n\u00b0 68, 1999, pp. 47-84.<\/p>\n<p style=\"text-align: justify;font-size: small\">Devin Orgeron, \u00ab Mobile Home Movies: Travel and la Politique des Amateurs \u00bb, <em>The Moving Image<\/em>, vol. 6, n\u00b0 2, automne 2006, pp. 74-100.<\/p>\n<p style=\"text-align: justify;font-size: small\">Alexandra Schneider, \u00ab Home-Movie Making and Swiss Expatriate Identities in the 1920s and 1930s \u00bb, <em>Film History<\/em>, vol. 15, n\u00b0 2, 2003, pp. 166-176.<\/p>\n<p style=\"text-align: justify;font-size: small\">\u2013, <em>Die Stars sind wir. Heimkino als filmische Praxis<\/em>, Marburg, Sch\u00fcren, 2004.<\/p>\n<p style=\"text-align: justify;font-size: small\">Ryan Shand et Ian Craven, <em>Small-Gauge Storytelling: Discovering the Amateur Fiction Film<\/em>, Edimbourg, Edinburgh University Press, 2013.<\/p>\n<p style=\"text-align: justify;font-size: small\">Patricia R. Zimmermann, <em>Reel Families: A Social History of Amateur Film<\/em>, Bloomington\/Indianapolis, Indiana University Press, 1995.<\/p>\n<p style=\"text-align: justify;font-size: small\">\u2013, \u00ab The Home Movie Movement: Excavations, Artifacts, Minings \u00bb, in Karen L. Ishizuka et Patricia R. Zimmermann (dir.), <em>Mining the Home Movie: Excavations in Histories and Memories<\/em>, Berkeley, University of California Press, 2008, pp. 1-28.<\/p>\n<p style=\"text-align: justify;font-size: small\">Yvonne Zimmermann (dir.), <em>Schaufenster Schweiz. Dokumentarische Gebrauchsfilme 1896-1964<\/em>, Zurich, Limmat, 2011.<\/p>\n<\/div>\n","protected":false},"excerpt":{"rendered":"<p>Projets Bolex et le cin\u00e9ma amateur en Suisse Bibliographie s\u00e9lective Cin\u00e9ma amateur Fran\u00e7ois Albera, \u00ab Le dispositif-amateur \u00bb, in Fran\u00e7ois Albera et Maria Tortajada (dir.), Cin\u00e9-dispositifs. Spectacles, cin\u00e9ma, t\u00e9l\u00e9vision, litt\u00e9rature, Lausanne, L\u2019\u00c2ge d\u2019Homme, 2011, pp. 280-300. St\u00e9phanie Chouleur, Les f\u00eates<\/p>\n","protected":false},"author":1469,"featured_media":0,"parent":1781,"menu_order":22,"comment_status":"closed","ping_status":"closed","template":"","meta":{"_seopress_robots_primary_cat":"","_seopress_titles_title":"","_seopress_titles_desc":"","_seopress_robots_index":"","footnotes":""},"class_list":["post-3072","page","type-page","status-publish"],"_links":{"self":[{"href":"https:\/\/wp.unil.ch\/cinematheque-unil\/wp-json\/wp\/v2\/pages\/3072","targetHints":{"allow":["GET"]}}],"collection":[{"href":"https:\/\/wp.unil.ch\/cinematheque-unil\/wp-json\/wp\/v2\/pages"}],"about":[{"href":"https:\/\/wp.unil.ch\/cinematheque-unil\/wp-json\/wp\/v2\/types\/page"}],"author":[{"embeddable":true,"href":"https:\/\/wp.unil.ch\/cinematheque-unil\/wp-json\/wp\/v2\/users\/1469"}],"replies":[{"embeddable":true,"href":"https:\/\/wp.unil.ch\/cinematheque-unil\/wp-json\/wp\/v2\/comments?post=3072"}],"version-history":[{"count":0,"href":"https:\/\/wp.unil.ch\/cinematheque-unil\/wp-json\/wp\/v2\/pages\/3072\/revisions"}],"up":[{"embeddable":true,"href":"https:\/\/wp.unil.ch\/cinematheque-unil\/wp-json\/wp\/v2\/pages\/1781"}],"wp:attachment":[{"href":"https:\/\/wp.unil.ch\/cinematheque-unil\/wp-json\/wp\/v2\/media?parent=3072"}],"curies":[{"name":"wp","href":"https:\/\/api.w.org\/{rel}","templated":true}]}}