{"id":2849,"date":"2015-04-02T19:57:51","date_gmt":"2015-04-02T17:57:51","guid":{"rendered":"http:\/\/wp.unil.ch\/cinematheque-unil\/?page_id=2849"},"modified":"2018-06-10T02:47:12","modified_gmt":"2018-06-10T00:47:12","slug":"partenaires","status":"publish","type":"page","link":"https:\/\/wp.unil.ch\/cinematheque-unil\/projets\/bolex-et-le-cinema-amateur\/partenaires\/","title":{"rendered":"Partenaires"},"content":{"rendered":"<ol class=\"breadcrumb\">\n<li><a href=\"https:\/\/wp.unil.ch\/cinematheque-unil\/projets\/\">Projets<\/a><\/li>\n<li><a href=\"https:\/\/wp.unil.ch\/cinematheque-unil\/projets\/bolex-et-le-cinema-amateur\/\">Bolex et le cin\u00e9ma amateur en Suisse<\/a><\/li>\n<li class=\"current\"><a href=\"https:\/\/wp.unil.ch\/cinematheque-unil\/projets\/bolex-et-le-cinema-amateur\/partenaires\/\">Partenaires<\/a><\/li>\n<\/ol>\n<p>En plus de\u00a0la collaboration avec la Cin\u00e9math\u00e8que suisse, le projet de recherche sur Bolex est men\u00e9 gr\u00e2ce au soutien des institutions suivantes :<\/p>\n<ul>\n<li style=\"text-align: justify\">Archives cantonales vaudoises<\/li>\n<li style=\"text-align: justify\">Cin\u00e9math\u00e8que des Pays de Savoie et de l\u2019Ain<\/li>\n<li style=\"text-align: justify\">Cin\u00e9math\u00e8que fran\u00e7aise<\/li>\n<li style=\"text-align: justify\">Fondation Bolex-Oulevay<\/li>\n<li style=\"text-align: justify\">Lichtspiel\/Kinemathek Bern<\/li>\n<li style=\"text-align: justify\">Mus\u00e9e des arts et sciences de Sainte-Croix<\/li>\n<li style=\"text-align: justify\">Mus\u00e9e suisse de l\u2019appareil photographique<\/li>\n<\/ul>\n<p>Ce projet FNS s&rsquo;ins\u00e8re aussi dans les activit\u00e9s men\u00e9es gr\u00e2ce au partenariat international de recherche TECHN\u00c8S.<\/p>\n","protected":false},"excerpt":{"rendered":"<p>Projets Bolex et le cin\u00e9ma amateur en Suisse Partenaires En plus de\u00a0la collaboration avec la Cin\u00e9math\u00e8que suisse, le projet de recherche sur Bolex est men\u00e9 gr\u00e2ce au soutien des institutions suivantes : Archives cantonales vaudoises Cin\u00e9math\u00e8que des Pays de Savoie<\/p>\n","protected":false},"author":1469,"featured_media":0,"parent":1413,"menu_order":41,"comment_status":"closed","ping_status":"closed","template":"","meta":{"_seopress_robots_primary_cat":"","_seopress_titles_title":"","_seopress_titles_desc":"","_seopress_robots_index":"","footnotes":""},"class_list":["post-2849","page","type-page","status-publish"],"_links":{"self":[{"href":"https:\/\/wp.unil.ch\/cinematheque-unil\/wp-json\/wp\/v2\/pages\/2849","targetHints":{"allow":["GET"]}}],"collection":[{"href":"https:\/\/wp.unil.ch\/cinematheque-unil\/wp-json\/wp\/v2\/pages"}],"about":[{"href":"https:\/\/wp.unil.ch\/cinematheque-unil\/wp-json\/wp\/v2\/types\/page"}],"author":[{"embeddable":true,"href":"https:\/\/wp.unil.ch\/cinematheque-unil\/wp-json\/wp\/v2\/users\/1469"}],"replies":[{"embeddable":true,"href":"https:\/\/wp.unil.ch\/cinematheque-unil\/wp-json\/wp\/v2\/comments?post=2849"}],"version-history":[{"count":0,"href":"https:\/\/wp.unil.ch\/cinematheque-unil\/wp-json\/wp\/v2\/pages\/2849\/revisions"}],"up":[{"embeddable":true,"href":"https:\/\/wp.unil.ch\/cinematheque-unil\/wp-json\/wp\/v2\/pages\/1413"}],"wp:attachment":[{"href":"https:\/\/wp.unil.ch\/cinematheque-unil\/wp-json\/wp\/v2\/media?parent=2849"}],"curies":[{"name":"wp","href":"https:\/\/api.w.org\/{rel}","templated":true}]}}