{"id":2757,"date":"2015-03-24T01:23:56","date_gmt":"2015-03-24T00:23:56","guid":{"rendered":"http:\/\/wp.unil.ch\/cinematheque-unil\/?page_id=2757"},"modified":"2018-06-10T11:15:50","modified_gmt":"2018-06-10T09:15:50","slug":"portrait-de-claude-emery-par-freddy-buache-annabelle-octobre-1950","status":"publish","type":"page","link":"https:\/\/wp.unil.ch\/cinematheque-unil\/vitrine\/zooms-sur-les-projets\/portrait-de-claude-emery-par-freddy-buache-annabelle-octobre-1950\/","title":{"rendered":"Portrait de Claude Emery par Freddy Buache, <i>Annabelle<\/i>, octobre 1950"},"content":{"rendered":"<ol class=\"breadcrumb\">\n<li><a href=\"https:\/\/wp.unil.ch\/cinematheque-unil\/vitrine\/\">Vitrine<\/a><\/li>\n<li><a href=\"https:\/\/wp.unil.ch\/cinematheque-unil\/vitrine\/zooms-sur-les-projets\/\">Zooms sur les projets<\/a><\/li>\n<li class=\"current\"><a href=\"https:\/\/wp.unil.ch\/cinematheque-unil\/vitrine\/zooms-sur-les-projets\/portrait-de-claude-emery-par-freddy-buache-annabelle-octobre-1950\/\">Portrait de Claude Emery par Freddy Buache, <i>Annabelle<\/i>, octobre 1950<\/a><\/li>\n<\/ol>\n<p style=\"text-align: justify\"><a href=\"https:\/\/wp.unil.ch\/cinematheque-unil\/files\/2015\/03\/ARTICLE_EMERY.jpg\"><img loading=\"lazy\" decoding=\"async\" class=\"aligncenter wp-image-2772\" src=\"https:\/\/wp.unil.ch\/cinematheque-unil\/files\/2015\/03\/ARTICLE_EMERY.jpg\" alt=\"ARTICLE_EMERY\" width=\"566\" height=\"800\" srcset=\"https:\/\/wp.unil.ch\/cinematheque-unil\/files\/2015\/03\/ARTICLE_EMERY.jpg 566w, https:\/\/wp.unil.ch\/cinematheque-unil\/files\/2015\/03\/ARTICLE_EMERY-212x300.jpg 212w\" sizes=\"auto, (max-width: 566px) 100vw, 566px\" \/><\/a><\/p>\n<p style=\"text-align: justify\">Au milieu des centaines de bo\u00eetes des archives administratives de la Cin\u00e9math\u00e8que suisse, un classeur se distingue, intitul\u00e9 \u00ab\u00a0Semaine du cin\u00e9ma Lausanne 1950 \u00bb. Il contient une volumineuse revue de presse, visiblement rassembl\u00e9e \u00e0 l\u2019\u00e9poque et conserv\u00e9e en l\u2019\u00e9tat, sur les festivit\u00e9s li\u00e9es \u00e0 l\u2019inauguration officielle de la Cin\u00e9math\u00e8que : une semaine de projections couronn\u00e9es par un bal du cin\u00e9ma, du 30 octobre au 4 novembre 1950. Les coupures de presse, coll\u00e9es au verso de programmes du Cin\u00e9-club de Lausanne ou de contrats de location de la Cin\u00e9math\u00e8que suisse, sont r\u00e9f\u00e9renc\u00e9es \u00e0 la main\u00a0; parmi les diverses \u00e9critures on reconna\u00eet celle de Freddy Buache.<\/p>\n<p style=\"text-align: justify\">Dans cet ensemble d\u2019une centaine de pages, un article se d\u00e9tache. Il s\u2019agit d\u2019un portrait de Claude Emery, premier directeur de la Cin\u00e9math\u00e8que suisse, paru en octobre 1950 dans la revue <em>Annabelle<\/em>, p\u00e9riodique destin\u00e9 \u00e0 un public f\u00e9minin et jeune<sup><a href=\"#note1\" name=\"retour au texte1\">1<\/a><\/sup>, sign\u00e9 par celui qui incarnera \u00e0 lui seul et pendant pr\u00e8s de 40 ans, l\u2019institution lausannoise\u00a0: Freddy Buache. Cet article est instructif \u00e0 plus d\u2019un titre car au-del\u00e0 du vigoureux portrait qui est bross\u00e9 ici de Claude Emery (voir <a title=\"Portrait de Claude Emery\" href=\"https:\/\/wp.unil.ch\/cinematheque-unil\/projets\/une-histoire-de-la-cinematheque-suisse\/portraits\/portrait-de-claude-emery\/\">ici m\u00eame<\/a> la notice qui lui est consacr\u00e9e), il r\u00e9v\u00e8le la personnalit\u00e9 de son auteur et son engagement.<\/p>\n<p style=\"text-align: justify\">Lorsque la Cin\u00e9math\u00e8que suisse a f\u00eat\u00e9 son inauguration \u2013 deux ans jour pour jour apr\u00e8s sa fondation, le 3 novembre 1948 \u2013, Buache alors \u00e2g\u00e9 de 26 ans vit de collaborations dans divers journaux romands. En d\u00e9cembre 1949, il cr\u00e9e <em>Carreau<\/em>, ambitieuse revue d\u2019art et de litt\u00e9rature. Lorsqu\u2019il r\u00e9dige ce portrait, il ne fait pas encore partie de la petite \u00e9quipe de la Cin\u00e9math\u00e8que, toutefois il conna\u00eet Emery et <a title=\"Portrait de Ren\u00e9 Favre\" href=\"https:\/\/wp.unil.ch\/cinematheque-unil\/projets\/une-histoire-de-la-cinematheque-suisse\/portraits\/portrait-de-rene-favre\/\">Ren\u00e9 Favre<\/a>, \u00e9galement \u00e9voqu\u00e9 dans l\u2019article, gr\u00e2ce au Cin\u00e9-club de Lausanne qu\u2019il fr\u00e9quente depuis 1948. A l\u2019automne 1950, les deux comp\u00e8res, \u00e0 peine plus \u00e2g\u00e9s que lui, ont d\u00e9j\u00e0 une certaine exp\u00e9rience professionnelle, politique et cin\u00e9matographique. Animateurs du Cin\u00e9-club de Lausanne et de la F\u00e9d\u00e9ration suisse des Guildes du film et des cin\u00e9-clubs, ils ont \u00e0 leur actif le transfert des Archives cin\u00e9matographiques suisses de B\u00e2le \u00e0 Lausanne (1949).<\/p>\n<p style=\"text-align: justify\">Ainsi qu\u2019il l\u2019\u00e9voque dans ses m\u00e9moires<sup><a href=\"#note2\" name=\"retour au texte2\">2<\/a><\/sup>, Buache, qui s\u2019\u00e9tait jusqu\u2019alors plut\u00f4t occup\u00e9 de th\u00e9\u00e2tre et de po\u00e9sie, gravite autour de ce groupe et lui rend service \u00e0 l\u2019occasion de voyages \u00e0 Paris, jouant le messager et le transporteur de copies aupr\u00e8s d\u2019Henri Langlois. Un signe de cette proximit\u00e9, mais aussi de la comp\u00e9tence qu\u2019on lui reconna\u00eet, peut se lire dans la brochure accompagnant l\u2019inauguration de la Cin\u00e9math\u00e8que suisse, o\u00f9, sur une double page intitul\u00e9e \u00ab\u00a0Le langage du cin\u00e9ma\u00a0\u00bb, se c\u00f4toient les textes du directeur Emery et de Freddy Buache<sup><a href=\"#note3\" name=\"retour au texte3\">3<\/a><\/sup>.<\/p>\n<p style=\"text-align: justify\">Ce n\u2019est que quelques mois plus tard, \u00e0 la faveur du d\u00e9part d\u2019Emery (mars 1951), que Buache embrassera pleinement la cause de la Cin\u00e9math\u00e8que pour en devenir non seulement la cheville-ouvri\u00e8re, mais, avec le temps, l\u2019homme-symbole.<\/p>\n<p style=\"text-align: justify\">Sans c\u00e9der \u00e0 une lecture r\u00e9trospective, on note que l\u2019auteur fait d\u00e9j\u00e0 preuve dans ce portrait de la verve qui le rendra c\u00e9l\u00e8bre. Une phrase surtout, au sujet du Cin\u00e9-club de Lausanne, a retenu notre attention : \u00ab\u00a0En Romandie, on se m\u00e9fie des nouveaut\u00e9s d\u2019ordre \u00e9ducatif plus que de toutes les autres\u00a0; les d\u00e9buts de ce groupement furent donc difficiles\u00a0; ils ont aujourd\u2019hui cette luminosit\u00e9 de l\u00e9gende que rev\u00eatent les actions apparemment vou\u00e9es \u00e0 l\u2019\u00e9chec, mais qui r\u00e9ussissent\u00a0\u00bb. Un constat qui, \u00e0 des ann\u00e9es de distance, pourrait s\u2019appliquer \u00e0 la Cin\u00e9math\u00e8que et \u00e0 ses vicissitudes, et qui n\u2019est pas sans faire \u00e9cho avec certaines d\u00e9clarations de Buache plus tardives. En 1973, il confie ainsi \u00e0 <em>Travelling<\/em> : \u00ab\u00a0En Suisse, on vous pardonne tout, sauf d\u2019\u00eatre trop t\u00f4t\u00a0; d\u2019ailleurs la cin\u00e9math\u00e8que a souffert du m\u00eame mal\u00a0: nous aussi, nous \u00e9tions trop t\u00f4t. C\u2019est vraiment un d\u00e9faut suisse\u00a0: on ne vous pardonne jamais d\u2019\u00eatre en avance sur les routines admises\u00a0\u00bb<sup><a href=\"#note4\" name=\"retour au texte4\">4<\/a><\/sup>.<\/p>\n<p style=\"text-align: justify\">L\u2019article de 1950 se conclut par un plaidoyer en faveur de la Cin\u00e9math\u00e8que suisse, qui use d\u2019une formule-choc\u00a0: \u00ab\u00a0Une cin\u00e9math\u00e8que est au cin\u00e9ma ce qu\u2019une biblioth\u00e8que est \u00e0 la litt\u00e9rature \u00bb. Ce slogan figure \u00e9galement sur le Pr\u00e9avis de la Municipalit\u00e9 du 19 mai 1950 pour l\u2019octroi d\u2019une premi\u00e8re subvention \u00e0 la Cin\u00e9math\u00e8que et d\u2019un financement pour l\u2019am\u00e9nagement d\u2019un d\u00e9p\u00f4t de films, lui-m\u00eame r\u00e9dig\u00e9, selon nos hypoth\u00e8ses, sur la base d\u2019un document pr\u00e9par\u00e9 par Claude Emery et Ren\u00e9 Favre, qui commen\u00e7ait pr\u00e9cis\u00e9ment par cette m\u00eame phrase \u2013 le mot \u00ab\u00a0cin\u00e9math\u00e8que\u00a0\u00bb y \u00e9tant toutefois entre guillemets<sup><a href=\"#note5\" name=\"retour au texte5\">5<\/a><\/sup>.<\/p>\n<p style=\"text-align: justify\">La pr\u00e9sence r\u00e9currente de cette r\u00e9f\u00e9rence \u00e0 la biblioth\u00e8que comme conservatoire de la litt\u00e9rature nourrit l\u2019argumentaire en faveur de la nouvelle institution en ses premi\u00e8res ann\u00e9es d\u2019existence en s\u2019inscrivant dans une tradition qui remonte aux ann\u00e9es 1920. Ainsi, dans la brochure de l\u2019inauguration, le critique Georges Duplain\u00a0ouvre son texte sur \u00ab\u00a0Le r\u00f4le de la Cin\u00e9math\u00e8que suisse\u00a0\u00bb en usant \u00e0 son tour du m\u00eame rapprochement\u00a0: \u00ab\u00a0Si le grand public comprend fort bien la raison d\u2019\u00eatre des biblioth\u00e8ques, il n\u2019est pas encore assez conscient chez nous de tous les services que peut rendre une cin\u00e9math\u00e8que\u00a0\u00bb<sup><a href=\"#note6\" name=\"retour au texte6\">6<\/a><\/sup>.<\/p>\n<p style=\"text-align: justify\">Apr\u00e8s l\u2019avoir employ\u00e9 pour la premi\u00e8re fois \u00e0 l\u2019adresse des lectrices d\u2019<em>Annabelle<\/em>, Freddy Buache, une fois \u00e0 la t\u00eate de l\u2019institution, reprendra plus d\u2019une fois cette formule dont l\u2019efficacit\u00e9 et la n\u00e9cessit\u00e9 sont manifestement encore jug\u00e9es intactes des ann\u00e9es apr\u00e8s \u2013 indice des difficult\u00e9s chroniques de reconnaissance rencontr\u00e9es par la Cin\u00e9math\u00e8que. A titre d\u2019exemple, le tir\u00e9 \u00e0 part de l\u2019Exposition 1964 sur la Cin\u00e9math\u00e8que suisse s\u2019ouvre par une l\u00e9g\u00e8re variante qui \u00e9tend la comparaison au mus\u00e9e des Beaux-Arts, autre r\u00e9f\u00e9rence r\u00e9currente dans l\u2019histoire des cin\u00e9math\u00e8ques, insistant encore davantage sur la l\u00e9gitimit\u00e9 de l\u2019institution dans un contexte o\u00f9 il s\u2019agit bien, pour elle, de gagner en visibilit\u00e9 et en autorit\u00e9, un an apr\u00e8s l\u2019obtention de sa premi\u00e8re subvention f\u00e9d\u00e9rale : \u00ab\u00a0Une cin\u00e9math\u00e8que est au cin\u00e9ma ce qu\u2019une biblioth\u00e8que est \u00e0 la litt\u00e9rature, ce qu\u2019un Mus\u00e9e des Beaux-Arts est \u00e0 la peinture ou \u00e0 la sculpture\u00a0\u00bb<sup><a href=\"#note7\" name=\"retour au texte7\">7<\/a><\/sup>.<\/p>\n<p style=\"text-align: justify\">Alessia Bottani<\/p>\n<p style=\"text-align: justify\"><strong>Remerciements\u00a0:<\/strong> Herv\u00e9 Dumont<\/p>\n<p style=\"text-align: justify\"><a title=\"Portraits\" href=\"https:\/\/wp.unil.ch\/cinematheque-unil\/projets\/une-histoire-de-la-cinematheque-suisse\/portraits\/\">Pour en savoir plus sur les acteurs de l\u2019histoire de la Cin\u00e9math\u00e8que suisse, voir notre rubrique Portraits+<\/a><\/p>\n<h3>Notes<\/h3>\n<p style=\"text-align: justify;font-size: small\">AVL = Archives de la Ville de Lausanne<\/p>\n<p style=\"text-align: justify;font-size: small\"><a name=\"note1\"><\/a>1. Fond\u00e9 par le journaliste et \u00e9crivain zurichois Manuel Gasser, le p\u00e9riodique porta comme sous-titre\u00a0: \u00ab\u00a0La revue suisse de la femme \u00e9l\u00e9gante\u00a0\u00bb. Voir\u00a0: Marina Christen, Johanna Gisler et Martin Heller (dir.), <em>Ganz Annabelle\u00a0: eine Zeitschrift als Freundin<\/em>, Zurich, Museum f\u00fcr Gestaltung, Chronos, 1992.<a href=\"#retour au texte1\">?<\/a><\/p>\n<p style=\"text-align: justify;font-size: small\"><a name=\"note2\"><\/a>2. Freddy Buache, <em>Derri\u00e8re l\u2019\u00e9cran. Entretiens avec Christophe Gallaz et Jean-Fran\u00e7ois Amiguet<\/em>, Lausanne, Payot, 1995 (r\u00e9\u00e9dition L\u2019Age d\u2019Homme \u00ab\u00a0Poche suisse\u00a0\u00bb, 2009).<a href=\"#retour au texte2\">?<\/a><\/p>\n<p style=\"text-align: justify;font-size: small\"><a name=\"note3\"><\/a>3. \u00ab\u00a0Cin\u00e9math\u00e8que suisse \u2013\u00a0Inauguration \u2013 Programme\u00a0\u00bb, Lausanne, 1950.<a href=\"#retour au texte3\">?<\/a><\/p>\n<p style=\"text-align: justify;font-size: small\"><a name=\"note4\"><\/a>4. \u00ab\u00a0La Cin\u00e9math\u00e8que suisse. Entretien avec Freddy Buache\u00a0\u00bb, (\u00ab\u00a0Propos recueillis au magn\u00e9tophone par Roland Cosandey, Herv\u00e9 Dumont et Marcel Leiser ; transcrits par Christian Rossier\u00a0\u00bb), <em>Travelling<\/em>, n\u00b039, nov.- d\u00e9c. 1973, pp.18-32.<a href=\"#retour au texte4\">?<\/a><\/p>\n<p style=\"text-align: justify;font-size: small\"><a name=\"note5\"><\/a>5. Voir Administration g\u00e9n\u00e9rale [Municipalit\u00e9 de Lausanne], \u00ab\u00a0Cin\u00e9math\u00e8que suisse 1. Aide financi\u00e8re 2. Am\u00e9nagement d\u2019un d\u00e9p\u00f4t de films. Pr\u00e9avis\u00a0\u00bb, 19.05.1950, tir\u00e9 \u00e0 part, AVL, Fonds B3, 251.11.1.3 \u00ab\u00a0subventions\u00a0\u00bb\u00a0; lettre de Ren\u00e9 Favre \u00e0 Marcel Lavanchy, 13.03.1950, <em>ibid.<\/em> ; document sans titre, non dat\u00e9 et non sign\u00e9, 3 p. dactyl., qui commence par \u00ab I.\u00a0Les Cin\u00e9math\u00e8ques\u00a0\u00bb, annot\u00e9 par Favre, AVL, Fonds B3, 251.11.1.1 \u00ab\u00a0Cr\u00e9ation &#8211; Transfert de B\u00e2le \u00e0 Lausanne 1942-1951\u00a0\u00bb, Chemise 1.<a href=\"#retour au texte5\">?<\/a><\/p>\n<p style=\"text-align: justify;font-size: small\"><a name=\"note6\"><\/a>6. Georges Duplain, \u00ab\u00a0Le r\u00f4le de la Cin\u00e9math\u00e8que suisse\u00a0\u00bb, in \u00ab\u00a0Cin\u00e9math\u00e8que suisse \u2013\u00a0Inauguration \u2013 Programme\u00a0\u00bb, Lausanne, 1950. Critique \u00e0 la <em>Gazette de Lausanne<\/em>, Duplain est le rapporteur de la Commission municipale charg\u00e9e d\u2019examiner le Pr\u00e9avis \u00e9voqu\u00e9 plus haut. Dans son rapport, il s\u2019appuie sur la m\u00eame comparaison pour plaider la cause de la Cin\u00e9math\u00e8que\u00a0: \u00ab\u00a0Une biblioth\u00e8que universitaire ou municipale n\u2019est pas davantage d\u2019un rapport imm\u00e9diat. Nul n\u2019en conteste pourtant l\u2019utilit\u00e9 ni la n\u00e9cessit\u00e9. Or une collection de films est infiniment plus difficile \u00e0 r\u00e9unir et \u00e0 rendre accessible au public qu\u2019une collection de livres\u00a0\u00bb. (Georges Duplain, Rapporteur, Conseil Communal de Lausanne, \u00ab\u00a0Rapport de la commission charg\u00e9e de l\u2019examen du pr\u00e9avis relatif \u00e0 l\u2019aide financi\u00e8re \u00e0 la cin\u00e9math\u00e8que suisse et \u00e0 l\u2019am\u00e9nagement d\u2019un d\u00e9p\u00f4t de films\u00a0\u00bb, 26.05.1950, 5 p. dactyl., AVL, Fonds B3, 251.11.1.3 \u00ab\u00a0subventions\u00a0\u00bb).<a href=\"#retour au texte6\">?<\/a><\/p>\n<p style=\"text-align: justify;font-size: small\"><a name=\"note7\"><\/a>7. \u00ab\u00a0La Cin\u00e9math\u00e8que suisse\u00a0\u00bb, \u00ab\u00a0Secteur L\u2019art de vivre\/Eduquer et cr\u00e9er, Section L\u2019information et la connaissance, Groupe Documents et traditions\u00a0\u00bb, tir\u00e9 \u00e0 part, Exposition 1964, 2 p.<a href=\"#retour au texte7\">?<\/a><\/p>\n<h3><a name=\"reference\"><\/a>R\u00e9f\u00e9rence<\/h3>\n<p style=\"text-align: justify;font-size: small\">Alessia Bottani, \u00ab Portrait de Claude Emery par Freddy Buache, <em>Annabelle<\/em>, octobre 1950 \u00bb, in Fr\u00e9d\u00e9ric Maire et Maria Tortajada (dir.), site Web <em>La Collaboration UNIL + Cin\u00e9math\u00e8que suisse<\/em>, www.unil-cinematheque.ch, mars 2015.<\/p>\n<h3>Droits d\u2019auteur<\/h3>\n<p style=\"text-align: justify;font-size: small\">\u00a9 Alessia Bottani\/Collaboration UNIL + Cin\u00e9math\u00e8que suisse.<\/p>\n","protected":false},"excerpt":{"rendered":"<p>Vitrine Zooms sur les projets Portrait de Claude Emery par Freddy Buache, Annabelle, octobre 1950 Au milieu des centaines de bo\u00eetes des archives administratives de la Cin\u00e9math\u00e8que suisse, un classeur se distingue, intitul\u00e9 \u00ab\u00a0Semaine du cin\u00e9ma Lausanne 1950 \u00bb. Il<\/p>\n","protected":false},"author":1469,"featured_media":0,"parent":1698,"menu_order":16,"comment_status":"closed","ping_status":"closed","template":"","meta":{"_seopress_robots_primary_cat":"","_seopress_titles_title":"","_seopress_titles_desc":"","_seopress_robots_index":"","footnotes":""},"class_list":["post-2757","page","type-page","status-publish"],"_links":{"self":[{"href":"https:\/\/wp.unil.ch\/cinematheque-unil\/wp-json\/wp\/v2\/pages\/2757","targetHints":{"allow":["GET"]}}],"collection":[{"href":"https:\/\/wp.unil.ch\/cinematheque-unil\/wp-json\/wp\/v2\/pages"}],"about":[{"href":"https:\/\/wp.unil.ch\/cinematheque-unil\/wp-json\/wp\/v2\/types\/page"}],"author":[{"embeddable":true,"href":"https:\/\/wp.unil.ch\/cinematheque-unil\/wp-json\/wp\/v2\/users\/1469"}],"replies":[{"embeddable":true,"href":"https:\/\/wp.unil.ch\/cinematheque-unil\/wp-json\/wp\/v2\/comments?post=2757"}],"version-history":[{"count":0,"href":"https:\/\/wp.unil.ch\/cinematheque-unil\/wp-json\/wp\/v2\/pages\/2757\/revisions"}],"up":[{"embeddable":true,"href":"https:\/\/wp.unil.ch\/cinematheque-unil\/wp-json\/wp\/v2\/pages\/1698"}],"wp:attachment":[{"href":"https:\/\/wp.unil.ch\/cinematheque-unil\/wp-json\/wp\/v2\/media?parent=2757"}],"curies":[{"name":"wp","href":"https:\/\/api.w.org\/{rel}","templated":true}]}}