{"id":2676,"date":"2015-03-22T15:47:40","date_gmt":"2015-03-22T14:47:40","guid":{"rendered":"http:\/\/wp.unil.ch\/cinematheque-unil\/?page_id=2676"},"modified":"2018-05-16T16:56:15","modified_gmt":"2018-05-16T14:56:15","slug":"8-supports-lies-a-la-sequence","status":"publish","type":"page","link":"https:\/\/wp.unil.ch\/cinematheque-unil\/projets\/discours-du-scenario-etude-historique-et-genetique-des-adaptations-cinematographiques-de-stendhal\/espace-enseignants\/8-supports-lies-a-la-sequence\/","title":{"rendered":"8. Supports li\u00e9s \u00e0 la s\u00e9quence"},"content":{"rendered":"","protected":true},"excerpt":{"rendered":"","protected":true},"author":1469,"featured_media":0,"parent":698,"menu_order":30,"comment_status":"closed","ping_status":"closed","template":"","meta":{"_seopress_robots_primary_cat":"","_seopress_titles_title":"","_seopress_titles_desc":"","_seopress_robots_index":"","footnotes":""},"class_list":["post-2676","page","type-page","status-publish","post-password-required"],"_links":{"self":[{"href":"https:\/\/wp.unil.ch\/cinematheque-unil\/wp-json\/wp\/v2\/pages\/2676","targetHints":{"allow":["GET"]}}],"collection":[{"href":"https:\/\/wp.unil.ch\/cinematheque-unil\/wp-json\/wp\/v2\/pages"}],"about":[{"href":"https:\/\/wp.unil.ch\/cinematheque-unil\/wp-json\/wp\/v2\/types\/page"}],"author":[{"embeddable":true,"href":"https:\/\/wp.unil.ch\/cinematheque-unil\/wp-json\/wp\/v2\/users\/1469"}],"replies":[{"embeddable":true,"href":"https:\/\/wp.unil.ch\/cinematheque-unil\/wp-json\/wp\/v2\/comments?post=2676"}],"version-history":[{"count":0,"href":"https:\/\/wp.unil.ch\/cinematheque-unil\/wp-json\/wp\/v2\/pages\/2676\/revisions"}],"up":[{"embeddable":true,"href":"https:\/\/wp.unil.ch\/cinematheque-unil\/wp-json\/wp\/v2\/pages\/698"}],"wp:attachment":[{"href":"https:\/\/wp.unil.ch\/cinematheque-unil\/wp-json\/wp\/v2\/media?parent=2676"}],"curies":[{"name":"wp","href":"https:\/\/api.w.org\/{rel}","templated":true}]}}