{"id":2658,"date":"2015-03-22T13:21:54","date_gmt":"2015-03-22T12:21:54","guid":{"rendered":"http:\/\/wp.unil.ch\/cinematheque-unil\/?page_id=2658"},"modified":"2018-05-16T16:41:50","modified_gmt":"2018-05-16T14:41:50","slug":"2-supports-lies-a-la-sequence","status":"publish","type":"page","link":"https:\/\/wp.unil.ch\/cinematheque-unil\/projets\/discours-du-scenario-etude-historique-et-genetique-des-adaptations-cinematographiques-de-stendhal\/espace-enseignants\/2-supports-lies-a-la-sequence\/","title":{"rendered":"2. Supports li\u00e9s \u00e0 la s\u00e9quence"},"content":{"rendered":"","protected":true},"excerpt":{"rendered":"","protected":true},"author":1469,"featured_media":0,"parent":698,"menu_order":0,"comment_status":"closed","ping_status":"closed","template":"","meta":{"_seopress_robots_primary_cat":"","_seopress_titles_title":"","_seopress_titles_desc":"","_seopress_robots_index":"","footnotes":""},"class_list":["post-2658","page","type-page","status-publish","post-password-required"],"_links":{"self":[{"href":"https:\/\/wp.unil.ch\/cinematheque-unil\/wp-json\/wp\/v2\/pages\/2658","targetHints":{"allow":["GET"]}}],"collection":[{"href":"https:\/\/wp.unil.ch\/cinematheque-unil\/wp-json\/wp\/v2\/pages"}],"about":[{"href":"https:\/\/wp.unil.ch\/cinematheque-unil\/wp-json\/wp\/v2\/types\/page"}],"author":[{"embeddable":true,"href":"https:\/\/wp.unil.ch\/cinematheque-unil\/wp-json\/wp\/v2\/users\/1469"}],"replies":[{"embeddable":true,"href":"https:\/\/wp.unil.ch\/cinematheque-unil\/wp-json\/wp\/v2\/comments?post=2658"}],"version-history":[{"count":0,"href":"https:\/\/wp.unil.ch\/cinematheque-unil\/wp-json\/wp\/v2\/pages\/2658\/revisions"}],"up":[{"embeddable":true,"href":"https:\/\/wp.unil.ch\/cinematheque-unil\/wp-json\/wp\/v2\/pages\/698"}],"wp:attachment":[{"href":"https:\/\/wp.unil.ch\/cinematheque-unil\/wp-json\/wp\/v2\/media?parent=2658"}],"curies":[{"name":"wp","href":"https:\/\/api.w.org\/{rel}","templated":true}]}}