{"id":2626,"date":"2015-03-22T00:22:07","date_gmt":"2015-03-21T23:22:07","guid":{"rendered":"http:\/\/wp.unil.ch\/cinematheque-unil\/?page_id=2626"},"modified":"2018-05-16T16:55:02","modified_gmt":"2018-05-16T14:55:02","slug":"7-references-bibliographiques","status":"publish","type":"page","link":"https:\/\/wp.unil.ch\/cinematheque-unil\/projets\/discours-du-scenario-etude-historique-et-genetique-des-adaptations-cinematographiques-de-stendhal\/espace-enseignants\/7-references-bibliographiques\/","title":{"rendered":"7. R\u00e9f\u00e9rences bibliographiques"},"content":{"rendered":"<ol class=\"breadcrumb\">\n<li><a href=\"https:\/\/wp.unil.ch\/cinematheque-unil\/projets\/\">Projets<\/a><\/li>\n<li><a href=\"https:\/\/wp.unil.ch\/cinematheque-unil\/projets\/discours-du-scenario-etude-historique-et-genetique-des-adaptations-cinematographiques-de-stendhal\/\">Discours du sc\u00e9nario<\/a><\/li>\n<li><a href=\"https:\/\/wp.unil.ch\/cinematheque-unil\/projets\/discours-du-scenario-etude-historique-et-genetique-des-adaptations-cinematographiques-de-stendhal\/espace-enseignants\/\">Espace enseignants<\/a><\/li>\n<li class=\"current\"><a href=\"https:\/\/wp.unil.ch\/cinematheque-unil\/projets\/discours-du-scenario-etude-historique-et-genetique-des-adaptations-cinematographiques-de-stendhal\/espace-enseignants\/7-references-bibliographiques\/\">7. R\u00e9f\u00e9rences bibliographiques<\/a><\/li>\n<\/ol>\n<div style=\"margin-left: 138px;text-indent: -34px\">\n<h3>7.1.\u00a0Cin\u00e9ma<\/h3>\n<p style=\"text-align: justify\"><strong>\u2022\u00a0Th\u00e9ories<\/strong><\/p>\n<p style=\"text-align: justify\">AUMONT, Jacques &amp; MARIE, Michel, 2008 (1988), <em>L\u2019analyse des films<\/em>, Paris, Armand Colin.<\/p>\n<p style=\"text-align: justify\">BOILLAT, Alain, 2011, \u00ab\u00a0A la recherche du sc\u00e9nario. Le sc\u00e9nario comme objet (d\u2019\u00e9tude) et pratique (d\u2019\u00e9criture)\u00a0\u00bb, <em>Archipel<\/em>, n\u00b034 (\u00ab Silence on tourne la page\u00a0! \u00bb), pp.\u00a013-59.<\/p>\n<p style=\"text-align: justify\">BORDWELL, David &amp; THOMPSON, Kristin, 2009 (1999), <em>L\u2019art du film\u00a0: une introduction<\/em>, trad. de l\u2019anglais par Cyril B\u00e9ghin, Bruxelles, De Boeck.<\/p>\n<p style=\"text-align: justify\">CLERC, Jeanne-Marie, 2004, <em>L\u2019adaptation cin\u00e9matographique et litt\u00e9raire<\/em>, Paris, Klincksieck.<\/p>\n<p style=\"text-align: justify\">GAUDREAULT, Andr\u00e9, 1999, <em>Du litt\u00e9raire au filmique<\/em> [1988], Qu\u00e9bec\/Paris, Nota Bene\/Armand Colin.<\/p>\n<p style=\"text-align: justify\">PINEL, Vincent, 1996, <em>Vocabulaire technique du cin\u00e9ma<\/em>, Paris, Nathan, coll. \u00ab R\u00e9f. \u00bb.<\/p>\n<p style=\"text-align: justify\"><strong>\u2022\u00a0Propositions didactiques<\/strong><\/p>\n<p style=\"text-align: justify\">BUSSON, Eric &amp; PERICHON, Dominique, 1998, <em>Le cin\u00e9ma dans la classe de fran\u00e7ais\u00a0: se former et enseigner<\/em>, Paris, Editions Bertrand-Lacoste, coll. \u00ab Parcours didactiques \u00bb.<\/p>\n<p style=\"text-align: justify\">DEMOUGIN, Fran\u00e7oise, 1996, <em>Adaptations cin\u00e9matographiques d\u2019\u0153uvres litt\u00e9raires<\/em>, Toulouse, Centre national de documentation p\u00e9dagogique de Midi-Pyr\u00e9n\u00e9es, coll. \u00ab Savoir et faire en fran\u00e7ais \u00bb.<\/p>\n<p style=\"text-align: justify\">ROLLET, Sylvie, 1996, <em>Enseigner la litt\u00e9rature avec le cin\u00e9ma<\/em>, Paris, Nathan, coll. \u00ab Perspectives didactiques \u00bb.<\/p>\n<h3>7.2.\u00a0Linguistique, narratologie, histoire litt\u00e9raire<\/h3>\n<p style=\"text-align: justify\">BENVENISTE, Emile, 2010 (1966), \u00ab\u00a0Les relations de temps dans le verbe fran\u00e7ais\u00a0\u00bb [1959], in <em>Probl\u00e8mes de linguistique g\u00e9n\u00e9rale<\/em>, vol.\u00a01, Paris, Gallimard, coll. \u00ab Tel \u00bb, pp.\u00a0237-257.<\/p>\n<p style=\"text-align: justify\">BENVENISTE, Emile, 2008 (1974), \u00ab\u00a0L\u2019appareil formel de l\u2019\u00e9nonciation\u00a0\u00bb [1970], in <em>Probl\u00e8mes de linguistique g\u00e9n\u00e9rale<\/em>, vol.\u00a02, Paris, Gallimard, coll. \u00ab Tel \u00bb, pp.\u00a079-88.<\/p>\n<p style=\"text-align: justify\">CHATMAN, Seymour, 1978, <em>Story and discourse\u00a0: narrative structure in fiction and film<\/em>, Ithaca\/Londres, Cornell University Press.<\/p>\n<p style=\"text-align: justify\">COMBETTES, Bernard, 1992, <em>L\u2019organisation du texte<\/em>, Metz, Centre d\u2019analyse syntaxique de l\u2019Universit\u00e9 de Metz.<\/p>\n<p style=\"text-align: justify\">GARDES TAMINE, Jo\u00eblle, 2005, <em>De la phrase au texte. Enseigner la grammaire du coll\u00e8ge au lyc\u00e9e<\/em>, Paris, Delagrave, coll. \u00ab P\u00e9dagogie et formation \u00bb [plus sp\u00e9cifiquement le chapitre\u00a08, \u00ab\u00a0L\u2019\u00e9nonciation et le texte\u00a0\u00bb, pp.\u00a0183-204].<\/p>\n<p style=\"text-align: justify\">GENETTE, G\u00e9rard, 1972, <em>Figures III<\/em>, Paris, Seuil, coll. \u00ab Po\u00e9tique \u00bb [plus sp\u00e9cifiquement la partie intitul\u00e9e \u00ab\u00a0Discours du r\u00e9cit\u00a0\u00bb, pp.\u00a067-273, et, dans celle-ci, la section intitul\u00e9e \u00ab\u00a0Fr\u00e9quence\u00a0\u00bb, concernant le mode it\u00e9ratif*].<\/p>\n<p style=\"text-align: justify\">GENETTE, G\u00e9rard, 2007, <em>Figures\u00a0II<\/em> [1969], Paris, Seuil, coll. \u00ab Points \u00bb [plus sp\u00e9cifiquement la partie intitul\u00e9e \u00ab\u00a0Fronti\u00e8res du r\u00e9cit\u00a0\u00bb, pp.\u00a049-69].<\/p>\n<p style=\"text-align: justify\">MAINGUENEAU, Dominique, 2010, <em>Manuel de linguistique pour les textes litt\u00e9raires<\/em>, Paris, Armand Colin.<\/p>\n<p style=\"text-align: justify\">MYLNE, Vivienne G., 1994, <em>Le dialogue dans le roman fran\u00e7ais de Sorel \u00e0 Sarraute<\/em>, Paris, Universitas.<\/p>\n<p style=\"text-align: justify\">PRINCE, G\u00e9rald, 1978, \u00ab\u00a0Le discours attributif et le r\u00e9cit\u00a0\u00bb, <em>Po\u00e9tique<\/em>, n\u00b035, pp.\u00a0305-313.<\/p>\n<p style=\"text-align: justify\">RIEGEL, Martin &amp; PELLAT, Jean-Christophe &amp; RIOUL, Ren\u00e9, 2009, <em>Grammaire m\u00e9thodique du fran\u00e7ais<\/em>, Paris, PUF [plus sp\u00e9cifiquement le chapitre\u00a010, \u00ab\u00a0La s\u00e9mantique des formes verbales\u00a0\u00bb, pp.\u00a0510-596].<\/p>\n<p style=\"text-align: justify\">TOMASSONE, Roberte, 1996, <em>Pour enseigner la grammaire<\/em>, avec la collaboration de Claudine Leu-Simon, Paris, Delagrave, coll. \u00ab P\u00e9dagogie et formation \u00bb [plus sp\u00e9cifiquement le chapitre\u00a05, \u00ab\u00a0Enonciation de discours, \u00e9nonciation historique\u00a0\u00bb, pp.\u00a049-74, et le chapitre\u00a025, \u00ab\u00a0Le verbe\u00a0\u00bb, pp.\u00a0287-308].<\/p>\n<p style=\"text-align: justify\">VANOYE, Francis, 1989, <em>R\u00e9cit \u00e9crit, r\u00e9cit filmique<\/em>, Paris, Nathan.<\/p>\n<p style=\"text-align: justify\">VERSELLE, Vincent, 2011, \u00ab\u00a0C.\u00a0F.\u00a0Ramuz et l\u2019\u00e9criture \u201ccin\u00e9matographique\u201d\u00a0: une perspective textuelle\u00a0\u00bb, <em>Archipel<\/em>, n\u00b034 (\u00ab Silence on tourne la page\u00a0! \u00bb), pp.\u00a0199-209.<\/p>\n<p style=\"text-align: justify\">WEINRICH, Harald, 1973, <em>Le temps. Le r\u00e9cit et le commentaire<\/em>, Paris, Seuil, coll. \u00ab Po\u00e9tique \u00bb.<\/p>\n<p style=\"text-align: justify\">WEINRICH, Harald, 1989, <em>Grammaire textuelle du fran\u00e7ais<\/em>, Paris, Didier\/Hatier [plus sp\u00e9cifiquement le chapitre\u00a04, \u00ab\u00a0Syntaxe du verbe\u00a0\u00bb, pp.\u00a0117-200].<\/p>\n<h3>7.3.\u00a0Stendhal<\/h3>\n<p style=\"text-align: justify\">CROUZET, Michel, 1995, <em>Le Rouge et le noir. Essai sur le romanesque stendhalien<\/em>, Paris, PUF, coll. \u00ab Litt\u00e9ratures modernes \u00bb.<\/p>\n<p style=\"text-align: justify\">PHILIPPE, Gilles, 2005, \u00ab\u00a0Stylistique et pragmatique du style (quelques propositions \u00e0 partir de Stendhal)\u00a0\u00bb, in Pierre Berthier &amp; Eric Bordas (dir.), <em>Stendhal et le style<\/em>, Paris, Presses Sorbonne-Nouvelle, pp.\u00a0199-208.<\/p>\n<p style=\"text-align: justify\">PR\u00c9VOST, Jean, 1951, <em>La cr\u00e9ation chez Stendhal. Essai sur le m\u00e9tier d\u2019\u00e9crire et la psychologie de l\u2019\u00e9crivain<\/em>, Paris, Mercure de France.<\/p>\n<h3>7.4.\u00a0Autant-Lara, Aurenche et Bost<\/h3>\n<p style=\"text-align: justify\">AURENCHE Jean, 1993, <em>La suite \u00e0 l\u2019\u00e9cran\u00a0: entretiens<\/em>, Lyon\/Arles, Institut Lumi\u00e8re\/Actes Sud.<\/p>\n<p style=\"text-align: justify\">AUTANT-LARA, Claude, 1984, <em>La rage dans le c\u0153ur. Chronique cin\u00e9matographique du XXe si\u00e8cle<\/em>, Paris, Editions Henri Veyrier.<\/p>\n<p style=\"text-align: justify\">TRUFFAUT, Fran\u00e7ois, 1954, \u00ab\u00a0Une certaine tendance du cin\u00e9ma fran\u00e7ais\u00a0\u00bb, <em>Les Cahiers du cin\u00e9ma<\/em>, n\u00b031, pp.\u00a015-29.<\/p>\n<\/div>\n","protected":false},"excerpt":{"rendered":"<p>Projets Discours du sc\u00e9nario Espace enseignants 7. R\u00e9f\u00e9rences bibliographiques 7.1.\u00a0Cin\u00e9ma \u2022\u00a0Th\u00e9ories AUMONT, Jacques &amp; MARIE, Michel, 2008 (1988), L\u2019analyse des films, Paris, Armand Colin. BOILLAT, Alain, 2011, \u00ab\u00a0A la recherche du sc\u00e9nario. Le sc\u00e9nario comme objet (d\u2019\u00e9tude) et pratique (d\u2019\u00e9criture)\u00a0\u00bb,<\/p>\n","protected":false},"author":1469,"featured_media":0,"parent":698,"menu_order":29,"comment_status":"closed","ping_status":"closed","template":"","meta":{"_seopress_robots_primary_cat":"","_seopress_titles_title":"","_seopress_titles_desc":"","_seopress_robots_index":"","footnotes":""},"class_list":["post-2626","page","type-page","status-publish"],"_links":{"self":[{"href":"https:\/\/wp.unil.ch\/cinematheque-unil\/wp-json\/wp\/v2\/pages\/2626","targetHints":{"allow":["GET"]}}],"collection":[{"href":"https:\/\/wp.unil.ch\/cinematheque-unil\/wp-json\/wp\/v2\/pages"}],"about":[{"href":"https:\/\/wp.unil.ch\/cinematheque-unil\/wp-json\/wp\/v2\/types\/page"}],"author":[{"embeddable":true,"href":"https:\/\/wp.unil.ch\/cinematheque-unil\/wp-json\/wp\/v2\/users\/1469"}],"replies":[{"embeddable":true,"href":"https:\/\/wp.unil.ch\/cinematheque-unil\/wp-json\/wp\/v2\/comments?post=2626"}],"version-history":[{"count":0,"href":"https:\/\/wp.unil.ch\/cinematheque-unil\/wp-json\/wp\/v2\/pages\/2626\/revisions"}],"up":[{"embeddable":true,"href":"https:\/\/wp.unil.ch\/cinematheque-unil\/wp-json\/wp\/v2\/pages\/698"}],"wp:attachment":[{"href":"https:\/\/wp.unil.ch\/cinematheque-unil\/wp-json\/wp\/v2\/media?parent=2626"}],"curies":[{"name":"wp","href":"https:\/\/api.w.org\/{rel}","templated":true}]}}