{"id":2455,"date":"2015-03-20T09:59:02","date_gmt":"2015-03-20T08:59:02","guid":{"rendered":"http:\/\/wp.unil.ch\/cinematheque-unil\/?page_id=2455"},"modified":"2026-02-15T20:40:34","modified_gmt":"2026-02-15T19:40:34","slug":"analyses","status":"publish","type":"page","link":"https:\/\/wp.unil.ch\/cinematheque-unil\/projets\/une-histoire-de-la-cinematheque-suisse\/analyses\/","title":{"rendered":"Publications"},"content":{"rendered":"<ol class=\"breadcrumb\">\n<li><a href=\"https:\/\/wp.unil.ch\/cinematheque-unil\/projets\/\">Projets<\/a><\/li>\n<li><a href=\"https:\/\/wp.unil.ch\/cinematheque-unil\/projets\/une-histoire-de-la-cinematheque-suisse\/\">Histoire de la Cin\u00e9math\u00e8que suisse<\/a><\/li>\n<li class=\"current\"><a href=\"https:\/\/wp.unil.ch\/cinematheque-unil\/projets\/une-histoire-de-la-cinematheque-suisse\/analyses\/\">Publications<\/a><\/li>\n<\/ol>\n<div style=\"background-color: #f5f5f5\">\n<p style=\"font-size: large;text-align: center\"><strong>Publications<\/strong><\/p>\n<p style=\"text-align: justify;font-size: medium;margin-left: 138px;text-indent: -34px\">Alessia Bottani, \u00ab\u00a0Il y a 75 ans, l&rsquo;inauguration de la Cin\u00e9math\u00e8que suisse \u00e0 Lausanne \u00bb, <em>Journal of Film Preservation<\/em>, n\u00b0 113, octobre\u00a02025, pp.\u00a092-105.<\/p>\n<p style=\"text-align: justify;font-size: medium;margin-left: 138px;text-indent: -34px\">Alessia Bottani, \u00ab\u00a0Il y a 70 ans, le deuxi\u00e8me Festival du film de demain (B\u00e2le, 16-25 octobre 1954)\u00a0\u00bb, <em>1895 revue d&rsquo;histoire du cin\u00e9ma<\/em>, n\u00b0 104, hiver 2025, pp. 116-143.<\/p>\n<p style=\"text-align: justify;font-size: medium;margin-left: 138px;text-indent: -34px\">Pierre-Emmanuel Jaques, <a href=\"https:\/\/journals.openedition.org\/decadrages\/834\">\u00ab\u00a0La Cin\u00e9math\u00e8que suisse face \u00e0 l\u2019\u00e9ducation au cin\u00e9ma : quelques aspects d\u2019une histoire en construction\u00a0\u00bb<\/a>, <em>D\u00e9cadrages<\/em>, n\u00b0 31, 2015, pp.\u00a073-86.<\/p>\n<p style=\"text-align: justify;font-size: medium;margin-left: 138px;text-indent: -34px\">Alessia Bottani, <a href=\"https:\/\/wp.unil.ch\/cinematheque-unil\/projets\/une-histoire-de-la-cinematheque-suisse\/analyses\/etude-sur-la-cinematheque-suisse-au-festival-de-knokke-le-zoute\/\">\u00ab Rendez-vous \u00e0 Knokke-le-Zoute, 1949 \u00bb<\/a>, in Fr\u00e9d\u00e9ric Maire et Maria Tortajada (dir.), site Web <em>La Collaboration UNIL + Cin\u00e9math\u00e8que suisse<\/em>, www.unil-cinematheque.ch, mis en ligne le 20 mars 2015.<\/p>\n<p style=\"text-align: justify;font-size: medium;margin-left: 138px;text-indent: -34px\">Alessia Bottani, <a href=\"https:\/\/wp.unil.ch\/cinematheque-unil\/projets\/une-histoire-de-la-cinematheque-suisse\/analyses\/etude-sur-le-cine-club-de-lausanne\/#reference\">\u00ab Le Cin\u00e9-club de Lausanne et ses liens avec la Cin\u00e9math\u00e8que suisse \u00bb<\/a>, in Fr\u00e9d\u00e9ric Maire et Maria Tortajada (dir.), site Web <em>La Collaboration UNIL + Cin\u00e9math\u00e8que suisse<\/em>, www.unil-cinematheque.ch, mis en ligne le 20 mars 2015.<\/p>\n<p style=\"text-align: justify;font-size: medium;margin-left: 138px;text-indent: -34px\">Alessia Bottani et Pierre-Emmanuel Jaques, <a href=\"https:\/\/wp.unil.ch\/cinematheque-unil\/projets\/une-histoire-de-la-cinematheque-suisse\/analyses\/la-cinematheque-suisse-faire-connaitre-le-cinema-tous-azimuts\/\">\u00ab La Cin\u00e9math\u00e8que suisse : faire conna\u00eetre le cin\u00e9ma tous-azimuts \u00bb<\/a>, in Fr\u00e9d\u00e9ric Maire et Maria Tortajada (dir.), site Web <em>La Collaboration UNIL + Cin\u00e9math\u00e8que suisse<\/em>, www.unil-cinematheque.ch, mars 2015.<\/p>\n<p style=\"text-align: justify;font-size: medium;margin-left: 138px;text-indent: -34px\">Alessia Bottani, <a href=\"https:\/\/wp.unil.ch\/cinematheque-unil\/vitrine\/zooms-sur-les-projets\/hans-erni-et-linauguration-de-la-cinematheque-suisse\/\">\u00ab Hans Erni et l\u2019inauguration de la Cin\u00e9math\u00e8que suisse \u00bb<\/a>, in Fr\u00e9d\u00e9ric Maire et Maria Tortajada (dir.), site Web <em>La Collaboration UNIL + Cin\u00e9math\u00e8que suisse<\/em>, www.unil-cinematheque.ch, mars 2015.<\/p>\n<p style=\"text-align: justify;font-size: medium;margin-left: 138px;text-indent: -34px\">Alessia Bottani, <a href=\"https:\/\/wp.unil.ch\/cinematheque-unil\/vitrine\/zooms-sur-les-projets\/portrait-de-claude-emery-par-freddy-buache-annabelle-octobre-1950\/\">\u00ab Portrait de Claude Emery par Freddy Buache, Annabelle, octobre 1950 \u00bb<\/a>, in Fr\u00e9d\u00e9ric Maire et Maria Tortajada (dir.), site Web <em>La Collaboration UNIL + Cin\u00e9math\u00e8que suisse<\/em>, www.unil-cinematheque.ch, mars 2015.<\/p>\n<\/div>\n","protected":false},"excerpt":{"rendered":"<p>Projets Histoire de la Cin\u00e9math\u00e8que suisse Publications Publications Alessia Bottani, \u00ab\u00a0Il y a 75 ans, l&rsquo;inauguration de la Cin\u00e9math\u00e8que suisse \u00e0 Lausanne \u00bb, Journal of Film Preservation, n\u00b0 113, octobre\u00a02025, pp.\u00a092-105. Alessia Bottani, \u00ab\u00a0Il y a 70 ans, le deuxi\u00e8me<\/p>\n","protected":false},"author":1469,"featured_media":0,"parent":83,"menu_order":36,"comment_status":"closed","ping_status":"closed","template":"","meta":{"_seopress_robots_primary_cat":"","_seopress_titles_title":"","_seopress_titles_desc":"","_seopress_robots_index":"","footnotes":""},"class_list":["post-2455","page","type-page","status-publish"],"_links":{"self":[{"href":"https:\/\/wp.unil.ch\/cinematheque-unil\/wp-json\/wp\/v2\/pages\/2455","targetHints":{"allow":["GET"]}}],"collection":[{"href":"https:\/\/wp.unil.ch\/cinematheque-unil\/wp-json\/wp\/v2\/pages"}],"about":[{"href":"https:\/\/wp.unil.ch\/cinematheque-unil\/wp-json\/wp\/v2\/types\/page"}],"author":[{"embeddable":true,"href":"https:\/\/wp.unil.ch\/cinematheque-unil\/wp-json\/wp\/v2\/users\/1469"}],"replies":[{"embeddable":true,"href":"https:\/\/wp.unil.ch\/cinematheque-unil\/wp-json\/wp\/v2\/comments?post=2455"}],"version-history":[{"count":5,"href":"https:\/\/wp.unil.ch\/cinematheque-unil\/wp-json\/wp\/v2\/pages\/2455\/revisions"}],"predecessor-version":[{"id":9155,"href":"https:\/\/wp.unil.ch\/cinematheque-unil\/wp-json\/wp\/v2\/pages\/2455\/revisions\/9155"}],"up":[{"embeddable":true,"href":"https:\/\/wp.unil.ch\/cinematheque-unil\/wp-json\/wp\/v2\/pages\/83"}],"wp:attachment":[{"href":"https:\/\/wp.unil.ch\/cinematheque-unil\/wp-json\/wp\/v2\/media?parent=2455"}],"curies":[{"name":"wp","href":"https:\/\/api.w.org\/{rel}","templated":true}]}}