{"id":2442,"date":"2015-03-20T08:35:28","date_gmt":"2015-03-20T07:35:28","guid":{"rendered":"http:\/\/wp.unil.ch\/cinematheque-unil\/?page_id=2442"},"modified":"2018-06-10T10:00:33","modified_gmt":"2018-06-10T08:00:33","slug":"presentation","status":"publish","type":"page","link":"https:\/\/wp.unil.ch\/cinematheque-unil\/projets\/croisements-industriels\/presentation\/","title":{"rendered":"Pr\u00e9sentation"},"content":{"rendered":"<ol class=\"breadcrumb\">\n<li><a href=\"https:\/\/wp.unil.ch\/cinematheque-unil\/projets\/\">Projets<\/a><\/li>\n<li><a href=\"https:\/\/wp.unil.ch\/cinematheque-unil\/projets\/croisements-industriels\/\">Aux croisements industriels du cin\u00e9ma et de l\u2019aviation<\/a><\/li>\n<li class=\"current\"><a href=\"https:\/\/wp.unil.ch\/cinematheque-unil\/projets\/croisements-industriels\/presentation\/\">Pr\u00e9sentation<\/a><\/li>\n<\/ol>\n<h3>Liaisons a\u00e9riennes :\u00a0aux croisements industriels du cin\u00e9ma et de l\u2019aviation<\/h3>\n<figure id=\"attachment_3523\" aria-describedby=\"caption-attachment-3523\" style=\"width: 350px\" class=\"wp-caption alignright\"><a href=\"https:\/\/wp.unil.ch\/cinematheque-unil\/files\/2015\/03\/AVIATION_MAGAZINE.jpg\"><img loading=\"lazy\" decoding=\"async\" class=\"wp-image-3523\" src=\"https:\/\/wp.unil.ch\/cinematheque-unil\/files\/2015\/03\/AVIATION_MAGAZINE.jpg\" alt=\"AVIATION_MAGAZINE\" width=\"350\" height=\"325\" srcset=\"https:\/\/wp.unil.ch\/cinematheque-unil\/files\/2015\/03\/AVIATION_MAGAZINE.jpg 861w, https:\/\/wp.unil.ch\/cinematheque-unil\/files\/2015\/03\/AVIATION_MAGAZINE-300x279.jpg 300w, https:\/\/wp.unil.ch\/cinematheque-unil\/files\/2015\/03\/AVIATION_MAGAZINE-768x714.jpg 768w, https:\/\/wp.unil.ch\/cinematheque-unil\/files\/2015\/03\/AVIATION_MAGAZINE-323x300.jpg 323w\" sizes=\"auto, (max-width: 350px) 100vw, 350px\" \/><\/a><figcaption id=\"caption-attachment-3523\" class=\"wp-caption-text\">S.a., \u00ab\u00a0Andr\u00e9 Suire : la cam\u00e9ra au service du parachute\u00a0\u00bb, <em>Aviation Magazine<\/em>, n\u00b0 221, 15 f\u00e9vrier 1957, p. 39.<\/figcaption><\/figure>\n<p style=\"text-align: justify\">Ce projet vise d\u2019abord \u00e0 circonscrire le champ des manifestations du cin\u00e9ma \u00ab\u00a0industriel\u00a0\u00bb sur le territoire transfrontalier franco-suisse au lendemain de la Seconde Guerre mondiale, en les situant dans un contexte o\u00f9 les relations entre la sph\u00e8re cin\u00e9matographique et le monde de l\u2019entreprise s\u2019intensifient, mais o\u00f9 la production de films, l\u2019\u00e9dition de revues et l\u2019organisation de festivals sont aussi impuls\u00e9es \u00e0 l\u2019ext\u00e9rieur des espaces consacr\u00e9s du cin\u00e9ma, \u00e0 la demande d\u2019entrepreneurs, d\u2019ing\u00e9nieurs et de publicitaires. Sur la base de cet \u00e9tat des lieux, il s\u2019agit de d\u00e9velopper l\u2019hypoth\u00e8se que les connexions entre cin\u00e9ma et aviation, ainsi que les objets techniques et filmiques qu\u2019elles g\u00e9n\u00e8rent en nombre, sont principalement suscit\u00e9s, de part et d\u2019autre, par des objectifs industriels de rationalisation, d\u2019expansion et de persuasion.<\/p>\n<p style=\"text-align: justify\">Le projet explore ainsi quatre pistes compl\u00e9mentaires de recherche allant dans le sens de cette proposition\u00a0: 1. il s\u2019agit d\u2019abord de mesurer l\u2019apport de fabricants d\u2019appareils cin\u00e9matographiques qui misent sur l\u2019essor d\u2019applications techniques du cin\u00e9ma touchant directement le secteur de l\u2019aviation, en produisant du mat\u00e9riel sp\u00e9cifiquement \u00e0 destination des services de recherche et d\u00e9veloppement des grandes entreprises\u00a0; 2. il faut s\u2019interroger ensuite sur l\u2019appropriation du cin\u00e9ma comme technique persuasive par l\u2019industrie a\u00e9ronautique, au moment o\u00f9 elle s\u2019en fait un auxiliaire privil\u00e9gi\u00e9 dans le processus de s\u00e9curisation de la masse de ses clients potentiels, fa\u00e7onnant un imaginaire du voyage a\u00e9rien s\u00fbr et paisible\u00a0; 3. c\u2019est aussi \u00e0 ces objets techniques hybrides que sont les appareils de projection \u00ab\u00a0embarqu\u00e9s\u00a0\u00bb pour le cin\u00e9ma en vol qu\u2019il faut s\u2019int\u00e9resser, en tant que leur introduction \u00e0 bord des avions rel\u00e8ve de strat\u00e9gies commerciales de d\u00e9tournement et de focalisation de l\u2019attention\u00a0; 4. il reste enfin \u00e0 faire appara\u00eetre la dimension productive de films que l\u2019on tend \u00e0 interpr\u00e9ter univoquement comme relevant du cin\u00e9ma \u00ab\u00a0amateur\u00a0\u00bb, alors que leur r\u00e9alisation est \u00e9galement motiv\u00e9e par des activit\u00e9s professionnelles, des voyages d\u2019affaires et des visites de sites industriels.<\/p>\n<figure id=\"attachment_3530\" aria-describedby=\"caption-attachment-3530\" style=\"width: 400px\" class=\"wp-caption alignleft\"><a href=\"https:\/\/wp.unil.ch\/cinematheque-unil\/files\/2015\/03\/CAMERA_BOLEX_APPLICATIONS.jpg\"><img loading=\"lazy\" decoding=\"async\" class=\"wp-image-3530\" src=\"https:\/\/wp.unil.ch\/cinematheque-unil\/files\/2015\/03\/CAMERA_BOLEX_APPLICATIONS-300x206.jpg\" alt=\"CAMERA_BOLEX_APPLICATIONS\" width=\"400\" height=\"274\" srcset=\"https:\/\/wp.unil.ch\/cinematheque-unil\/files\/2015\/03\/CAMERA_BOLEX_APPLICATIONS-300x206.jpg 300w, https:\/\/wp.unil.ch\/cinematheque-unil\/files\/2015\/03\/CAMERA_BOLEX_APPLICATIONS-768x526.jpg 768w, https:\/\/wp.unil.ch\/cinematheque-unil\/files\/2015\/03\/CAMERA_BOLEX_APPLICATIONS-438x300.jpg 438w, https:\/\/wp.unil.ch\/cinematheque-unil\/files\/2015\/03\/CAMERA_BOLEX_APPLICATIONS.jpg 982w\" sizes=\"auto, (max-width: 400px) 100vw, 400px\" \/><\/a><figcaption id=\"caption-attachment-3530\" class=\"wp-caption-text\">Cam\u00e9ra Bolex H 16. Applications, collection Bolex-Oulevay\/Cin\u00e9math\u00e8que suisse.<\/figcaption><\/figure>\n<p style=\"text-align: justify\">L\u2019id\u00e9e d\u2019une consolidation mutuelle du cin\u00e9ma et de l\u2019aviation conduit \u00e0 reconsid\u00e9rer sous l\u2019angle de leur fonctionnalit\u00e9 et de leur productivit\u00e9 les images et les appareils cin\u00e9matographiques qui se sont intercal\u00e9s \u00e0 diff\u00e9rents niveaux dans le rapport aux technologies du transport a\u00e9rien. Men\u00e9 par St\u00e9phane Tralongo dans le cadre de son mandat de Premier assistant \u00e0 la Section d\u2019histoire et esth\u00e9tique du cin\u00e9ma de l\u2019UNIL, ce projet en lien avec les recherches sur le \u00ab\u00a0cin\u00e9ma utilitaire\u00a0\u00bb s\u2019attache \u00e0 mettre en relation appareils, films et documents des ann\u00e9es 1940-1970 conserv\u00e9s par la Cin\u00e9math\u00e8que suisse, qui a recueilli de pr\u00e9cieux fonds d\u2019archives issus du monde industriel helv\u00e9tique.<\/p>\n<p style=\"text-align: justify;font-size: small\"><span style=\"color: #446688\">Charg\u00e9 de recherche : <span style=\"text-decoration: underline\"><strong><a href=\"https:\/\/www.unil.ch\/cin\/stephanetralongo\" target=\"_blank\">St\u00e9phane Tralongo<\/a><\/strong><\/span>\u00a0(Section d\u2019histoire et esth\u00e9tique du cin\u00e9ma).<\/span><\/p>\n","protected":false},"excerpt":{"rendered":"<p>Projets Aux croisements industriels du cin\u00e9ma et de l\u2019aviation Pr\u00e9sentation Liaisons a\u00e9riennes :\u00a0aux croisements industriels du cin\u00e9ma et de l\u2019aviation Ce projet vise d\u2019abord \u00e0 circonscrire le champ des manifestations du cin\u00e9ma \u00ab\u00a0industriel\u00a0\u00bb sur le territoire transfrontalier franco-suisse au lendemain<\/p>\n","protected":false},"author":1469,"featured_media":0,"parent":2433,"menu_order":0,"comment_status":"closed","ping_status":"closed","template":"","meta":{"_seopress_robots_primary_cat":"","_seopress_titles_title":"","_seopress_titles_desc":"","_seopress_robots_index":"","footnotes":""},"class_list":["post-2442","page","type-page","status-publish"],"_links":{"self":[{"href":"https:\/\/wp.unil.ch\/cinematheque-unil\/wp-json\/wp\/v2\/pages\/2442","targetHints":{"allow":["GET"]}}],"collection":[{"href":"https:\/\/wp.unil.ch\/cinematheque-unil\/wp-json\/wp\/v2\/pages"}],"about":[{"href":"https:\/\/wp.unil.ch\/cinematheque-unil\/wp-json\/wp\/v2\/types\/page"}],"author":[{"embeddable":true,"href":"https:\/\/wp.unil.ch\/cinematheque-unil\/wp-json\/wp\/v2\/users\/1469"}],"replies":[{"embeddable":true,"href":"https:\/\/wp.unil.ch\/cinematheque-unil\/wp-json\/wp\/v2\/comments?post=2442"}],"version-history":[{"count":0,"href":"https:\/\/wp.unil.ch\/cinematheque-unil\/wp-json\/wp\/v2\/pages\/2442\/revisions"}],"up":[{"embeddable":true,"href":"https:\/\/wp.unil.ch\/cinematheque-unil\/wp-json\/wp\/v2\/pages\/2433"}],"wp:attachment":[{"href":"https:\/\/wp.unil.ch\/cinematheque-unil\/wp-json\/wp\/v2\/media?parent=2442"}],"curies":[{"name":"wp","href":"https:\/\/api.w.org\/{rel}","templated":true}]}}