{"id":2433,"date":"2015-03-19T20:04:24","date_gmt":"2015-03-19T19:04:24","guid":{"rendered":"http:\/\/wp.unil.ch\/cinematheque-unil\/?page_id=2433"},"modified":"2017-12-19T23:26:40","modified_gmt":"2017-12-19T22:26:40","slug":"croisements-industriels","status":"publish","type":"page","link":"https:\/\/wp.unil.ch\/cinematheque-unil\/projets\/croisements-industriels\/","title":{"rendered":"Aux croisements industriels du cin\u00e9ma et de l&rsquo;aviation"},"content":{"rendered":"<div style=\"background-color: #f5f5f5\">\n<p style=\"color: #24445C;text-align: center;font-size: large\"><strong>Liaisons a\u00e9riennes : aux croisements industriels du cin\u00e9ma et de l\u2019aviation<\/strong><\/p>\n<p><img loading=\"lazy\" decoding=\"async\" class=\"alignnone size-full wp-image-2434\" src=\"https:\/\/wp.unil.ch\/cinematheque-unil\/files\/2015\/03\/SECTION_05.jpg\" alt=\"SECTION_05\" width=\"1024\" height=\"300\" srcset=\"https:\/\/wp.unil.ch\/cinematheque-unil\/files\/2015\/03\/SECTION_05.jpg 1024w, https:\/\/wp.unil.ch\/cinematheque-unil\/files\/2015\/03\/SECTION_05-300x88.jpg 300w, https:\/\/wp.unil.ch\/cinematheque-unil\/files\/2015\/03\/SECTION_05-500x146.jpg 500w\" sizes=\"auto, (max-width: 1024px) 100vw, 1024px\" \/><\/p>\n<p style=\"text-align: center;font-size: small\"><a title=\"Pr\u00e9sentation\" href=\"https:\/\/wp.unil.ch\/cinematheque-unil\/projets\/croisements-industriels\/presentation\/\">PR\u00c9SENTATION<\/a> | <a href=\"https:\/\/wp.unil.ch\/cinematheque-unil\/projets\/croisements-industriels\/journees-detude-et-colloques\/\">JOURN\u00c9ES D&rsquo;\u00c9TUDE ET COLLOQUES<\/a> |\u00a0ANALYSES\u00a0|\u00a0<a title=\"Bibliographie\" href=\"https:\/\/wp.unil.ch\/cinematheque-unil\/projets\/croisements-industriels\/bibliographie-selective\/\">BIBLIOGRAPHIE S\u00c9LECTIVE<\/a><\/p>\n<p style=\"font-size: small;text-align: right\">Illustration : Stand Paillard Inc. \u00e0 la\u00a0Photo Expo \u201969, New York,\u00a01969.<br \/>\n\u00a9 Archives cantonales vaudoises, PP680\/3080.<\/p>\n<\/div>\n","protected":false},"excerpt":{"rendered":"<p>Liaisons a\u00e9riennes : aux croisements industriels du cin\u00e9ma et de l\u2019aviation PR\u00c9SENTATION | JOURN\u00c9ES D&rsquo;\u00c9TUDE ET COLLOQUES |\u00a0ANALYSES\u00a0|\u00a0BIBLIOGRAPHIE S\u00c9LECTIVE Illustration : Stand Paillard Inc. \u00e0 la\u00a0Photo Expo \u201969, New York,\u00a01969. \u00a9 Archives cantonales vaudoises, PP680\/3080.<\/p>\n","protected":false},"author":1469,"featured_media":0,"parent":79,"menu_order":48,"comment_status":"closed","ping_status":"closed","template":"","meta":{"_seopress_robots_primary_cat":"","_seopress_titles_title":"","_seopress_titles_desc":"","_seopress_robots_index":"","footnotes":""},"class_list":["post-2433","page","type-page","status-publish"],"_links":{"self":[{"href":"https:\/\/wp.unil.ch\/cinematheque-unil\/wp-json\/wp\/v2\/pages\/2433","targetHints":{"allow":["GET"]}}],"collection":[{"href":"https:\/\/wp.unil.ch\/cinematheque-unil\/wp-json\/wp\/v2\/pages"}],"about":[{"href":"https:\/\/wp.unil.ch\/cinematheque-unil\/wp-json\/wp\/v2\/types\/page"}],"author":[{"embeddable":true,"href":"https:\/\/wp.unil.ch\/cinematheque-unil\/wp-json\/wp\/v2\/users\/1469"}],"replies":[{"embeddable":true,"href":"https:\/\/wp.unil.ch\/cinematheque-unil\/wp-json\/wp\/v2\/comments?post=2433"}],"version-history":[{"count":0,"href":"https:\/\/wp.unil.ch\/cinematheque-unil\/wp-json\/wp\/v2\/pages\/2433\/revisions"}],"up":[{"embeddable":true,"href":"https:\/\/wp.unil.ch\/cinematheque-unil\/wp-json\/wp\/v2\/pages\/79"}],"wp:attachment":[{"href":"https:\/\/wp.unil.ch\/cinematheque-unil\/wp-json\/wp\/v2\/media?parent=2433"}],"curies":[{"name":"wp","href":"https:\/\/api.w.org\/{rel}","templated":true}]}}